{"id":23040,"date":"2020-02-03T21:54:44","date_gmt":"2020-02-03T20:54:44","guid":{"rendered":"https:\/\/www.rallyclassics.club\/moto-classic-series-2019\/alcarras-2019-copy\/"},"modified":"2020-05-18T13:34:25","modified_gmt":"2020-05-18T12:34:25","slug":"alcarras-2020","status":"publish","type":"page","link":"https:\/\/rallyclassics.club\/de\/moto-classic-series-2020\/alcarras-2020\/","title":{"rendered":"Moto Classic Series 2020 &#8211; Alcarr\u00e0s 26 September | Klassische Motorr\u00e4der Schaltung &#8211; Regelm\u00e4\u00dfigkeit im Motorradverkehr"},"content":{"rendered":"<p><div class=\"title\"><h1>Moto Classic Series 2020 &#8211; Alcarras<\/h1><div class=\"title-sep-container\"><div class=\"title-sep\"><\/div><\/div><\/div><img loading=\"lazy\" decoding=\"async\" class=\"alignnone size-full wp-image-301\" src=\"\/wp-content\/uploads\/2020\/05\/mcs2020_980x300b.jpg\" alt=\"Moto Classic Series 2020 Alcarr\u00e0s\" width=\"980\" height=\"300\" \/><\/p>\n<div class=\"title\"><h2>Live Results<\/h2><div class=\"title-sep-container\"><div class=\"title-sep\"><\/div><\/div><\/div>\n<center><br \/>\n<div class=\"one_half\">\n<a class=\"button-9 button large default\" title=\"\" href=\"http:\/\/crono.rallyclassics.net\/Default2.aspx\" target=\"_self\">Lap to Lap<\/a>\n<\/div>\n<div class=\"one_half last\">\n<a class=\"button-10 button large default\" title=\"\" href=\"http:\/\/crono.rallyclassics.net\/Default3.aspx\" target=\"_self\">General ranking<\/a>\n<\/div><div class=\"clearboth\"><\/div><\/center><\/p>\n<div class=\"title\"><h2>RallyClassics TV:<\/h2><div class=\"title-sep-container\"><div class=\"title-sep\"><\/div><\/div><\/div>\n<iframe loading=\"lazy\" src=\"https:\/\/www.youtube.com\/embed\/videoseries?list=PL58TG4mz7gHViDL6P3PP1TIRnflug-5JZ\" width=\"560\" height=\"315\" frameborder=\"0\" allowfullscreen=\"allowfullscreen\"><\/iframe><\/p>\n<div class=\"title\"><h2>Moto Classic Series sponsors 2020<\/h2><div class=\"title-sep-container\"><div class=\"title-sep\"><\/div><\/div><\/div>\n<p><img loading=\"lazy\" decoding=\"async\" class=\"aligncenter size-large wp-image-5809\" src=\"\/wp-content\/uploads\/2020\/02\/mcs2020_logos.jpg\" alt=\"Patrocinadores Moto Classic series\" width=\"669\" height=\"87\" \/><br \/>\n<div class=\"title\"><h2>Information of Moto Classic Series 2020<\/h2><div class=\"title-sep-container\"><div class=\"title-sep\"><\/div><\/div><\/div>\n<p>The Moto Classic Series has become the best Regularity event in Circuits for exceptional classic bikes. The 4 appointments scheduled for 2020 will have their grand finale at the Circuit de Calafat, filling the paddock with a great family atmosphere and fans in a few days featuring Fair-Play and the quality of classic bikes. The Moto Classic Series they are a booming experience, with full grills, and it is the best gateway for sports motorcycle enthusiasts. It consists of 4 Regularity events in Circuit, with classic bikes, for amateurs, amateurs and ex-drivers, with total safety and respect towards the other participants and their motorcycles.<\/p>","protected":false},"excerpt":{"rendered":"<p>Die Gew\u00e4hrleistung der Sicherheit jedes Veranstaltungsteilnehmers ist zu diesem Zeitpunkt die Priorit\u00e4t jedes Organisators. RallyClassics hat betr\u00e4chtliche Anstrengungen unternommen, um sicherzustellen, dass diese Saison, obwohl gepr\u00e4gt von den Auswirkungen des [&#8230;]<\/p>\n","protected":false},"author":9192197,"featured_media":0,"parent":23041,"menu_order":0,"comment_status":"closed","ping_status":"closed","template":"","meta":{"om_disable_all_campaigns":false,"_monsterinsights_skip_tracking":false,"_monsterinsights_sitenote_active":false,"_monsterinsights_sitenote_note":"","_monsterinsights_sitenote_category":0,"footnotes":""},"class_list":["post-23040","page","type-page","status-publish","hentry"],"aioseo_notices":[],"_links":{"self":[{"href":"https:\/\/rallyclassics.club\/de\/wp-json\/wp\/v2\/pages\/23040","targetHints":{"allow":["GET"]}}],"collection":[{"href":"https:\/\/rallyclassics.club\/de\/wp-json\/wp\/v2\/pages"}],"about":[{"href":"https:\/\/rallyclassics.club\/de\/wp-json\/wp\/v2\/types\/page"}],"author":[{"embeddable":true,"href":"https:\/\/rallyclassics.club\/de\/wp-json\/wp\/v2\/users\/9192197"}],"replies":[{"embeddable":true,"href":"https:\/\/rallyclassics.club\/de\/wp-json\/wp\/v2\/comments?post=23040"}],"version-history":[{"count":11,"href":"https:\/\/rallyclassics.club\/de\/wp-json\/wp\/v2\/pages\/23040\/revisions"}],"predecessor-version":[{"id":24260,"href":"https:\/\/rallyclassics.club\/de\/wp-json\/wp\/v2\/pages\/23040\/revisions\/24260"}],"up":[{"embeddable":true,"href":"https:\/\/rallyclassics.club\/de\/wp-json\/wp\/v2\/pages\/23041"}],"wp:attachment":[{"href":"https:\/\/rallyclassics.club\/de\/wp-json\/wp\/v2\/media?parent=23040"}],"curies":[{"name":"wp","href":"https:\/\/api.w.org\/{rel}","templated":true}]}}