{"id":23041,"date":"2020-02-03T21:54:49","date_gmt":"2020-02-03T20:54:49","guid":{"rendered":"https:\/\/www.rallyclassics.club\/moto-classic-series-2019-copy\/"},"modified":"2021-02-01T13:24:11","modified_gmt":"2021-02-01T12:24:11","slug":"moto-classic-series-2020","status":"publish","type":"page","link":"https:\/\/rallyclassics.club\/de\/moto-classic-series-2020\/","title":{"rendered":"Moto Classic Series 2020 | Klassische Motorr\u00e4der Schaltung &#8211; Regelm\u00e4\u00dfigkeit im Motorradverkehr"},"content":{"rendered":"<p><div class=\"title\"><h1>Moto Classic Series 2020<\/h1><div class=\"title-sep-container\"><div class=\"title-sep\"><\/div><\/div><\/div><img loading=\"lazy\" decoding=\"async\" class=\"alignnone size-full wp-image-301\" src=\"\/wp-content\/uploads\/mcs2020_980x300e.jpg\" alt=\"Moto Classic Series 2020 - Motos cl\u00e1sicas en circuito - Regularidad en Circuito\" width=\"980\" height=\"300\" \/><\/p>\n<div class=\"title\"><h2>Date of MotoClassicSeries 2020:<\/h2><div class=\"title-sep-container\"><div class=\"title-sep\"><\/div><\/div><\/div>\n<p><a href=\"barcelona-catalunya-2020\/\" target=\"_blank\" rel=\"noopener noreferrer\"><img loading=\"lazy\" decoding=\"async\" class=\"aligncenter wp-image-12237 size-full\" src=\"\/wp-content\/uploads\/mcs2020_circuits_04d.jpg\" alt=\" Motoclassicseries 2020\" width=\"700\" height=\"200\" \/><\/a><\/p>\n<div class=\"title\"><h2>Press releases<\/h2><div class=\"title-sep-container\"><div class=\"title-sep\"><\/div><\/div><\/div> <div class=\"avada-container\"><section class=\"columns columns-3\" style=\"width:100%\"><div class=\"holder\"><\/div><\/section><\/div>\n<div class=\"title\"><h2>RallyClassics TV:<\/h2><div class=\"title-sep-container\"><div class=\"title-sep\"><\/div><\/div><\/div>\n<iframe loading=\"lazy\" width=\"560\" height=\"315\" src=\"https:\/\/www.youtube.com\/embed\/videoseries?list=PL58TG4mz7gHViDL6P3PP1TIRnflug-5JZ\" frameborder=\"0\" allow=\"autoplay; encrypted-media\" allowfullscreen><\/iframe><\/p>\n<div class=\"title\"><h2>Moto Classic Series sponsors 2020<\/h2><div class=\"title-sep-container\"><div class=\"title-sep\"><\/div><\/div><\/div>\n<p><img loading=\"lazy\" decoding=\"async\" class=\"aligncenter size-large wp-image-5809\" src=\"\/wp-content\/uploads\/2020\/02\/mcs2020_logos.jpg\" alt=\"Patrocinadores Moto Classic series\" width=\"669\" height=\"87\" \/><br \/>\n<div class=\"title\"><h2>Information of Moto Classic Series 2020<\/h2><div class=\"title-sep-container\"><div class=\"title-sep\"><\/div><\/div><\/div>\n<p>The Moto Classic Series have become the best Circuit Regularity event for exceptional classic bikes. The 4 appointments scheduled for 2020 at the Parcmotor, Alcarr\u00e0s, Circuit de Barcelona-Catalunya circuits and will end at the Circuit de Calafat, filling the paddock with a great family and amateur atmosphere in a conference featuring Fair-Play and The quality of classic motorcycles.The Moto Classic Series is a booming experience, with full grills, and is the best gateway for sports motorcycling fans. This is 4 Regularity tests in Circuit this 2020, with classic motorcycles, for amateurs, amateurs and ex-pilots, with total safety and respect for the other participants and their motorcycles.<\/p>","protected":false},"excerpt":{"rendered":"<p>Die Gew\u00e4hrleistung der Sicherheit jedes Veranstaltungsteilnehmers ist zu diesem Zeitpunkt die Priorit\u00e4t jedes Organisators. RallyClassics hat betr\u00e4chtliche Anstrengungen unternommen, um sicherzustellen, dass diese Saison, obwohl gepr\u00e4gt von den Auswirkungen des [&#8230;]<\/p>\n","protected":false},"author":9192197,"featured_media":0,"parent":0,"menu_order":0,"comment_status":"closed","ping_status":"closed","template":"","meta":{"om_disable_all_campaigns":false,"_monsterinsights_skip_tracking":false,"_monsterinsights_sitenote_active":false,"_monsterinsights_sitenote_note":"","_monsterinsights_sitenote_category":0,"footnotes":""},"class_list":["post-23041","page","type-page","status-publish","hentry"],"aioseo_notices":[],"_links":{"self":[{"href":"https:\/\/rallyclassics.club\/de\/wp-json\/wp\/v2\/pages\/23041","targetHints":{"allow":["GET"]}}],"collection":[{"href":"https:\/\/rallyclassics.club\/de\/wp-json\/wp\/v2\/pages"}],"about":[{"href":"https:\/\/rallyclassics.club\/de\/wp-json\/wp\/v2\/types\/page"}],"author":[{"embeddable":true,"href":"https:\/\/rallyclassics.club\/de\/wp-json\/wp\/v2\/users\/9192197"}],"replies":[{"embeddable":true,"href":"https:\/\/rallyclassics.club\/de\/wp-json\/wp\/v2\/comments?post=23041"}],"version-history":[{"count":28,"href":"https:\/\/rallyclassics.club\/de\/wp-json\/wp\/v2\/pages\/23041\/revisions"}],"predecessor-version":[{"id":26100,"href":"https:\/\/rallyclassics.club\/de\/wp-json\/wp\/v2\/pages\/23041\/revisions\/26100"}],"wp:attachment":[{"href":"https:\/\/rallyclassics.club\/de\/wp-json\/wp\/v2\/media?parent=23041"}],"curies":[{"name":"wp","href":"https:\/\/api.w.org\/{rel}","templated":true}]}}