{"id":23145,"date":"2020-02-04T16:06:56","date_gmt":"2020-02-04T15:06:56","guid":{"rendered":"https:\/\/www.rallyclassics.club\/porsche-classic-series-2019\/alcarras-2019-copy\/"},"modified":"2020-05-19T16:38:47","modified_gmt":"2020-05-19T15:38:47","slug":"alcarras-2020","status":"publish","type":"page","link":"https:\/\/rallyclassics.club\/de\/porsche-classic-series-2020\/alcarras-2020\/","title":{"rendered":"Porsche Classic Series 2020 &#8211; Alcarr\u00e0s 26 September | Regelm\u00e4\u00dfigkeit in der Schaltung f\u00fcr Oldtimer &#8211; Classic in Circuit"},"content":{"rendered":"<p><div class=\"title\"><h1>Porsche Classic Series 2020 &#8211; Alcarras<\/h1><div class=\"title-sep-container\"><div class=\"title-sep\"><\/div><\/div><\/div>\n<img loading=\"lazy\" decoding=\"async\" class=\"aligncenter size-full wp-image-7181\" src=\"https:\/\/www.rallyclassics.club\/wp-content\/uploads\/2020\/05\/PORSCHE-CLASSIC-SERIES_BANNER-4_980x300__RD3-_-NUEVAS-FECHAS.png\" width=\"980\" height=\"300\" \/><\/p>\n<p><center><br \/>\n<div class=\"title\"><h2>Live Results<\/h2><div class=\"title-sep-container\"><div class=\"title-sep\"><\/div><\/div><\/div>\n<div class=\"one_half\">\n<a class=\"button-9 button large default\" title=\"\" href=\"http:\/\/crono.rallyclassics.net\/Default2.aspx\" target=\"_self\">Lap to lap<\/a>\n<\/div>\n<div class=\"one_half last\">\n<a class=\"button-10 button large default\" title=\"\" href=\"http:\/\/crono.rallyclassics.net\/Default3.aspx\" target=\"_self\">General ranking<\/a>\n<\/div><div class=\"clearboth\"><\/div>\n<\/center><br \/>\n&nbsp;<br \/>\n<\/p>\n<div class=\"title\"><h2>RallyClassics TV:<\/h2><div class=\"title-sep-container\"><div class=\"title-sep\"><\/div><\/div><\/div>\n<iframe loading=\"lazy\" width=\"560\" height=\"315\" src=\"https:\/\/www.youtube.com\/embed\/videoseries?list=PL58TG4mz7gHViDL6P3PP1TIRnflug-5JZ\" frameborder=\"0\" allow=\"autoplay; encrypted-media\" allowfullscreen><\/iframe><\/p>\n<div class=\"title\"><h2>Porsche Classic Series sponsors 2020<\/h2><div class=\"title-sep-container\"><div class=\"title-sep\"><\/div><\/div><\/div>\n<div class=\"related-posts related-projects clientslider-container\"><div id=\"carousel\" class=\"clients-carousel es-carousel-wrapper\"><div class=\"es-carousel\"><ul>\n<li><a href=\"http:\/\/www.porsche-barcelona.com\/\" target=\"_self\"><img decoding=\"async\" src=\"\/wp-content\/uploads\/2017\/02\/logo-centro-porsche.jpg\" alt=\"\" \/><\/a><\/li>\n<li><a href=\"http:\/\/www.porsche.com\/spain\/\" target=\"_self\"><img decoding=\"async\" src=\"\/wp-content\/uploads\/2017\/02\/logo-porsche.jpg\" alt=\"\" \/><\/a><\/li>\n<li><a href=\"https:\/\/www.clubporsche.es\/\" target=\"_self\"><img decoding=\"async\" src=\"\/wp-content\/uploads\/2019\/01\/PorscheClub_150x100.jpg\" alt=\"\" \/><\/a><\/li>\n<\/ul><div class=\"es-nav\"><span class=\"es-nav-prev\">Previous<\/span><span class=\"es-nav-next\">Next<\/span><\/div><\/div><\/div><\/div>\n<p><img loading=\"lazy\" decoding=\"async\" class=\"aligncenter size-large wp-image-5809\" src=\"\/wp-content\/uploads\/2020\/02\/pcs2020_logos.jpg\" alt=\"sponsoren Porsche Classic Series\" width=\"1024\" height=\"133\" \/><\/p>\n<div class=\"title\"><h2>Information of Porsche Classic Series 2020<\/h2><div class=\"title-sep-container\"><div class=\"title-sep\"><\/div><\/div><\/div>\n<p>The Porsche Classic Series 2020 have become the best Circuit Regularity contest for exceptional classic cars. The 4 events for this 2020 will be in Parcmotor and Alcarr\u00e1s in September, Circuit de Barcelona-Catalunya in October and will end in Circuit de Calafat in November, filling the paddock with a great family atmosphere and fans in a conference featuring the Fair-Play and the quality of the vehicles. With sixteen years of life in Catalonia, the Classic Series is a booming experience, with full grills, and is the best gateway for sports car fans. It is 4 rounds of Regularity in Circuit, with classic vehicles or modern Porsche (from 997). It is the ideal discipline for amateurs, amateurs and ex-pilots, with total safety and respect for other participants and their vehicles. We will visit the best and most fun circuits for regularity.<\/p>","protected":false},"excerpt":{"rendered":"","protected":false},"author":9192197,"featured_media":0,"parent":23150,"menu_order":0,"comment_status":"closed","ping_status":"closed","template":"","meta":{"om_disable_all_campaigns":false,"_monsterinsights_skip_tracking":false,"_monsterinsights_sitenote_active":false,"_monsterinsights_sitenote_note":"","_monsterinsights_sitenote_category":0,"footnotes":""},"class_list":["post-23145","page","type-page","status-publish","hentry"],"aioseo_notices":[],"_links":{"self":[{"href":"https:\/\/rallyclassics.club\/de\/wp-json\/wp\/v2\/pages\/23145","targetHints":{"allow":["GET"]}}],"collection":[{"href":"https:\/\/rallyclassics.club\/de\/wp-json\/wp\/v2\/pages"}],"about":[{"href":"https:\/\/rallyclassics.club\/de\/wp-json\/wp\/v2\/types\/page"}],"author":[{"embeddable":true,"href":"https:\/\/rallyclassics.club\/de\/wp-json\/wp\/v2\/users\/9192197"}],"replies":[{"embeddable":true,"href":"https:\/\/rallyclassics.club\/de\/wp-json\/wp\/v2\/comments?post=23145"}],"version-history":[{"count":7,"href":"https:\/\/rallyclassics.club\/de\/wp-json\/wp\/v2\/pages\/23145\/revisions"}],"predecessor-version":[{"id":24309,"href":"https:\/\/rallyclassics.club\/de\/wp-json\/wp\/v2\/pages\/23145\/revisions\/24309"}],"up":[{"embeddable":true,"href":"https:\/\/rallyclassics.club\/de\/wp-json\/wp\/v2\/pages\/23150"}],"wp:attachment":[{"href":"https:\/\/rallyclassics.club\/de\/wp-json\/wp\/v2\/media?parent=23145"}],"curies":[{"name":"wp","href":"https:\/\/api.w.org\/{rel}","templated":true}]}}