{"id":23151,"date":"2020-02-04T16:08:06","date_gmt":"2020-02-04T15:08:06","guid":{"rendered":"https:\/\/www.rallyclassics.club\/porsche-classic-series-2019\/barcelona-catalunya-2019-copy\/"},"modified":"2021-02-11T12:54:29","modified_gmt":"2021-02-11T11:54:29","slug":"barcelona-catalunya-2020","status":"publish","type":"page","link":"https:\/\/rallyclassics.club\/de\/porsche-classic-series-2020\/barcelona-catalunya-2020\/","title":{"rendered":"Porsche Classic Series 2020 &#8211; Parcmotor 2 | Regelm\u00e4\u00dfigkeit in der Schaltung f\u00fcr Oldtimer &#8211; Classic in Circuit"},"content":{"rendered":"<p><div class=\"title\"><h1>Porsche Classic Series 2020 &#8211; Parcmotor 2<\/h1><div class=\"title-sep-container\"><div class=\"title-sep\"><\/div><\/div><\/div>\n<img loading=\"lazy\" decoding=\"async\" class=\"aligncenter size-full wp-image-7181\" src=\"\/wp-content\/uploads\/PORSCHE-CLASSIC-SERIES_980x300_RD6.png\" width=\"980\" height=\"300\" \/><\/p>\n<p><center><br \/>\n<div class=\"title\"><h2>Live Results<\/h2><div class=\"title-sep-container\"><div class=\"title-sep\"><\/div><\/div><\/div>\n<div class=\"one_half\">\n<a class=\"button-19 button large default\" title=\"\" href=\"http:\/\/crono.rallyclassics.net\/Default2.aspx\" target=\"_self\">Lap to lap<\/a>\n<\/div>\n<div class=\"one_half last\">\n<a class=\"button-20 button large default\" title=\"\" href=\"http:\/\/crono.rallyclassics.net\/Default3_tv.aspx\" target=\"_self\">General ranking<\/a>\n<\/div><div class=\"clearboth\"><\/div>\n<\/center><br \/>\n&nbsp;<\/p>\n<div class=\"title\"><h2>RallyClassics TV:<\/h2><div class=\"title-sep-container\"><div class=\"title-sep\"><\/div><\/div><\/div>\n<iframe loading=\"lazy\" width=\"560\" height=\"315\" src=\"https:\/\/www.youtube.com\/embed\/J3gObgdAR7g\" frameborder=\"0\" allow=\"accelerometer; autoplay; encrypted-media; gyroscope; picture-in-picture\" allowfullscreen><\/iframe><\/p>\n<div class=\"title\"><h2>News of Porsche Classic Series 2020<\/h2><div class=\"title-sep-container\"><div class=\"title-sep\"><\/div><\/div><\/div>\n<div class=\"avada-container\"><section class=\"columns columns-2\" style=\"width:100%\"><div class=\"holder\"><article class=\"col\"><div class=\"flexslider floated-post-slideshow\"><ul class=\"slides\"><li>\n\t\t\t\t\t<a href=\"https:\/\/rallyclassics.club\/de\/partnership-abc4tech\/\" rel=\"\"><img decoding=\"async\" src=\"https:\/\/rallyclassics.club\/wp-content\/uploads\/rally_costa_brava_historic_abc4tech_2-700x441.jpg\" alt=\"Die elektronischen Pr\u00e4ventivger\u00e4te von ABC4Tech bei den Veranstaltungen von RallyClassics\" \/><\/a>\n\t\t\t\t<\/li><\/ul>\n\t\t<\/div><h4><a href=\"https:\/\/rallyclassics.club\/de\/partnership-abc4tech\/\">Die elektronischen Pr\u00e4ventivger\u00e4te von ABC4Tech bei den Veranstaltungen von RallyClassics<\/a><\/h4><ul class=\"meta\"><li><em class=\"date\">23 Oktober, 2020<\/em><\/li><\/ul><p><div class=\"excerpt-container\"><p>Die Gew\u00e4hrleistung der Sicherheit jedes Veranstaltungsteilnehmers ist zu diesem Zeitpunkt die Priorit\u00e4t jedes Organisators. [&#8230;]<\/p>\n<\/div><\/p><\/article><article class=\"col\"><div class=\"flexslider floated-post-slideshow\"><ul class=\"slides\"><li>\n\t\t\t\t\t<a href=\"https:\/\/rallyclassics.club\/de\/campeones-porscheclassicseries-2019\/\" rel=\"\"><img decoding=\"async\" src=\"https:\/\/rallyclassics.club\/wp-content\/uploads\/2019\/10\/d769b068-728b-4a50-a1da-3f39648d27f4-700x441.jpg\" alt=\"Campeones #PorscheClassicSeries 2019\" \/><\/a>\n\t\t\t\t<\/li><li>\n\t\t\t\t\t<a href=\"https:\/\/rallyclassics.club\/de\/campeones-porscheclassicseries-2019\/\" rel=\"\"><img decoding=\"async\" src=\"https:\/\/rallyclassics.club\/wp-content\/uploads\/2019\/10\/00620705-94ac-49b9-88a0-1e650ed904a6-700x441.jpg\" alt=\"\" \/><\/a>\n\t\t\t\t<\/li><li>\n\t\t\t\t\t<a href=\"https:\/\/rallyclassics.club\/de\/campeones-porscheclassicseries-2019\/\" rel=\"\"><img decoding=\"async\" src=\"https:\/\/rallyclassics.club\/wp-content\/uploads\/2019\/10\/9a0c4efe-5826-4e86-a29f-8b82fa475697-700x441.jpg\" alt=\"\" \/><\/a>\n\t\t\t\t<\/li><li>\n\t\t\t\t\t<a href=\"https:\/\/rallyclassics.club\/de\/campeones-porscheclassicseries-2019\/\" rel=\"\"><img decoding=\"async\" src=\"https:\/\/rallyclassics.club\/wp-content\/uploads\/2019\/10\/19b7c5d2-f420-46b0-9961-dc211dc27650-700x441.jpg\" alt=\"\" \/><\/a>\n\t\t\t\t<\/li><\/ul>\n\t\t<\/div><h4><a href=\"https:\/\/rallyclassics.club\/de\/campeones-porscheclassicseries-2019\/\">Campeones #PorscheClassicSeries 2019<\/a><\/h4><ul class=\"meta\"><li><em class=\"date\">27 Oktober, 2019<\/em><\/li><\/ul><p><div class=\"excerpt-container\"><\/div><\/p><\/article><\/div><\/section><\/div>\n<div class=\"title\"><h2>Porsche Classic Series sponsors 2020<\/h2><div class=\"title-sep-container\"><div class=\"title-sep\"><\/div><\/div><\/div>\n<div class=\"related-posts related-projects clientslider-container\"><div id=\"carousel\" class=\"clients-carousel es-carousel-wrapper\"><div class=\"es-carousel\"><ul>\n<li><a href=\"http:\/\/www.porsche-barcelona.com\/\" target=\"_self\"><img decoding=\"async\" src=\"\/wp-content\/uploads\/2017\/02\/logo-centro-porsche.jpg\" alt=\"\" \/><\/a><\/li>\n<li><a href=\"http:\/\/www.porsche.com\/spain\/\" target=\"_self\"><img decoding=\"async\" src=\"\/wp-content\/uploads\/2017\/02\/logo-porsche.jpg\" alt=\"\" \/><\/a><\/li>\n<li><a href=\"https:\/\/www.clubporsche.es\/\" target=\"_self\"><img decoding=\"async\" src=\"\/wp-content\/uploads\/2019\/01\/PorscheClub_150x100.jpg\" alt=\"\" \/><\/a><\/li>\n<\/ul><div class=\"es-nav\"><span class=\"es-nav-prev\">Previous<\/span><span class=\"es-nav-next\">Next<\/span><\/div><\/div><\/div><\/div>\n<p><img loading=\"lazy\" decoding=\"async\" class=\"aligncenter size-large wp-image-5809\" src=\"\/wp-content\/uploads\/2020\/02\/pcs2020_logos.jpg\" alt=\"sponsoren Porsche Classic Series 2020\" width=\"1024\" height=\"133\" \/><\/p>\n<div class=\"title\"><h2>Information of Porsche Classic Series 2020<\/h2><div class=\"title-sep-container\"><div class=\"title-sep\"><\/div><\/div><\/div>\n<p>The Porsche Classic Series 2020 have become the best Circuit Regularity contest for exceptional classic cars. The 4 events for this 2020 will be in Parcmotor and Alcarr\u00e1s in September, Circuit de Barcelona-Catalunya in October and will end in Circuit de Calafat in November, filling the paddock with a great family atmosphere and fans in a conference featuring the Fair-Play and the quality of the vehicles. With sixteen years of life in Catalonia, the Classic Series is a booming experience, with full grills, and is the best gateway for sports car fans. It is 4 rounds of Regularity in Circuit, with classic vehicles or modern Porsche (from 997). It is the ideal discipline for amateurs, amateurs and ex-pilots, with total safety and respect for other participants and their vehicles. We will visit the best and most fun circuits for regularity.<\/p>","protected":false},"excerpt":{"rendered":"","protected":false},"author":9192197,"featured_media":0,"parent":23150,"menu_order":0,"comment_status":"closed","ping_status":"closed","template":"","meta":{"om_disable_all_campaigns":false,"_monsterinsights_skip_tracking":false,"_monsterinsights_sitenote_active":false,"_monsterinsights_sitenote_note":"","_monsterinsights_sitenote_category":0,"footnotes":""},"class_list":["post-23151","page","type-page","status-publish","hentry"],"aioseo_notices":[],"_links":{"self":[{"href":"https:\/\/rallyclassics.club\/de\/wp-json\/wp\/v2\/pages\/23151","targetHints":{"allow":["GET"]}}],"collection":[{"href":"https:\/\/rallyclassics.club\/de\/wp-json\/wp\/v2\/pages"}],"about":[{"href":"https:\/\/rallyclassics.club\/de\/wp-json\/wp\/v2\/types\/page"}],"author":[{"embeddable":true,"href":"https:\/\/rallyclassics.club\/de\/wp-json\/wp\/v2\/users\/9192197"}],"replies":[{"embeddable":true,"href":"https:\/\/rallyclassics.club\/de\/wp-json\/wp\/v2\/comments?post=23151"}],"version-history":[{"count":27,"href":"https:\/\/rallyclassics.club\/de\/wp-json\/wp\/v2\/pages\/23151\/revisions"}],"predecessor-version":[{"id":26180,"href":"https:\/\/rallyclassics.club\/de\/wp-json\/wp\/v2\/pages\/23151\/revisions\/26180"}],"up":[{"embeddable":true,"href":"https:\/\/rallyclassics.club\/de\/wp-json\/wp\/v2\/pages\/23150"}],"wp:attachment":[{"href":"https:\/\/rallyclassics.club\/de\/wp-json\/wp\/v2\/media?parent=23151"}],"curies":[{"name":"wp","href":"https:\/\/api.w.org\/{rel}","templated":true}]}}