{"id":25397,"date":"2020-11-05T13:12:25","date_gmt":"2020-11-05T12:12:25","guid":{"rendered":"https:\/\/www.rallyclassics.club\/xviii-rallye-dhivern-criterium-viladrau-copy\/"},"modified":"2023-01-16T08:47:16","modified_gmt":"2023-01-16T07:47:16","slug":"xix-rallye-hivern-criterium-viladrau-2023","status":"publish","type":"page","link":"https:\/\/rallyclassics.club\/de\/xix-rallye-hivern-criterium-viladrau-2023\/","title":{"rendered":"XIX Rallye d\u2019Hivern &#8211; Crit\u00e8rium Viladrau &#8211; 14 enero 2023"},"content":{"rendered":"<p class=\"qtranxs-available-languages-message qtranxs-available-languages-message-de\">Leider ist der Eintrag nur auf <a href=\"https:\/\/rallyclassics.club\/es\/wp-json\/wp\/v2\/pages\/25397\" class=\"qtranxs-available-language-link qtranxs-available-language-link-es\" title=\"Espa\u00f1ol\">Espa\u00f1ol<\/a>, <a href=\"https:\/\/rallyclassics.club\/ca\/wp-json\/wp\/v2\/pages\/25397\" class=\"qtranxs-available-language-link qtranxs-available-language-link-ca\" title=\"Catal\u00e0\">Catal\u00e0<\/a>, <a href=\"https:\/\/rallyclassics.club\/fr\/wp-json\/wp\/v2\/pages\/25397\" class=\"qtranxs-available-language-link qtranxs-available-language-link-fr\" title=\"Fran\u00e7ais\">Fran\u00e7ais<\/a> und <a href=\"https:\/\/rallyclassics.club\/en\/wp-json\/wp\/v2\/pages\/25397\" class=\"qtranxs-available-language-link qtranxs-available-language-link-en\" title=\"English\">English<\/a> verf\u00fcgbar.<\/p>","protected":false},"excerpt":{"rendered":"<p>Dass sich Pr\u00e4zisions-Gleichm\u00e4\u00dfigkeitsrallyes derzeit einer beispiellosen Beliebtheit erfreuen, ist eine Tatsache, die sich nicht leugnen l\u00e4sst. Als Beisp\u00ecel ist jede Neuauflage wichtiger Veranstaltungen des RallyClassics-Kalenders zu nennen, wie zum Beispiel [&#8230;]<\/p>\n","protected":false},"author":9192197,"featured_media":0,"parent":0,"menu_order":0,"comment_status":"closed","ping_status":"closed","template":"","meta":{"om_disable_all_campaigns":false,"_monsterinsights_skip_tracking":false,"_monsterinsights_sitenote_active":false,"_monsterinsights_sitenote_note":"","_monsterinsights_sitenote_category":0,"footnotes":""},"class_list":["post-25397","page","type-page","status-publish","hentry"],"aioseo_notices":[],"_links":{"self":[{"href":"https:\/\/rallyclassics.club\/de\/wp-json\/wp\/v2\/pages\/25397","targetHints":{"allow":["GET"]}}],"collection":[{"href":"https:\/\/rallyclassics.club\/de\/wp-json\/wp\/v2\/pages"}],"about":[{"href":"https:\/\/rallyclassics.club\/de\/wp-json\/wp\/v2\/types\/page"}],"author":[{"embeddable":true,"href":"https:\/\/rallyclassics.club\/de\/wp-json\/wp\/v2\/users\/9192197"}],"replies":[{"embeddable":true,"href":"https:\/\/rallyclassics.club\/de\/wp-json\/wp\/v2\/comments?post=25397"}],"version-history":[{"count":1,"href":"https:\/\/rallyclassics.club\/de\/wp-json\/wp\/v2\/pages\/25397\/revisions"}],"predecessor-version":[{"id":25446,"href":"https:\/\/rallyclassics.club\/de\/wp-json\/wp\/v2\/pages\/25397\/revisions\/25446"}],"wp:attachment":[{"href":"https:\/\/rallyclassics.club\/de\/wp-json\/wp\/v2\/media?parent=25397"}],"curies":[{"name":"wp","href":"https:\/\/api.w.org\/{rel}","templated":true}]}}