{"id":31146,"date":"2022-02-18T16:28:17","date_gmt":"2022-02-18T15:28:17","guid":{"rendered":"https:\/\/www.rallyclassics.club\/navarra-classic-festival-2021-copy\/"},"modified":"2022-06-16T11:47:59","modified_gmt":"2022-06-16T10:47:59","slug":"2-navarra-classic-festival-2022","status":"publish","type":"page","link":"https:\/\/rallyclassics.club\/de\/2-navarra-classic-festival-2022\/","title":{"rendered":"Copiar"},"content":{"rendered":"<p class=\"qtranxs-available-languages-message qtranxs-available-languages-message-de\">Leider ist der Eintrag nur auf <a href=\"https:\/\/rallyclassics.club\/es\/wp-json\/wp\/v2\/pages\/31146\" class=\"qtranxs-available-language-link qtranxs-available-language-link-es\" title=\"Espa\u00f1ol\">Espa\u00f1ol<\/a>, <a href=\"https:\/\/rallyclassics.club\/ca\/wp-json\/wp\/v2\/pages\/31146\" class=\"qtranxs-available-language-link qtranxs-available-language-link-ca\" title=\"Catal\u00e0\">Catal\u00e0<\/a>, <a href=\"https:\/\/rallyclassics.club\/fr\/wp-json\/wp\/v2\/pages\/31146\" class=\"qtranxs-available-language-link qtranxs-available-language-link-fr\" title=\"Fran\u00e7ais\">Fran\u00e7ais<\/a> und <a href=\"https:\/\/rallyclassics.club\/en\/wp-json\/wp\/v2\/pages\/31146\" class=\"qtranxs-available-language-link qtranxs-available-language-link-en\" title=\"English\">English<\/a> verf\u00fcgbar.<\/p>","protected":false},"excerpt":{"rendered":"<p>En el a\u00f1o de nuestro vig\u00e9simo aniversario hemos preparado una temporada donde vuestros cl\u00e1sicos ser\u00e1n los protagonistas. Arrancaremos motores con el 70 Rally Motul Costa Brava (17-20 marzo). El rally [&#8230;]<\/p>\n","protected":false},"author":9192204,"featured_media":0,"parent":0,"menu_order":0,"comment_status":"closed","ping_status":"closed","template":"","meta":{"om_disable_all_campaigns":false,"_monsterinsights_skip_tracking":false,"_monsterinsights_sitenote_active":false,"_monsterinsights_sitenote_note":"","_monsterinsights_sitenote_category":0,"footnotes":""},"class_list":["post-31146","page","type-page","status-publish","hentry"],"aioseo_notices":[],"_links":{"self":[{"href":"https:\/\/rallyclassics.club\/de\/wp-json\/wp\/v2\/pages\/31146","targetHints":{"allow":["GET"]}}],"collection":[{"href":"https:\/\/rallyclassics.club\/de\/wp-json\/wp\/v2\/pages"}],"about":[{"href":"https:\/\/rallyclassics.club\/de\/wp-json\/wp\/v2\/types\/page"}],"author":[{"embeddable":true,"href":"https:\/\/rallyclassics.club\/de\/wp-json\/wp\/v2\/users\/9192204"}],"replies":[{"embeddable":true,"href":"https:\/\/rallyclassics.club\/de\/wp-json\/wp\/v2\/comments?post=31146"}],"version-history":[{"count":0,"href":"https:\/\/rallyclassics.club\/de\/wp-json\/wp\/v2\/pages\/31146\/revisions"}],"wp:attachment":[{"href":"https:\/\/rallyclassics.club\/de\/wp-json\/wp\/v2\/media?parent=31146"}],"curies":[{"name":"wp","href":"https:\/\/api.w.org\/{rel}","templated":true}]}}