{"id":350,"date":"2014-04-25T17:57:16","date_gmt":"2014-04-25T15:57:16","guid":{"rendered":"https:\/\/www.rallyclassics.club\/classic-series\/prueba-uno-2-2-2-2\/"},"modified":"2014-12-12T14:01:00","modified_gmt":"2014-12-12T12:01:00","slug":"prueba-cinco","status":"publish","type":"page","link":"https:\/\/rallyclassics.club\/de\/classic-series\/prueba-cinco\/","title":{"rendered":"Barcelona 11\/10"},"content":{"rendered":"<p><div class=\"title\"><h1>Barcelona 11.10.14<\/h1><div class=\"title-sep-container\"><div class=\"title-sep\"><\/div><\/div><\/div><img loading=\"lazy\" decoding=\"async\" class=\"alignnone size-full wp-image-283\" src=\"https:\/\/www.rallyclassics.club\/wp-content\/uploads\/2014\/02\/cs2014_980x380b.jpg\" alt=\"cs2014_980x380b\" width=\"980\" height=\"380\" srcset=\"https:\/\/rallyclassics.club\/wp-content\/uploads\/2014\/02\/cs2014_980x380b.jpg 980w, https:\/\/rallyclassics.club\/wp-content\/uploads\/2014\/02\/cs2014_980x380b-300x116.jpg 300w\" sizes=\"auto, (max-width: 980px) 100vw, 980px\" \/><div class=\"title\"><h2>Neues von der BMW Classic Series<\/h2><div class=\"title-sep-container\"><div class=\"title-sep\"><\/div><\/div><\/div> <div class=\"avada-container\"><section class=\"columns columns-2\" style=\"width:100%\"><div class=\"holder\"><article class=\"col\"><div class=\"flexslider floated-post-slideshow\"><ul class=\"slides\"><li>\n\t\t\t\t\t<a href=\"https:\/\/rallyclassics.club\/de\/comparte-la-emocion-de-las-bmw-classic-series\/\" rel=\"\"><img decoding=\"async\" src=\"https:\/\/rallyclassics.club\/wp-content\/uploads\/2016\/07\/ComparteLaEmocio\u0301n-700x441.jpg\" alt=\"Teilen Sie die Emotionen der BMW Classic Series\" \/><\/a>\n\t\t\t\t<\/li><\/ul>\n\t\t<\/div><h4><a href=\"https:\/\/rallyclassics.club\/de\/comparte-la-emocion-de-las-bmw-classic-series\/\">Teilen Sie die Emotionen der BMW Classic Series<\/a><\/h4><ul class=\"meta\"><li><em class=\"date\">11 Juli, 2016<\/em><\/li><\/ul><p><div class=\"excerpt-container\"><p>Bei den letzten beiden Rennen dieses Jahres haben die Oldtimer-Fahrer die Gelegenheit, das Erlebnis [&#8230;]<\/p>\n<\/div><\/p><\/article><article class=\"col\"><div class=\"flexslider floated-post-slideshow\"><ul class=\"slides\"><li>\n\t\t\t\t\t<a href=\"https:\/\/rallyclassics.club\/de\/dastarac-piaud-y-benaiges-campeones-de-las-bmw-classic-series-2015\/\" rel=\"\"><img decoding=\"async\" src=\"https:\/\/rallyclassics.club\/wp-content\/uploads\/2015\/10\/webdastaracA170123s.jpg\" alt=\"DASTARAC-PIAUD UND BENAIGES, GEWINNER DER BMW CLASSIC SERIES 2015\" \/><\/a>\n\t\t\t\t<\/li><\/ul>\n\t\t<\/div><h4><a href=\"https:\/\/rallyclassics.club\/de\/dastarac-piaud-y-benaiges-campeones-de-las-bmw-classic-series-2015\/\">DASTARAC-PIAUD UND BENAIGES, GEWINNER DER BMW CLASSIC SERIES 2015<\/a><\/h4><ul class=\"meta\"><li><em class=\"date\">20 Oktober, 2015<\/em><\/li><\/ul><p><div class=\"excerpt-container\"><p>Das Finale auf der Rennstrecke Circuit de Barcelona-Catalunya war \u00e4u\u00dferst spannend, und auf dem [&#8230;]<\/p>\n<\/div><\/p><\/article><\/div><\/section><\/div> <div class=\"title\"><h2>Sponsoren der BMW Classic Series<\/h2><div class=\"title-sep-container\"><div class=\"title-sep\"><\/div><\/div><\/div><div class=\"related-posts related-projects clientslider-container\"><div id=\"carousel\" class=\"clients-carousel es-carousel-wrapper\"><div class=\"es-carousel\"><ul><li><a href=\"www.bmw.es\" target=\"_self\"><img decoding=\"async\" src=\"https:\/\/www.rallyclassics.club\/wp-content\/uploads\/2014\/02\/logos_03.png\" alt=\"\" \/><\/a><\/li><li><a href=\"http:\/\/www.makarthy.com\/\" target=\"_self\"><img decoding=\"async\" src=\"https:\/\/www.rallyclassics.club\/wp-content\/uploads\/2014\/02\/logo_makarthy.jpg\" alt=\"\" \/><\/a><\/li><li><a href=\"http:\/\/www.aunmasbarato.com\/\" target=\"_self\"><img decoding=\"async\" src=\"https:\/\/www.rallyclassics.club\/wp-content\/uploads\/2014\/02\/logo_aunmasbarato.jpg\" alt=\"\" \/><\/a><\/li><li><a href=\"http:\/\/www.penriteoil.com.au\/\" target=\"_self\"><img decoding=\"async\" src=\"https:\/\/www.rallyclassics.club\/wp-content\/uploads\/2014\/02\/logo_penrite.jpg\" alt=\"\" \/><\/a><\/li><li><a href=\"#3\" target=\"_self\"><img decoding=\"async\" src=\"https:\/\/www.rallyclassics.club\/wp-content\/uploads\/2014\/02\/logo_evans.jpg\" alt=\"\" \/><\/a><\/li><\/ul><div class=\"es-nav\"><span class=\"es-nav-prev\">Previous<\/span><span class=\"es-nav-next\">Next<\/span><\/div><\/div><\/div><\/div><img loading=\"lazy\" decoding=\"async\" src=\"https:\/\/www.rallyclassics.club\/wp-content\/uploads\/2014\/02\/Logos_770x100-1024x133.jpg\" alt=\"Logos_770x100\" width=\"669\" height=\"86\" class=\"alignnone size-large wp-image-395\" srcset=\"https:\/\/rallyclassics.club\/wp-content\/uploads\/2014\/02\/Logos_770x100-1024x133.jpg 1024w, https:\/\/rallyclassics.club\/wp-content\/uploads\/2014\/02\/Logos_770x100-300x38.jpg 300w\" sizes=\"auto, (max-width: 669px) 100vw, 669px\" \/>&nbsp;&nbsp;<div class=\"title\"><h2>Informationen zur Classic Series<\/h2><div class=\"title-sep-container\"><div class=\"title-sep\"><\/div><\/div><\/div> Bei den BMW CLASSIC SERIES 2014 handelt es sich um einen Wettbewerb mit 5 Rennen auf der Rennstrecke in der Kategorie Gleichm\u00e4\u00dfigkeit, der auf 4 Strecken in Katalonien durchgef\u00fchrt wird und bei dem klassische Motorr\u00e4der und Automobile an den Start gehen. RallyClassics organisiert diese Classic Series schon seit 2004 und lie\u00df sich dabei von den <em>100 Tours<\/em> in Frankreich inspirieren, mit gro\u00dfem Teilnehmererfolg, seitdem man bei dieser Veranstaltung die Automobile und Motorr\u00e4der zusammenlegte und dadurch ein magisches Ambiente im alten Stil schuf, das von allen Teilnehmern und Zuschauern hoch gesch\u00e4tzt wird.<\/p>","protected":false},"excerpt":{"rendered":"<p>Das Finale auf der Rennstrecke Circuit de Barcelona-Catalunya war \u00e4u\u00dferst spannend, und auf dem Paddock gab es ein echtes Familienfest mit Sammlerst\u00fccken auf 2 und 4 R\u00e4dern. Francis Dastarac-Gregory Piaud [&#8230;]<\/p>\n","protected":false},"author":2,"featured_media":0,"parent":173,"menu_order":0,"comment_status":"open","ping_status":"open","template":"","meta":{"om_disable_all_campaigns":false,"_monsterinsights_skip_tracking":false,"_monsterinsights_sitenote_active":false,"_monsterinsights_sitenote_note":"","_monsterinsights_sitenote_category":0,"footnotes":""},"class_list":["post-350","page","type-page","status-publish","hentry"],"aioseo_notices":[],"_links":{"self":[{"href":"https:\/\/rallyclassics.club\/de\/wp-json\/wp\/v2\/pages\/350","targetHints":{"allow":["GET"]}}],"collection":[{"href":"https:\/\/rallyclassics.club\/de\/wp-json\/wp\/v2\/pages"}],"about":[{"href":"https:\/\/rallyclassics.club\/de\/wp-json\/wp\/v2\/types\/page"}],"author":[{"embeddable":true,"href":"https:\/\/rallyclassics.club\/de\/wp-json\/wp\/v2\/users\/2"}],"replies":[{"embeddable":true,"href":"https:\/\/rallyclassics.club\/de\/wp-json\/wp\/v2\/comments?post=350"}],"version-history":[{"count":4,"href":"https:\/\/rallyclassics.club\/de\/wp-json\/wp\/v2\/pages\/350\/revisions"}],"predecessor-version":[{"id":2084,"href":"https:\/\/rallyclassics.club\/de\/wp-json\/wp\/v2\/pages\/350\/revisions\/2084"}],"up":[{"embeddable":true,"href":"https:\/\/rallyclassics.club\/de\/wp-json\/wp\/v2\/pages\/173"}],"wp:attachment":[{"href":"https:\/\/rallyclassics.club\/de\/wp-json\/wp\/v2\/media?parent=350"}],"curies":[{"name":"wp","href":"https:\/\/api.w.org\/{rel}","templated":true}]}}