{"id":48896,"date":"2024-11-18T10:30:16","date_gmt":"2024-11-18T09:30:16","guid":{"rendered":"https:\/\/www.rallyclassics.club\/xx-rallye-hivern-viladrau-2024-copy\/"},"modified":"2025-01-13T07:54:29","modified_gmt":"2025-01-13T06:54:29","slug":"xxi-rallye-hivern-viladrau-2025","status":"publish","type":"page","link":"https:\/\/rallyclassics.club\/de\/xxi-rallye-hivern-viladrau-2025\/","title":{"rendered":"XXI Rallye d\u2019Hivern &#8211; Viladrau &#8211; 11 enero 2025"},"content":{"rendered":"<p class=\"qtranxs-available-languages-message qtranxs-available-languages-message-de\">Leider ist der Eintrag nur auf <a href=\"https:\/\/rallyclassics.club\/es\/wp-json\/wp\/v2\/pages\/48896\" class=\"qtranxs-available-language-link qtranxs-available-language-link-es\" title=\"Espa\u00f1ol\">Espa\u00f1ol<\/a>, <a href=\"https:\/\/rallyclassics.club\/ca\/wp-json\/wp\/v2\/pages\/48896\" class=\"qtranxs-available-language-link qtranxs-available-language-link-ca\" title=\"Catal\u00e0\">Catal\u00e0<\/a> und <a href=\"https:\/\/rallyclassics.club\/fr\/wp-json\/wp\/v2\/pages\/48896\" class=\"qtranxs-available-language-link qtranxs-available-language-link-fr\" title=\"Fran\u00e7ais\">Fran\u00e7ais<\/a> verf\u00fcgbar.<\/p>","protected":false},"excerpt":{"rendered":"<p>Dass sich Pr\u00e4zisions-Gleichm\u00e4\u00dfigkeitsrallyes derzeit einer beispiellosen Beliebtheit erfreuen, ist eine Tatsache, die sich nicht leugnen l\u00e4sst. Als Beisp\u00ecel ist jede Neuauflage wichtiger Veranstaltungen des RallyClassics-Kalenders zu nennen, wie zum Beispiel [&#8230;]<\/p>\n","protected":false},"author":9192204,"featured_media":0,"parent":0,"menu_order":0,"comment_status":"closed","ping_status":"closed","template":"","meta":{"om_disable_all_campaigns":false,"_monsterinsights_skip_tracking":false,"_monsterinsights_sitenote_active":false,"_monsterinsights_sitenote_note":"","_monsterinsights_sitenote_category":0,"footnotes":""},"class_list":["post-48896","page","type-page","status-publish","hentry"],"aioseo_notices":[],"_links":{"self":[{"href":"https:\/\/rallyclassics.club\/de\/wp-json\/wp\/v2\/pages\/48896","targetHints":{"allow":["GET"]}}],"collection":[{"href":"https:\/\/rallyclassics.club\/de\/wp-json\/wp\/v2\/pages"}],"about":[{"href":"https:\/\/rallyclassics.club\/de\/wp-json\/wp\/v2\/types\/page"}],"author":[{"embeddable":true,"href":"https:\/\/rallyclassics.club\/de\/wp-json\/wp\/v2\/users\/9192204"}],"replies":[{"embeddable":true,"href":"https:\/\/rallyclassics.club\/de\/wp-json\/wp\/v2\/comments?post=48896"}],"version-history":[{"count":10,"href":"https:\/\/rallyclassics.club\/de\/wp-json\/wp\/v2\/pages\/48896\/revisions"}],"predecessor-version":[{"id":48947,"href":"https:\/\/rallyclassics.club\/de\/wp-json\/wp\/v2\/pages\/48896\/revisions\/48947"}],"wp:attachment":[{"href":"https:\/\/rallyclassics.club\/de\/wp-json\/wp\/v2\/media?parent=48896"}],"curies":[{"name":"wp","href":"https:\/\/api.w.org\/{rel}","templated":true}]}}