{"id":5827,"date":"2014-02-13T09:17:00","date_gmt":"2014-02-13T09:17:00","guid":{"rendered":"https:\/\/www.rallyclassics.club\/rally-costa-brava-historic-2\/"},"modified":"2015-06-22T13:18:58","modified_gmt":"2015-06-22T11:18:58","slug":"xii-rally-costa-brava-historic","status":"publish","type":"page","link":"https:\/\/rallyclassics.club\/de\/xii-rally-costa-brava-historic\/","title":{"rendered":"XII Rally Costa Brava Hist\u00f2ric"},"content":{"rendered":"<p><div class=\"title\"><h1>XII Rally Costa Brava Hist\u00f2ric &#8211; 1\/4 Octubre<\/h1><div class=\"title-sep-container\"><div class=\"title-sep\"><\/div><\/div><\/div><img loading=\"lazy\" decoding=\"async\" src=\"https:\/\/www.rallyclassics.club\/wp-content\/uploads\/2014\/12\/xii_rcbh2015_980x300.jpg\" alt=\"xii_rcbh2015_980x300\" width=\"980\" height=\"300\" class=\"aligncenter size-full wp-image-2147\" srcset=\"https:\/\/rallyclassics.club\/wp-content\/uploads\/2014\/12\/xii_rcbh2015_980x300.jpg 980w, https:\/\/rallyclassics.club\/wp-content\/uploads\/2014\/12\/xii_rcbh2015_980x300-300x91.jpg 300w\" sizes=\"auto, (max-width: 980px) 100vw, 980px\" \/><\/p>\n<div class=\"title\"><h2>\u00daltimas Noticias del XII Rally Costa Brava Hist\u00f2ric<\/h2><div class=\"title-sep-container\"><div class=\"title-sep\"><\/div><\/div><\/div> <div class=\"avada-container\"><section class=\"columns columns-2\" style=\"width:100%\"><div class=\"holder\"><article class=\"col\"><div class=\"flexslider floated-post-slideshow\"><ul class=\"slides\"><li>\n\t\t\t\t\t<a href=\"https:\/\/rallyclassics.club\/de\/palamos-nueva-sede-del-rally-costa-brava-historic\/\" rel=\"\"><img decoding=\"async\" src=\"https:\/\/rallyclassics.club\/wp-content\/uploads\/2016\/10\/PA010073-700x441.jpg\" alt=\"Palam\u00f3s, neuer Sitz der Rally Costa Brava Hist\u00f2ric\" \/><\/a>\n\t\t\t\t<\/li><\/ul>\n\t\t<\/div><h4><a href=\"https:\/\/rallyclassics.club\/de\/palamos-nueva-sede-del-rally-costa-brava-historic\/\">Palam\u00f3s, neuer Sitz der Rally Costa Brava Hist\u00f2ric<\/a><\/h4><ul class=\"meta\"><li><em class=\"date\">11 Oktober, 2016<\/em><\/li><\/ul><p><div class=\"excerpt-container\"><p>Dieses im April stattfindende Autorennen ist f\u00fcr die europ\u00e4ische Meisterschaft dieser Kategorie relevant und [&#8230;]<\/p>\n<\/div><\/p><\/article><article class=\"col\"><div class=\"flexslider floated-post-slideshow\"><ul class=\"slides\"><li>\n\t\t\t\t\t<a href=\"https:\/\/rallyclassics.club\/de\/lloret-de-mar-y-el-rally-costa-brava-admirados-en-el-extranjero\/\" rel=\"\"><img decoding=\"async\" src=\"https:\/\/rallyclassics.club\/wp-content\/uploads\/2016\/03\/lloret2-700x441.jpg\" alt=\"LLORET DE MAR UND DIE RALLYE COSTA BRAVA IM AUSLAND BELIEBT\" \/><\/a>\n\t\t\t\t<\/li><\/ul>\n\t\t<\/div><h4><a href=\"https:\/\/rallyclassics.club\/de\/lloret-de-mar-y-el-rally-costa-brava-admirados-en-el-extranjero\/\">LLORET DE MAR UND DIE RALLYE COSTA BRAVA IM AUSLAND BELIEBT<\/a><\/h4><ul class=\"meta\"><li><em class=\"date\">21 M\u00e4rz, 2016<\/em><\/li><\/ul><p><div class=\"excerpt-container\"><p>Lloret de Mar war anl\u00e4sslich der 13. Rallye Costa Brava Hist\u00f2ric erneut Welthauptstadt der [&#8230;]<\/p>\n<\/div><\/p><\/article><\/div><\/section><\/div>\n<div class=\"title\"><h2>V\u00eddeo del XI Rally Costa Brava Hist\u00f2ric<\/h2><div class=\"title-sep-container\"><div class=\"title-sep\"><\/div><\/div><\/div>\n<p><iframe loading=\"lazy\" width=\"500\" height=\"281\" src=\"\/\/www.youtube.com\/embed\/QJzltFx6lic?rel=0\" frameborder=\"0\" allowfullscreen><\/iframe><\/p>\n<div class=\"title\"><h2>Patrocinadores del XII Rally Costa Brava Hist\u00f2ric<\/h2><div class=\"title-sep-container\"><div class=\"title-sep\"><\/div><\/div><\/div>\n<div class=\"related-posts related-projects clientslider-container\"><div id=\"carousel\" class=\"clients-carousel es-carousel-wrapper\"><div class=\"es-carousel\"><ul>\n<li><a href=\"#\" target=\"_self\"><img decoding=\"async\" src=\"\/wp-content\/uploads\/2014\/07\/tricentenari.jpg\" alt=\"\" \/><\/a><\/li>\n<li><a href=\"#\" target=\"_self\"><img decoding=\"async\" src=\"\/wp-content\/uploads\/2014\/02\/logos_01.png\" alt=\"\" \/><\/a><\/li>\n<li><a href=\"#\" target=\"_self\"><img decoding=\"async\" src=\"\/wp-content\/uploads\/2014\/02\/logos_02.png\" alt=\"\" \/><\/a><\/li>\n<li><a href=\"#\" target=\"_self\"><img decoding=\"async\" src=\"\/wp-content\/uploads\/2014\/02\/Untitled-3_02.png\" alt=\"\" \/><\/a><\/li>\n<li><a href=\"#\" target=\"_self\"><img decoding=\"async\" src=\"\/wp-content\/uploads\/2014\/02\/logos_2_01.png\" alt=\"\" \/><\/a><\/li>\n<li><a href=\"#\" target=\"_self\"><img decoding=\"async\" src=\"\/wp-content\/uploads\/2015\/04\/logos_appsesor.png\" alt=\"\" \/><\/a><\/li>\n<li><a href=\"#\" target=\"_self\"><img decoding=\"async\" src=\"\/wp-content\/uploads\/2014\/02\/logo_xternalia.jpg\" alt=\"\" \/><\/a><\/li>\n<li><a href=\"#\" target=\"_self\"><img decoding=\"async\" src=\"\/wp-content\/uploads\/2014\/02\/logo_classiccover.jpg\" alt=\"\" \/><\/a><\/li>\n<li><a href=\"#\" target=\"_self\"><img decoding=\"async\" src=\"\/wp-content\/uploads\/2014\/11\/logo_garatgeinternacional.jpg\" alt=\"\" \/><\/a><\/li>\n<li><a href=\"#\" target=\"_self\"><img decoding=\"async\" src=\"\/wp-content\/uploads\/2014\/02\/logo_nouonze.jpg\" alt=\"\" \/><\/a><\/li>\n<li><a href=\"#\" target=\"_self\"><img decoding=\"async\" src=\"\/wp-content\/uploads\/2015\/03\/logo_cmmc.jpg\" alt=\"\" \/><\/a><\/li>\n<li><a href=\"#\" target=\"_self\"><img decoding=\"async\" src=\"\/wp-content\/uploads\/2015\/03\/logo_suprametal.jpg\" alt=\"\" \/><\/a><\/li>\n<li><a href=\"#\" target=\"_self\"><img decoding=\"async\" src=\"\/wp-content\/uploads\/2014\/02\/logo_waterworld.jpg\" alt=\"\" \/><\/a><\/li>\n<li><a href=\"#\" target=\"_self\"><img decoding=\"async\" src=\"\/wp-content\/uploads\/2014\/02\/logo_rigat.jpg\" alt=\"\" \/><\/a><\/li>\n<\/ul><div class=\"es-nav\"><span class=\"es-nav-prev\">Previous<\/span><span class=\"es-nav-next\">Next<\/span><\/div><\/div><\/div><\/div>\n<div class=\"title\"><h2>Informaci\u00f3n del Rally Costa Brava Hist\u00f2ric<\/h2><div class=\"title-sep-container\"><div class=\"title-sep\"><\/div><\/div><\/div> Die 12. Ausgabe RALLY COSTA BRAVA HISTORIC wird ganz gro\u00df gefeiert: eine Teilnehmerliste der Luxusklasse (viele internationale Wagen und die besten einheimischen Teams), Hauptquartier im 5-Sterne-Hotel RIGAT, erstklassige Gastronomie (ein Restaurant mit einem Michelin-Stern), ein anspruchsvolles und kurzweiliges Rennen (etwa 1500 km und 40 Strecken), Sponsoring und Sicherheitstross von BMW. Lloret de Mar wird erneut zur Hauptstadt der Motoren, mit der Village an der Strandpromenade, dem spektakul\u00e4ren Water-World und einer gro\u00dfen Abschlussfeier im Hotel Rigat.<\/p>","protected":false},"excerpt":{"rendered":"<p>Lloret de Mar war anl\u00e4sslich der 13. Rallye Costa Brava Hist\u00f2ric erneut Welthauptstadt der Motoren. Diese Rallye ist eines von den ausl\u00e4ndischen Teilnehmern meist gesch\u00e4tzten Rennen, da sie es mit [&#8230;]<\/p>\n","protected":false},"author":2,"featured_media":0,"parent":0,"menu_order":0,"comment_status":"open","ping_status":"open","template":"","meta":{"om_disable_all_campaigns":false,"_monsterinsights_skip_tracking":false,"_monsterinsights_sitenote_active":false,"_monsterinsights_sitenote_note":"","_monsterinsights_sitenote_category":0,"footnotes":""},"class_list":["post-5827","page","type-page","status-publish","hentry"],"aioseo_notices":[],"_links":{"self":[{"href":"https:\/\/rallyclassics.club\/de\/wp-json\/wp\/v2\/pages\/5827","targetHints":{"allow":["GET"]}}],"collection":[{"href":"https:\/\/rallyclassics.club\/de\/wp-json\/wp\/v2\/pages"}],"about":[{"href":"https:\/\/rallyclassics.club\/de\/wp-json\/wp\/v2\/types\/page"}],"author":[{"embeddable":true,"href":"https:\/\/rallyclassics.club\/de\/wp-json\/wp\/v2\/users\/2"}],"replies":[{"embeddable":true,"href":"https:\/\/rallyclassics.club\/de\/wp-json\/wp\/v2\/comments?post=5827"}],"version-history":[{"count":12,"href":"https:\/\/rallyclassics.club\/de\/wp-json\/wp\/v2\/pages\/5827\/revisions"}],"predecessor-version":[{"id":6347,"href":"https:\/\/rallyclassics.club\/de\/wp-json\/wp\/v2\/pages\/5827\/revisions\/6347"}],"wp:attachment":[{"href":"https:\/\/rallyclassics.club\/de\/wp-json\/wp\/v2\/media?parent=5827"}],"curies":[{"name":"wp","href":"https:\/\/api.w.org\/{rel}","templated":true}]}}