{"id":720,"date":"2014-02-13T09:17:00","date_gmt":"2014-02-13T09:17:00","guid":{"rendered":"https:\/\/www.rallyclassics.club\/classic-series-2\/"},"modified":"2015-05-19T16:10:00","modified_gmt":"2015-05-19T14:10:00","slug":"tour-nautico-costa-brava","status":"publish","type":"page","link":"https:\/\/rallyclassics.club\/de\/tour-nautico-costa-brava\/","title":{"rendered":"Tour N\u00e1utico Costa Brava"},"content":{"rendered":"<p><div class=\"title\"><h1> Tour N\u00e1utico Costa Brava<\/h1><div class=\"title-sep-container\"><div class=\"title-sep\"><\/div><\/div><\/div><img loading=\"lazy\" decoding=\"async\" src=\"https:\/\/www.rallyclassics.club\/wp-content\/uploads\/2014\/06\/nautic2014_980x380b.jpg\" alt=\"nautic2014_980x380\" width=\"980\" height=\"380\" class=\"aligncenter size-full wp-image-723\" \/><div class=\"title\"><h2>Neues von der Tour N\u00e1utico Costa Brava<\/h2><div class=\"title-sep-container\"><div class=\"title-sep\"><\/div><\/div><\/div><div class=\"avada-container\"><section class=\"columns columns-2\" style=\"width:100%\"><div class=\"holder\"><\/div><\/section><\/div> <div class=\"title\"><h2>Sponsoren der Tour N\u00e1utico Costa Brava<\/h2><div class=\"title-sep-container\"><div class=\"title-sep\"><\/div><\/div><\/div> <div class=\"related-posts related-projects clientslider-container\"><div id=\"carousel\" class=\"clients-carousel es-carousel-wrapper\"><div class=\"es-carousel\"><ul><li><a href=\"http:\/\/www.clubnautictamariu.cat\/\" target=\"_self\"><img decoding=\"async\" src=\"https:\/\/www.rallyclassics.club\/wp-content\/uploads\/2014\/02\/logo_cntamariu.jpg\" alt=\"\" \/><\/a><\/li><li><a href=\"http:\/\/www.nauticllafranc.net\/\" target=\"_self\"><img decoding=\"async\" src=\"https:\/\/www.rallyclassics.club\/wp-content\/uploads\/2014\/02\/logo_cnllafranc.jpg\" alt=\"\" \/><\/a><\/li><li><a href=\"http:\/\/www.lamarinapalamos.es\/\" target=\"_self\"><img decoding=\"async\" src=\"https:\/\/www.rallyclassics.club\/wp-content\/uploads\/2014\/02\/logo_palamos.jpg\" alt=\"\" \/><\/a><\/li><\/ul><div class=\"es-nav\"><span class=\"es-nav-prev\">Previous<\/span><span class=\"es-nav-next\">Next<\/span><\/div><\/div><\/div><\/div>&nbsp;<div class=\"title\"><h2>Informationen zur Tour N\u00e1utico Costa Brava<\/h2><div class=\"title-sep-container\"><div class=\"title-sep\"><\/div><\/div><\/div> Die Tour N\u00e1utico Costa Brava besteht aus 3 Orientierungsfahrten, die in 3 katalanischen H\u00e4fen der Costa Brava veranstaltet werden und an denen jede Art von Freizeitboot teilnehmen kann. RallyClassics m\u00f6chte damit die Nutzung und den Spa\u00df an Booten an die j\u00fcngere Generation weitergeben und versteckte Winkel an der Costa Brava, dank visueller Referenzpunkte, Kurseinstellungen und Peilung, entdecken.<\/p>","protected":false},"excerpt":{"rendered":"<p>&nbsp; Die Tour N\u00e1utico Costa Brava besteht aus 3 Orientierungsfahrten, die in 3 katalanischen H\u00e4fen der Costa Brava veranstaltet werden und an denen jede Art von Freizeitboot teilnehmen kann. RallyClassics [&#8230;]<\/p>\n","protected":false},"author":2,"featured_media":0,"parent":0,"menu_order":0,"comment_status":"open","ping_status":"open","template":"","meta":{"om_disable_all_campaigns":false,"_monsterinsights_skip_tracking":false,"_monsterinsights_sitenote_active":false,"_monsterinsights_sitenote_note":"","_monsterinsights_sitenote_category":0,"footnotes":""},"class_list":["post-720","page","type-page","status-publish","hentry"],"aioseo_notices":[],"_links":{"self":[{"href":"https:\/\/rallyclassics.club\/de\/wp-json\/wp\/v2\/pages\/720","targetHints":{"allow":["GET"]}}],"collection":[{"href":"https:\/\/rallyclassics.club\/de\/wp-json\/wp\/v2\/pages"}],"about":[{"href":"https:\/\/rallyclassics.club\/de\/wp-json\/wp\/v2\/types\/page"}],"author":[{"embeddable":true,"href":"https:\/\/rallyclassics.club\/de\/wp-json\/wp\/v2\/users\/2"}],"replies":[{"embeddable":true,"href":"https:\/\/rallyclassics.club\/de\/wp-json\/wp\/v2\/comments?post=720"}],"version-history":[{"count":2,"href":"https:\/\/rallyclassics.club\/de\/wp-json\/wp\/v2\/pages\/720\/revisions"}],"predecessor-version":[{"id":2117,"href":"https:\/\/rallyclassics.club\/de\/wp-json\/wp\/v2\/pages\/720\/revisions\/2117"}],"wp:attachment":[{"href":"https:\/\/rallyclassics.club\/de\/wp-json\/wp\/v2\/media?parent=720"}],"curies":[{"name":"wp","href":"https:\/\/api.w.org\/{rel}","templated":true}]}}