{"id":10169,"date":"2016-11-20T13:40:23","date_gmt":"2016-11-20T11:40:23","guid":{"rendered":"https:\/\/www.rallyclassics.club\/xiii-rally-costa-brava-historic-copy\/"},"modified":"2017-04-07T15:18:15","modified_gmt":"2017-04-07T14:18:15","slug":"xiv-rally-costa-brava-historic","status":"publish","type":"page","link":"https:\/\/rallyclassics.club\/en\/xiv-rally-costa-brava-historic\/","title":{"rendered":"XIV Rally Costa Brava Hist\u00f2ric"},"content":{"rendered":"<p><div class=\"title\"><h1>XIV Rally Costa Brava Hist\u00f2ric &#8211; 20-23\/4<\/h1><div class=\"title-sep-container\"><div class=\"title-sep\"><\/div><\/div><\/div><img loading=\"lazy\" decoding=\"async\" class=\"aligncenter size-full wp-image-2147\" src=\"\/wp-content\/uploads\/2016\/11\/xiv_rcbh_980x300.jpg\" alt=\"xiii_rcbh2015_980x300\" width=\"980\" height=\"300\" \/><\/p>\n<div class=\"title\"><h2>Latest news of the XIV Rally Costa Brava Hist\u00f2ric<\/h2><div class=\"title-sep-container\"><div class=\"title-sep\"><\/div><\/div><\/div> <div class=\"avada-container\"><section class=\"columns columns-2\" style=\"width:100%\"><div class=\"holder\"><article class=\"col\"><div class=\"flexslider floated-post-slideshow\"><ul class=\"slides\"><li>\n\t\t\t\t\t<a href=\"https:\/\/rallyclassics.club\/en\/fortuny-jimenez-lancia-ganan-el-xiv-rally-costa-brava-historic\/\" rel=\"\"><img decoding=\"async\" src=\"https:\/\/rallyclassics.club\/wp-content\/uploads\/2017\/04\/Untitled-1-4.jpg\" alt=\"Fortuny-Jim\u00e9nez (Lancia) win the XIV Rally Costa Brava Hist\u00f2ric\" \/><\/a>\n\t\t\t\t<\/li><\/ul>\n\t\t<\/div><h4><a href=\"https:\/\/rallyclassics.club\/en\/fortuny-jimenez-lancia-ganan-el-xiv-rally-costa-brava-historic\/\">Fortuny-Jim\u00e9nez (Lancia) win the XIV Rally Costa Brava Hist\u00f2ric<\/a><\/h4><ul class=\"meta\"><li><em class=\"date\">24 April, 2017<\/em><\/li><\/ul><p><div class=\"excerpt-container\"><p>\u00b7 Extraordinary fight with Mir\u00f3-Matavacas and Deflandre-Lienne (Porsche)<br \/>\n\u00b7 Nubiola-Guardia (Honda \/ Yamaha) achieve victory [&#8230;]<\/p>\n<\/div><\/p><\/article><article class=\"col\"><div class=\"flexslider floated-post-slideshow\"><ul class=\"slides\"><li>\n\t\t\t\t\t<a href=\"https:\/\/rallyclassics.club\/en\/empieza-el-xiv-rally-costa-brava-historic-en-palamos\/\" rel=\"\"><img decoding=\"async\" src=\"https:\/\/rallyclassics.club\/wp-content\/uploads\/2017\/04\/Untitled-1-2.jpg\" alt=\"The XIV Rally Costa Brava Hist\u00f2ric begins at Palam\u00f3s\" \/><\/a>\n\t\t\t\t<\/li><\/ul>\n\t\t<\/div><h4><a href=\"https:\/\/rallyclassics.club\/en\/empieza-el-xiv-rally-costa-brava-historic-en-palamos\/\">The XIV Rally Costa Brava Hist\u00f2ric begins at Palam\u00f3s<\/a><\/h4><ul class=\"meta\"><li><em class=\"date\">21 April, 2017<\/em><\/li><\/ul><p><div class=\"excerpt-container\"><p>Today, at 15.30h the XIV Rally Costa Brava Hist\u00f2ric has started on the Passeig [&#8230;]<\/p>\n<\/div><\/p><\/article><\/div><\/section><\/div>\n<div class=\"title\"><h2>Video of the XIII Rally Costa Brava Hist\u00f2ric<\/h2><div class=\"title-sep-container\"><div class=\"title-sep\"><\/div><\/div><\/div>\n<p><iframe loading=\"lazy\" src=\"https:\/\/www.youtube.com\/embed\/qDX6U7Lw-5M\" width=\"560\" height=\"315\" frameborder=\"0\" allowfullscreen=\"allowfullscreen\"><\/iframe><\/p>\n<div class=\"title\"><h2>Sponsors of the XIV Rally Costa Brava Hist\u00f2ric<\/h2><div class=\"title-sep-container\"><div class=\"title-sep\"><\/div><\/div><\/div>\n<div class=\"related-posts related-projects clientslider-container\"><div id=\"carousel\" class=\"clients-carousel es-carousel-wrapper\"><div class=\"es-carousel\"><ul>\n<li><img decoding=\"async\" src=\"\/wp-content\/uploads\/2016\/11\/palamos-gastronomia.jpg\" alt=\"\" \/><\/li>\n<li><img decoding=\"async\" src=\"\/wp-content\/uploads\/2016\/11\/palamos.jpg\" alt=\"\" \/><\/li>\n<li><img decoding=\"async\" src=\"\/wp-content\/uploads\/2016\/11\/visit.jpg\" alt=\"\" \/><\/li>\n<li><img decoding=\"async\" src=\"\/wp-content\/uploads\/2014\/02\/logos_02.png\" alt=\"\" \/><\/li>\n<li><img decoding=\"async\" src=\"\/wp-content\/uploads\/2014\/02\/Untitled-3_02.png\" alt=\"\" \/><\/li>\n<li><img decoding=\"async\" src=\"\/images\/patrocinadores\/moritz.png\" alt=\"\" \/><\/li>\n<li><img decoding=\"async\" src=\"\/images\/patrocinadores\/sport.png\" alt=\"\" \/><\/li>\n<li><img decoding=\"async\" src=\"\/wp-content\/uploads\/2014\/02\/logos_2_01.png\" alt=\"\" \/><\/li>\n<li><img decoding=\"async\" src=\"\/wp-content\/uploads\/2015\/04\/logos_appsesor.png\" alt=\"\" \/><\/li>\n<li><img decoding=\"async\" src=\"\/wp-content\/uploads\/2014\/02\/logo_xternalia.jpg\" alt=\"\" \/><\/li>\n<li><img decoding=\"async\" src=\"\/wp-content\/uploads\/2014\/02\/logo_classiccover.jpg\" alt=\"\" \/><\/li>\n<li><img decoding=\"async\" src=\"\/wp-content\/uploads\/2014\/11\/logo_garatgeinternacional.jpg\" alt=\"\" \/><\/li>\n<li><img decoding=\"async\" src=\"\/wp-content\/uploads\/2016\/11\/logo-repeat.jpg\" alt=\"\" \/><\/li>\n<li><img decoding=\"async\" src=\"\/wp-content\/uploads\/2014\/02\/logo_nouonze.jpg\" alt=\"\" \/><\/li>\n<li><img decoding=\"async\" src=\"\/wp-content\/uploads\/2015\/03\/logo_suprametal.jpg\" alt=\"\" \/><\/li>\n<\/ul><div class=\"es-nav\"><span class=\"es-nav-prev\">Previous<\/span><span class=\"es-nav-next\">Next<\/span><\/div><\/div><\/div><\/div>\n<div class=\"title\"><h2>Information of the XIV Rally Costa Brava Hist\u00f2ric<\/h2><div class=\"title-sep-container\"><div class=\"title-sep\"><\/div><\/div><\/div> RALLY COSTA BRAVA HISTORIC will celebrate its XIV edition in a new setting, the coastal villa of Palam\u00f3s, from 20 to 23 April. A rally which counts for the FIA Regularity Trophy, it will be based at the Hotel Tr\u00edas, and technical verifications will be made at the port of La Marina de Palam\u00f3s. The route will be about 1,000 km and 30 sections, and will begin on the podium of the Paseo Mar\u00edtimo de Palam\u00f3s, on Friday, April 21 at 3:30 p.m. The prize-giving will be on the same podium, on the day of Saint George, during the morning of Sunday 23 April.<\/p>","protected":false},"excerpt":{"rendered":"<p>Today, at 15.30h the XIV Rally Costa Brava Hist\u00f2ric has started on the Passeig del Mar de Palam\u00f3s, the second scoring event for the FIA \u200b\u200bTrophy of Historical Rallies of [&#8230;]<\/p>\n","protected":false},"author":2,"featured_media":0,"parent":0,"menu_order":0,"comment_status":"open","ping_status":"open","template":"","meta":{"om_disable_all_campaigns":false,"_monsterinsights_skip_tracking":false,"_monsterinsights_sitenote_active":false,"_monsterinsights_sitenote_note":"","_monsterinsights_sitenote_category":0,"footnotes":""},"class_list":["post-10169","page","type-page","status-publish","hentry"],"aioseo_notices":[],"_links":{"self":[{"href":"https:\/\/rallyclassics.club\/en\/wp-json\/wp\/v2\/pages\/10169","targetHints":{"allow":["GET"]}}],"collection":[{"href":"https:\/\/rallyclassics.club\/en\/wp-json\/wp\/v2\/pages"}],"about":[{"href":"https:\/\/rallyclassics.club\/en\/wp-json\/wp\/v2\/types\/page"}],"author":[{"embeddable":true,"href":"https:\/\/rallyclassics.club\/en\/wp-json\/wp\/v2\/users\/2"}],"replies":[{"embeddable":true,"href":"https:\/\/rallyclassics.club\/en\/wp-json\/wp\/v2\/comments?post=10169"}],"version-history":[{"count":15,"href":"https:\/\/rallyclassics.club\/en\/wp-json\/wp\/v2\/pages\/10169\/revisions"}],"predecessor-version":[{"id":11687,"href":"https:\/\/rallyclassics.club\/en\/wp-json\/wp\/v2\/pages\/10169\/revisions\/11687"}],"wp:attachment":[{"href":"https:\/\/rallyclassics.club\/en\/wp-json\/wp\/v2\/media?parent=10169"}],"curies":[{"name":"wp","href":"https:\/\/api.w.org\/{rel}","templated":true}]}}