{"id":11074,"date":"2017-02-14T23:26:07","date_gmt":"2017-02-14T21:26:07","guid":{"rendered":"https:\/\/www.rallyclassics.club\/porsche-classic-series-2017\/porsche-classic-series-2017-3-copy\/"},"modified":"2017-02-21T21:38:06","modified_gmt":"2017-02-21T19:38:06","slug":"porsche-classic-series-2017-4","status":"publish","type":"page","link":"https:\/\/rallyclassics.club\/en\/porsche-classic-series-2017\/porsche-classic-series-2017-4\/","title":{"rendered":"Porsche Classic Series 2017 &#8211; Calafat- 16\/9\/2017"},"content":{"rendered":"<div class=\"title\"><h1>Porsche Classic Series 2017 &#8211; Calafat<\/h1><div class=\"title-sep-container\"><div class=\"title-sep\"><\/div><\/div><\/div>\n<img loading=\"lazy\" decoding=\"async\" class=\"aligncenter size-full wp-image-7181\" src=\"\/wp-content\/uploads\/2017\/02\/cs2017_980x300-1.jpg\" alt=\"cs2016_980x300\" width=\"980\" height=\"300\" \/><br \/>\n<center><br \/>\n<div class=\"title\"><h1>Vivelas Online<\/h1><div class=\"title-sep-container\"><div class=\"title-sep\"><\/div><\/div><\/div>\n<div class=\"one_half\">\n<a class=\"button-1 button large default\" title=\"\" href=\"http:\/\/crono.rallyclassics.net\/Default2.aspx\" target=\"_self\">Vuelta a Vuelta<\/a>\n<\/div>\n<div class=\"one_half last\">\n<a class=\"button-2 button large default\" title=\"\" href=\"http:\/\/crono.rallyclassics.net\/Default3.aspx\" target=\"_self\">Clasificacion General<\/a>\n<\/div><div class=\"clearboth\"><\/div>\n<\/center><br \/>\n&nbsp;<br \/>\n<br \/>\n<div class=\"title\"><h2>\u00daltimas Noticias de las Porsche Classic Series 2017<\/h2><div class=\"title-sep-container\"><div class=\"title-sep\"><\/div><\/div><\/div> <div class=\"avada-container\"><section class=\"columns columns-2\" style=\"width:100%\"><div class=\"holder\"><article class=\"col\"><div class=\"flexslider floated-post-slideshow\"><ul class=\"slides\"><li>\n\t\t\t\t\t<a href=\"https:\/\/rallyclassics.club\/en\/presentamos-calendario-2026-rallyclassics\/\" rel=\"\"><img decoding=\"async\" src=\"https:\/\/rallyclassics.club\/wp-content\/uploads\/2025\/12\/RallyClassics_Calendario_2026_ESP_-700x441.jpg\" alt=\"We present the 2026 RallyClassics calendar!\" \/><\/a>\n\t\t\t\t<\/li><\/ul>\n\t\t<\/div><h4><a href=\"https:\/\/rallyclassics.club\/en\/presentamos-calendario-2026-rallyclassics\/\">We present the 2026 RallyClassics calendar!<\/a><\/h4><ul class=\"meta\"><li><em class=\"date\">27 December, 2025<\/em><\/li><\/ul><p><div class=\"excerpt-container\"><p>At RallyClassics, we have already begun preparations for the 2026 season, with the same [&#8230;]<\/p>\n<\/div><\/p><\/article><article class=\"col\"><div class=\"flexslider floated-post-slideshow\"><ul class=\"slides\"><li>\n\t\t\t\t\t<a href=\"https:\/\/rallyclassics.club\/en\/presentacion-temporada-2025\/\" rel=\"\"><img decoding=\"async\" src=\"https:\/\/rallyclassics.club\/wp-content\/uploads\/2025\/04\/MARINA_RFNI-4291_-700x441.jpg\" alt=\"Successful presentation of the 2025 season at Marina Racewear\" \/><\/a>\n\t\t\t\t<\/li><\/ul>\n\t\t<\/div><h4><a href=\"https:\/\/rallyclassics.club\/en\/presentacion-temporada-2025\/\">Successful presentation of the 2025 season at Marina Racewear<\/a><\/h4><ul class=\"meta\"><li><em class=\"date\">11 April, 2025<\/em><\/li><\/ul><p><div class=\"excerpt-container\"><p>The presentation of the 2025 RallyClassics season was held at Marina Racewear on Thursday, [&#8230;]<\/p>\n<\/div><\/p><\/article><\/div><\/section><\/div> <div class=\"title\"><h2>Patrocinadores de las Porsche Classic Series 2017<\/h2><div class=\"title-sep-container\"><div class=\"title-sep\"><\/div><\/div><\/div> <div class=\"related-posts related-projects clientslider-container\"><div id=\"carousel\" class=\"clients-carousel es-carousel-wrapper\"><div class=\"es-carousel\"><ul><li><a href=\"http:\/\/www.porsche.com\/spain\/\" target=\"_self\"><img decoding=\"async\" src=\"\/wp-content\/uploads\/2017\/02\/logo-porsche.jpg\" alt=\"\" \/><\/a><\/li><\/ul><div class=\"es-nav\"><span class=\"es-nav-prev\">Previous<\/span><span class=\"es-nav-next\">Next<\/span><\/div><\/div><\/div><\/div>\n<img loading=\"lazy\" decoding=\"async\" src=\"\/wp-content\/uploads\/2017\/02\/logos-cs2017.jpg\" alt=\"Logos_770x100-1024x133\" width=\"669\" height=\"87\" class=\"aligncenter size-large wp-image-5809\" \/><br \/>\n<div class=\"title\"><h2>Informaci\u00f3n de las Porsche Classic Series 2017<\/h2><div class=\"title-sep-container\"><div class=\"title-sep\"><\/div><\/div><\/div>\n<p>Las Porsche Classic Series 2017 son un certamen de 5 pruebas de Regularidad en Circuito, que se celebra en 4 trazados catalanes, y en el que participan motos cl\u00e1sicas y coches cl\u00e1sicos. RallyClassics lleva organizando las Classic Series desde el a\u00f1o 2004, inspir\u00e1ndose en los 100 Tours franceses, con un gran \u00e9xito de participaci\u00f3n desde que se juntaron en la misma jornada los coches y las motos, creando un ambiente m\u00e1gico y retro muy valorado por los participantes y los visitantes.<\/p>\n","protected":false},"excerpt":{"rendered":"<p>The presentation of the 2025 RallyClassics season was held at Marina Racewear on Thursday, April 10th. This event, organized by RallyClassics&#8217; with new partner Marina Racewear, unveiled some of the [&#8230;]<\/p>\n","protected":false},"author":2,"featured_media":0,"parent":11051,"menu_order":0,"comment_status":"open","ping_status":"open","template":"","meta":{"om_disable_all_campaigns":false,"_monsterinsights_skip_tracking":false,"_monsterinsights_sitenote_active":false,"_monsterinsights_sitenote_note":"","_monsterinsights_sitenote_category":0,"footnotes":""},"class_list":["post-11074","page","type-page","status-publish","hentry"],"aioseo_notices":[],"_links":{"self":[{"href":"https:\/\/rallyclassics.club\/en\/wp-json\/wp\/v2\/pages\/11074","targetHints":{"allow":["GET"]}}],"collection":[{"href":"https:\/\/rallyclassics.club\/en\/wp-json\/wp\/v2\/pages"}],"about":[{"href":"https:\/\/rallyclassics.club\/en\/wp-json\/wp\/v2\/types\/page"}],"author":[{"embeddable":true,"href":"https:\/\/rallyclassics.club\/en\/wp-json\/wp\/v2\/users\/2"}],"replies":[{"embeddable":true,"href":"https:\/\/rallyclassics.club\/en\/wp-json\/wp\/v2\/comments?post=11074"}],"version-history":[{"count":2,"href":"https:\/\/rallyclassics.club\/en\/wp-json\/wp\/v2\/pages\/11074\/revisions"}],"predecessor-version":[{"id":11161,"href":"https:\/\/rallyclassics.club\/en\/wp-json\/wp\/v2\/pages\/11074\/revisions\/11161"}],"up":[{"embeddable":true,"href":"https:\/\/rallyclassics.club\/en\/wp-json\/wp\/v2\/pages\/11051"}],"wp:attachment":[{"href":"https:\/\/rallyclassics.club\/en\/wp-json\/wp\/v2\/media?parent=11074"}],"curies":[{"name":"wp","href":"https:\/\/api.w.org\/{rel}","templated":true}]}}