{"id":13028,"date":"2017-09-21T11:07:18","date_gmt":"2017-09-21T10:07:18","guid":{"rendered":"https:\/\/www.rallyclassics.club\/no-limits-motor-tour-2016-copy\/"},"modified":"2017-09-21T19:41:34","modified_gmt":"2017-09-21T18:41:34","slug":"no-limits-motor-tour-2017","status":"publish","type":"page","link":"https:\/\/rallyclassics.club\/en\/no-limits-motor-tour-2017\/","title":{"rendered":"No Limits Motor Tour 2017"},"content":{"rendered":"<div class=\"title\"><h1>No Limits Motor Tour 2017 \u2013 28 de Octubre<\/h1><div class=\"title-sep-container\"><div class=\"title-sep\"><\/div><\/div><\/div><img decoding=\"async\" class=\"alignnone size-full wp-image-425\" src=\"\/wp-content\/uploads\/2017\/09\/nolimits2017_980x300.jpg\" alt=\"banner_nlmt_bcn\"\/><\/p>\n<div class=\"title\"><h2>\u00daltimas Noticias del No Limits Motor Tour 2017<\/h2><div class=\"title-sep-container\"><div class=\"title-sep\"><\/div><\/div><\/div> <div class=\"avada-container\"><section class=\"columns columns-2\" style=\"width:100%\"><div class=\"holder\"><article class=\"col\"><div class=\"flexslider floated-post-slideshow\"><ul class=\"slides\"><li>\n\t\t\t\t\t<a href=\"https:\/\/rallyclassics.club\/en\/carles-miro-brilla-en-todas-las-especialidades\/\" rel=\"\"><img decoding=\"async\" src=\"https:\/\/rallyclassics.club\/wp-content\/uploads\/2018\/12\/Carles-Mir\u00f3-700x441.jpg\" alt=\"Carles Mir\u00f3, shines in all specialties\" \/><\/a>\n\t\t\t\t<\/li><\/ul>\n\t\t<\/div><h4><a href=\"https:\/\/rallyclassics.club\/en\/carles-miro-brilla-en-todas-las-especialidades\/\">Carles Mir\u00f3, shines in all specialties<\/a><\/h4><ul class=\"meta\"><li><em class=\"date\">11 December, 2018<\/em><\/li><\/ul><p><div class=\"excerpt-container\"><p>Carles Mir\u00f3 is the prototype of a passionate pilot for the classics, who participates [&#8230;]<\/p>\n<\/div><\/p><\/article><article class=\"col\"><div class=\"flexslider floated-post-slideshow\"><ul class=\"slides\"><li>\n\t\t\t\t\t<a href=\"https:\/\/rallyclassics.club\/en\/formula-e-en-el-no-limits\/\" rel=\"\"><img decoding=\"async\" src=\"https:\/\/rallyclassics.club\/wp-content\/uploads\/2018\/09\/mahindra.jpg\" alt=\"Formula E in the NO LIMITS!\" \/><\/a>\n\t\t\t\t<\/li><\/ul>\n\t\t<\/div><h4><a href=\"https:\/\/rallyclassics.club\/en\/formula-e-en-el-no-limits\/\">Formula E in the NO LIMITS!<\/a><\/h4><ul class=\"meta\"><li><em class=\"date\">27 September, 2018<\/em><\/li><\/ul><p><div class=\"excerpt-container\"><p>?\ufe0f WOW! The Mahindra Formula E will be present at #NoLimitsBarcelona this Saturday 29 [&#8230;]<\/p>\n<\/div><\/p><\/article><\/div><\/section><\/div> <div class=\"title\"><h2>Patrocinadores y Colaboradores del No Limits Motor Tour 2017<\/h2><div class=\"title-sep-container\"><div class=\"title-sep\"><\/div><\/div><\/div>\n<div class=\"related-posts related-projects clientslider-container\"><div id=\"carousel\" class=\"clients-carousel es-carousel-wrapper\"><div class=\"es-carousel\"><ul><li><a href=\"http:\/\/www.bcn.cat\/es\/\" target=\"_self\"><img decoding=\"async\" src=\"https:\/\/www.rallyclassics.club\/wp-content\/uploads\/2014\/02\/logos_04.jpg\" alt=\"\" \/><\/a><\/li><li><a href=\"http:\/\/www.gencat.cat\/esports\/\" target=\"_self\"><img decoding=\"async\" src=\"https:\/\/www.rallyclassics.club\/wp-content\/uploads\/2014\/02\/logos_02.png\" alt=\"\" \/><\/a><\/li><li><a href=\"http:\/\/www.ecom.es\/\" target=\"_self\"><img decoding=\"async\" src=\"\/wp-content\/uploads\/2015\/05\/logo_ecom.jpg\" alt=\"\" \/><\/a><\/li><li><a href=\"https:\/\/www.bmw.es\/home\/home.html\" target=\"_self\"><img decoding=\"async\" src=\"https:\/\/www.rallyclassics.club\/wp-content\/uploads\/2014\/02\/logos_03.png\" alt=\"\" \/><\/a><\/li><li><a href=\"http:\/\/www.saunierduval.es\/\" target=\"_self\"><img decoding=\"async\" src=\"https:\/\/www.rallyclassics.club\/wp-content\/uploads\/2014\/02\/logo_saunier.jpg\" alt=\"\" \/><\/a><\/li><li><a href=\"http:\/\/www.cocacola.es\/\" target=\"_self\"><img decoding=\"async\" src=\"https:\/\/www.rallyclassics.club\/wp-content\/uploads\/2014\/02\/logos_2_04.jpg\" alt=\"\" \/><\/a><\/li><li><a href=\"#\" target=\"_self\"><img decoding=\"async\" src=\"\/wp-content\/uploads\/2015\/03\/ecoticias.jpg\" alt=\"\" \/><\/a><\/li><li><a href=\"#\" target=\"_self\"><img decoding=\"async\" src=\"\/wp-content\/uploads\/2015\/05\/logo_voluntaris.jpg\" alt=\"\" \/><\/a><\/li><li><a href=\"#\" target=\"_self\"><img decoding=\"async\" src=\"\/wp-content\/uploads\/2015\/05\/logo_voluntaris_caixa.jpg\" alt=\"\" \/><\/a><\/li><li><a href=\"#\" target=\"_self\"><img decoding=\"async\" src=\"\/wp-content\/uploads\/2016\/03\/logo_ecoseries.jpg\" alt=\"\" \/><\/a><\/li><\/ul><div class=\"es-nav\"><span class=\"es-nav-prev\">Previous<\/span><span class=\"es-nav-next\">Next<\/span><\/div><\/div><\/div><\/div>\n<div class=\"title\"><h2>Informaci\u00f3n del No Limits Motor Tour 2017<\/h2><div class=\"title-sep-container\"><div class=\"title-sep\"><\/div><\/div><\/div> El NO LIMITS MOTOR TOUR es una prueba de Orientaci\u00f3n y Estrategia que se celebra en Barcelona durante el verano. Abierta a personas con discapacidad f\u00edsica que conduzcan, y a conductores de veh\u00edculos ecol\u00f3gicos, esta prueba pretende demostrar que es posible tener una preciosa ciudad sin barreras y respetuosa con el medio ambiente. La primera edici\u00f3n celebrada en mayo de 2014 cont\u00f3 con 33 equipos, y con un fant\u00e1stico ambiente festivo que gust\u00f3 mucho a los participantes y a los visitantes del Village.<\/p>\n","protected":false},"excerpt":{"rendered":"<p>?\ufe0f WOW! The Mahindra Formula E will be present at #NoLimitsBarcelona this Saturday 29 at the Moll de Marina. Thanks to QEV Technologies, the public will be able to enjoy [&#8230;]<\/p>\n","protected":false},"author":2,"featured_media":0,"parent":0,"menu_order":0,"comment_status":"open","ping_status":"open","template":"","meta":{"om_disable_all_campaigns":false,"_monsterinsights_skip_tracking":false,"_monsterinsights_sitenote_active":false,"_monsterinsights_sitenote_note":"","_monsterinsights_sitenote_category":0,"footnotes":""},"class_list":["post-13028","page","type-page","status-publish","hentry"],"aioseo_notices":[],"_links":{"self":[{"href":"https:\/\/rallyclassics.club\/en\/wp-json\/wp\/v2\/pages\/13028","targetHints":{"allow":["GET"]}}],"collection":[{"href":"https:\/\/rallyclassics.club\/en\/wp-json\/wp\/v2\/pages"}],"about":[{"href":"https:\/\/rallyclassics.club\/en\/wp-json\/wp\/v2\/types\/page"}],"author":[{"embeddable":true,"href":"https:\/\/rallyclassics.club\/en\/wp-json\/wp\/v2\/users\/2"}],"replies":[{"embeddable":true,"href":"https:\/\/rallyclassics.club\/en\/wp-json\/wp\/v2\/comments?post=13028"}],"version-history":[{"count":4,"href":"https:\/\/rallyclassics.club\/en\/wp-json\/wp\/v2\/pages\/13028\/revisions"}],"predecessor-version":[{"id":13039,"href":"https:\/\/rallyclassics.club\/en\/wp-json\/wp\/v2\/pages\/13028\/revisions\/13039"}],"wp:attachment":[{"href":"https:\/\/rallyclassics.club\/en\/wp-json\/wp\/v2\/media?parent=13028"}],"curies":[{"name":"wp","href":"https:\/\/api.w.org\/{rel}","templated":true}]}}