{"id":13734,"date":"2018-01-16T19:01:11","date_gmt":"2018-01-16T18:01:11","guid":{"rendered":"https:\/\/www.rallyclassics.club\/porsche-classic-series-2017-copy\/"},"modified":"2018-09-24T11:37:48","modified_gmt":"2018-09-24T10:37:48","slug":"porsche-classic-series-2018","status":"publish","type":"page","link":"https:\/\/rallyclassics.club\/en\/porsche-classic-series-2018\/","title":{"rendered":"Porsche Classic Series 2018"},"content":{"rendered":"<p><div class=\"title\"><h1>Porsche Classic Series 2018<\/h1><div class=\"title-sep-container\"><div class=\"title-sep\"><\/div><\/div><\/div><img loading=\"lazy\" decoding=\"async\" class=\"alignnone size-full wp-image-301\" src=\"\/wp-content\/uploads\/2018\/03\/cs2018_980x300.jpg\" alt=\"ClassicSeries2018\" width=\"1687\" height=\"1181\" \/><br \/>\n<div class=\"title\"><h2>Pruebas de las Porsche Classic Series 2018:<\/h2><div class=\"title-sep-container\"><div class=\"title-sep\"><\/div><\/div><\/div>\n<p><a href=\"porsche-classic-series-2018-5\"><img loading=\"lazy\" decoding=\"async\" class=\"aligncenter wp-image-12237 size-full\" src=\"\/wp-content\/uploads\/2018\/04\/cs2018_catalunya_700x200.jpg\" alt=\"\" width=\"700\" height=\"200\" \/><\/a><\/p>\n<div class=\"title\"><h2>RallyClassics TV:<\/h2><div class=\"title-sep-container\"><div class=\"title-sep\"><\/div><\/div><\/div>\n<iframe loading=\"lazy\" width=\"560\" height=\"315\" src=\"https:\/\/www.youtube.com\/embed\/videoseries?list=PL58TG4mz7gHViDL6P3PP1TIRnflug-5JZ\" frameborder=\"0\" allow=\"autoplay; encrypted-media\" allowfullscreen><\/iframe><\/p>\n<div class=\"title\"><h2>\u00daltimas Noticias de las Porsche Classic Series 2018<\/h2><div class=\"title-sep-container\"><div class=\"title-sep\"><\/div><\/div><\/div>\n<div class=\"avada-container\"><section class=\"columns columns-2\" style=\"width:100%\"><div class=\"holder\"><article class=\"col\"><div class=\"flexslider floated-post-slideshow\"><ul class=\"slides\"><li>\n\t\t\t\t\t<a href=\"https:\/\/rallyclassics.club\/en\/presentamos-calendario-2026-rallyclassics\/\" rel=\"\"><img decoding=\"async\" src=\"https:\/\/rallyclassics.club\/wp-content\/uploads\/2025\/12\/RallyClassics_Calendario_2026_ESP_-700x441.jpg\" alt=\"We present the 2026 RallyClassics calendar!\" \/><\/a>\n\t\t\t\t<\/li><\/ul>\n\t\t<\/div><h4><a href=\"https:\/\/rallyclassics.club\/en\/presentamos-calendario-2026-rallyclassics\/\">We present the 2026 RallyClassics calendar!<\/a><\/h4><ul class=\"meta\"><li><em class=\"date\">27 December, 2025<\/em><\/li><\/ul><p><div class=\"excerpt-container\"><p>At RallyClassics, we have already begun preparations for the 2026 season, with the same [&#8230;]<\/p>\n<\/div><\/p><\/article><article class=\"col\"><div class=\"flexslider floated-post-slideshow\"><ul class=\"slides\"><li>\n\t\t\t\t\t<a href=\"https:\/\/rallyclassics.club\/en\/presentacion-temporada-2025\/\" rel=\"\"><img decoding=\"async\" src=\"https:\/\/rallyclassics.club\/wp-content\/uploads\/2025\/04\/MARINA_RFNI-4291_-700x441.jpg\" alt=\"Successful presentation of the 2025 season at Marina Racewear\" \/><\/a>\n\t\t\t\t<\/li><\/ul>\n\t\t<\/div><h4><a href=\"https:\/\/rallyclassics.club\/en\/presentacion-temporada-2025\/\">Successful presentation of the 2025 season at Marina Racewear<\/a><\/h4><ul class=\"meta\"><li><em class=\"date\">11 April, 2025<\/em><\/li><\/ul><p><div class=\"excerpt-container\"><p>The presentation of the 2025 RallyClassics season was held at Marina Racewear on Thursday, [&#8230;]<\/p>\n<\/div><\/p><\/article><\/div><\/section><\/div>\n<div class=\"title\"><h2>Patrocinadores de las Porsche Classic Series 2018<\/h2><div class=\"title-sep-container\"><div class=\"title-sep\"><\/div><\/div><\/div>\n<div class=\"related-posts related-projects clientslider-container\"><div id=\"carousel\" class=\"clients-carousel es-carousel-wrapper\"><div class=\"es-carousel\"><ul>\n<li><a href=\"http:\/\/www.porsche-barcelona.com\/\" target=\"_self\"><img decoding=\"async\" src=\"\/wp-content\/uploads\/2017\/02\/logo-centro-porsche.jpg\" alt=\"\" \/><\/a><\/li>\n<li><a href=\"https:\/\/www.chopard.es\/\" target=\"_self\"><img decoding=\"async\" src=\"\/wp-content\/uploads\/2017\/02\/logo-chopard.jpg\" alt=\"\" \/><\/a><\/li>\n<li><a href=\"http:\/\/www.porsche.com\/spain\/\" target=\"_self\"><img decoding=\"async\" src=\"\/wp-content\/uploads\/2017\/02\/logo-porsche.jpg\" alt=\"\" \/><\/a><\/li>\n<\/ul><div class=\"es-nav\"><span class=\"es-nav-prev\">Previous<\/span><span class=\"es-nav-next\">Next<\/span><\/div><\/div><\/div><\/div>\n<p><img loading=\"lazy\" decoding=\"async\" class=\"aligncenter size-large wp-image-5809\" src=\"\/wp-content\/uploads\/2018\/01\/logos-cs2018.jpg\" alt=\"Logos_770x100-1024x133\" width=\"669\" height=\"87\" \/><br \/>\n<div class=\"title\"><h2>Informaci\u00f3n de las Porsche Classic Series 2018<\/h2><div class=\"title-sep-container\"><div class=\"title-sep\"><\/div><\/div><\/div>\n<p>Las Porsche Classic Series se han convertido en el mejor certamen de Regularidad en Circuitos, para motos cl\u00e1sicas y coches cl\u00e1sicos excepcionales. Las 5 citas programadas para 2018 tendr\u00e1n su gran final en el Circuit de Barcelona-Catalunya, llenando el paddock de un gran ambiente familiar y de aficionados en unas jornadas protagonizadas por el Fair-Play y la calidad de los veh\u00edculos. Con quince a\u00f1os de vida en Catalu\u00f1a, las Classic Series son una experiencia en auge, con parrillas llenas, y es la mejor puerta de entrada de los aficionados al automovilismo deportivo. Se trata de 5 pruebas de Regularidad en Circuito, con veh\u00edculos cl\u00e1sicos, para aficionados, amateurs y expilotos, con total seguridad y respeto hacia los dem\u00e1s participantes y sus veh\u00edculos.<\/p>","protected":false},"excerpt":{"rendered":"<p>The presentation of the 2025 RallyClassics season was held at Marina Racewear on Thursday, April 10th. This event, organized by RallyClassics&#8217; with new partner Marina Racewear, unveiled some of the [&#8230;]<\/p>\n","protected":false},"author":2,"featured_media":0,"parent":0,"menu_order":0,"comment_status":"closed","ping_status":"closed","template":"","meta":{"om_disable_all_campaigns":false,"_monsterinsights_skip_tracking":false,"_monsterinsights_sitenote_active":false,"_monsterinsights_sitenote_note":"","_monsterinsights_sitenote_category":0,"footnotes":""},"class_list":["post-13734","page","type-page","status-publish","hentry"],"aioseo_notices":[],"_links":{"self":[{"href":"https:\/\/rallyclassics.club\/en\/wp-json\/wp\/v2\/pages\/13734","targetHints":{"allow":["GET"]}}],"collection":[{"href":"https:\/\/rallyclassics.club\/en\/wp-json\/wp\/v2\/pages"}],"about":[{"href":"https:\/\/rallyclassics.club\/en\/wp-json\/wp\/v2\/types\/page"}],"author":[{"embeddable":true,"href":"https:\/\/rallyclassics.club\/en\/wp-json\/wp\/v2\/users\/2"}],"replies":[{"embeddable":true,"href":"https:\/\/rallyclassics.club\/en\/wp-json\/wp\/v2\/comments?post=13734"}],"version-history":[{"count":29,"href":"https:\/\/rallyclassics.club\/en\/wp-json\/wp\/v2\/pages\/13734\/revisions"}],"predecessor-version":[{"id":16197,"href":"https:\/\/rallyclassics.club\/en\/wp-json\/wp\/v2\/pages\/13734\/revisions\/16197"}],"wp:attachment":[{"href":"https:\/\/rallyclassics.club\/en\/wp-json\/wp\/v2\/media?parent=13734"}],"curies":[{"name":"wp","href":"https:\/\/api.w.org\/{rel}","templated":true}]}}