{"id":180,"date":"2014-02-13T09:17:00","date_gmt":"2014-02-13T09:17:00","guid":{"rendered":"https:\/\/www.rallyclassics.club\/rally-costa-brava-historic-2\/"},"modified":"2014-12-16T13:32:47","modified_gmt":"2014-12-16T11:32:47","slug":"rallye-hivern-viladrau","status":"publish","type":"page","link":"https:\/\/rallyclassics.club\/en\/rallye-hivern-viladrau\/","title":{"rendered":"Rallye d\u2019Hivern"},"content":{"rendered":"<p><div class=\"title\"><h1>XIII Rallye d\u2019Hivern-Criterium Viladrau &#8211; 17.01.15<\/h1><div class=\"title-sep-container\"><div class=\"title-sep\"><\/div><\/div><\/div><a href=\"https:\/\/www.rallyclassics.club\/wp-content\/uploads\/2014\/09\/hivern_669x240.jpg\"><img loading=\"lazy\" decoding=\"async\" class=\"aligncenter size-full wp-image-1231\" src=\"https:\/\/www.rallyclassics.club\/wp-content\/uploads\/2014\/09\/hivern_669x240.jpg\" alt=\"hivern_669x240\" width=\"669\" height=\"240\" srcset=\"https:\/\/rallyclassics.club\/wp-content\/uploads\/2014\/09\/hivern_669x240.jpg 669w, https:\/\/rallyclassics.club\/wp-content\/uploads\/2014\/09\/hivern_669x240-300x107.jpg 300w\" sizes=\"auto, (max-width: 669px) 100vw, 669px\" \/><\/a><div class=\"title\"><h2>\u00daltimas Noticias del Rallye d\u2019Hivern-Criterium Viladrau<\/h2><div class=\"title-sep-container\"><div class=\"title-sep\"><\/div><\/div><\/div> <div class=\"avada-container\"><section class=\"columns columns-2\" style=\"width:100%\"><div class=\"holder\"><article class=\"col\"><div class=\"flexslider floated-post-slideshow\"><ul class=\"slides\"><li>\n\t\t\t\t\t<a href=\"https:\/\/rallyclassics.club\/en\/calendario-2025-rallyclassics\/\" rel=\"\"><img decoding=\"async\" src=\"https:\/\/rallyclassics.club\/wp-content\/uploads\/2025\/01\/RC_Calendario2025_ES____-700x441.jpg\" alt=\"We present the 2025 RallyClassics calendar!\" \/><\/a>\n\t\t\t\t<\/li><\/ul>\n\t\t<\/div><h4><a href=\"https:\/\/rallyclassics.club\/en\/calendario-2025-rallyclassics\/\">We present the 2025 RallyClassics calendar!<\/a><\/h4><ul class=\"meta\"><li><em class=\"date\">15 January, 2025<\/em><\/li><\/ul><p><div class=\"excerpt-container\"><p>At RallyClassics we have already started working on the 2025 season, eager to continue [&#8230;]<\/p>\n<\/div><\/p><\/article><article class=\"col\"><div class=\"flexslider floated-post-slideshow\"><ul class=\"slides\"><li>\n\t\t\t\t\t<a href=\"https:\/\/rallyclassics.club\/en\/presentamos-calendario-2024-rallyclassics\/\" rel=\"\"><img decoding=\"async\" src=\"https:\/\/rallyclassics.club\/wp-content\/uploads\/RC_Calendari2024_Es_-700x441.jpg\" alt=\"The 2024 RallyClassics calendar is now available\" \/><\/a>\n\t\t\t\t<\/li><\/ul>\n\t\t<\/div><h4><a href=\"https:\/\/rallyclassics.club\/en\/presentamos-calendario-2024-rallyclassics\/\">The 2024 RallyClassics calendar is now available<\/a><\/h4><ul class=\"meta\"><li><em class=\"date\">4 January, 2024<\/em><\/li><\/ul><p><div class=\"excerpt-container\"><p>At RallyClassics we say goodbye to an exciting 2023 season, undoubtedly one of the [&#8230;]<\/p>\n<\/div><\/p><\/article><\/div><\/section><\/div> <div class=\"title\"><h2>Patrocinadores del Rallye d\u2019Hivern-Criterium Viladrau<\/h2><div class=\"title-sep-container\"><div class=\"title-sep\"><\/div><\/div><\/div>\n<div class=\"related-posts related-projects clientslider-container\"><div id=\"carousel\" class=\"clients-carousel es-carousel-wrapper\"><div class=\"es-carousel\"><ul>\n<li><a href=\"#\" target=\"_self\"><img decoding=\"async\" src=\"\/wp-content\/uploads\/2014\/02\/logos_2_03.png\" alt=\"\" \/><\/a><\/li>\n<li><a href=\"#\" target=\"_self\"><img decoding=\"async\" src=\"\/wp-content\/uploads\/2014\/02\/logos_02.png\" alt=\"\" \/><\/a><\/li>\n<li><a href=\"#\" target=\"_self\"><img decoding=\"async\" src=\"\/wp-content\/uploads\/2014\/02\/logos_2_01.png\" alt=\"\" \/><\/a><\/li>\n<li><a href=\"#\" target=\"_self\"><img decoding=\"async\" src=\"\/wp-content\/uploads\/2014\/02\/logo_classiccover.jpg\" alt=\"\" \/><\/a><\/li>\n<\/ul><div class=\"es-nav\"><span class=\"es-nav-prev\">Previous<\/span><span class=\"es-nav-next\">Next<\/span><\/div><\/div><\/div><\/div>\n<div class=\"title\"><h2>Informaci\u00f3n del Rallye d\u2019Hivern de Viladrau<\/h2><div class=\"title-sep-container\"><div class=\"title-sep\"><\/div><\/div><\/div> El Rallye d&#8217;Hivern llega a su decimotercera edici\u00f3n, siendo la prueba que inici\u00f3 la andadura de RallyClassics como club organizador, un 14 de diciembre de 2002. Gracias al \u00e9xito cosechado, por el gran n\u00famero de participantes y por la apuesta que hizo el ayuntamiento de Salt por iniciativa de Garatge Internacional, el evento creci\u00f3 y anim\u00f3 a Lloret de Mar a hacer su Rally Costa Brava de Hist\u00f3ricos, en febrero de 2004. Salt fue sede del Hivern hasta que el rally se traslad\u00f3 dos a\u00f1os a Andorra (2010 y 2011), en busca del &#8220;m\u00e1s dif\u00edcil todav\u00eda&#8221;, para regresar a Viladrau, donde se han celebrado las tres \u00faltimas ediciones. En 2015 el Rallye d&#8217;Hivern &#8211; Criterium Viladrau se celebrar\u00e1 el 17 de enero, siendo la primera prueba de regularidad del calendario. <\/p>","protected":false},"excerpt":{"rendered":"<p>At RallyClassics we say goodbye to an exciting 2023 season, undoubtedly one of the best in our 20-year history, and we get to work thinking about an even better 2024. [&#8230;]<\/p>\n","protected":false},"author":2,"featured_media":0,"parent":0,"menu_order":0,"comment_status":"open","ping_status":"open","template":"","meta":{"om_disable_all_campaigns":false,"_monsterinsights_skip_tracking":false,"_monsterinsights_sitenote_active":false,"_monsterinsights_sitenote_note":"","_monsterinsights_sitenote_category":0,"footnotes":""},"class_list":["post-180","page","type-page","status-publish","hentry"],"aioseo_notices":[],"_links":{"self":[{"href":"https:\/\/rallyclassics.club\/en\/wp-json\/wp\/v2\/pages\/180","targetHints":{"allow":["GET"]}}],"collection":[{"href":"https:\/\/rallyclassics.club\/en\/wp-json\/wp\/v2\/pages"}],"about":[{"href":"https:\/\/rallyclassics.club\/en\/wp-json\/wp\/v2\/types\/page"}],"author":[{"embeddable":true,"href":"https:\/\/rallyclassics.club\/en\/wp-json\/wp\/v2\/users\/2"}],"replies":[{"embeddable":true,"href":"https:\/\/rallyclassics.club\/en\/wp-json\/wp\/v2\/comments?post=180"}],"version-history":[{"count":4,"href":"https:\/\/rallyclassics.club\/en\/wp-json\/wp\/v2\/pages\/180\/revisions"}],"predecessor-version":[{"id":2115,"href":"https:\/\/rallyclassics.club\/en\/wp-json\/wp\/v2\/pages\/180\/revisions\/2115"}],"wp:attachment":[{"href":"https:\/\/rallyclassics.club\/en\/wp-json\/wp\/v2\/media?parent=180"}],"curies":[{"name":"wp","href":"https:\/\/api.w.org\/{rel}","templated":true}]}}