{"id":183,"date":"2014-02-13T09:17:00","date_gmt":"2014-02-13T09:17:00","guid":{"rendered":"https:\/\/www.rallyclassics.club\/rallye-hivern-viladrau-2\/"},"modified":"2014-12-12T14:15:21","modified_gmt":"2014-12-12T12:15:21","slug":"volta-catalunya","status":"publish","type":"page","link":"https:\/\/rallyclassics.club\/en\/volta-catalunya\/","title":{"rendered":"Volta Catalunya"},"content":{"rendered":"<p><div class=\"title\"><h1>XXX Volta Catalunya &#8211; 13\/15 Junio<\/h1><div class=\"title-sep-container\"><div class=\"title-sep\"><\/div><\/div><\/div><img loading=\"lazy\" decoding=\"async\" class=\"alignnone size-full wp-image-305\" src=\"https:\/\/www.rallyclassics.club\/wp-content\/uploads\/2014\/02\/xxx_volta_980x380.jpg\" alt=\"xxx_volta_980x380\" width=\"980\" height=\"380\" srcset=\"https:\/\/rallyclassics.club\/wp-content\/uploads\/2014\/02\/xxx_volta_980x380.jpg 980w, https:\/\/rallyclassics.club\/wp-content\/uploads\/2014\/02\/xxx_volta_980x380-300x116.jpg 300w\" sizes=\"auto, (max-width: 980px) 100vw, 980px\" \/>&nbsp;<div class=\"title\"><h2>\u00daltimas Noticias de la Volta Catalunya<\/h2><div class=\"title-sep-container\"><div class=\"title-sep\"><\/div><\/div><\/div> <div class=\"avada-container\"><section class=\"columns columns-2\" style=\"width:100%\"><div class=\"holder\"><article class=\"col\"><div class=\"flexslider floated-post-slideshow\"><ul class=\"slides\"><li>\n\t\t\t\t\t<a href=\"https:\/\/rallyclassics.club\/en\/grandes-recuerdos-del-2o-chopard-rally\/\" rel=\"\"><img decoding=\"async\" src=\"https:\/\/rallyclassics.club\/wp-content\/uploads\/2019\/06\/Captura-de-pantalla-2019-06-13-a-les-10.12.10.png\" alt=\"Great memories of the 2nd Chopard Rally\" \/><\/a>\n\t\t\t\t<\/li><\/ul>\n\t\t<\/div><h4><a href=\"https:\/\/rallyclassics.club\/en\/grandes-recuerdos-del-2o-chopard-rally\/\">Great memories of the 2nd Chopard Rally<\/a><\/h4><ul class=\"meta\"><li><em class=\"date\">13 June, 2019<\/em><\/li><\/ul><p><div class=\"excerpt-container\"><p>Fantastic classic jewels were gathered last Friday, May 24 to start the 2nd Chopard [&#8230;]<\/p>\n<\/div><\/p><\/article><article class=\"col\"><div class=\"flexslider floated-post-slideshow\"><ul class=\"slides\"><li>\n\t\t\t\t\t<a href=\"https:\/\/rallyclassics.club\/en\/gran-ambiente-en-el-2o-chopard-rally\/\" rel=\"\"><img decoding=\"async\" src=\"https:\/\/rallyclassics.club\/wp-content\/uploads\/2019\/05\/WhatsApp-Image-2019-05-27-at-10.02.48-700x441.jpeg\" alt=\"Great atmosphere in the 2nd Chopard Rally\" \/><\/a>\n\t\t\t\t<\/li><\/ul>\n\t\t<\/div><h4><a href=\"https:\/\/rallyclassics.club\/en\/gran-ambiente-en-el-2o-chopard-rally\/\">Great atmosphere in the 2nd Chopard Rally<\/a><\/h4><ul class=\"meta\"><li><em class=\"date\">27 May, 2019<\/em><\/li><\/ul><p><div class=\"excerpt-container\"><p>The 2nd Chopard Rally began on Thursday, May 23, filling the Chopard Boutique in [&#8230;]<\/p>\n<\/div><\/p><\/article><\/div><\/section><\/div><div class=\"title\"><h2>Informaci\u00f3n de la Volta Catalunya<\/h2><div class=\"title-sep-container\"><div class=\"title-sep\"><\/div><\/div><\/div> La VOLTA CATALUNYA celebrar\u00e1 su 30\u00aa edici\u00f3n, en la bella poblaci\u00f3n de Ll\u00edvia. La peque\u00f1a poblaci\u00f3n se vuelca en este evento, y los participantes podr\u00e1n disfrutar una edici\u00f3n m\u00e1s, de una Volta muy tir\u00edstica y gastron\u00f3mica. Limitado a 25 participantes, la base del rally, ser\u00e1 en el Hotel Bernat de So. Informaci\u00f3n y reservas <em><strong><a title=\"Hotel Bernat de So - Ll\u00edvia\" href=\"http:\/\/www.hotelbernatdeso.com\/es\/hotel.php\" target=\"_blank\">aqu\u00ed. <\/a><\/strong><\/em><br \/>\n<\/p>","protected":false},"excerpt":{"rendered":"<p>The 2nd Chopard Rally began on Thursday, May 23, filling the Chopard Boutique in Barcelona for the presentation of the rally. On Friday morning we had a wonderful welcome at [&#8230;]<\/p>\n","protected":false},"author":2,"featured_media":0,"parent":0,"menu_order":0,"comment_status":"open","ping_status":"open","template":"","meta":{"om_disable_all_campaigns":false,"_monsterinsights_skip_tracking":false,"_monsterinsights_sitenote_active":false,"_monsterinsights_sitenote_note":"","_monsterinsights_sitenote_category":0,"footnotes":""},"class_list":["post-183","page","type-page","status-publish","hentry"],"aioseo_notices":[],"_links":{"self":[{"href":"https:\/\/rallyclassics.club\/en\/wp-json\/wp\/v2\/pages\/183","targetHints":{"allow":["GET"]}}],"collection":[{"href":"https:\/\/rallyclassics.club\/en\/wp-json\/wp\/v2\/pages"}],"about":[{"href":"https:\/\/rallyclassics.club\/en\/wp-json\/wp\/v2\/types\/page"}],"author":[{"embeddable":true,"href":"https:\/\/rallyclassics.club\/en\/wp-json\/wp\/v2\/users\/2"}],"replies":[{"embeddable":true,"href":"https:\/\/rallyclassics.club\/en\/wp-json\/wp\/v2\/comments?post=183"}],"version-history":[{"count":7,"href":"https:\/\/rallyclassics.club\/en\/wp-json\/wp\/v2\/pages\/183\/revisions"}],"predecessor-version":[{"id":2088,"href":"https:\/\/rallyclassics.club\/en\/wp-json\/wp\/v2\/pages\/183\/revisions\/2088"}],"wp:attachment":[{"href":"https:\/\/rallyclassics.club\/en\/wp-json\/wp\/v2\/media?parent=183"}],"curies":[{"name":"wp","href":"https:\/\/api.w.org\/{rel}","templated":true}]}}