{"id":22037,"date":"2019-11-04T18:11:53","date_gmt":"2019-11-04T17:11:53","guid":{"rendered":"https:\/\/www.rallyclassics.club\/xvi-rally-costa-brava-historic-copy\/"},"modified":"2020-10-15T22:52:52","modified_gmt":"2020-10-15T21:52:52","slug":"xvii-rally-costa-brava-historic","status":"publish","type":"page","link":"https:\/\/rallyclassics.club\/en\/xvii-rally-costa-brava-historic\/","title":{"rendered":"XVII Rally Costa Brava Hist\u00f2ric  15 &#8211; 18 October 2020 &#8211; Regularity Rally for classic cars"},"content":{"rendered":"<p><div class=\"title\"><h1>XVII Rally Costa Brava Hist\u00f2ric<\/h1><div class=\"title-sep-container\"><div class=\"title-sep\"><\/div><\/div><\/div><img loading=\"lazy\" decoding=\"async\" class=\"aligncenter size-full wp-image-2147\" src=\"\/wp-content\/uploads\/xvii_rcbh_980x300b.jpg\" width=\"980\" height=\"300\" \/><\/p>\n<p>&nbsp;<\/p>\n<p>[<a href=\"https:\/\/www.blunik.com\/spa\/p\/news\/new\/clasificaciones\/v\/category\/2\/27-rally-costa-brava-historic-2020.htm\" target=\"_blank\" rel=\"noopener noreferrer\"><img loading=\"lazy\" decoding=\"async\" class=\"aligncenter wp-image-24949 size-full\" src=\"https:\/\/www.rallyclassics.club\/wp-content\/uploads\/xvii_rcbh_980x100_livetiming_ani.gif\" alt=\"\" width=\"980\" height=\"100\" \/><\/a><\/p>\n<div class=\"title\"><h2>Last News XVII Rally Costa Brava Hist\u00f2ric<\/h2><div class=\"title-sep-container\"><div class=\"title-sep\"><\/div><\/div><\/div> <div class=\"avada-container\"><section class=\"columns columns-2\" style=\"width:100%\"><div class=\"holder\"><article class=\"col\"><div class=\"flexslider floated-post-slideshow\"><ul class=\"slides\"><li>\n\t\t\t\t\t<a href=\"https:\/\/rallyclassics.club\/en\/xvii-rally-costa-brava-historic-2020-dia-3\/\" rel=\"\"><img decoding=\"async\" src=\"https:\/\/rallyclassics.club\/wp-content\/uploads\/xvii_rally_costa_brava_historic_dia_3_lancia-700x441.jpg\" alt=\"Carles Fortuny \u2013 Carles Jim\u00e9nez (Lancia Beta Coup\u00e9) win the XVII Rally Costa Brava Hist\u00f2ric\" \/><\/a>\n\t\t\t\t<\/li><\/ul>\n\t\t<\/div><h4><a href=\"https:\/\/rallyclassics.club\/en\/xvii-rally-costa-brava-historic-2020-dia-3\/\">Carles Fortuny \u2013 Carles Jim\u00e9nez (Lancia Beta Coup\u00e9) win the XVII Rally Costa Brava Hist\u00f2ric<\/a><\/h4><ul class=\"meta\"><li><em class=\"date\">18 October, 2020<\/em><\/li><\/ul><p><div class=\"excerpt-container\"><p> \tThey are the only ones to have reached 3 victories in this event, [&#8230;]<\/p>\n<\/div><\/p><\/article><article class=\"col\"><div class=\"flexslider floated-post-slideshow\"><ul class=\"slides\"><li>\n\t\t\t\t\t<a href=\"https:\/\/rallyclassics.club\/en\/el-xvii-rally-costa-brava-si-podra-disputarse-con-80-vehiculos\/\" rel=\"\"><img decoding=\"async\" src=\"https:\/\/rallyclassics.club\/wp-content\/uploads\/jordibosser-RCBH18-30-baixa-700x441.jpg\" alt=\"The XVII Rally Costa Brava Hist\u00f2ric can be organized\" \/><\/a>\n\t\t\t\t<\/li><\/ul>\n\t\t<\/div><h4><a href=\"https:\/\/rallyclassics.club\/en\/el-xvii-rally-costa-brava-si-podra-disputarse-con-80-vehiculos\/\">The XVII Rally Costa Brava Hist\u00f2ric can be organized<\/a><\/h4><ul class=\"meta\"><li><em class=\"date\">14 October, 2020<\/em><\/li><\/ul><p><div class=\"excerpt-container\"><p>The Generalitat de Catalunya suspends all non-professional and Catalan sporting events.<br \/>\nThis measure will not [&#8230;]<\/p>\n<\/div><\/p><\/article><\/div><\/section><\/div>\n<div class=\"title\"><h2>Press releases<\/h2><div class=\"title-sep-container\"><div class=\"title-sep\"><\/div><\/div><\/div> <div class=\"avada-container\"><section class=\"columns columns-3\" style=\"width:100%\"><div class=\"holder\"><\/div><\/section><\/div>\n<div class=\"title\"><h2>RallyClassics TV<\/h2><div class=\"title-sep-container\"><div class=\"title-sep\"><\/div><\/div><\/div>\n<p><iframe loading=\"lazy\" id=\"ytplayer\" src=\"https:\/\/www.youtube.com\/embed\/a56R9rWsa7s?disablekb=1&amp;enablejsapi=1\" width=\"560\" height=\"315\" frameborder=\"0\" allowfullscreen=\"allowfullscreen\"><\/iframe><\/p>\n<div class=\"title\"><h2>Sponsors XVII Rally Costa Brava Hist\u00f2ric<\/h2><div class=\"title-sep-container\"><div class=\"title-sep\"><\/div><\/div><\/div>\n<div class=\"related-posts related-projects clientslider-container\"><div id=\"carousel\" class=\"clients-carousel es-carousel-wrapper\"><div class=\"es-carousel\"><ul>\n<li><img decoding=\"async\" src=\"\/wp-content\/uploads\/Palamo\u0301s_150x100.jpg\" alt=\"\" \/><\/li>\n<li><img decoding=\"async\" src=\"\/wp-content\/uploads\/2016\/11\/palamos.jpg\" alt=\"\" \/><\/li>\n<li><img decoding=\"async\" src=\"\/wp-content\/uploads\/2016\/11\/palamos-gastronomia.jpg\" alt=\"\" \/><\/li>\n<li><img decoding=\"async\" src=\"\/wp-content\/uploads\/Vilajui\u0308ga_150x100.jpg\" alt=\"\" \/><\/li>\n<li><img decoding=\"async\" src=\"\/wp-content\/uploads\/ajuntamentcalonge_150x100.jpg\" alt=\"\" \/><\/li>\n<li><img decoding=\"async\" src=\"\/wp-content\/uploads\/CostaBrava_150x100.jpg\" alt=\"\" \/><\/li>\n<li><img decoding=\"async\" src=\"\/wp-content\/uploads\/2014\/02\/logos_02.png\" alt=\"\" \/><\/li>\n<li><img decoding=\"async\" src=\"\/wp-content\/uploads\/2014\/02\/Untitled-3_02.png\" alt=\"\" \/><\/li>\n<li><img decoding=\"async\" src=\"\/wp-content\/uploads\/hoteltrias_150x100.jpg\" alt=\"\" \/><\/li>\n<li><img decoding=\"async\" src=\"\/wp-content\/uploads\/CaLEnric_150x100.jpg\" alt=\"\" \/><\/li>\n<li><img decoding=\"async\" src=\"\/wp-content\/uploads\/Ripoll_150x100.jpg\" alt=\"\" \/><\/li>\n<li><img decoding=\"async\" src=\"\/wp-content\/uploads\/Protect_150x100.jpg\" alt=\"\" \/><\/li>\n<li><img decoding=\"async\" src=\"\/wp-content\/uploads\/Gaudi\u0301_150x100.jpg\" alt=\"\" \/><\/li>\n<li><img decoding=\"async\" src=\"\/wp-content\/uploads\/Enracat_150x100.jpg\" alt=\"\" \/><\/li>\n<li><img decoding=\"async\" src=\"\/images\/patrocinadores\/sport.png\" alt=\"\" \/><\/li>\n<li><img decoding=\"async\" src=\"\/wp-content\/uploads\/2014\/02\/logos_2_01.png\" alt=\"\" \/><\/li>\n<li><img decoding=\"async\" src=\"\/wp-content\/uploads\/2015\/04\/logos_appsesor.png\" alt=\"\" \/><\/li>\n<li><img decoding=\"async\" src=\"\/wp-content\/uploads\/2014\/11\/logo_garatgeinternacional.jpg\" alt=\"\" \/><\/li>\n<li><img decoding=\"async\" src=\"\/wp-content\/uploads\/2016\/11\/logo-repeat.jpg\" alt=\"\" \/><\/li>\n<li><img decoding=\"async\" src=\"\/wp-content\/uploads\/2015\/03\/logo_suprametal.jpg\" alt=\"\" \/><\/li>\n<li><img decoding=\"async\" src=\"\/wp-content\/uploads\/A\u0300gora_150x100.jpg\" alt=\"\" \/><\/li>\n<\/ul><div class=\"es-nav\"><span class=\"es-nav-prev\">Previous<\/span><span class=\"es-nav-next\">Next<\/span><\/div><\/div><\/div><\/div>\n<div class=\"title\"><h2>Information of the XVII Rally Costa Brava Hist\u00f2ric<\/h2><div class=\"title-sep-container\"><div class=\"title-sep\"><\/div><\/div><\/div>\nThe RALLY COSTA BRAVA HISTORIC will celebrate its XVII edition in the marine village of Palam\u00f3s, from october 15 to 18, 2020. Scoring for the FIA Regularity Trophy, the regularity rally of classics will have its base in the Hotel Tr\u00edas, and the technical verifications will be made in the port of La Marina de Palam\u00f3s. The route will be about 1,000 kms. The trophies will be presented on the same podium, on the morning of Sunday, october 18, 2020.<\/p>","protected":false},"excerpt":{"rendered":"<p>The Generalitat de Catalunya suspends all non-professional and Catalan sporting events. This measure will not affect the XVII Rally Costa Brava Hist\u00f2ric, an event registered on the FIA \u200b\u200binternational calendar, [&#8230;]<\/p>\n","protected":false},"author":9192197,"featured_media":0,"parent":0,"menu_order":0,"comment_status":"closed","ping_status":"closed","template":"","meta":{"om_disable_all_campaigns":false,"_monsterinsights_skip_tracking":false,"_monsterinsights_sitenote_active":false,"_monsterinsights_sitenote_note":"","_monsterinsights_sitenote_category":0,"footnotes":""},"class_list":["post-22037","page","type-page","status-publish","hentry"],"aioseo_notices":[],"_links":{"self":[{"href":"https:\/\/rallyclassics.club\/en\/wp-json\/wp\/v2\/pages\/22037","targetHints":{"allow":["GET"]}}],"collection":[{"href":"https:\/\/rallyclassics.club\/en\/wp-json\/wp\/v2\/pages"}],"about":[{"href":"https:\/\/rallyclassics.club\/en\/wp-json\/wp\/v2\/types\/page"}],"author":[{"embeddable":true,"href":"https:\/\/rallyclassics.club\/en\/wp-json\/wp\/v2\/users\/9192197"}],"replies":[{"embeddable":true,"href":"https:\/\/rallyclassics.club\/en\/wp-json\/wp\/v2\/comments?post=22037"}],"version-history":[{"count":24,"href":"https:\/\/rallyclassics.club\/en\/wp-json\/wp\/v2\/pages\/22037\/revisions"}],"predecessor-version":[{"id":25237,"href":"https:\/\/rallyclassics.club\/en\/wp-json\/wp\/v2\/pages\/22037\/revisions\/25237"}],"wp:attachment":[{"href":"https:\/\/rallyclassics.club\/en\/wp-json\/wp\/v2\/media?parent=22037"}],"curies":[{"name":"wp","href":"https:\/\/api.w.org\/{rel}","templated":true}]}}