{"id":25397,"date":"2020-11-05T13:12:25","date_gmt":"2020-11-05T12:12:25","guid":{"rendered":"https:\/\/www.rallyclassics.club\/xviii-rallye-dhivern-criterium-viladrau-copy\/"},"modified":"2023-01-16T08:47:16","modified_gmt":"2023-01-16T07:47:16","slug":"xix-rallye-hivern-criterium-viladrau-2023","status":"publish","type":"page","link":"https:\/\/rallyclassics.club\/en\/xix-rallye-hivern-criterium-viladrau-2023\/","title":{"rendered":"XIX Rallye d\u2019Hivern &#8211; Criterium Viladrau &#8211; 14th January 2023"},"content":{"rendered":"<p><div class=\"title\"><h2>XIX Rallye d\u2019Hivern &#8211; Crit\u00e8rium Viladrau &#8211; 14 enero 2023<\/h2><div class=\"title-sep-container\"><div class=\"title-sep\"><\/div><\/div><\/div>\n<p><img loading=\"lazy\" decoding=\"async\" class=\"aligncenter size-full wp-image-2147\" src=\"\/wp-content\/uploads\/XIX_Hivern_980x300E.jpg\" width=\"980\" height=\"300\" \/><\/p>\n<p>&nbsp;<\/p>\n<div class=\"title\"><h2>XIX Rallye d&#8217;Hivern<\/h2><div class=\"title-sep-container\"><div class=\"title-sep\"><\/div><\/div><\/div>\n<p><strong>After 3 years, the Rallye d&#8217;Hivern &#8211; Crit\u00e8rium Viladrau returned!<\/strong> On <strong>14th January 2023<\/strong> took place the nineteenth edition of the regularity rally that traditionally opens the season.<\/p>\n<p>The teams enjoyed a rally designed to experience a great day of classic motorsports, with the Crit\u00e8rium Viladrau in the morning (2 stages), and the Rallye d&#8217;Hivern in the afternoon (5 stages). <strong>210 kilometers of regularity<\/strong>, and a total route of 350 kilometers. 94 teams contested in the event.<\/p>\n<p><strong>We wait for you in Viladrau January 2024!<\/strong><br \/>\n&nbsp;<\/p>\n<div class=\"title\"><h2>Results<\/h2><div class=\"title-sep-container\"><div class=\"title-sep\"><\/div><\/div><\/div>\n<div class=\"one_half\">\n<a class=\"button-40 button large default\" title=\"\" href=\"https:\/\/www.rallyclassics.club\/wp-content\/uploads\/RHV2023_RallyHivern_2aEtapa_SinAplicarJokers.pdf\" target=\"_blank\">Classification &#8211; No Jokers<\/a>\n<\/div>\n<div class=\"one_half last\">\n<a class=\"button-41 button large default\" title=\"\" href=\"https:\/\/www.rallyclassics.club\/wp-content\/uploads\/RHV2023_RallyHivern_2aEtapa_ConAplicarJokers.pdf\" target=\"_blank\">Classification &#8211; With Jokers<\/a>\n<\/div><div class=\"clearboth\"><\/div>\n<div class=\"one_half last\">\n<a class=\"button-42 button large default\" title=\"\" href=\"https:\/\/www.rallyclassics.club\/wp-content\/uploads\/RHV2023_CriteriumViladrau_1aEtapa_ConJokers.pdf\" target=\"_blank\">Classification Crit\u00e8rium<\/a>\n<\/div><div class=\"clearboth\"><\/div>\n&nbsp;<br \/>\n<div class=\"title\"><h2>Itinerario<\/h2><div class=\"title-sep-container\"><div class=\"title-sep\"><\/div><\/div><\/div>\n<div class=\"one_half\">\n<a class=\"button-43 button large default\" title=\"\" href=\"https:\/\/www.rallyclassics.club\/wp-content\/uploads\/Mapa-1a-Etapa-Criterium.pdf\" target=\"_blank\">Mapa Etapa 1<\/a>\n<\/div>\n<div class=\"one_half last\">\n<a class=\"button-44 button large default\" title=\"\" href=\"https:\/\/www.rallyclassics.club\/wp-content\/uploads\/Mapa-2a-Etapa.pdf\" target=\"_blank\">Mapa Etapa 2<\/a>\n<\/div><div class=\"clearboth\"><\/div>\n<div class=\"one_half last\">\n<a class=\"button-45 button large default\" title=\"\" href=\"https:\/\/www.rallyclassics.club\/wp-content\/uploads\/ITINERARI_XIX_RHV_v1.pdf\" target=\"_blank\">Itinerario Horario<\/a>\n<\/div><div class=\"clearboth\"><\/div>\n&nbsp;<\/p>\n<div class=\"title\"><h2>Registrations<\/h2><div class=\"title-sep-container\"><div class=\"title-sep\"><\/div><\/div><\/div>\n<div class=\"one_half last\">\n<a class=\"button-46 button large default\" title=\"\" href=\"https:\/\/www.rallyclassics.club\/wp-content\/uploads\/XIX_RHV_LLISTA_INSCRITS.pdf\" target=\"_blank\">Entry List<\/a>\n<\/div><div class=\"clearboth\"><\/div>\n&nbsp;<\/p>\n<p>&nbsp;<br \/>\n<a href=\"\/wp-content\/uploads\/PROGRAMA-HORARIO-XIX-Rallye-Hivern-v1.1.pdf\"><img loading=\"lazy\" decoding=\"async\" class=\"alignnone wp-image-36493 size-full\" src=\"\/wp-content\/uploads\/PROGRAMA-HORARIO-XIX-Rallye-Hivern-v1.1.jpg\" alt=\"\" width=\"1501\" height=\"1191\" \/><\/a><br \/>\n&nbsp;<br \/>\n<div class=\"title\"><h2>The rally<\/h2><div class=\"title-sep-container\"><div class=\"title-sep\"><\/div><\/div><\/div>\n<ul>\n<li><strong>350 kilometers of route<\/strong>, approx. <strong>210 kilometres of regularity.<\/strong><\/li>\n<li><strong>7 regularity stages<\/strong>, with 2 laps at a short itinerary around Viladrau in the morning (Crit\u00e8rium Viladrau) and 5 stages in the afternoon (Rallye d&#8217;Hivern).<\/strong><\/li>\n<li>Participation open to classic cars manufactured up until 14\/1\/98.<\/li>\n<li><strong>GPS chrono<\/strong>.<\/li>\n<li>Special prices, local products giveaway and discounts on RallyClassics events.<\/li>\n<\/ul>\n<p>Consult the regulations for more information or contact <a href=\"mailto:secretaria@rallyclassics.org\">secretaria@rallyclassics.org<\/a><br \/>\n&nbsp;<br \/>\n<div class=\"one_half\">\n<a class=\"button-47 button large default\" title=\"\" href=\"https:\/\/www.rallyclassics.club\/wp-content\/uploads\/Reglamento-XIX-Hivern-2023-v1.pdf\" target=\"_blank\">Regulations v1<\/a>\n<\/div>\n<div class=\"one_half last\">\n<a class=\"button-48 button large default\" title=\"\" href=\"\/wp-content\/uploads\/PROGRAMA-HORARIO-XIX-Rallye-Hivern-v1.1.pdf\" target=\"_blank\">Rally Schedule v1.1<\/a>\n<\/div><div class=\"clearboth\"><\/div>\n<div class=\"one_half\">\n<a class=\"button-49 button large default\" title=\"\" href=\"https:\/\/www.rallyclassics.club\/wp-content\/uploads\/XIX-RHV-INFO-VERIFICACIONS-ADMINISTRATIVES-I-TECNIQUES.pdf\" target=\"_blank\">Info Scrutineerings<\/a>\n<\/div>\n<div class=\"one_half last\">\n<a class=\"button-50 button large default\" title=\"\" href=\"https:\/\/www.rallyclassics.club\/wp-content\/uploads\/Taula-Mitjanes-XIXRHV23.pdf\" target=\"_blank\">Average Speeds Chart<\/a>\n<\/div><div class=\"clearboth\"><\/div>\n<div class=\"one_half last\">\n<a class=\"button-51 button large default\" title=\"\" href=\"https:\/\/www.rallyclassics.club\/wp-content\/uploads\/xix_hivern_calibratge-v1.1.pdf\" target=\"_blank\">Calibration zone v1.1<\/a>\n<\/div><div class=\"clearboth\"><\/div>\n&nbsp;<br \/>\n<div class=\"title\"><h2>Bulletin board<\/h2><div class=\"title-sep-container\"><div class=\"title-sep\"><\/div><\/div><\/div>\n<p>All the information and documentation of the rally (classifications, Race Direction announcements, information of interest, etc.) will only be accessible from the <strong>Sportity application<\/strong>.<\/p>\n<p>To download the mobile application: use the QR code below or search for Sportity in Google Play or Apple Store, and enter the password <strong>RHV<\/strong>. It is also available in a web version.<\/p>\n<div class=\"one_half last\">\n<a class=\"button-52 button large default\" title=\"\" href=\"https:\/\/webapp.sportity.com\/channel\/RHV\" target=\"_blank\">Bulletin board (web version)<\/a>\n<\/div><div class=\"clearboth\"><\/div>\n<p><a href=\"https:\/\/webapp.sportity.com\/channel\/RHV\" target=\"_blank\" rel=\"noopener noreferrer\"><img loading=\"lazy\" decoding=\"async\" class=\"aligncenter wp-image-308 size-full\" src=\"https:\/\/www.rallyclassics.club\/wp-content\/uploads\/RHV-SPORTITY_.png\" alt=\"Tabl\u00f3n anuncios 70 Rally Costa Brava 2022\" width=\"550\" height=\"392\" \/><\/a><br \/>\n&nbsp;<br \/>\n<div class=\"title\"><h2>RallyClassics TV<\/h2><div class=\"title-sep-container\"><div class=\"title-sep\"><\/div><\/div><\/div>\n<iframe loading=\"lazy\" src=\"https:\/\/www.youtube.com\/embed\/3MsPe0VQrFU\" width=\"560\" height=\"315\" frameborder=\"0\" allowfullscreen=\"allowfullscreen\"><\/iframe><br \/>\n&nbsp;<br \/>\n<div class=\"title\"><h2>Sponsors XIX Rallye d\u2019Hivern<\/h2><div class=\"title-sep-container\"><div class=\"title-sep\"><\/div><\/div><\/div>\n<p><img loading=\"lazy\" decoding=\"async\" class=\"alignnone size-full wp-image-308\" src=\"\/wp-content\/uploads\/sponsors_xix_rallye_hivern.jpg\" alt=\"Sponsors 70 Motul Rally Costa Brava 2021\" width=\"816\" height=\"270\" \/><\/p>\n<p><em>The XIX Rallye d&#8217;Hivern &#8211; Crit\u00e8rium Viladrau is possible thanks to the collaboration of Ajuntament de Viladrau, Secretaria General de l\u2019Esport i de l\u2019Activitat F\u00edsica de la Generalitat de Catalunya, Diputaci\u00f3 de Girona, Rabbit Rally, MiRally, \u00c0gora, Garatge Internacional, Gaud\u00ed Events and Integral Apps.<\/em><\/p>\n<p><\/p>","protected":false},"excerpt":{"rendered":"<p>In just 30 days, the new Regularity Rally season will begin, as always in the beautiful town of Viladrau. In this new edition, the eighteenth, the schedules have been compressed [&#8230;]<\/p>\n","protected":false},"author":9192197,"featured_media":0,"parent":0,"menu_order":0,"comment_status":"closed","ping_status":"closed","template":"","meta":{"om_disable_all_campaigns":false,"_monsterinsights_skip_tracking":false,"_monsterinsights_sitenote_active":false,"_monsterinsights_sitenote_note":"","_monsterinsights_sitenote_category":0,"footnotes":""},"class_list":["post-25397","page","type-page","status-publish","hentry"],"aioseo_notices":[],"_links":{"self":[{"href":"https:\/\/rallyclassics.club\/en\/wp-json\/wp\/v2\/pages\/25397","targetHints":{"allow":["GET"]}}],"collection":[{"href":"https:\/\/rallyclassics.club\/en\/wp-json\/wp\/v2\/pages"}],"about":[{"href":"https:\/\/rallyclassics.club\/en\/wp-json\/wp\/v2\/types\/page"}],"author":[{"embeddable":true,"href":"https:\/\/rallyclassics.club\/en\/wp-json\/wp\/v2\/users\/9192197"}],"replies":[{"embeddable":true,"href":"https:\/\/rallyclassics.club\/en\/wp-json\/wp\/v2\/comments?post=25397"}],"version-history":[{"count":70,"href":"https:\/\/rallyclassics.club\/en\/wp-json\/wp\/v2\/pages\/25397\/revisions"}],"predecessor-version":[{"id":36637,"href":"https:\/\/rallyclassics.club\/en\/wp-json\/wp\/v2\/pages\/25397\/revisions\/36637"}],"wp:attachment":[{"href":"https:\/\/rallyclassics.club\/en\/wp-json\/wp\/v2\/media?parent=25397"}],"curies":[{"name":"wp","href":"https:\/\/api.w.org\/{rel}","templated":true}]}}