{"id":32122,"date":"2022-04-06T19:27:34","date_gmt":"2022-04-06T18:27:34","guid":{"rendered":"https:\/\/www.rallyclassics.club\/moto-classic-series-2022\/parcmotor-2022-copy\/"},"modified":"2022-05-09T10:23:35","modified_gmt":"2022-05-09T09:23:35","slug":"alcarras-2022","status":"publish","type":"page","link":"https:\/\/rallyclassics.club\/en\/moto-classic-series-2022\/alcarras-2022\/","title":{"rendered":"Moto Classic Series 2022 &#8211; Alcarr\u00e0s 7th May"},"content":{"rendered":"<p><div class=\"title\"><h2>MotoClassic Series 2022 &#8211; Alcarr\u00e0s 7th May<\/h2><div class=\"title-sep-container\"><div class=\"title-sep\"><\/div><\/div><\/div>\n<img loading=\"lazy\" decoding=\"async\" class=\"alignnone size-full wp-image-301\" src=\"\/wp-content\/uploads\/MCS2022_980x300B.jpg\" alt=\"MotoClassic Series 2022 Alcarr\u00e0s\" width=\"980\" height=\"300\" \/><\/p>\n<div class=\"title\"><h2>Results<\/h2><div class=\"title-sep-container\"><div class=\"title-sep\"><\/div><\/div><\/div>\n<div class=\"one_half\">\n<a class=\"button-48 button large default\" title=\"\" href=\"https:\/\/www.rallyclassics.club\/wp-content\/uploads\/MCS2022_ALCARRAS_FINAL_Resumen.pdf\" target=\"_blank\">Clasificaci\u00f3n Final<\/a>\n<\/div>\n<div class=\"one_half last\">\n<a class=\"button-49 button large default\" title=\"\" href=\"https:\/\/www.rallyclassics.club\/wp-content\/uploads\/MCS2022_ALCARRAS_Campionat.pdf\" target=\"_blank\">Clasificaci\u00f3n Campeonato<\/a>\n<\/div><div class=\"clearboth\"><\/div>\n<div class=\"one_half\">\n<a class=\"button-50 button large default\" title=\"\" href=\"https:\/\/www.rallyclassics.club\/wp-content\/uploads\/MCS2022_ALCARRAS_MANGA01_Resumen.pdf\" target=\"_blank\">Manga 1 Clasificaci\u00f3n<\/a>\n<\/div>\n<div class=\"one_half last\">\n<a class=\"button-51 button large default\" title=\"\" href=\"https:\/\/www.rallyclassics.club\/wp-content\/uploads\/MCS2022_ALCARRAS_MANGA01_VueltaAVuelta.pdf\" target=\"_blank\">Manga 1 Vuelta a Vuelta<\/a>\n<\/div><div class=\"clearboth\"><\/div>\n<div class=\"one_half\">\n<a class=\"button-52 button large default\" title=\"\" href=\"https:\/\/www.rallyclassics.club\/wp-content\/uploads\/MCS2022_ALCARRAS_MANGA02_Resumen.pdf\" target=\"_blank\">Manga 2 Clasificaci\u00f3n<\/a>\n<\/div>\n<div class=\"one_half last\">\n<a class=\"button-53 button large default\" title=\"\" href=\"https:\/\/www.rallyclassics.club\/wp-content\/uploads\/MCS2022_ALCARRAS_MANGA02_VueltaAVuelta.pdf\" target=\"_blank\">Manga 2 vuelta a vuelta<\/a>\n<\/div><div class=\"clearboth\"><\/div>\n&nbsp;<\/p>\n<div class=\"one_half\">\n<a class=\"button-54 button large default\" title=\"\" href=\"https:\/\/www.rallyclassics.club\/wp-content\/uploads\/Horario-MCS-PCS2022-alcarras-v1.pdf\" target=\"_blank\">Schedule<\/a>\n<\/div>\n<div class=\"one_half last\">\n<a class=\"button-55 button large default\" title=\"\" href=\"https:\/\/www.rallyclassics.club\/wp-content\/uploads\/Lista-de-inscritos-MCS2022-ALCARRAS.pdf\" target=\"_blank\">Entry list<\/a>\n<\/div><div class=\"clearboth\"><\/div>\n&nbsp;<br \/>\n<a href=\"\/wp-content\/uploads\/Horario-MCS-PCS2022-alcarras-v1.pdf\" target=\"\" rel=\"noopener noreferrer\"><img loading=\"lazy\" decoding=\"async\" class=\"aligncenter wp-image-12237 size-full\" src=\"\/wp-content\/uploads\/horarios_pcs_alcarras_2022.jpg\" alt=\"Porsche classic series Pruebas 2022\" width=\"650\" height=\"200\" \/><\/a><\/p>\n<p>&nbsp;<br \/>\n<div class=\"title\"><h2>Bulletin board<\/h2><div class=\"title-sep-container\"><div class=\"title-sep\"><\/div><\/div><\/div>\n<p>This season we are launching a new bulletin board in the <strong>Sportity<\/strong> app. All event information will be accessible from this application. To download the mobile application: use the QR code below or search for Sportity in Google Play or Apple Store, and enter the <strong>Password MCS2022<\/strong>. It is also available in <strong>web version<\/strong>.<\/p>\n<div class=\"one_half last\">\n<a class=\"button-56 button large default\" title=\"\" href=\"https:\/\/webapp.sportity.com\/channel\/MCS2022\" target=\"_blank\">Bulletin board (web version)<\/a>\n<\/div><div class=\"clearboth\"><\/div>\n&nbsp;<br \/>\n<img loading=\"lazy\" decoding=\"async\" class=\"aligncenter size-full wp-image-308\" src=\"\/wp-content\/uploads\/Sportity_MCS2022.jpg\" alt=\"Tabl\u00f3n anuncios 70 Rally Costa Brava 2022\" width=\"550\" height=\"392\" \/><br \/>\n&nbsp;<br \/>\n<div class=\"title\"><h2>Live Results<\/h2><div class=\"title-sep-container\"><div class=\"title-sep\"><\/div><\/div><\/div>\n<div class=\"one_half\">\n<a class=\"button-57 button large default\" title=\"\" href=\"http:\/\/crono.rallyclassics.net\/Default2.aspx\" target=\"_self\">Lap by Lap<\/a>\n<\/div>\n<div class=\"one_half last\">\n<a class=\"button-58 button large default\" title=\"\" href=\"http:\/\/crono.rallyclassics.net\/Default3.aspx\" target=\"_self\">General Classification<\/a>\n<\/div><div class=\"clearboth\"><\/div>\n<div class=\"one_half last\">\n<a class=\"button-59 button large default\" title=\"\" href=\"https:\/\/crono.rallyclassics.net\/EVOGSN\/Circuit\/CompetitorSelection.aspx\" target=\"_self\">Choose Reference Time<\/a>\n<\/div><div class=\"clearboth\"><\/div>\n&nbsp;<\/p>\n<div class=\"title\"><h2>Documentation<\/h2><div class=\"title-sep-container\"><div class=\"title-sep\"><\/div><\/div><\/div>\n<div class=\"one_half\">\n<a class=\"button-60 button large default\" title=\"\" href=\"https:\/\/www.rallyclassics.club\/wp-content\/uploads\/Reglamento-MotoClassic-Series-2022-v1.1.pdf\" target=\"_blank\">Regulations v1.1<\/a>\n<\/div>\n<div class=\"one_half last\">\n<a class=\"button-61 button large default\" title=\"\" href=\"https:\/\/www.rallyclassics.club\/wp-content\/uploads\/Eleccion-Digital-del-Tiempo-de-Referencia_.pdf\" target=\"_blank\">Info Timing System<\/a>\n<\/div><div class=\"clearboth\"><\/div>\n<p>&nbsp;<\/p>\n<div class=\"title\"><h2>MotoClassic Series<\/h2><div class=\"title-sep-container\"><div class=\"title-sep\"><\/div><\/div><\/div>\n<p>If you have a <strong>classic or youngtimer motorbike<\/strong>, regardless of its power or its tuning, you have to try this <strong>Track Regularity championship in which performance is matched and enjoyment is maximized at low cost<\/strong>. Here the winners are not the fastest, but the most regular!<\/p>\n<p>Face the challenge of tracing your time on each lap without any reference inside, only the ones you receive from the pit wall. <strong>Each event includes 90 minutes of track time approx., with a practice session and two Regularity sessions<\/strong>.<\/p>\n<p><strong>Registration price:<\/strong> 90\u20ac. 50% discounts for young riders, women and rookie teams. See you there! <strong>Registrations closed.<\/strong><br \/>\n<strong>Transponder rental:<\/strong> 30\u20ac.<\/p>\n<p>&nbsp;<\/p>\n<div class=\"title\"><h2>This is MotoClassic Series<\/h2><div class=\"title-sep-container\"><div class=\"title-sep\"><\/div><\/div><\/div>\n<iframe loading=\"lazy\" title=\"Porsche Classic Series 2021 - Circuit d&#039;Alcarr\u00e0s - 10\/04\/21\" width=\"669\" height=\"376\" src=\"https:\/\/www.youtube.com\/embed\/SWFOkyZ0Uq4?feature=oembed\" frameborder=\"0\" allow=\"accelerometer; autoplay; clipboard-write; encrypted-media; gyroscope; picture-in-picture\" allowfullscreen><\/iframe><br \/>\n&nbsp;<\/p>\n<div class=\"title\"><h2>Sponsors Moto Classic Series 2022<\/h2><div class=\"title-sep-container\"><div class=\"title-sep\"><\/div><\/div><\/div>\n<div class=\"related-posts related-projects clientslider-container\"><div id=\"carousel\" class=\"clients-carousel es-carousel-wrapper\"><div class=\"es-carousel\"><ul>\n<li><a href=\"https:\/\/www.motul.com\/es\/es\" target=\"_self\"><img decoding=\"async\" src=\"\/wp-content\/uploads\/logo_motul_150x100.jpg\" alt=\"\" \/><\/a><\/li>\n<li><a href=\"https:\/\/www.gt2i.es\/es\/\" target=\"_self\"><img decoding=\"async\" src=\"\/wp-content\/uploads\/gt2i_150x100.jpg\" alt=\"\" \/><\/a><\/li>\n<li><a href=\"https:\/\/esport.gencat.cat\/ca\/inici\" target=\"_self\"><img decoding=\"async\" src=\"\/wp-content\/uploads\/GENCAT-150X100.jpg\" alt=\"\" \/><\/a><\/li>\n<\/ul><div class=\"es-nav\"><span class=\"es-nav-prev\">Previous<\/span><span class=\"es-nav-next\">Next<\/span><\/div><\/div><\/div><\/div>\n<div class=\"related-posts related-projects clientslider-container\"><div id=\"carousel\" class=\"clients-carousel es-carousel-wrapper\"><div class=\"es-carousel\"><ul>\n<li><a href=\"https:\/\/www.continental-neumaticos.es\/moto\" target=\"_self\"><img decoding=\"async\" src=\"\/wp-content\/uploads\/continental_150x100.jpg\" alt=\"\" \/><\/a><\/li>\n<li><a href=\"https:\/\/www.pmbarcelona.com\/\" target=\"_self\"><img decoding=\"async\" src=\"\/wp-content\/uploads\/pmb_150x100.jpg\" alt=\"\" \/><\/a><\/li>\n<li><a href=\"http:\/\/www.fcm.cat\/web\" target=\"_self\"><img decoding=\"async\" src=\"\/wp-content\/uploads\/fcm_150x100.jpg\" alt=\"\" \/><\/a><\/li>\n<\/ul><div class=\"es-nav\"><span class=\"es-nav-prev\">Previous<\/span><span class=\"es-nav-next\">Next<\/span><\/div><\/div><\/div><\/div>\n<p>&nbsp;<\/p>\n<p style=\"text-align: center;\"><a class=\"button-62 button large default\" title=\"\" href=\"\/moto-classic-series-2022\/\" target=\"\">Back to MotoClassic Series main page<\/a>\n<p>&nbsp;<\/p>","protected":false},"excerpt":{"rendered":"<p>En el a\u00f1o de nuestro vig\u00e9simo aniversario hemos preparado una temporada donde vuestros cl\u00e1sicos ser\u00e1n los protagonistas. Arrancaremos motores con el 70 Rally Motul Costa Brava (17-20 marzo). El rally [&#8230;]<\/p>\n","protected":false},"author":9192204,"featured_media":0,"parent":30658,"menu_order":0,"comment_status":"closed","ping_status":"closed","template":"","meta":{"om_disable_all_campaigns":false,"_monsterinsights_skip_tracking":false,"_monsterinsights_sitenote_active":false,"_monsterinsights_sitenote_note":"","_monsterinsights_sitenote_category":0,"footnotes":""},"class_list":["post-32122","page","type-page","status-publish","hentry"],"aioseo_notices":[],"_links":{"self":[{"href":"https:\/\/rallyclassics.club\/en\/wp-json\/wp\/v2\/pages\/32122","targetHints":{"allow":["GET"]}}],"collection":[{"href":"https:\/\/rallyclassics.club\/en\/wp-json\/wp\/v2\/pages"}],"about":[{"href":"https:\/\/rallyclassics.club\/en\/wp-json\/wp\/v2\/types\/page"}],"author":[{"embeddable":true,"href":"https:\/\/rallyclassics.club\/en\/wp-json\/wp\/v2\/users\/9192204"}],"replies":[{"embeddable":true,"href":"https:\/\/rallyclassics.club\/en\/wp-json\/wp\/v2\/comments?post=32122"}],"version-history":[{"count":12,"href":"https:\/\/rallyclassics.club\/en\/wp-json\/wp\/v2\/pages\/32122\/revisions"}],"predecessor-version":[{"id":32667,"href":"https:\/\/rallyclassics.club\/en\/wp-json\/wp\/v2\/pages\/32122\/revisions\/32667"}],"up":[{"embeddable":true,"href":"https:\/\/rallyclassics.club\/en\/wp-json\/wp\/v2\/pages\/30658"}],"wp:attachment":[{"href":"https:\/\/rallyclassics.club\/en\/wp-json\/wp\/v2\/media?parent=32122"}],"curies":[{"name":"wp","href":"https:\/\/api.w.org\/{rel}","templated":true}]}}