{"id":34085,"date":"2022-09-12T18:45:23","date_gmt":"2022-09-12T17:45:23","guid":{"rendered":"https:\/\/www.rallyclassics.club\/?page_id=34085"},"modified":"2022-09-30T11:01:31","modified_gmt":"2022-09-30T10:01:31","slug":"programa-motordona","status":"publish","type":"page","link":"https:\/\/rallyclassics.club\/en\/programa-motordona\/","title":{"rendered":"#MotorDona program"},"content":{"rendered":"<p>https:\/\/youtu.be\/XtyQ6xGJ0p8<\/p>\n<p>&nbsp;<\/p>\n<h2><strong>A pioneering program to promote the participation of women in all areas of classic motorsport.<\/strong><\/h2>\n<p>&nbsp;<\/p>\n<h3><strong>What is #MotorDona?<\/strong><\/h3>\n<p><strong>#MotorDona<\/strong> is a program created by Club RallyClassics, in collaboration with institutions and companies, aimed to promote the participation of women in different events throughout the season.<\/p>\n<p>It is <strong>a three-year program (2022-2024)<\/strong> that began successfully at the 70 Rally Motul Costa Brava and will continue in future editions of this event, as well as in others such as the Rally Costa Brava Hist\u00f2ric by Motul or the Porsche Classic Series.<\/p>\n<p>Classic motorsport events can be the perfect gateway for women in motorsport, due to the ease of participating as an amateur, without the need for previous experience, and because they are well-regarded and highly appreciated vehicles by the public.<\/p>\n<h3><a href=\"https:\/\/www.rallyclassics.club\/wp-content\/uploads\/motordona_rallyclassics_margot_llobera.jpg\"><img loading=\"lazy\" decoding=\"async\" class=\"wp-image-34098 aligncenter\" src=\"https:\/\/www.rallyclassics.club\/wp-content\/uploads\/motordona_rallyclassics_margot_llobera.jpg\" alt=\"\" width=\"550\" height=\"367\" srcset=\"https:\/\/rallyclassics.club\/wp-content\/uploads\/motordona_rallyclassics_margot_llobera.jpg 900w, https:\/\/rallyclassics.club\/wp-content\/uploads\/motordona_rallyclassics_margot_llobera-300x200.jpg 300w, https:\/\/rallyclassics.club\/wp-content\/uploads\/motordona_rallyclassics_margot_llobera-768x512.jpg 768w\" sizes=\"auto, (max-width: 550px) 100vw, 550px\" \/><\/a><\/h3>\n<p>&nbsp;<\/p>\n<h3><strong>What is the purpose of the program?<\/strong><\/h3>\n<p>In motorsports, the role of women has undergone a great evolution in recent years, a trend that the #MotorDona program is working to transfer to classic motorsports as well, seeking to achieve equal opportunities both in terms of drivers and co-drivers, as well as in the rest of the organization areas: mechanics, engineers, doctors, technical or sports commissioners, race direction, etc.<\/p>\n<p><a href=\"https:\/\/www.rallyclassics.club\/wp-content\/uploads\/motordona_rallyclassics_neus_santamaria.jpg\"><img loading=\"lazy\" decoding=\"async\" class=\"wp-image-34101 aligncenter\" src=\"https:\/\/www.rallyclassics.club\/wp-content\/uploads\/motordona_rallyclassics_neus_santamaria.jpg\" alt=\"\" width=\"550\" height=\"367\" srcset=\"https:\/\/rallyclassics.club\/wp-content\/uploads\/motordona_rallyclassics_neus_santamaria.jpg 900w, https:\/\/rallyclassics.club\/wp-content\/uploads\/motordona_rallyclassics_neus_santamaria-300x200.jpg 300w, https:\/\/rallyclassics.club\/wp-content\/uploads\/motordona_rallyclassics_neus_santamaria-768x512.jpg 768w\" sizes=\"auto, (max-width: 550px) 100vw, 550px\" \/><\/a><\/p>\n<p>In order to achieve this, different actions have been activated:<\/p>\n<ul>\n<li><strong>Promotions:<\/strong> all the events organized by Club RallyClassics have direct discounts on registration for women, thus seeking to promote participation. Work is also being done to reach agreements with mechanic and business schools, among others, so that women can participate actively in the event as part of the organization.<\/li>\n<li><strong>Talent:<\/strong> create benchmarks through the participation of women who seek to inspire new generations.<\/li>\n<li><strong>Visibility:<\/strong> use of all technical and social resources to give visibility to the program and encourage the active participation of women in all areas of motorsports.<\/li>\n<\/ul>\n<h3><a href=\"https:\/\/www.rallyclassics.club\/wp-content\/uploads\/motordona_rallyclassics_palamos.jpg\"><img loading=\"lazy\" decoding=\"async\" class=\"wp-image-34102 aligncenter\" src=\"https:\/\/www.rallyclassics.club\/wp-content\/uploads\/motordona_rallyclassics_palamos.jpg\" alt=\"\" width=\"550\" height=\"367\" srcset=\"https:\/\/rallyclassics.club\/wp-content\/uploads\/motordona_rallyclassics_palamos.jpg 900w, https:\/\/rallyclassics.club\/wp-content\/uploads\/motordona_rallyclassics_palamos-300x200.jpg 300w, https:\/\/rallyclassics.club\/wp-content\/uploads\/motordona_rallyclassics_palamos-768x512.jpg 768w\" sizes=\"auto, (max-width: 550px) 100vw, 550px\" \/><\/a><\/h3>\n<p>&nbsp;<\/p>\n<h3><strong>#MotorDona at the 70 Rally Motul Costa Brava<\/strong><\/h3>\n<p>The program began in March 2022 with the celebration of the 70 Motul Costa Brava Rally, the oldest rally in Spain, and one of the most prestigious in Europe, a scoring event for the European, Spanish and Catalan Historic Rally Championships.<\/p>\n<p>In this edition, <strong>13 female pilots and 46 female pilots participated (25% of the total number of co-pilots)<\/strong>. This was a record in the discipline, positioning this rally as a benchmark in female participation at a continental level, and a great starting point for the program. In addition, different women have positions of high responsibility in the race direction, and dozens of volunteers make the organization and sporting success of this rally possible.<\/p>\n<p><a href=\"https:\/\/www.rallyclassics.club\/wp-content\/uploads\/motordona_rallyclassics_lucia_santiago.jpg\"><img loading=\"lazy\" decoding=\"async\" class=\"wp-image-34091 aligncenter\" src=\"https:\/\/www.rallyclassics.club\/wp-content\/uploads\/motordona_rallyclassics_lucia_santiago.jpg\" alt=\"\" width=\"550\" height=\"367\" srcset=\"https:\/\/rallyclassics.club\/wp-content\/uploads\/motordona_rallyclassics_lucia_santiago.jpg 900w, https:\/\/rallyclassics.club\/wp-content\/uploads\/motordona_rallyclassics_lucia_santiago-300x200.jpg 300w, https:\/\/rallyclassics.club\/wp-content\/uploads\/motordona_rallyclassics_lucia_santiago-768x512.jpg 768w\" sizes=\"auto, (max-width: 550px) 100vw, 550px\" \/><\/a><\/p>\n<h3><strong>Do you want to participate in the following events, either inside or outside the car? Do you want to know more about the #MotorDona program and how it can help introduce you to the world of motorsports?<\/strong><\/h3>\n<h3><strong>We wait for you!<\/strong><\/h3>\n<div role=\"form\" class=\"wpcf7\" id=\"wpcf7-f34742-o4\" lang=\"es-ES\" dir=\"ltr\">\n<div class=\"screen-reader-response\" role=\"alert\" aria-live=\"polite\"><\/div>\n<form action=\"\/en\/wp-json\/wp\/v2\/pages\/34085#wpcf7-f34742-o4\" method=\"post\" class=\"wpcf7-form init\" novalidate=\"novalidate\">\n<div style=\"display: none;\">\n<input type=\"hidden\" name=\"_wpcf7\" value=\"34742\" \/>\n<input type=\"hidden\" name=\"_wpcf7_version\" value=\"5.2.2\" \/>\n<input type=\"hidden\" name=\"_wpcf7_locale\" value=\"es_ES\" \/>\n<input type=\"hidden\" name=\"_wpcf7_unit_tag\" value=\"wpcf7-f34742-o4\" \/>\n<input type=\"hidden\" name=\"_wpcf7_container_post\" value=\"0\" \/>\n<input type=\"hidden\" name=\"_wpcf7_posted_data_hash\" value=\"\" \/>\n<input type=\"hidden\" name=\"_wpcf7_recaptcha_response\" value=\"\" \/>\n<\/div>\n<h4>Datos Personales-Dades Personals:<\/h4>\n<p><label> Nombre-Nom:<br \/>\n    <span class=\"wpcf7-form-control-wrap name-voluntario\"><input type=\"text\" name=\"name-voluntario\" value=\"\" size=\"40\" class=\"wpcf7-form-control wpcf7-text wpcf7-validates-as-required\" aria-required=\"true\" aria-invalid=\"false\" \/><\/span> <\/label><\/p>\n<p><label> Apellidos-Cognoms:<br \/>\n    <span class=\"wpcf7-form-control-wrap surname-voluntario\"><input type=\"text\" name=\"surname-voluntario\" value=\"\" size=\"40\" class=\"wpcf7-form-control wpcf7-text wpcf7-validates-as-required\" aria-required=\"true\" aria-invalid=\"false\" \/><\/span> <\/label><\/p>\n<p><label> Correo Electr\u00f3nico-Correu Electr\u00f2nic:<br \/>\n    <span class=\"wpcf7-form-control-wrap mail-voluntario\"><input type=\"email\" name=\"mail-voluntario\" value=\"\" size=\"40\" class=\"wpcf7-form-control wpcf7-text wpcf7-email wpcf7-validates-as-required wpcf7-validates-as-email\" aria-required=\"true\" aria-invalid=\"false\" \/><\/span> <\/label><\/p>\n<p><label> Tel\u00e9fono-Tel\u00e8fon:<br \/>\n    <span class=\"wpcf7-form-control-wrap tel-voluntario\"><input type=\"tel\" name=\"tel-voluntario\" value=\"\" size=\"40\" class=\"wpcf7-form-control wpcf7-text wpcf7-tel wpcf7-validates-as-tel\" aria-invalid=\"false\" \/><\/span> <\/label><\/p>\n<p><label> \u00bfCu\u00e1l es tu \u00e1mbito?-Quin es el teu ambit?:<\/label><br \/>\n<span class=\"wpcf7-form-control-wrap radio-tareas\"><span class=\"wpcf7-form-control wpcf7-radio\"><span class=\"wpcf7-list-item first\"><label><input type=\"radio\" name=\"radio-tareas\" value=\"Pilots i copilots \/\/ Pilotos y copilotos\" checked=\"checked\" \/><span class=\"wpcf7-list-item-label\">Pilots i copilots \/\/ Pilotos y copilotos<\/span><\/label><\/span><span class=\"wpcf7-list-item\"><label><input type=\"radio\" name=\"radio-tareas\" value=\"Altres tasques d&#039;equip (mec\u00e0nica, enginyeria...) \/\/ Otras tareas de equipo (mec\u00e1nica, ingenier\u00eda...)\" \/><span class=\"wpcf7-list-item-label\">Altres tasques d&#039;equip (mec\u00e0nica, enginyeria...) \/\/ Otras tareas de equipo (mec\u00e1nica, ingenier\u00eda...)<\/span><\/label><\/span><span class=\"wpcf7-list-item\"><label><input type=\"radio\" name=\"radio-tareas\" value=\"Equip de voluntaris \/\/ Equipo de voluntarios\" \/><span class=\"wpcf7-list-item-label\">Equip de voluntaris \/\/ Equipo de voluntarios<\/span><\/label><\/span><span class=\"wpcf7-list-item\"><label><input type=\"radio\" name=\"radio-tareas\" value=\"Direcci\u00f3 de cursa \/\/ Direcci\u00f3n de carrera\" \/><span class=\"wpcf7-list-item-label\">Direcci\u00f3 de cursa \/\/ Direcci\u00f3n de carrera<\/span><\/label><\/span><span class=\"wpcf7-list-item last\"><label><input type=\"radio\" name=\"radio-tareas\" value=\"Otros \/\/ Altres\" \/><span class=\"wpcf7-list-item-label\">Otros \/\/ Altres<\/span><\/label><\/span><\/span><\/span><\/p>\n<p><label>Motivo de tu consulta \/\/ Motiu de la teva consulta (obligatori)<br \/>\n    <span class=\"wpcf7-form-control-wrap consulta\"><textarea name=\"consulta\" cols=\"40\" rows=\"10\" class=\"wpcf7-form-control wpcf7-textarea\" aria-invalid=\"false\"><\/textarea><\/span> <\/label><\/p>\n<p><label>De acuerdo con lo establecido en la Ley Org\u00e1nica 15\/1999 les informamos de que sus datos personales forman parte de un fichero cuyo responsable es CLUB RALLYCLASSICS.ORG, con domicilio en Pla\u00e7a Pa\u00efsos Catalans, 49, 08410-VILANOVA DEL VALL\u00c9S (Barcelona). La finalidad de este fichero es llevar a cabo la gesti\u00f3n y control de las consultantes. Si lo desean podr\u00e1n ejercitar los derechos de acceso, rectificaci\u00f3n, cancelaci\u00f3n y oposici\u00f3n, dirigi\u00e9ndose por escrito a la direcci\u00f3n se\u00f1alada y adjuntando una fotocopia de su DNI. La consultante consiente y autoriza a que sus datos puedan utilizarse para informarle de las actividades organizadas por CLUB RALLYCLASSICS, y para que puedan ser cedidos a las entidades colaboradoras de CLUB RALLYCLASSICS.<\/label><\/p>\n<p><input type=\"submit\" value=\"Enviar\" class=\"wpcf7-form-control wpcf7-submit\" \/><\/p>\n<p style=\"display: none !important;\"><label>&#916;<textarea name=\"_wpcf7_ak_hp_textarea\" cols=\"45\" rows=\"8\" maxlength=\"100\"><\/textarea><\/label><input type=\"hidden\" id=\"ak_js_4\" name=\"_wpcf7_ak_js\" value=\"215\"\/><script>document.getElementById( \"ak_js_4\" ).setAttribute( \"value\", ( new Date() ).getTime() );<\/script><\/p><div class=\"wpcf7-response-output\" role=\"alert\" aria-hidden=\"true\"><\/div><\/form><\/div>\n<p><a href=\"https:\/\/www.rallyclassics.club\/wp-content\/uploads\/motordona_rallyclassics_merce_marti.jpg\"><img loading=\"lazy\" decoding=\"async\" class=\"wp-image-34092 aligncenter\" src=\"https:\/\/www.rallyclassics.club\/wp-content\/uploads\/motordona_rallyclassics_merce_marti.jpg\" alt=\"\" width=\"550\" height=\"367\" srcset=\"https:\/\/rallyclassics.club\/wp-content\/uploads\/motordona_rallyclassics_merce_marti.jpg 900w, https:\/\/rallyclassics.club\/wp-content\/uploads\/motordona_rallyclassics_merce_marti-300x200.jpg 300w, https:\/\/rallyclassics.club\/wp-content\/uploads\/motordona_rallyclassics_merce_marti-768x512.jpg 768w\" sizes=\"auto, (max-width: 550px) 100vw, 550px\" \/><\/a><\/p>\n<p>&nbsp;<\/p>\n<h3><strong>#MotorDona sponsors<\/strong><\/h3>\n<p><img loading=\"lazy\" decoding=\"async\" class=\"size-full wp-image-34086 aligncenter\" src=\"https:\/\/www.rallyclassics.club\/wp-content\/uploads\/sponsors_programa_motordona_rallyclassics.jpg\" alt=\"\" width=\"900\" height=\"345\" srcset=\"https:\/\/rallyclassics.club\/wp-content\/uploads\/sponsors_programa_motordona_rallyclassics.jpg 900w, https:\/\/rallyclassics.club\/wp-content\/uploads\/sponsors_programa_motordona_rallyclassics-300x115.jpg 300w, https:\/\/rallyclassics.club\/wp-content\/uploads\/sponsors_programa_motordona_rallyclassics-768x294.jpg 768w\" sizes=\"auto, (max-width: 900px) 100vw, 900px\" \/><\/p>\n<p><em>The #MotorDona program is possible thanks to the collaboration of the Secretaria General de l\u2019Esport i l\u2019Activitat F\u00edsica de la Generalitat de Catalunya, Ajuntament de Girona, Diputaci\u00f3 de Girona, Motul, Riki Cars, Centro Porsche Barcelona, Centro Porsche Girona, SEAT and Pura Vida.<\/em><\/p>","protected":false},"excerpt":{"rendered":"<p>https:\/\/youtu.be\/XtyQ6xGJ0p8 &nbsp; A pioneering program to promote the participation of women in all areas of classic motorsport. &nbsp; What is #MotorDona? #MotorDona is a program created by Club RallyClassics, in [&#8230;]<\/p>\n","protected":false},"author":9192204,"featured_media":0,"parent":0,"menu_order":0,"comment_status":"closed","ping_status":"closed","template":"","meta":{"om_disable_all_campaigns":false,"_monsterinsights_skip_tracking":false,"_monsterinsights_sitenote_active":false,"_monsterinsights_sitenote_note":"","_monsterinsights_sitenote_category":0,"footnotes":""},"class_list":["post-34085","page","type-page","status-publish","hentry"],"aioseo_notices":[],"_links":{"self":[{"href":"https:\/\/rallyclassics.club\/en\/wp-json\/wp\/v2\/pages\/34085","targetHints":{"allow":["GET"]}}],"collection":[{"href":"https:\/\/rallyclassics.club\/en\/wp-json\/wp\/v2\/pages"}],"about":[{"href":"https:\/\/rallyclassics.club\/en\/wp-json\/wp\/v2\/types\/page"}],"author":[{"embeddable":true,"href":"https:\/\/rallyclassics.club\/en\/wp-json\/wp\/v2\/users\/9192204"}],"replies":[{"embeddable":true,"href":"https:\/\/rallyclassics.club\/en\/wp-json\/wp\/v2\/comments?post=34085"}],"version-history":[{"count":6,"href":"https:\/\/rallyclassics.club\/en\/wp-json\/wp\/v2\/pages\/34085\/revisions"}],"predecessor-version":[{"id":34753,"href":"https:\/\/rallyclassics.club\/en\/wp-json\/wp\/v2\/pages\/34085\/revisions\/34753"}],"wp:attachment":[{"href":"https:\/\/rallyclassics.club\/en\/wp-json\/wp\/v2\/media?parent=34085"}],"curies":[{"name":"wp","href":"https:\/\/api.w.org\/{rel}","templated":true}]}}