{"id":347,"date":"2014-04-25T17:57:16","date_gmt":"2014-04-25T15:57:16","guid":{"rendered":"https:\/\/www.rallyclassics.club\/classic-series\/prueba-uno-2\/"},"modified":"2014-05-05T20:16:36","modified_gmt":"2014-05-05T18:16:36","slug":"prueba-dos","status":"publish","type":"page","link":"https:\/\/rallyclassics.club\/en\/classic-series\/prueba-dos\/","title":{"rendered":"Castellol\u00ed 10\/5"},"content":{"rendered":"<div class=\"title\"><h1>Castellol\u00ed\u00a010.05.14<\/h1><div class=\"title-sep-container\"><div class=\"title-sep\"><\/div><\/div><\/div><img loading=\"lazy\" decoding=\"async\" class=\"alignnone size-full wp-image-283\" src=\"https:\/\/www.rallyclassics.club\/wp-content\/uploads\/2014\/02\/cs2014_980x380b.jpg\" alt=\"cs2014_980x380b\" width=\"980\" height=\"380\" srcset=\"https:\/\/rallyclassics.club\/wp-content\/uploads\/2014\/02\/cs2014_980x380b.jpg 980w, https:\/\/rallyclassics.club\/wp-content\/uploads\/2014\/02\/cs2014_980x380b-300x116.jpg 300w\" sizes=\"auto, (max-width: 980px) 100vw, 980px\" \/><div class=\"title\"><h2>\u00daltimas Noticias de las BMW Classic Series<\/h2><div class=\"title-sep-container\"><div class=\"title-sep\"><\/div><\/div><\/div> <div class=\"avada-container\"><section class=\"columns columns-2\" style=\"width:100%\"><div class=\"holder\"><article class=\"col\"><div class=\"flexslider floated-post-slideshow\"><ul class=\"slides\"><li>\n\t\t\t\t\t<a href=\"https:\/\/rallyclassics.club\/en\/caprice-des-dieux\/\" rel=\"\"><img decoding=\"async\" src=\"https:\/\/rallyclassics.club\/wp-content\/uploads\/2015\/05\/IMG_5858-450x441.jpg\" alt=\"&#8220;CAPRICE DES DIEUX&#8221;\" \/><\/a>\n\t\t\t\t<\/li><\/ul>\n\t\t<\/div><h4><a href=\"https:\/\/rallyclassics.club\/en\/caprice-des-dieux\/\">&#8220;CAPRICE DES DIEUX&#8221;<\/a><\/h4><ul class=\"meta\"><li><em class=\"date\">16 May, 2015<\/em><\/li><\/ul><p><div class=\"excerpt-container\"><p>The privileged participants and public from BMW Classic Series, could live a unique experience [&#8230;]<\/p>\n<\/div><\/p><\/article><article class=\"col\"><div class=\"flexslider floated-post-slideshow\"><ul class=\"slides\"><li>\n\t\t\t\t\t<a href=\"https:\/\/rallyclassics.club\/en\/bmw-classic-series-con-sorprendentes-maquinas\/\" rel=\"\"><img decoding=\"async\" src=\"https:\/\/rallyclassics.club\/wp-content\/uploads\/2015\/05\/webvinvhesin-t\u00edtulo.jpg\" alt=\"BMW CLASSIC SERIES, WITH ASTONISHING MACHINES\" \/><\/a>\n\t\t\t\t<\/li><\/ul>\n\t\t<\/div><h4><a href=\"https:\/\/rallyclassics.club\/en\/bmw-classic-series-con-sorprendentes-maquinas\/\">BMW CLASSIC SERIES, WITH ASTONISHING MACHINES<\/a><\/h4><ul class=\"meta\"><li><em class=\"date\">13 May, 2015<\/em><\/li><\/ul><p><div class=\"excerpt-container\"><p>Paul Vinches and Yves Balasse are going to debut in Alcarr\u00e1s their new machine. [&#8230;]<\/p>\n<\/div><\/p><\/article><\/div><\/section><\/div> <div class=\"title\"><h2>Patrocinadores de las BMW Classic Series<\/h2><div class=\"title-sep-container\"><div class=\"title-sep\"><\/div><\/div><\/div> <div class=\"related-posts related-projects clientslider-container\"><div id=\"carousel\" class=\"clients-carousel es-carousel-wrapper\"><div class=\"es-carousel\"><ul><li><a href=\"www.bmw.es\" target=\"_self\"><img decoding=\"async\" src=\"https:\/\/www.rallyclassics.club\/wp-content\/uploads\/2014\/02\/logos_03.png\" alt=\"\" \/><\/a><\/li><li><a href=\"http:\/\/www.makarthy.com\/\" target=\"_self\"><img decoding=\"async\" src=\"https:\/\/www.rallyclassics.club\/wp-content\/uploads\/2014\/02\/logo_makarthy.jpg\" alt=\"\" \/><\/a><\/li><li><a href=\"http:\/\/www.aunmasbarato.com\/\" target=\"_self\"><img decoding=\"async\" src=\"https:\/\/www.rallyclassics.club\/wp-content\/uploads\/2014\/02\/logo_aunmasbarato.jpg\" alt=\"\" \/><\/a><\/li><li><a href=\"http:\/\/www.penriteoil.com.au\/\" target=\"_self\"><img decoding=\"async\" src=\"https:\/\/www.rallyclassics.club\/wp-content\/uploads\/2014\/02\/logo_penrite.jpg\" alt=\"\" \/><\/a><\/li><li><a href=\"#3\" target=\"_self\"><img decoding=\"async\" src=\"https:\/\/www.rallyclassics.club\/wp-content\/uploads\/2014\/02\/logo_evans.jpg\" alt=\"\" \/><\/a><\/li><\/ul><div class=\"es-nav\"><span class=\"es-nav-prev\">Previous<\/span><span class=\"es-nav-next\">Next<\/span><\/div><\/div><\/div><\/div><img loading=\"lazy\" decoding=\"async\" src=\"https:\/\/www.rallyclassics.club\/wp-content\/uploads\/2014\/02\/Logos_770x100-1024x133.jpg\" alt=\"Logos_770x100\" width=\"669\" height=\"86\" class=\"alignnone size-large wp-image-395\" srcset=\"https:\/\/rallyclassics.club\/wp-content\/uploads\/2014\/02\/Logos_770x100-1024x133.jpg 1024w, https:\/\/rallyclassics.club\/wp-content\/uploads\/2014\/02\/Logos_770x100-300x38.jpg 300w\" sizes=\"auto, (max-width: 669px) 100vw, 669px\" \/>&nbsp;&nbsp;<div class=\"title\"><h2>Informaci\u00f3n de las BMW Classic Series<\/h2><div class=\"title-sep-container\"><div class=\"title-sep\"><\/div><\/div><\/div> Las BMW CLASSIC SERIES 2014 son un certamen de 5 pruebas de Regularidad en Circuito, que se celebra en 4 trazados catalanes, y en el que participan motos cl\u00e1sicas y coches cl\u00e1sicos. RallyClassics lleva organizando las Classic Series desde el a\u00f1o 2004, inspir\u00e1ndose en los 100 Tours franceses, con un gran \u00e9xito de participaci\u00f3n desde que se juntaron en la misma jornada los coches y las motos, creando un ambiente m\u00e1gico y retro muy valorado por los participantes y los visitantes.<\/p>\n","protected":false},"excerpt":{"rendered":"<p>Paul Vinches and Yves Balasse are going to debut in Alcarr\u00e1s their new machine. It will certainly be one of the great attractions of the BMW Classic Series 2015 from [&#8230;]<\/p>\n","protected":false},"author":2,"featured_media":0,"parent":173,"menu_order":0,"comment_status":"open","ping_status":"open","template":"","meta":{"om_disable_all_campaigns":false,"_monsterinsights_skip_tracking":false,"_monsterinsights_sitenote_active":false,"_monsterinsights_sitenote_note":"","_monsterinsights_sitenote_category":0,"footnotes":""},"class_list":["post-347","page","type-page","status-publish","hentry"],"aioseo_notices":[],"_links":{"self":[{"href":"https:\/\/rallyclassics.club\/en\/wp-json\/wp\/v2\/pages\/347","targetHints":{"allow":["GET"]}}],"collection":[{"href":"https:\/\/rallyclassics.club\/en\/wp-json\/wp\/v2\/pages"}],"about":[{"href":"https:\/\/rallyclassics.club\/en\/wp-json\/wp\/v2\/types\/page"}],"author":[{"embeddable":true,"href":"https:\/\/rallyclassics.club\/en\/wp-json\/wp\/v2\/users\/2"}],"replies":[{"embeddable":true,"href":"https:\/\/rallyclassics.club\/en\/wp-json\/wp\/v2\/comments?post=347"}],"version-history":[{"count":4,"href":"https:\/\/rallyclassics.club\/en\/wp-json\/wp\/v2\/pages\/347\/revisions"}],"predecessor-version":[{"id":402,"href":"https:\/\/rallyclassics.club\/en\/wp-json\/wp\/v2\/pages\/347\/revisions\/402"}],"up":[{"embeddable":true,"href":"https:\/\/rallyclassics.club\/en\/wp-json\/wp\/v2\/pages\/173"}],"wp:attachment":[{"href":"https:\/\/rallyclassics.club\/en\/wp-json\/wp\/v2\/media?parent=347"}],"curies":[{"name":"wp","href":"https:\/\/api.w.org\/{rel}","templated":true}]}}