{"id":52832,"date":"2025-11-16T08:41:24","date_gmt":"2025-11-16T07:41:24","guid":{"rendered":"https:\/\/rallyclassics.club\/?page_id=52832"},"modified":"2026-01-22T12:53:57","modified_gmt":"2026-01-22T11:53:57","slug":"xxii-rallye-hivern-viladrau-2026","status":"publish","type":"page","link":"https:\/\/rallyclassics.club\/en\/xxii-rallye-hivern-viladrau-2026\/","title":{"rendered":"XXII Rallye d\u2019Hivern &#8211; Viladrau &#8211; 17 enero 2026"},"content":{"rendered":"<p class=\"qtranxs-available-languages-message qtranxs-available-languages-message-en\">Sorry, this entry is only available in <a href=\"https:\/\/rallyclassics.club\/es\/wp-json\/wp\/v2\/pages\/52832\" class=\"qtranxs-available-language-link qtranxs-available-language-link-es\" title=\"Espa\u00f1ol\">Espa\u00f1ol<\/a>, <a href=\"https:\/\/rallyclassics.club\/ca\/wp-json\/wp\/v2\/pages\/52832\" class=\"qtranxs-available-language-link qtranxs-available-language-link-ca\" title=\"Catal\u00e0\">Catal\u00e0<\/a> and <a href=\"https:\/\/rallyclassics.club\/fr\/wp-json\/wp\/v2\/pages\/52832\" class=\"qtranxs-available-language-link qtranxs-available-language-link-fr\" title=\"Fran\u00e7ais\">Fran\u00e7ais<\/a>.<\/p>","protected":false},"excerpt":{"rendered":"<p>Sorry, this entry is only available in Espa\u00f1ol, Catal\u00e0 and Fran\u00e7ais.<\/p>\n","protected":false},"author":9192204,"featured_media":0,"parent":0,"menu_order":0,"comment_status":"closed","ping_status":"closed","template":"","meta":{"om_disable_all_campaigns":false,"_monsterinsights_skip_tracking":false,"_monsterinsights_sitenote_active":false,"_monsterinsights_sitenote_note":"","_monsterinsights_sitenote_category":0,"footnotes":""},"class_list":["post-52832","page","type-page","status-publish","hentry"],"aioseo_notices":[],"_links":{"self":[{"href":"https:\/\/rallyclassics.club\/en\/wp-json\/wp\/v2\/pages\/52832","targetHints":{"allow":["GET"]}}],"collection":[{"href":"https:\/\/rallyclassics.club\/en\/wp-json\/wp\/v2\/pages"}],"about":[{"href":"https:\/\/rallyclassics.club\/en\/wp-json\/wp\/v2\/types\/page"}],"author":[{"embeddable":true,"href":"https:\/\/rallyclassics.club\/en\/wp-json\/wp\/v2\/users\/9192204"}],"replies":[{"embeddable":true,"href":"https:\/\/rallyclassics.club\/en\/wp-json\/wp\/v2\/comments?post=52832"}],"version-history":[{"count":1,"href":"https:\/\/rallyclassics.club\/en\/wp-json\/wp\/v2\/pages\/52832\/revisions"}],"predecessor-version":[{"id":53100,"href":"https:\/\/rallyclassics.club\/en\/wp-json\/wp\/v2\/pages\/52832\/revisions\/53100"}],"wp:attachment":[{"href":"https:\/\/rallyclassics.club\/en\/wp-json\/wp\/v2\/media?parent=52832"}],"curies":[{"name":"wp","href":"https:\/\/api.w.org\/{rel}","templated":true}]}}