{"id":54526,"date":"2026-03-20T09:32:28","date_gmt":"2026-03-20T08:32:28","guid":{"rendered":"https:\/\/rallyclassics.club\/?page_id=54526"},"modified":"2026-04-10T16:20:32","modified_gmt":"2026-04-10T15:20:32","slug":"classic-series-2026","status":"publish","type":"page","link":"https:\/\/rallyclassics.club\/en\/classic-series-2026\/","title":{"rendered":"Classic Series 2026 | Regularidad en circuito para coches cl\u00e1sicos"},"content":{"rendered":"<p class=\"qtranxs-available-languages-message qtranxs-available-languages-message-en\">Sorry, this entry is only available in <a href=\"https:\/\/rallyclassics.club\/es\/wp-json\/wp\/v2\/pages\/54526\" class=\"qtranxs-available-language-link qtranxs-available-language-link-es\" title=\"Espa\u00f1ol\">Espa\u00f1ol<\/a>, <a href=\"https:\/\/rallyclassics.club\/ca\/wp-json\/wp\/v2\/pages\/54526\" class=\"qtranxs-available-language-link qtranxs-available-language-link-ca\" title=\"Catal\u00e0\">Catal\u00e0<\/a> and <a href=\"https:\/\/rallyclassics.club\/fr\/wp-json\/wp\/v2\/pages\/54526\" class=\"qtranxs-available-language-link qtranxs-available-language-link-fr\" title=\"Fran\u00e7ais\">Fran\u00e7ais<\/a>.<\/p>","protected":false},"excerpt":{"rendered":"<p>Sorry, this entry is only available in Espa\u00f1ol, Catal\u00e0 and Fran\u00e7ais.<\/p>\n","protected":false},"author":9192204,"featured_media":0,"parent":0,"menu_order":0,"comment_status":"closed","ping_status":"closed","template":"","meta":{"om_disable_all_campaigns":false,"_monsterinsights_skip_tracking":false,"_monsterinsights_sitenote_active":false,"_monsterinsights_sitenote_note":"","_monsterinsights_sitenote_category":0,"footnotes":""},"class_list":["post-54526","page","type-page","status-publish","hentry"],"aioseo_notices":[],"_links":{"self":[{"href":"https:\/\/rallyclassics.club\/en\/wp-json\/wp\/v2\/pages\/54526","targetHints":{"allow":["GET"]}}],"collection":[{"href":"https:\/\/rallyclassics.club\/en\/wp-json\/wp\/v2\/pages"}],"about":[{"href":"https:\/\/rallyclassics.club\/en\/wp-json\/wp\/v2\/types\/page"}],"author":[{"embeddable":true,"href":"https:\/\/rallyclassics.club\/en\/wp-json\/wp\/v2\/users\/9192204"}],"replies":[{"embeddable":true,"href":"https:\/\/rallyclassics.club\/en\/wp-json\/wp\/v2\/comments?post=54526"}],"version-history":[{"count":0,"href":"https:\/\/rallyclassics.club\/en\/wp-json\/wp\/v2\/pages\/54526\/revisions"}],"wp:attachment":[{"href":"https:\/\/rallyclassics.club\/en\/wp-json\/wp\/v2\/media?parent=54526"}],"curies":[{"name":"wp","href":"https:\/\/api.w.org\/{rel}","templated":true}]}}