{"id":6968,"date":"2015-11-03T16:14:01","date_gmt":"2015-11-03T14:14:01","guid":{"rendered":"https:\/\/www.rallyclassics.club\/63-rally-costa-brava-2\/"},"modified":"2016-03-10T13:49:15","modified_gmt":"2016-03-10T11:49:15","slug":"64-rally-costa-brava","status":"publish","type":"page","link":"https:\/\/rallyclassics.club\/en\/64-rally-costa-brava\/","title":{"rendered":"64 Rally Costa Brava"},"content":{"rendered":"<p><div class=\"title\"><h1>64 Rally Costa Brava &#8211; 11-12\/3<\/h1><div class=\"title-sep-container\"><div class=\"title-sep\"><\/div><\/div><\/div><img loading=\"lazy\" decoding=\"async\" class=\"alignnone size-full wp-image-308\" src=\"\/wp-content\/uploads\/2015\/11\/64_rcb_980x300.jpg\" alt=\"62rcb980x380\" width=\"980\" height=\"380\" \/><br \/>\n&nbsp;<br \/>\n<div class=\"title\"><h1>Rally Online<\/h1><div class=\"title-sep-container\"><div class=\"title-sep\"><\/div><\/div><\/div>\n<div class=\"one_third\">\n<center><br \/>\n<a class=\"button-7 button large default\" title=\"\" href=\"http:\/\/online4.atodomotor.com\/online\/2016\/costabrava\/\" target=\"_self\">VELOCIDAD<\/a>\n<\/center><br \/>\n<\/div>\n<div class=\"one_third\">\n<center><br \/>\n<a class=\"button-8 button large default\" title=\"\" href=\"http:\/\/www.blunikracing.com\/spa\/p\/news\/new\/actualidad\/v\/category_id\/1\/64-rally-costa-brava-fia.htm\" target=\"_self\">REGULARIDAD<\/a>\n<\/center><br \/>\n<\/div>\n<div class=\"one_third last\">\n<center><br \/>\n<a class=\"button-9 button large default\" title=\"\" href=\"http:\/\/www.atodomotor.com\/app\/\" target=\"_self\">APLICACI\u00d3N<\/a>\n<\/center><br \/>\n<\/div><div class=\"clearboth\"><\/div>\n&nbsp;<br \/>\n<div class=\"title\"><h2>\u00daltimas Noticias del Rally Costa Brava<\/h2><div class=\"title-sep-container\"><div class=\"title-sep\"><\/div><\/div><\/div> <div class=\"avada-container\"><section class=\"columns columns-2\" style=\"width:100%\"><div class=\"holder\"><\/div><\/section><\/div>\n<div class=\"title\"><h2>Sponsors 64 Rally Costa Brava<\/h2><div class=\"title-sep-container\"><div class=\"title-sep\"><\/div><\/div><\/div>\n<div class=\"related-posts related-projects clientslider-container\"><div id=\"carousel\" class=\"clients-carousel es-carousel-wrapper\"><div class=\"es-carousel\"><ul>\n<li><img decoding=\"async\" src=\"\/wp-content\/uploads\/2014\/02\/Untitled-3_01.png\" alt=\"\" \/><\/li>\n<li><img decoding=\"async\" src=\"\/wp-content\/uploads\/2014\/02\/Untitled-3_02.png\" alt=\"\" \/><\/li>\n<li><img decoding=\"async\" src=\"\/wp-content\/uploads\/2014\/02\/logos_02.png\" alt=\"\" \/><\/li>\n<li><img decoding=\"async\" src=\"\/wp-content\/uploads\/2014\/02\/logos_01.png\" alt=\"\" \/><\/li>\n<li><img decoding=\"async\" src=\"\/wp-content\/uploads\/2014\/02\/seat.png\" alt=\"\" \/><\/li>\n<li><img decoding=\"async\" src=\"\/images\/patrocinadores\/moritz.png\" alt=\"\" \/><\/li>\n<li><img decoding=\"async\" src=\"\/images\/patrocinadores\/ultonia.png\" alt=\"\" \/><\/li>\n<li><img decoding=\"async\" src=\"\/images\/patrocinadores\/blunik.png\" alt=\"\" \/><\/li>\n<li><img decoding=\"async\" src=\"\/images\/patrocinadores\/sport.png\" alt=\"\" \/><\/li>\n<li><img decoding=\"async\" src=\"\/images\/patrocinadores\/garatgeinternacional.jpg\" alt=\"\" \/><\/li>\n<li><img decoding=\"async\" src=\"\/images\/patrocinadores\/cmmc.jpg\" alt=\"\" \/><\/li>\n<li><img decoding=\"async\" src=\"\/images\/patrocinadores\/nouonze.jpg\" alt=\"\" \/><\/li>\n<li><img decoding=\"async\" src=\"\/images\/patrocinadores\/classiccover.jpg\" alt=\"\" \/><\/li>\n<li><img decoding=\"async\" src=\"\/images\/patrocinadores\/xternalia.jpg\" alt=\"\" \/><\/li>\n<li><img decoding=\"async\" src=\"\/images\/patrocinadores\/appsesor.png\" alt=\"\" \/><\/li>\n<li><img decoding=\"async\" src=\"\/images\/patrocinadores\/suprametal.jpg\" alt=\"\" \/><\/li>\n<li><img decoding=\"async\" src=\"\/images\/patrocinadores\/charpentier.jpg\" alt=\"\" \/><\/li>\n<li><img decoding=\"async\" src=\"\/images\/patrocinadores\/kpsport.jpg\" alt=\"\" \/><\/li>\n<li><img decoding=\"async\" src=\"\/images\/patrocinadores\/escort.jpg\" alt=\"\" \/><\/li>\n<\/ul><div class=\"es-nav\"><span class=\"es-nav-prev\">Previous<\/span><span class=\"es-nav-next\">Next<\/span><\/div><\/div><\/div><\/div>\n<div class=\"title\"><h2>YouTube<\/h2><div class=\"title-sep-container\"><div class=\"title-sep\"><\/div><\/div><\/div>\n<iframe loading=\"lazy\" width=\"560\" height=\"315\" src=\"https:\/\/www.youtube.com\/embed\/67qyW8DMpwo\" frameborder=\"0\" allowfullscreen><\/iframe><\/p>\n<div class=\"title\"><h2>Informaci\u00f3n del 64 Rally Costa Brava<\/h2><div class=\"title-sep-container\"><div class=\"title-sep\"><\/div><\/div><\/div> El Rally Costa Brava FIA es el m\u00e1s antiguo de Espa\u00f1a, y el que m\u00e1s pasiones levanta, por su historia, y por la emoci\u00f3n con la que lo viven los equipos nacionales y extranjeros. Puntuable para el Europeo de Rallyes Hist\u00f3ricos, el Rally Costa Brava FIA re\u00fane cada a\u00f1o un centenar de equipos con magn\u00edficas m\u00e1quinas de las mejores \u00e9pocas del Europeo.<\/p>","protected":false},"excerpt":{"rendered":"<p>The French driver, Serge Cazaux, will once again participate in the legendary Rally Costa Brava, which will take place from March 24 to 25, 2017. In this edition, he will [&#8230;]<\/p>\n","protected":false},"author":2,"featured_media":0,"parent":0,"menu_order":0,"comment_status":"open","ping_status":"open","template":"","meta":{"om_disable_all_campaigns":false,"_monsterinsights_skip_tracking":false,"_monsterinsights_sitenote_active":false,"_monsterinsights_sitenote_note":"","_monsterinsights_sitenote_category":0,"footnotes":""},"class_list":["post-6968","page","type-page","status-publish","hentry"],"aioseo_notices":[],"_links":{"self":[{"href":"https:\/\/rallyclassics.club\/en\/wp-json\/wp\/v2\/pages\/6968","targetHints":{"allow":["GET"]}}],"collection":[{"href":"https:\/\/rallyclassics.club\/en\/wp-json\/wp\/v2\/pages"}],"about":[{"href":"https:\/\/rallyclassics.club\/en\/wp-json\/wp\/v2\/types\/page"}],"author":[{"embeddable":true,"href":"https:\/\/rallyclassics.club\/en\/wp-json\/wp\/v2\/users\/2"}],"replies":[{"embeddable":true,"href":"https:\/\/rallyclassics.club\/en\/wp-json\/wp\/v2\/comments?post=6968"}],"version-history":[{"count":27,"href":"https:\/\/rallyclassics.club\/en\/wp-json\/wp\/v2\/pages\/6968\/revisions"}],"predecessor-version":[{"id":7753,"href":"https:\/\/rallyclassics.club\/en\/wp-json\/wp\/v2\/pages\/6968\/revisions\/7753"}],"wp:attachment":[{"href":"https:\/\/rallyclassics.club\/en\/wp-json\/wp\/v2\/media?parent=6968"}],"curies":[{"name":"wp","href":"https:\/\/api.w.org\/{rel}","templated":true}]}}