{"id":7126,"date":"2015-11-17T11:54:43","date_gmt":"2015-11-17T09:54:43","guid":{"rendered":"https:\/\/www.rallyclassics.club\/xii-rally-costa-brava-historic-2\/"},"modified":"2016-03-21T11:21:36","modified_gmt":"2016-03-21T09:21:36","slug":"xiii-rally-costa-brava-historic","status":"publish","type":"page","link":"https:\/\/rallyclassics.club\/en\/xiii-rally-costa-brava-historic\/","title":{"rendered":"XIII Rally Costa Brava Hist\u00f2ric"},"content":{"rendered":"<p><div class=\"title\"><h1>XIII Rally Costa Brava Hist\u00f2ric &#8211; 17-20\/3<\/h1><div class=\"title-sep-container\"><div class=\"title-sep\"><\/div><\/div><\/div><img loading=\"lazy\" decoding=\"async\" src=\"\/wp-content\/uploads\/2015\/11\/xiii_rcbh_980x300.jpg\" alt=\"xiii_rcbh2015_980x300\" width=\"980\" height=\"300\" class=\"aligncenter size-full wp-image-2147\" \/><\/p>\n<p>&nbsp;<br \/>\n<div class=\"title\"><h2>\u00daltimas Noticias del XIII Rally Costa Brava Hist\u00f2ric<\/h2><div class=\"title-sep-container\"><div class=\"title-sep\"><\/div><\/div><\/div> <div class=\"avada-container\"><section class=\"columns columns-2\" style=\"width:100%\"><div class=\"holder\"><article class=\"col\"><div class=\"flexslider floated-post-slideshow\"><ul class=\"slides\"><li>\n\t\t\t\t\t<a href=\"https:\/\/rallyclassics.club\/en\/palamos-nueva-sede-del-rally-costa-brava-historic\/\" rel=\"\"><img decoding=\"async\" src=\"https:\/\/rallyclassics.club\/wp-content\/uploads\/2016\/10\/PA010073-700x441.jpg\" alt=\"Palam\u00f3s, the new home of the Rally Costa Brava Hist\u00f2ric\" \/><\/a>\n\t\t\t\t<\/li><\/ul>\n\t\t<\/div><h4><a href=\"https:\/\/rallyclassics.club\/en\/palamos-nueva-sede-del-rally-costa-brava-historic\/\">Palam\u00f3s, the new home of the Rally Costa Brava Hist\u00f2ric<\/a><\/h4><ul class=\"meta\"><li><em class=\"date\">11 October, 2016<\/em><\/li><\/ul><p><div class=\"excerpt-container\"><p>This motorsport test, which takes place in April, scores\u00a0for the European Championship of its [&#8230;]<\/p>\n<\/div><\/p><\/article><article class=\"col\"><div class=\"flexslider floated-post-slideshow\"><ul class=\"slides\"><li>\n\t\t\t\t\t<a href=\"https:\/\/rallyclassics.club\/en\/lloret-de-mar-y-el-rally-costa-brava-admirados-en-el-extranjero\/\" rel=\"\"><img decoding=\"async\" src=\"https:\/\/rallyclassics.club\/wp-content\/uploads\/2016\/03\/lloret2-700x441.jpg\" alt=\"LLORET DE MAR AND THE RALLY COSTA BRAVA, ADMIRED FROM ABROAD\" \/><\/a>\n\t\t\t\t<\/li><\/ul>\n\t\t<\/div><h4><a href=\"https:\/\/rallyclassics.club\/en\/lloret-de-mar-y-el-rally-costa-brava-admirados-en-el-extranjero\/\">LLORET DE MAR AND THE RALLY COSTA BRAVA, ADMIRED FROM ABROAD<\/a><\/h4><ul class=\"meta\"><li><em class=\"date\">21 March, 2016<\/em><\/li><\/ul><p><div class=\"excerpt-container\"><p>Lloret de Mar has once again become the capital of motor to mark the [&#8230;]<\/p>\n<\/div><\/p><\/article><\/div><\/section><\/div>\n<div class=\"title\"><h2>V\u00eddeo del XII Rally Costa Brava Hist\u00f2ric<\/h2><div class=\"title-sep-container\"><div class=\"title-sep\"><\/div><\/div><\/div>\n<p><iframe loading=\"lazy\" width=\"500\" height=\"281\" src=\"\/\/www.youtube.com\/embed\/QJzltFx6lic?rel=0\" frameborder=\"0\" allowfullscreen><\/iframe><\/p>\n<div class=\"title\"><h2>Patrocinadores del XIII Rally Costa Brava Hist\u00f2ric<\/h2><div class=\"title-sep-container\"><div class=\"title-sep\"><\/div><\/div><\/div>\n<div class=\"related-posts related-projects clientslider-container\"><div id=\"carousel\" class=\"clients-carousel es-carousel-wrapper\"><div class=\"es-carousel\"><ul>\n<li><img decoding=\"async\" src=\"\/wp-content\/uploads\/2014\/02\/logos_04.jpg\" alt=\"\" \/><\/li>\n<li><img decoding=\"async\" src=\"\/wp-content\/uploads\/2014\/02\/logos_01.png\" alt=\"\" \/><\/li>\n<li><img decoding=\"async\" src=\"\/wp-content\/uploads\/2014\/02\/logos_02.png\" alt=\"\" \/><\/li>\n<li><img decoding=\"async\" src=\"\/wp-content\/uploads\/2014\/02\/Untitled-3_02.png\" alt=\"\" \/><\/li>\n<li><img decoding=\"async\" src=\"\/wp-content\/uploads\/2014\/02\/seat.png\" alt=\"\" \/><\/li>\n<li><img decoding=\"async\" src=\"\/images\/patrocinadores\/moritz.png\" alt=\"\" \/><\/li>\n<li><img decoding=\"async\" src=\"\/images\/patrocinadores\/sport.png\" alt=\"\" \/><\/li>\n<li><img decoding=\"async\" src=\"\/wp-content\/uploads\/2014\/02\/logos_2_01.png\" alt=\"\" \/><\/li>\n<li><img decoding=\"async\" src=\"\/wp-content\/uploads\/2015\/04\/logos_appsesor.png\" alt=\"\" \/><\/li>\n<li><img decoding=\"async\" src=\"\/wp-content\/uploads\/2014\/02\/logo_xternalia.jpg\" alt=\"\" \/><\/li>\n<li><img decoding=\"async\" src=\"\/wp-content\/uploads\/2014\/02\/logo_classiccover.jpg\" alt=\"\" \/><\/li>\n<li><img decoding=\"async\" src=\"\/wp-content\/uploads\/2014\/11\/logo_garatgeinternacional.jpg\" alt=\"\" \/><\/li>\n<li><img decoding=\"async\" src=\"\/wp-content\/uploads\/2014\/02\/logo_nouonze.jpg\" alt=\"\" \/><\/li>\n<li><img decoding=\"async\" src=\"\/wp-content\/uploads\/2015\/03\/logo_cmmc.jpg\" alt=\"\" \/><\/li>\n<li><img decoding=\"async\" src=\"\/wp-content\/uploads\/2015\/03\/logo_suprametal.jpg\" alt=\"\" \/><\/li>\n<li><img decoding=\"async\" src=\"\/wp-content\/uploads\/2014\/02\/logo_waterworld.jpg\" alt=\"\" \/><\/li>\n<li><img decoding=\"async\" src=\"\/images\/patrocinadores\/evenia.jpg\" alt=\"\" \/><\/li>\n<li><img decoding=\"async\" src=\"\/images\/patrocinadores\/charpentier.jpg\" alt=\"\" \/><\/li>\n<li><img decoding=\"async\" src=\"\/images\/patrocinadores\/kpsport.jpg\" alt=\"\" \/><\/li>\n<li><img decoding=\"async\" src=\"\/images\/patrocinadores\/escort.jpg\" alt=\"\" \/><\/li>\n<\/ul><div class=\"es-nav\"><span class=\"es-nav-prev\">Previous<\/span><span class=\"es-nav-next\">Next<\/span><\/div><\/div><\/div><\/div>\n<div class=\"title\"><h2>Informaci\u00f3n del XIII Rally Costa Brava Hist\u00f2ric<\/h2><div class=\"title-sep-container\"><div class=\"title-sep\"><\/div><\/div><\/div> El RALLY COSTA BRAVA HISTORIC celebrar\u00e1 su XIII edici\u00f3n por todo lo alto: una participaci\u00f3n de lujo (muchos coches extranjeros y los mejores equipos nacionales), la base-HQ en el Hotel RIGAT (5 estrellas), una gastronom\u00eda de alto nivel (inclu\u00edda una estrella Michelin), un recorrido exigente y divertido (unos 1.500 kms y unos 40 tramos), el patrocinio y la caravana de seguridad de BMW. Lloret de Mar volver\u00e1 a ser la capital del motor, con su Village en el paseo mar\u00edtimo, el tramo espect\u00e1culo del Water-World, y una gran fiesta de clausura en el Rigat.<\/p>","protected":false},"excerpt":{"rendered":"<p>Lloret de Mar has once again become the capital of motor to mark the Rally Costa Brava Historic XIII, one of the most admired for the foreign participants, comparing it [&#8230;]<\/p>\n","protected":false},"author":2,"featured_media":0,"parent":0,"menu_order":0,"comment_status":"open","ping_status":"open","template":"","meta":{"om_disable_all_campaigns":false,"_monsterinsights_skip_tracking":false,"_monsterinsights_sitenote_active":false,"_monsterinsights_sitenote_note":"","_monsterinsights_sitenote_category":0,"footnotes":""},"class_list":["post-7126","page","type-page","status-publish","hentry"],"aioseo_notices":[],"_links":{"self":[{"href":"https:\/\/rallyclassics.club\/en\/wp-json\/wp\/v2\/pages\/7126","targetHints":{"allow":["GET"]}}],"collection":[{"href":"https:\/\/rallyclassics.club\/en\/wp-json\/wp\/v2\/pages"}],"about":[{"href":"https:\/\/rallyclassics.club\/en\/wp-json\/wp\/v2\/types\/page"}],"author":[{"embeddable":true,"href":"https:\/\/rallyclassics.club\/en\/wp-json\/wp\/v2\/users\/2"}],"replies":[{"embeddable":true,"href":"https:\/\/rallyclassics.club\/en\/wp-json\/wp\/v2\/comments?post=7126"}],"version-history":[{"count":22,"href":"https:\/\/rallyclassics.club\/en\/wp-json\/wp\/v2\/pages\/7126\/revisions"}],"predecessor-version":[{"id":7922,"href":"https:\/\/rallyclassics.club\/en\/wp-json\/wp\/v2\/pages\/7126\/revisions\/7922"}],"wp:attachment":[{"href":"https:\/\/rallyclassics.club\/en\/wp-json\/wp\/v2\/media?parent=7126"}],"curies":[{"name":"wp","href":"https:\/\/api.w.org\/{rel}","templated":true}]}}