{"id":8403,"date":"2016-05-02T09:03:10","date_gmt":"2016-05-02T07:03:10","guid":{"rendered":"https:\/\/www.rallyclassics.club\/i-criterium-costa-brava-nocturn-copy\/"},"modified":"2016-05-02T12:36:27","modified_gmt":"2016-05-02T10:36:27","slug":"ii-criterium-costa-brava-nocturn","status":"publish","type":"page","link":"https:\/\/rallyclassics.club\/en\/ii-criterium-costa-brava-nocturn\/","title":{"rendered":"II Criterium Costa Brava Nocturn"},"content":{"rendered":"<div class=\"title\"><h1>II Criterium Costa Brava Nocturn &#8211; 11 Junio 2016<\/h1><div class=\"title-sep-container\"><div class=\"title-sep\"><\/div><\/div><\/div><img loading=\"lazy\" decoding=\"async\" src=\"\/wp-content\/uploads\/2015\/11\/ii_ccbn_980x300.jpg\" alt=\"\" width=\"980\" height=\"300\" class=\"aligncenter size-full wp-image-5742\" \/>&nbsp;<div class=\"title\"><h2>\u00daltimas Noticias del II Criterium Costa Brava Nocturn<\/h2><div class=\"title-sep-container\"><div class=\"title-sep\"><\/div><\/div><\/div> <div class=\"avada-container\"><section class=\"columns columns-2\" style=\"width:100%\"><div class=\"holder\"><article class=\"col\"><div class=\"flexslider floated-post-slideshow\"><ul class=\"slides\"><li>\n\t\t\t\t\t<a href=\"https:\/\/rallyclassics.club\/en\/el-abadal-buick-de-1917-en-els-angels-historic-2018\/\" rel=\"\"><img decoding=\"async\" src=\"https:\/\/rallyclassics.club\/wp-content\/uploads\/2018\/06\/Zanini-700x441.jpg\" alt=\"The Zanini&#8217;s Abadal Buick, in the Els Angels Hist\u00f2ric\" \/><\/a>\n\t\t\t\t<\/li><\/ul>\n\t\t<\/div><h4><a href=\"https:\/\/rallyclassics.club\/en\/el-abadal-buick-de-1917-en-els-angels-historic-2018\/\">The Zanini&#8217;s Abadal Buick, in the Els Angels Hist\u00f2ric<\/a><\/h4><ul class=\"meta\"><li><em class=\"date\">6 June, 2018<\/em><\/li><\/ul><p><div class=\"excerpt-container\"><p>Antonio Zanini will participate with his Abadal Buick of the year 1917 in Els [&#8230;]<\/p>\n<\/div><\/p><\/article><article class=\"col\"><div class=\"flexslider floated-post-slideshow\"><ul class=\"slides\"><li>\n\t\t\t\t\t<a href=\"https:\/\/rallyclassics.club\/en\/bbq-party-en-los-proximos-eventos\/\" rel=\"\"><img decoding=\"async\" src=\"https:\/\/rallyclassics.club\/wp-content\/uploads\/2015\/06\/barbacoa.jpg\" alt=\"BBQ PARTY IN THE NEXT EVENTS\" \/><\/a>\n\t\t\t\t<\/li><\/ul>\n\t\t<\/div><h4><a href=\"https:\/\/rallyclassics.club\/en\/bbq-party-en-los-proximos-eventos\/\">BBQ PARTY IN THE NEXT EVENTS<\/a><\/h4><ul class=\"meta\"><li><em class=\"date\">3 June, 2015<\/em><\/li><\/ul><p><div class=\"excerpt-container\"><p>BBQ&#8217;s are for the summer, and RallyClassics has two opportunities during the month of [&#8230;]<\/p>\n<\/div><\/p><\/article><\/div><\/section><\/div> <div class=\"title\"><h2>Patrocinadores del II Criterium Costa Brava Nocturn<\/h2><div class=\"title-sep-container\"><div class=\"title-sep\"><\/div><\/div><\/div> <div class=\"related-posts related-projects clientslider-container\"><div id=\"carousel\" class=\"clients-carousel es-carousel-wrapper\"><div class=\"es-carousel\"><ul><li><a href=\"http:\/\/www.bmw.com\/\" target=\"_self\"><img decoding=\"async\" src=\"https:\/\/www.rallyclassics.club\/wp-content\/uploads\/2014\/02\/logos_03.png\" alt=\"\" \/><\/a><\/li><li><a href=\"http:\/\/www20.gencat.cat\/portal\/site\/sge\/\" target=\"_self\"><img decoding=\"async\" src=\"https:\/\/www.rallyclassics.club\/wp-content\/uploads\/2014\/02\/logos_02.png\" alt=\"\" \/><\/a><\/li>\n<li><a href=\"#\" target=\"_self\"><img decoding=\"async\" src=\"\/wp-content\/uploads\/2014\/02\/logo_santfeliu.jpg\" alt=\"\" \/><\/a><\/li>\n<\/ul><div class=\"es-nav\"><span class=\"es-nav-prev\">Previous<\/span><span class=\"es-nav-next\">Next<\/span><\/div><\/div><\/div><\/div> <div class=\"title\"><h2>Informaci\u00f3n del II Criterium Costa Brava Nocturn<\/h2><div class=\"title-sep-container\"><div class=\"title-sep\"><\/div><\/div><\/div>Una prueba 100% nocturna: el Criterium Costa Brava Nocturn, con base en el Club N\u00e0utic Sant Feliu de Gu\u00edxols, tendr\u00e1 un recorrido de dos vueltas a un itinerario de 180 km. En el Tinglado se har\u00e1n las verificaciones y el reagrupamiento, con un desayuno de parrilla, para los valientes que hayan estado toda la noche en danza. Salida a las 23h y llegada-desayuno a las 7h, \u201ccomo los rallyes de antes\u201d.<\/p>\n","protected":false},"excerpt":{"rendered":"<p>BBQ&#8217;s are for the summer, and RallyClassics has two opportunities during the month of June, to celebrate gastronomic parties! &#8211; At 7 am of Sunday 7th, it will make a [&#8230;]<\/p>\n","protected":false},"author":2,"featured_media":0,"parent":0,"menu_order":0,"comment_status":"open","ping_status":"open","template":"","meta":{"om_disable_all_campaigns":false,"_monsterinsights_skip_tracking":false,"_monsterinsights_sitenote_active":false,"_monsterinsights_sitenote_note":"","_monsterinsights_sitenote_category":0,"footnotes":""},"class_list":["post-8403","page","type-page","status-publish","hentry"],"aioseo_notices":[],"_links":{"self":[{"href":"https:\/\/rallyclassics.club\/en\/wp-json\/wp\/v2\/pages\/8403","targetHints":{"allow":["GET"]}}],"collection":[{"href":"https:\/\/rallyclassics.club\/en\/wp-json\/wp\/v2\/pages"}],"about":[{"href":"https:\/\/rallyclassics.club\/en\/wp-json\/wp\/v2\/types\/page"}],"author":[{"embeddable":true,"href":"https:\/\/rallyclassics.club\/en\/wp-json\/wp\/v2\/users\/2"}],"replies":[{"embeddable":true,"href":"https:\/\/rallyclassics.club\/en\/wp-json\/wp\/v2\/comments?post=8403"}],"version-history":[{"count":2,"href":"https:\/\/rallyclassics.club\/en\/wp-json\/wp\/v2\/pages\/8403\/revisions"}],"predecessor-version":[{"id":8406,"href":"https:\/\/rallyclassics.club\/en\/wp-json\/wp\/v2\/pages\/8403\/revisions\/8406"}],"wp:attachment":[{"href":"https:\/\/rallyclassics.club\/en\/wp-json\/wp\/v2\/media?parent=8403"}],"curies":[{"name":"wp","href":"https:\/\/api.w.org\/{rel}","templated":true}]}}