{"id":10019,"date":"2016-10-27T19:28:22","date_gmt":"2016-10-27T17:28:22","guid":{"rendered":"https:\/\/www.rallyclassics.club\/xiv-rallye-dhivern-criterium-viladrau-copy\/"},"modified":"2016-11-22T13:29:41","modified_gmt":"2016-11-22T11:29:41","slug":"xv-rallye-dhivern-criterium-viladrau","status":"publish","type":"page","link":"https:\/\/rallyclassics.club\/fr\/xv-rallye-dhivern-criterium-viladrau\/","title":{"rendered":"XV Rallye d\u2019Hivern-Criterium Viladrau"},"content":{"rendered":"<p><div class=\"title\"><h1>XV Rallye d\u2019Hivern-Criterium Viladrau &#8211;  14.01.17<\/h1><div class=\"title-sep-container\"><div class=\"title-sep\"><\/div><\/div><\/div><img decoding=\"async\" class=\"aligncenter size-full wp-image-1231\" src=\"\/wp-content\/uploads\/2016\/10\/xv_hivern_980x300.jpg\" \/><br \/><div class=\"title\"><h2>\u00daltimas Noticias del XV Rallye d\u2019Hivern-Criterium Viladrau<\/h2><div class=\"title-sep-container\"><div class=\"title-sep\"><\/div><\/div><\/div> <div class=\"avada-container\"><section class=\"columns columns-2\" style=\"width:100%\"><div class=\"holder\"><article class=\"col\"><div class=\"flexslider floated-post-slideshow\"><ul class=\"slides\"><li>\n\t\t\t\t\t<a href=\"https:\/\/rallyclassics.club\/fr\/viladrau-bienvenida-temporada-xxii-rallye-hivern\/\" rel=\"\"><img decoding=\"async\" src=\"https:\/\/rallyclassics.club\/wp-content\/uploads\/2026\/01\/RHV26_RAF085804_-700x441.jpg\" alt=\"Viladrau accueille la saison automobile avec le XXII Rallye d\u2019Hivern\" \/><\/a>\n\t\t\t\t<\/li><\/ul>\n\t\t<\/div><h4><a href=\"https:\/\/rallyclassics.club\/fr\/viladrau-bienvenida-temporada-xxii-rallye-hivern\/\">Viladrau accueille la saison automobile avec le XXII Rallye d\u2019Hivern<\/a><\/h4><ul class=\"meta\"><li><em class=\"date\">19 janvier, 2026<\/em><\/li><\/ul><p><div class=\"excerpt-container\"><p> \tQuatre-vingt-cinq \u00e9quipes ont investi Viladrau \u00e0 l\u2019occasion du premier rallye de r\u00e9gularit\u00e9 pour [&#8230;]<\/p>\n<\/div><\/p><\/article><article class=\"col\"><div class=\"flexslider floated-post-slideshow\"><ul class=\"slides\"><li>\n\t\t\t\t\t<a href=\"https:\/\/rallyclassics.club\/fr\/calendario-2025-rallyclassics\/\" rel=\"\"><img decoding=\"async\" src=\"https:\/\/rallyclassics.club\/wp-content\/uploads\/2025\/01\/RC_Calendario2025_ES____-700x441.jpg\" alt=\"Nous presentons le calendrier 2025 de RallyClassics !\" \/><\/a>\n\t\t\t\t<\/li><\/ul>\n\t\t<\/div><h4><a href=\"https:\/\/rallyclassics.club\/fr\/calendario-2025-rallyclassics\/\">Nous presentons le calendrier 2025 de RallyClassics !<\/a><\/h4><ul class=\"meta\"><li><em class=\"date\">15 janvier, 2025<\/em><\/li><\/ul><p><div class=\"excerpt-container\"><p>Chez RallyClassics, nous avons d\u00e9j\u00e0 commenc\u00e9 la saison 2025, d\u00e9sireux de continuer \u00e0 offrir [&#8230;]<\/p>\n<\/div><\/p><\/article><\/div><\/section><\/div> <div class=\"title\"><h2>Patrocinadores del XV Rallye d\u2019Hivern-Criterium Viladrau<\/h2><div class=\"title-sep-container\"><div class=\"title-sep\"><\/div><\/div><\/div>\n<div class=\"related-posts related-projects clientslider-container\"><div id=\"carousel\" class=\"clients-carousel es-carousel-wrapper\"><div class=\"es-carousel\"><ul>\n<li><a href=\"#\" target=\"_self\"><img decoding=\"async\" src=\"\/wp-content\/uploads\/2014\/02\/logos_2_03.png\" alt=\"\" \/><\/a><\/li>\n<li><a href=\"#\" target=\"_self\"><img decoding=\"async\" src=\"\/wp-content\/uploads\/2014\/02\/logos_02.png\" alt=\"\" \/><\/a><\/li>\n<li><a href=\"#\" target=\"_self\"><img decoding=\"async\" src=\"\/wp-content\/uploads\/2014\/02\/logos_2_01.png\" alt=\"\" \/><\/a><\/li>\n<li><a href=\"#\" target=\"_self\"><img decoding=\"async\" src=\"\/wp-content\/uploads\/2014\/02\/logo_classiccover.jpg\" alt=\"\" \/><\/a><\/li>\n<\/ul><div class=\"es-nav\"><span class=\"es-nav-prev\">Previous<\/span><span class=\"es-nav-next\">Next<\/span><\/div><\/div><\/div><\/div>\n<div class=\"title\"><h2>Informaci\u00f3n del XV Rallye d\u2019Hivern-Criterium Viladrau<\/h2><div class=\"title-sep-container\"><div class=\"title-sep\"><\/div><\/div><\/div> El Rallye d&rsquo;Hivern llega a su decimotercera edici\u00f3n, siendo la prueba que inici\u00f3 la andadura de RallyClassics como club organizador, un 14 de diciembre de 2002. Salt fue sede del Hivern hasta que el rally se traslad\u00f3 dos a\u00f1os a Andorra (2010 y 2011), en busca del \u00ab\u00a0m\u00e1s dif\u00edcil todav\u00eda\u00a0\u00bb, para regresar a Viladrau, donde se han celebrado las tres \u00faltimas ediciones. En 2015 el Rallye d&rsquo;Hivern &#8211; Criterium Viladrau se celebrar\u00e1 el 17 de enero, siendo la primera prueba de regularidad del calendario. <\/p>","protected":false},"excerpt":{"rendered":"<p>Chez RallyClassics, nous avons d\u00e9j\u00e0 commenc\u00e9 la saison 2025, d\u00e9sireux de continuer \u00e0 offrir les meilleures exp\u00e9riences \u00e0 bord de v\u00e9hicules classiques. Apr\u00e8s le succ\u00e8s du r\u00e9cent XXI Rallye d&rsquo;Hivern, [&#8230;]<\/p>\n","protected":false},"author":2,"featured_media":0,"parent":0,"menu_order":0,"comment_status":"open","ping_status":"open","template":"","meta":{"om_disable_all_campaigns":false,"_monsterinsights_skip_tracking":false,"_monsterinsights_sitenote_active":false,"_monsterinsights_sitenote_note":"","_monsterinsights_sitenote_category":0,"footnotes":""},"class_list":["post-10019","page","type-page","status-publish","hentry"],"aioseo_notices":[],"_links":{"self":[{"href":"https:\/\/rallyclassics.club\/fr\/wp-json\/wp\/v2\/pages\/10019","targetHints":{"allow":["GET"]}}],"collection":[{"href":"https:\/\/rallyclassics.club\/fr\/wp-json\/wp\/v2\/pages"}],"about":[{"href":"https:\/\/rallyclassics.club\/fr\/wp-json\/wp\/v2\/types\/page"}],"author":[{"embeddable":true,"href":"https:\/\/rallyclassics.club\/fr\/wp-json\/wp\/v2\/users\/2"}],"replies":[{"embeddable":true,"href":"https:\/\/rallyclassics.club\/fr\/wp-json\/wp\/v2\/comments?post=10019"}],"version-history":[{"count":6,"href":"https:\/\/rallyclassics.club\/fr\/wp-json\/wp\/v2\/pages\/10019\/revisions"}],"predecessor-version":[{"id":10209,"href":"https:\/\/rallyclassics.club\/fr\/wp-json\/wp\/v2\/pages\/10019\/revisions\/10209"}],"wp:attachment":[{"href":"https:\/\/rallyclassics.club\/fr\/wp-json\/wp\/v2\/media?parent=10019"}],"curies":[{"name":"wp","href":"https:\/\/api.w.org\/{rel}","templated":true}]}}