{"id":10169,"date":"2016-11-20T13:40:23","date_gmt":"2016-11-20T11:40:23","guid":{"rendered":"https:\/\/www.rallyclassics.club\/xiii-rally-costa-brava-historic-copy\/"},"modified":"2017-04-07T15:18:15","modified_gmt":"2017-04-07T14:18:15","slug":"xiv-rally-costa-brava-historic","status":"publish","type":"page","link":"https:\/\/rallyclassics.club\/fr\/xiv-rally-costa-brava-historic\/","title":{"rendered":"XIV Rally Costa Brava Hist\u00f2ric"},"content":{"rendered":"<p><div class=\"title\"><h1>XIV Rally Costa Brava Hist\u00f2ric &#8211; 20-23\/4<\/h1><div class=\"title-sep-container\"><div class=\"title-sep\"><\/div><\/div><\/div><img loading=\"lazy\" decoding=\"async\" class=\"aligncenter size-full wp-image-2147\" src=\"\/wp-content\/uploads\/2016\/11\/xiv_rcbh_980x300.jpg\" alt=\"xiii_rcbh2015_980x300\" width=\"980\" height=\"300\" \/><\/p>\n<div class=\"title\"><h2>\u00daltimas Noticias del XIV Rally Costa Brava Hist\u00f2ric<\/h2><div class=\"title-sep-container\"><div class=\"title-sep\"><\/div><\/div><\/div> <div class=\"avada-container\"><section class=\"columns columns-2\" style=\"width:100%\"><div class=\"holder\"><article class=\"col\"><div class=\"flexslider floated-post-slideshow\"><ul class=\"slides\"><li>\n\t\t\t\t\t<a href=\"https:\/\/rallyclassics.club\/fr\/fortuny-jimenez-lancia-ganan-el-xiv-rally-costa-brava-historic\/\" rel=\"\"><img decoding=\"async\" src=\"https:\/\/rallyclassics.club\/wp-content\/uploads\/2017\/04\/Untitled-1-4.jpg\" alt=\"Victoire de Fortuny-Jim\u00e9nez (Lancia) sur le XIVe\u00a0Rally Costa Brava Hist\u00f2ric\" \/><\/a>\n\t\t\t\t<\/li><\/ul>\n\t\t<\/div><h4><a href=\"https:\/\/rallyclassics.club\/fr\/fortuny-jimenez-lancia-ganan-el-xiv-rally-costa-brava-historic\/\">Victoire de Fortuny-Jim\u00e9nez (Lancia) sur le XIVe\u00a0Rally Costa Brava Hist\u00f2ric<\/a><\/h4><ul class=\"meta\"><li><em class=\"date\">24 avril, 2017<\/em><\/li><\/ul><p><div class=\"excerpt-container\"><p>\u00b7Bagarre extraordinaire avec Mir\u00f3-Matavacas et Deflandre-Lienne (Porsche)<br \/>\n\u00b7Triomphe de Nubiola-Guardia chez les motos (Honda\/Yamaha)<br \/>\n\u00b7Victoire de [&#8230;]<\/p>\n<\/div><\/p><\/article><article class=\"col\"><div class=\"flexslider floated-post-slideshow\"><ul class=\"slides\"><li>\n\t\t\t\t\t<a href=\"https:\/\/rallyclassics.club\/fr\/coca-cola-sera-el-combustible-de-los-participantes\/\" rel=\"\"><img decoding=\"async\" src=\"https:\/\/rallyclassics.club\/wp-content\/uploads\/2017\/04\/cocacolablog.jpg\" alt=\"Coca-Cola se joint \u00e0 Palamos\" \/><\/a>\n\t\t\t\t<\/li><\/ul>\n\t\t<\/div><h4><a href=\"https:\/\/rallyclassics.club\/fr\/coca-cola-sera-el-combustible-de-los-participantes\/\">Coca-Cola se joint \u00e0 Palamos<\/a><\/h4><ul class=\"meta\"><li><em class=\"date\">19 avril, 2017<\/em><\/li><\/ul><p><div class=\"excerpt-container\"><p>Coca-Cola, les RallyClassics de la marque de boisson officielle, rafra\u00eechira les \u00e9quipes, les fans [&#8230;]<\/p>\n<\/div><\/p><\/article><\/div><\/section><\/div>\n<div class=\"title\"><h2>V\u00eddeo del XIII Rally Costa Brava Hist\u00f2ric<\/h2><div class=\"title-sep-container\"><div class=\"title-sep\"><\/div><\/div><\/div>\n<p><iframe loading=\"lazy\" src=\"https:\/\/www.youtube.com\/embed\/qDX6U7Lw-5M\" width=\"560\" height=\"315\" frameborder=\"0\" allowfullscreen=\"allowfullscreen\"><\/iframe><\/p>\n<div class=\"title\"><h2>Patrocinadores del XIV Rally Costa Brava Hist\u00f2ric<\/h2><div class=\"title-sep-container\"><div class=\"title-sep\"><\/div><\/div><\/div>\n<div class=\"related-posts related-projects clientslider-container\"><div id=\"carousel\" class=\"clients-carousel es-carousel-wrapper\"><div class=\"es-carousel\"><ul>\n<li><img decoding=\"async\" src=\"\/wp-content\/uploads\/2016\/11\/palamos-gastronomia.jpg\" alt=\"\" \/><\/li>\n<li><img decoding=\"async\" src=\"\/wp-content\/uploads\/2016\/11\/palamos.jpg\" alt=\"\" \/><\/li>\n<li><img decoding=\"async\" src=\"\/wp-content\/uploads\/2016\/11\/visit.jpg\" alt=\"\" \/><\/li>\n<li><img decoding=\"async\" src=\"\/wp-content\/uploads\/2014\/02\/logos_02.png\" alt=\"\" \/><\/li>\n<li><img decoding=\"async\" src=\"\/wp-content\/uploads\/2014\/02\/Untitled-3_02.png\" alt=\"\" \/><\/li>\n<li><img decoding=\"async\" src=\"\/images\/patrocinadores\/moritz.png\" alt=\"\" \/><\/li>\n<li><img decoding=\"async\" src=\"\/images\/patrocinadores\/sport.png\" alt=\"\" \/><\/li>\n<li><img decoding=\"async\" src=\"\/wp-content\/uploads\/2014\/02\/logos_2_01.png\" alt=\"\" \/><\/li>\n<li><img decoding=\"async\" src=\"\/wp-content\/uploads\/2015\/04\/logos_appsesor.png\" alt=\"\" \/><\/li>\n<li><img decoding=\"async\" src=\"\/wp-content\/uploads\/2014\/02\/logo_xternalia.jpg\" alt=\"\" \/><\/li>\n<li><img decoding=\"async\" src=\"\/wp-content\/uploads\/2014\/02\/logo_classiccover.jpg\" alt=\"\" \/><\/li>\n<li><img decoding=\"async\" src=\"\/wp-content\/uploads\/2014\/11\/logo_garatgeinternacional.jpg\" alt=\"\" \/><\/li>\n<li><img decoding=\"async\" src=\"\/wp-content\/uploads\/2016\/11\/logo-repeat.jpg\" alt=\"\" \/><\/li>\n<li><img decoding=\"async\" src=\"\/wp-content\/uploads\/2014\/02\/logo_nouonze.jpg\" alt=\"\" \/><\/li>\n<li><img decoding=\"async\" src=\"\/wp-content\/uploads\/2015\/03\/logo_suprametal.jpg\" alt=\"\" \/><\/li>\n<\/ul><div class=\"es-nav\"><span class=\"es-nav-prev\">Previous<\/span><span class=\"es-nav-next\">Next<\/span><\/div><\/div><\/div><\/div>\n<div class=\"title\"><h2>Informaci\u00f3n del XIV Rally Costa Brava Hist\u00f2ric<\/h2><div class=\"title-sep-container\"><div class=\"title-sep\"><\/div><\/div><\/div> El RALLY COSTA BRAVA HISTORIC celebrar\u00e1 su XIV edici\u00f3n en un nuevo escenario, la marinera villa de Palam\u00f3s, del 20 al 23 de abril. Puntuable para el FIA Regularity Trophy, el rally tendr\u00e1 su base en el Hotel Tr\u00edas, y las verificaciones t\u00e9cnicas se har\u00e1n en el puerto de La Marina de Palam\u00f3s. El recorrido ser\u00e1 de unos 1.000 kms y 30 tramos, y se iniciar\u00e1 en el podium del paseo Mar\u00edtimo de Palam\u00f3s, el viernes 21 de abril a las 15h30. La entrega de trofeos se har\u00e1 en el mismo podium, el dia de Sant Jordi, durante la ma\u00f1ana del domingo 23 de abril.<\/p>","protected":false},"excerpt":{"rendered":"<p>Coca-Cola, les RallyClassics de la marque de boisson officielle, rafra\u00eechira les \u00e9quipes, les fans et les supporters. Cette fois, l&rsquo;\u00e9v\u00e9nement aura lieu \u00e0 Palamos, sur 21,22 et 23 Avril \u00e0 [&#8230;]<\/p>\n","protected":false},"author":2,"featured_media":0,"parent":0,"menu_order":0,"comment_status":"open","ping_status":"open","template":"","meta":{"om_disable_all_campaigns":false,"_monsterinsights_skip_tracking":false,"_monsterinsights_sitenote_active":false,"_monsterinsights_sitenote_note":"","_monsterinsights_sitenote_category":0,"footnotes":""},"class_list":["post-10169","page","type-page","status-publish","hentry"],"aioseo_notices":[],"_links":{"self":[{"href":"https:\/\/rallyclassics.club\/fr\/wp-json\/wp\/v2\/pages\/10169","targetHints":{"allow":["GET"]}}],"collection":[{"href":"https:\/\/rallyclassics.club\/fr\/wp-json\/wp\/v2\/pages"}],"about":[{"href":"https:\/\/rallyclassics.club\/fr\/wp-json\/wp\/v2\/types\/page"}],"author":[{"embeddable":true,"href":"https:\/\/rallyclassics.club\/fr\/wp-json\/wp\/v2\/users\/2"}],"replies":[{"embeddable":true,"href":"https:\/\/rallyclassics.club\/fr\/wp-json\/wp\/v2\/comments?post=10169"}],"version-history":[{"count":15,"href":"https:\/\/rallyclassics.club\/fr\/wp-json\/wp\/v2\/pages\/10169\/revisions"}],"predecessor-version":[{"id":11687,"href":"https:\/\/rallyclassics.club\/fr\/wp-json\/wp\/v2\/pages\/10169\/revisions\/11687"}],"wp:attachment":[{"href":"https:\/\/rallyclassics.club\/fr\/wp-json\/wp\/v2\/media?parent=10169"}],"curies":[{"name":"wp","href":"https:\/\/api.w.org\/{rel}","templated":true}]}}