{"id":1099,"date":"2015-03-19T10:40:19","date_gmt":"2015-03-19T08:40:19","guid":{"rendered":"https:\/\/www.rallyclassics.club\/?page_id=1099"},"modified":"2026-04-01T16:40:31","modified_gmt":"2026-04-01T15:40:31","slug":"inicio","status":"publish","type":"page","link":"https:\/\/rallyclassics.club\/fr\/","title":{"rendered":"Accueil"},"content":{"rendered":"<p class=\"qtranxs-available-languages-message qtranxs-available-languages-message-fr\">D\u00e9sol\u00e9, cet article est seulement disponible en <a href=\"https:\/\/rallyclassics.club\/es\/wp-json\/wp\/v2\/pages\/1099\" class=\"qtranxs-available-language-link qtranxs-available-language-link-es\" title=\"Espa\u00f1ol\">Espa\u00f1ol<\/a>.<\/p>","protected":false},"excerpt":{"rendered":"<p>Ambas entidades impulsan la campa\u00f1a \u00abKil\u00f3metros por la vida\u00bb, que en su primera acci\u00f3n destinar\u00e1 los fondos recaudados a la mejora del equipamiento tecnol\u00f3gico y de las instalaciones de la [&#8230;]<\/p>\n","protected":false},"author":2,"featured_media":0,"parent":0,"menu_order":0,"comment_status":"closed","ping_status":"open","template":"full-width.php","meta":{"om_disable_all_campaigns":false,"_monsterinsights_skip_tracking":false,"_monsterinsights_sitenote_active":false,"_monsterinsights_sitenote_note":"","_monsterinsights_sitenote_category":0,"footnotes":""},"class_list":["post-1099","page","type-page","status-publish","hentry"],"aioseo_notices":[],"_links":{"self":[{"href":"https:\/\/rallyclassics.club\/fr\/wp-json\/wp\/v2\/pages\/1099","targetHints":{"allow":["GET"]}}],"collection":[{"href":"https:\/\/rallyclassics.club\/fr\/wp-json\/wp\/v2\/pages"}],"about":[{"href":"https:\/\/rallyclassics.club\/fr\/wp-json\/wp\/v2\/types\/page"}],"author":[{"embeddable":true,"href":"https:\/\/rallyclassics.club\/fr\/wp-json\/wp\/v2\/users\/2"}],"replies":[{"embeddable":true,"href":"https:\/\/rallyclassics.club\/fr\/wp-json\/wp\/v2\/comments?post=1099"}],"version-history":[{"count":776,"href":"https:\/\/rallyclassics.club\/fr\/wp-json\/wp\/v2\/pages\/1099\/revisions"}],"predecessor-version":[{"id":54608,"href":"https:\/\/rallyclassics.club\/fr\/wp-json\/wp\/v2\/pages\/1099\/revisions\/54608"}],"wp:attachment":[{"href":"https:\/\/rallyclassics.club\/fr\/wp-json\/wp\/v2\/media?parent=1099"}],"curies":[{"name":"wp","href":"https:\/\/api.w.org\/{rel}","templated":true}]}}