{"id":110,"date":"2014-02-13T09:17:00","date_gmt":"2014-02-13T09:17:00","guid":{"rendered":"https:\/\/www.rallyclassics.club\/rally-costa-brava-2\/"},"modified":"2019-11-08T09:48:56","modified_gmt":"2019-11-08T08:48:56","slug":"criterium-llafranc","status":"publish","type":"page","link":"https:\/\/rallyclassics.club\/fr\/criterium-llafranc\/","title":{"rendered":"Criterium Llafranc"},"content":{"rendered":"<p><div class=\"title\"><h1> V Criterium Llafranc &#8211; 17 Mayo<\/h1><div class=\"title-sep-container\"><div class=\"title-sep\"><\/div><\/div><\/div><a href=\"https:\/\/www.rallyclassics.club\/wp-content\/uploads\/2014\/02\/banner_cl.jpg\"><img loading=\"lazy\" decoding=\"async\" class=\"alignnone size-full wp-image-318\" src=\"https:\/\/www.rallyclassics.club\/wp-content\/uploads\/2014\/02\/banner_cl.jpg\" alt=\"banner_cl\" width=\"669\" height=\"294\" srcset=\"https:\/\/rallyclassics.club\/wp-content\/uploads\/2014\/02\/banner_cl.jpg 669w, https:\/\/rallyclassics.club\/wp-content\/uploads\/2014\/02\/banner_cl-300x131.jpg 300w\" sizes=\"auto, (max-width: 669px) 100vw, 669px\" \/><\/a><div class=\"title\"><h2>\u00daltimas Noticias del Criterium Llafranc<\/h2><div class=\"title-sep-container\"><div class=\"title-sep\"><\/div><\/div><\/div> <div class=\"avada-container\"><section class=\"columns columns-2\" style=\"width:100%\"><div class=\"holder\"><\/div><\/section><\/div> <div class=\"title\"><h2>Patrocinadores del Criterium Llafranc<\/h2><div class=\"title-sep-container\"><div class=\"title-sep\"><\/div><\/div><\/div> <div class=\"related-posts related-projects clientslider-container\"><div id=\"carousel\" class=\"clients-carousel es-carousel-wrapper\"><div class=\"es-carousel\"><ul><li><a href=\"http:\/\/www.nauticllafranc.net\/es\/\" target=\"_self\"><img decoding=\"async\" src=\"https:\/\/www.rallyclassics.club\/wp-content\/uploads\/2014\/02\/logo_cnllafranc.jpg\" alt=\"\" \/><\/a><\/li><li><a href=\"http:\/\/www.hllafranch.com\/inici.php\" target=\"_self\"><img decoding=\"async\" src=\"https:\/\/www.rallyclassics.club\/wp-content\/uploads\/2014\/02\/logo_hotelllafranc.jpg\" alt=\"\" \/><\/a><\/li><li><a href=\"http:\/\/www.blunikracing.com\/\" target=\"_self\"><img decoding=\"async\" src=\"https:\/\/www.rallyclassics.club\/wp-content\/uploads\/2014\/02\/logos_2_01.png\" alt=\"\" \/><\/a><\/li><li><a href=\"http:\/\/www20.gencat.cat\/portal\/site\/sge\/\" target=\"_self\"><img decoding=\"async\" src=\"https:\/\/www.rallyclassics.club\/wp-content\/uploads\/2014\/02\/logos_02.png\" alt=\"\" \/><\/a><\/li><\/ul><div class=\"es-nav\"><span class=\"es-nav-prev\">Previous<\/span><span class=\"es-nav-next\">Next<\/span><\/div><\/div><\/div><\/div> <div class=\"title\"><h2>Informaci\u00f3n del Criterium Llafranc<\/h2><div class=\"title-sep-container\"><div class=\"title-sep\"><\/div><\/div><\/div> El s\u00e1bado 17 de mayo, el puerto de LLafranc acoger\u00e1 el V Criterium LLafranc, reservado a 50 veh\u00edculos cl\u00e1sicos de gran belleza y calidad. Tradicionalmente los cl\u00e1sicos llenan de color la bella poblaci\u00f3n de la Costa Brava, en una jornada donde los participantes tratan de destacar sus veh\u00edculos en varias clasificaciones o apartados, como la elegancia, o la regularidad. A primera hora de la ma\u00f1ana, mientras los conductores desayunan, los coches quedan expuestos en el puerto de Llafranc, hasta el momento de tomar la salida para realizar una primera vuelta a un itinerario de cerca de 100 kms. Al mediod\u00eda hay una nueva oportunidad de contemplar las joyas rodantes en el \u00ab\u00a0parque cerrado\u00a0\u00bb del puerto, antes de la segunda vuelta que por la tarde deber\u00e1n repetir los equipos, tratando de calcar los horarios de paso a lo largo de todo el recorrido. Una entrega de trofeos amenizada con m\u00fasica en directo, servir\u00e1 para cerrar brillantemente el 5\u00ba aniversario de la f\u00f3rmula Criterium, que tanto \u00e9xito ha alcanzado en tan solo 4 ediciones.<\/p>","protected":false},"excerpt":{"rendered":"<p>El s\u00e1bado 17 de mayo, el puerto de LLafranc acoger\u00e1 el V Criterium LLafranc, reservado a 50 veh\u00edculos cl\u00e1sicos de gran belleza y calidad. Tradicionalmente los cl\u00e1sicos llenan de color [&#8230;]<\/p>\n","protected":false},"author":2,"featured_media":0,"parent":0,"menu_order":0,"comment_status":"open","ping_status":"open","template":"","meta":{"om_disable_all_campaigns":false,"_monsterinsights_skip_tracking":false,"_monsterinsights_sitenote_active":false,"_monsterinsights_sitenote_note":"","_monsterinsights_sitenote_category":0,"footnotes":""},"class_list":["post-110","page","type-page","status-publish","hentry"],"aioseo_notices":[],"_links":{"self":[{"href":"https:\/\/rallyclassics.club\/fr\/wp-json\/wp\/v2\/pages\/110","targetHints":{"allow":["GET"]}}],"collection":[{"href":"https:\/\/rallyclassics.club\/fr\/wp-json\/wp\/v2\/pages"}],"about":[{"href":"https:\/\/rallyclassics.club\/fr\/wp-json\/wp\/v2\/types\/page"}],"author":[{"embeddable":true,"href":"https:\/\/rallyclassics.club\/fr\/wp-json\/wp\/v2\/users\/2"}],"replies":[{"embeddable":true,"href":"https:\/\/rallyclassics.club\/fr\/wp-json\/wp\/v2\/comments?post=110"}],"version-history":[{"count":7,"href":"https:\/\/rallyclassics.club\/fr\/wp-json\/wp\/v2\/pages\/110\/revisions"}],"predecessor-version":[{"id":22112,"href":"https:\/\/rallyclassics.club\/fr\/wp-json\/wp\/v2\/pages\/110\/revisions\/22112"}],"wp:attachment":[{"href":"https:\/\/rallyclassics.club\/fr\/wp-json\/wp\/v2\/media?parent=110"}],"curies":[{"name":"wp","href":"https:\/\/api.w.org\/{rel}","templated":true}]}}