{"id":11051,"date":"2017-02-14T21:14:40","date_gmt":"2017-02-14T19:14:40","guid":{"rendered":"https:\/\/www.rallyclassics.club\/classic-series-2016-copy\/"},"modified":"2017-11-14T18:42:12","modified_gmt":"2017-11-14T17:42:12","slug":"porsche-classic-series-2017","status":"publish","type":"page","link":"https:\/\/rallyclassics.club\/fr\/porsche-classic-series-2017\/","title":{"rendered":"Porsche Classic Series 2017"},"content":{"rendered":"<p><div class=\"title\"><h1>Porsche Classic Series 2017<\/h1><div class=\"title-sep-container\"><div class=\"title-sep\"><\/div><\/div><\/div><img loading=\"lazy\" decoding=\"async\" class=\"alignnone size-full wp-image-301\" src=\"\/wp-content\/uploads\/2017\/02\/cs2017_980x300-1.jpg\" alt=\"ClassicSeries2017\" width=\"1687\" height=\"1181\" \/><\/p>\n<div class=\"title\"><h2>Pruebas de las Porsche Classic Series 2017:<\/h2><div class=\"title-sep-container\"><div class=\"title-sep\"><\/div><\/div><\/div>\n<p><a href=\"porsche-classic-series-2017-5\"><img loading=\"lazy\" decoding=\"async\" class=\"aligncenter wp-image-12237 size-full\" src=\"\/wp-content\/uploads\/2017\/02\/proves-cs-5.png\" alt=\"\" width=\"700\" height=\"200\" \/><\/a><\/p>\n<div class=\"title\"><h2>RallyClassics TV:<\/h2><div class=\"title-sep-container\"><div class=\"title-sep\"><\/div><\/div><\/div>\n<iframe loading=\"lazy\" width=\"560\" height=\"315\" src=\"https:\/\/www.youtube.com\/embed\/iRN7hbN5EuE\" frameborder=\"0\" allowfullscreen><\/iframe><\/p>\n<div class=\"title\"><h2>\u00daltimas Noticias de las Porsche Classic Series 2017<\/h2><div class=\"title-sep-container\"><div class=\"title-sep\"><\/div><\/div><\/div> <div class=\"avada-container\"><section class=\"columns columns-2\" style=\"width:100%\"><div class=\"holder\"><article class=\"col\"><div class=\"flexslider floated-post-slideshow\"><ul class=\"slides\"><li>\n\t\t\t\t\t<a href=\"https:\/\/rallyclassics.club\/fr\/chopard-reloj-oficial-de-las-porsche-classic-series\/\" rel=\"\"><img decoding=\"async\" src=\"https:\/\/rallyclassics.club\/wp-content\/uploads\/2017\/09\/86B53677-AAEF-4CD3-A5CA-69E2C7027F87-700x441.jpg\" alt=\"Chopard, montre officielle des Porsche Classic series\" \/><\/a>\n\t\t\t\t<\/li><li>\n\t\t\t\t\t<a href=\"https:\/\/rallyclassics.club\/fr\/chopard-reloj-oficial-de-las-porsche-classic-series\/\" rel=\"\"><img decoding=\"async\" src=\"https:\/\/rallyclassics.club\/wp-content\/uploads\/2017\/09\/F411CB18-AD70-4CD3-8077-416813B77085-683x441.jpg\" alt=\"\" \/><\/a>\n\t\t\t\t<\/li><\/ul>\n\t\t<\/div><h4><a href=\"https:\/\/rallyclassics.club\/fr\/chopard-reloj-oficial-de-las-porsche-classic-series\/\">Chopard, montre officielle des Porsche Classic series<\/a><\/h4><ul class=\"meta\"><li><em class=\"date\">6 septembre, 2017<\/em><\/li><\/ul><p><div class=\"excerpt-container\"><p>Chopard, partenaire des Porsche Classic Series, apportera 2 montres Mille Miglia (avec une valeur [&#8230;]<\/p>\n<\/div><\/p><\/article><article class=\"col\"><div class=\"flexslider floated-post-slideshow\"><ul class=\"slides\"><li>\n\t\t\t\t\t<a href=\"https:\/\/rallyclassics.club\/fr\/3-horas-de-calafat-vuelven-las-porsche-classic-series\/\" rel=\"\"><img decoding=\"async\" src=\"https:\/\/rallyclassics.club\/wp-content\/uploads\/2017\/02\/RO006593-700x441.jpg\" alt=\"3 heures de Calafat, aux Porsche Classic Series\" \/><\/a>\n\t\t\t\t<\/li><\/ul>\n\t\t<\/div><h4><a href=\"https:\/\/rallyclassics.club\/fr\/3-horas-de-calafat-vuelven-las-porsche-classic-series\/\">3 heures de Calafat, aux Porsche Classic Series<\/a><\/h4><ul class=\"meta\"><li><em class=\"date\">28 ao\u00fbt, 2017<\/em><\/li><\/ul><p><div class=\"excerpt-container\"><p>R\u00e9sistance-R\u00e9gularit\u00e9 retourne au circuit Calafat le 16 Septembre apr\u00e8s la pause d&rsquo;\u00e9t\u00e9, \u00e0 l&rsquo;occasion [&#8230;]<\/p>\n<\/div><\/p><\/article><\/div><\/section><\/div> <div class=\"title\"><h2>Patrocinadores de las Porsche Classic Series 2017<\/h2><div class=\"title-sep-container\"><div class=\"title-sep\"><\/div><\/div><\/div> <div class=\"related-posts related-projects clientslider-container\"><div id=\"carousel\" class=\"clients-carousel es-carousel-wrapper\"><div class=\"es-carousel\"><ul><li><a href=\"http:\/\/www.porsche-barcelona.com\/\" target=\"_self\"><img decoding=\"async\" src=\"\/wp-content\/uploads\/2017\/02\/logo-centro-porsche.jpg\" alt=\"\" \/><\/a><\/li><li><a href=\"http:\/\/www.porsche.com\/spain\/\" target=\"_self\"><img decoding=\"async\" src=\"\/wp-content\/uploads\/2017\/02\/logo-porsche.jpg\" alt=\"\" \/><\/a><\/li><li><a href=\"http:\/\/www.porsche-design.com\/en\/Men\/Eyewear\/\" target=\"_self\"><img decoding=\"async\" src=\"\/wp-content\/uploads\/2017\/02\/logo-porsche-eyewear.jpg\" alt=\"\" \/><\/a><\/li><li><a href=\"https:\/\/www.chopard.es\/\" target=\"_self\"><img decoding=\"async\" src=\"\/wp-content\/uploads\/2017\/02\/logo-chopard.jpg\" alt=\"\" \/><\/a><\/li><\/ul><div class=\"es-nav\"><span class=\"es-nav-prev\">Previous<\/span><span class=\"es-nav-next\">Next<\/span><\/div><\/div><\/div><\/div>\n<img loading=\"lazy\" decoding=\"async\" class=\"aligncenter size-large wp-image-5809\" src=\"\/wp-content\/uploads\/2017\/02\/logos-cs2017-1-1.jpg\" alt=\"Logos_770x100-1024x133\" width=\"669\" height=\"87\" \/><br \/>\n<div class=\"title\"><h2>Informaci\u00f3n de las Porsche Classic Series 2017<\/h2><div class=\"title-sep-container\"><div class=\"title-sep\"><\/div><\/div><\/div>\n<p>Las Porsche Classic Series 2017 son un certamen de 5 pruebas de Regularidad en Circuito, que se celebra en 4 trazados catalanes, y en el que participan motos cl\u00e1sicas y coches cl\u00e1sicos. RallyClassics lleva organizando las Classic Series desde el a\u00f1o 2004, inspir\u00e1ndose en los 100 Tours franceses, con un gran \u00e9xito de participaci\u00f3n desde que se juntaron en la misma jornada los coches y las motos, creando un ambiente m\u00e1gico y retro muy valorado por los participantes y los visitantes.<\/p>","protected":false},"excerpt":{"rendered":"<p>R\u00e9sistance-R\u00e9gularit\u00e9 retourne au circuit Calafat le 16 Septembre apr\u00e8s la pause d&rsquo;\u00e9t\u00e9, \u00e0 l&rsquo;occasion des Porsche Classic Series. Les voitures vont faire 3 heures d&rsquo;affil\u00e9e (sans donner les temps de [&#8230;]<\/p>\n","protected":false},"author":2,"featured_media":0,"parent":0,"menu_order":0,"comment_status":"closed","ping_status":"closed","template":"","meta":{"om_disable_all_campaigns":false,"_monsterinsights_skip_tracking":false,"_monsterinsights_sitenote_active":false,"_monsterinsights_sitenote_note":"","_monsterinsights_sitenote_category":0,"footnotes":""},"class_list":["post-11051","page","type-page","status-publish","hentry"],"aioseo_notices":[],"_links":{"self":[{"href":"https:\/\/rallyclassics.club\/fr\/wp-json\/wp\/v2\/pages\/11051","targetHints":{"allow":["GET"]}}],"collection":[{"href":"https:\/\/rallyclassics.club\/fr\/wp-json\/wp\/v2\/pages"}],"about":[{"href":"https:\/\/rallyclassics.club\/fr\/wp-json\/wp\/v2\/types\/page"}],"author":[{"embeddable":true,"href":"https:\/\/rallyclassics.club\/fr\/wp-json\/wp\/v2\/users\/2"}],"replies":[{"embeddable":true,"href":"https:\/\/rallyclassics.club\/fr\/wp-json\/wp\/v2\/comments?post=11051"}],"version-history":[{"count":26,"href":"https:\/\/rallyclassics.club\/fr\/wp-json\/wp\/v2\/pages\/11051\/revisions"}],"predecessor-version":[{"id":13327,"href":"https:\/\/rallyclassics.club\/fr\/wp-json\/wp\/v2\/pages\/11051\/revisions\/13327"}],"wp:attachment":[{"href":"https:\/\/rallyclassics.club\/fr\/wp-json\/wp\/v2\/media?parent=11051"}],"curies":[{"name":"wp","href":"https:\/\/api.w.org\/{rel}","templated":true}]}}