{"id":11067,"date":"2017-02-14T21:47:33","date_gmt":"2017-02-14T19:47:33","guid":{"rendered":"https:\/\/www.rallyclassics.club\/porsche-classic-series-2017\/porsche-classic-series-2017-1-copy\/"},"modified":"2017-02-21T23:50:11","modified_gmt":"2017-02-21T21:50:11","slug":"porsche-classic-series-2017-2","status":"publish","type":"page","link":"https:\/\/rallyclassics.club\/fr\/porsche-classic-series-2017\/porsche-classic-series-2017-2\/","title":{"rendered":"Porsche Classic Series 2017 &#8211; Parcmotor- 13\/5\/2017"},"content":{"rendered":"<div class=\"title\"><h1>Porsche Classic Series 2017 &#8211; Parcmotor<\/h1><div class=\"title-sep-container\"><div class=\"title-sep\"><\/div><\/div><\/div>\n<img loading=\"lazy\" decoding=\"async\" class=\"aligncenter size-full wp-image-7181\" src=\"\/wp-content\/uploads\/2017\/02\/cs2017_980x300-1.jpg\" alt=\"cs2016_980x300\" width=\"980\" height=\"300\" \/><br \/>\n<center><br \/>\n<div class=\"title\"><h1>Vivelas Online<\/h1><div class=\"title-sep-container\"><div class=\"title-sep\"><\/div><\/div><\/div>\n<div class=\"one_half\">\n<a class=\"button-1 button large default\" title=\"\" href=\"http:\/\/crono.rallyclassics.net\/Default2.aspx\" target=\"_self\">Vuelta a Vuelta<\/a>\n<\/div>\n<div class=\"one_half last\">\n<a class=\"button-2 button large default\" title=\"\" href=\"http:\/\/crono.rallyclassics.net\/Default3.aspx\" target=\"_self\">Clasificacion General<\/a>\n<\/div><div class=\"clearboth\"><\/div>\n<\/center><br \/>\n&nbsp;<br \/>\n<br \/>\n<div class=\"title\"><h2>\u00daltimas Noticias de las Porsche Classic Series 2017<\/h2><div class=\"title-sep-container\"><div class=\"title-sep\"><\/div><\/div><\/div> <div class=\"avada-container\"><section class=\"columns columns-2\" style=\"width:100%\"><div class=\"holder\"><article class=\"col\"><div class=\"flexslider floated-post-slideshow\"><ul class=\"slides\"><li>\n\t\t\t\t\t<a href=\"https:\/\/rallyclassics.club\/fr\/calendario-classic-series-2026-y-motoclassic-series-2026\/\" rel=\"\"><img decoding=\"async\" src=\"https:\/\/rallyclassics.club\/wp-content\/uploads\/2026\/02\/CS2026_v3_-700x441.jpg\" alt=\"Calendrier des Classic Series 2026 et MotoClassic Series 2026\" \/><\/a>\n\t\t\t\t<\/li><\/ul>\n\t\t<\/div><h4><a href=\"https:\/\/rallyclassics.club\/fr\/calendario-classic-series-2026-y-motoclassic-series-2026\/\">Calendrier des Classic Series 2026 et MotoClassic Series 2026<\/a><\/h4><ul class=\"meta\"><li><em class=\"date\">16 f\u00e9vrier, 2026<\/em><\/li><\/ul><p><div class=\"excerpt-container\"><p>D\u00e9couvrez la 20e saison des Classic Series !<\/p>\n<p>2026 est une ann\u00e9e anniversaire avec 5 [&#8230;]<\/p>\n<\/div><\/p><\/article><article class=\"col\"><div class=\"flexslider floated-post-slideshow\"><ul class=\"slides\"><li>\n\t\t\t\t\t<a href=\"https:\/\/rallyclassics.club\/fr\/presentamos-calendario-2026-rallyclassics\/\" rel=\"\"><img decoding=\"async\" src=\"https:\/\/rallyclassics.club\/wp-content\/uploads\/2025\/12\/RallyClassics_Calendario_2026_ESP_-700x441.jpg\" alt=\"Nous presentons le calendrier 2026 de RallyClassics !\" \/><\/a>\n\t\t\t\t<\/li><\/ul>\n\t\t<\/div><h4><a href=\"https:\/\/rallyclassics.club\/fr\/presentamos-calendario-2026-rallyclassics\/\">Nous presentons le calendrier 2026 de RallyClassics !<\/a><\/h4><ul class=\"meta\"><li><em class=\"date\">27 d\u00e9cembre, 2025<\/em><\/li><\/ul><p><div class=\"excerpt-container\"><p>Chez RallyClassics, nous avons d\u00e9j\u00e0 entam\u00e9 les pr\u00e9paratifs de la saison 2026 avec le [&#8230;]<\/p>\n<\/div><\/p><\/article><\/div><\/section><\/div> <div class=\"title\"><h2>Patrocinadores de las Porsche Classic Series 2017<\/h2><div class=\"title-sep-container\"><div class=\"title-sep\"><\/div><\/div><\/div> <div class=\"related-posts related-projects clientslider-container\"><div id=\"carousel\" class=\"clients-carousel es-carousel-wrapper\"><div class=\"es-carousel\"><ul><li><a href=\"http:\/\/www.porsche.com\/spain\/\" target=\"_self\"><img decoding=\"async\" src=\"\/wp-content\/uploads\/2017\/02\/logo-porsche.jpg\" alt=\"\" \/><\/a><\/li><\/ul><div class=\"es-nav\"><span class=\"es-nav-prev\">Previous<\/span><span class=\"es-nav-next\">Next<\/span><\/div><\/div><\/div><\/div>\n<img loading=\"lazy\" decoding=\"async\" src=\"\/wp-content\/uploads\/2017\/02\/logos-cs2017-1.jpg\" alt=\"Logos_770x100-1024x133\" width=\"669\" height=\"87\" class=\"aligncenter size-large wp-image-5809\" \/><br \/>\n<div class=\"title\"><h2>Informaci\u00f3n de las Porsche Classic Series 2017<\/h2><div class=\"title-sep-container\"><div class=\"title-sep\"><\/div><\/div><\/div>\n<p>Las Porsche Classic Series 2017 son un certamen de 5 pruebas de Regularidad en Circuito, que se celebra en 4 trazados catalanes, y en el que participan motos cl\u00e1sicas y coches cl\u00e1sicos. RallyClassics lleva organizando las Classic Series desde el a\u00f1o 2004, inspir\u00e1ndose en los 100 Tours franceses, con un gran \u00e9xito de participaci\u00f3n desde que se juntaron en la misma jornada los coches y las motos, creando un ambiente m\u00e1gico y retro muy valorado por los participantes y los visitantes.<\/p>\n","protected":false},"excerpt":{"rendered":"<p>Chez RallyClassics, nous avons d\u00e9j\u00e0 entam\u00e9 les pr\u00e9paratifs de la saison 2026 avec le m\u00eame enthousiasme qu&rsquo;\u00e0 l&rsquo;accoutum\u00e9e et avec l&rsquo;objectif de continuer \u00e0 vous offrir des exp\u00e9riences uniques \u00e0 [&#8230;]<\/p>\n","protected":false},"author":2,"featured_media":0,"parent":11051,"menu_order":0,"comment_status":"open","ping_status":"open","template":"","meta":{"om_disable_all_campaigns":false,"_monsterinsights_skip_tracking":false,"_monsterinsights_sitenote_active":false,"_monsterinsights_sitenote_note":"","_monsterinsights_sitenote_category":0,"footnotes":""},"class_list":["post-11067","page","type-page","status-publish","hentry"],"aioseo_notices":[],"_links":{"self":[{"href":"https:\/\/rallyclassics.club\/fr\/wp-json\/wp\/v2\/pages\/11067","targetHints":{"allow":["GET"]}}],"collection":[{"href":"https:\/\/rallyclassics.club\/fr\/wp-json\/wp\/v2\/pages"}],"about":[{"href":"https:\/\/rallyclassics.club\/fr\/wp-json\/wp\/v2\/types\/page"}],"author":[{"embeddable":true,"href":"https:\/\/rallyclassics.club\/fr\/wp-json\/wp\/v2\/users\/2"}],"replies":[{"embeddable":true,"href":"https:\/\/rallyclassics.club\/fr\/wp-json\/wp\/v2\/comments?post=11067"}],"version-history":[{"count":4,"href":"https:\/\/rallyclassics.club\/fr\/wp-json\/wp\/v2\/pages\/11067\/revisions"}],"predecessor-version":[{"id":11176,"href":"https:\/\/rallyclassics.club\/fr\/wp-json\/wp\/v2\/pages\/11067\/revisions\/11176"}],"up":[{"embeddable":true,"href":"https:\/\/rallyclassics.club\/fr\/wp-json\/wp\/v2\/pages\/11051"}],"wp:attachment":[{"href":"https:\/\/rallyclassics.club\/fr\/wp-json\/wp\/v2\/media?parent=11067"}],"curies":[{"name":"wp","href":"https:\/\/api.w.org\/{rel}","templated":true}]}}