{"id":12924,"date":"2017-09-05T20:21:19","date_gmt":"2017-09-05T19:21:19","guid":{"rendered":"https:\/\/www.rallyclassics.club\/65-rally-costa-brava-copy\/"},"modified":"2018-03-17T10:52:10","modified_gmt":"2018-03-17T09:52:10","slug":"66-rally-moritz-costa-brava","status":"publish","type":"page","link":"https:\/\/rallyclassics.club\/fr\/66-rally-moritz-costa-brava\/","title":{"rendered":"66 Rally Moritz Costa Brava"},"content":{"rendered":"<p><div class=\"title\"><h1>66 Rally Moritz Costa Brava 16\/17-03<\/h1><div class=\"title-sep-container\"><div class=\"title-sep\"><\/div><\/div><\/div><img loading=\"lazy\" decoding=\"async\" class=\"alignnone size-full wp-image-308\" src=\"\/wp-content\/uploads\/2017\/10\/66rcb_980x300.jpg\" alt=\"62rcb980x380\" width=\"980\" height=\"380\" \/><\/p>\n<div class=\"title\"><h2>Derni\u00e8res nouvelles<\/h2><div class=\"title-sep-container\"><div class=\"title-sep\"><\/div><\/div><\/div> <div class=\"avada-container\"><section class=\"columns columns-2\" style=\"width:100%\"><div class=\"holder\"><article class=\"col\"><div class=\"flexslider floated-post-slideshow\"><ul class=\"slides\"><li>\n\t\t\t\t\t<a href=\"https:\/\/rallyclassics.club\/fr\/ya-hay-fecha-para-el-rally-mas-antiguo-del-pais\/\" rel=\"\"><img decoding=\"async\" src=\"https:\/\/rallyclassics.club\/wp-content\/uploads\/2018\/09\/P5A7928-700x441.jpg\" alt=\"On conna\u00eet la date du plus vieux rallye d\u2019Espagne\" \/><\/a>\n\t\t\t\t<\/li><\/ul>\n\t\t<\/div><h4><a href=\"https:\/\/rallyclassics.club\/fr\/ya-hay-fecha-para-el-rally-mas-antiguo-del-pais\/\">On conna\u00eet la date du plus vieux rallye d\u2019Espagne<\/a><\/h4><ul class=\"meta\"><li><em class=\"date\">5 septembre, 2018<\/em><\/li><\/ul><p><div class=\"excerpt-container\"><p>La 67e\u00a0\u00e9dition du Rally Moritz Costa Brava aura lieu les 15 et 16\u00a0mars 2019.<\/p>\n<p>L\u2019\u00e9v\u00e9nement [&#8230;]<\/p>\n<\/div><\/p><\/article><article class=\"col\"><div class=\"flexslider floated-post-slideshow\"><ul class=\"slides\"><li>\n\t\t\t\t\t<a href=\"https:\/\/rallyclassics.club\/fr\/album-fotografico-66-rally-moritz-costa-brava\/\" rel=\"\"><img decoding=\"async\" src=\"https:\/\/rallyclassics.club\/wp-content\/uploads\/2018\/03\/Albums-700x441.png\" alt=\"Album photo du 66e\u00a0Rally Moritz Costa Brava\" \/><\/a>\n\t\t\t\t<\/li><\/ul>\n\t\t<\/div><h4><a href=\"https:\/\/rallyclassics.club\/fr\/album-fotografico-66-rally-moritz-costa-brava\/\">Album photo du 66e\u00a0Rally Moritz Costa Brava<\/a><\/h4><ul class=\"meta\"><li><em class=\"date\">23 mars, 2018<\/em><\/li><\/ul><p><div class=\"excerpt-container\"><p>Apr\u00e8s cette \u00e9dition historique du Rally Costa Brava, nous avons cru indispensable de proposer [&#8230;]<\/p>\n<\/div><\/p><\/article><\/div><\/section><\/div>\n<div class=\"title\"><h2>Resultados en Vivo<\/h2><div class=\"title-sep-container\"><div class=\"title-sep\"><\/div><\/div><\/div>\n<img decoding=\"async\" src=\"https:\/\/www.rallyclassics.club\/wp-content\/uploads\/2018\/03\/66rcb_980x100_liveresults2.gif\"  alt=\"\"  data-bgposition=\"center top\" data-bgfit=\"cover\" data-bgrepeat=\"no-repeat\"><br \/>\n<div class=\"one_half\">\n<div class=\"title\"><h2>REGULARIDAD<\/h2><div class=\"title-sep-container\"><div class=\"title-sep\"><\/div><\/div><\/div>\n<p style=\"text-align: center;\"><a class=\"button-13 button large default\" title=\"\" href=\"https:\/\/www.blunik.com\/spa\/p\/news\/new\/actualidad\/66-rally-moritz-costa-brava-results-rfeda-a.htm\" target=\"_blank\">Cpto.Espa\u00f1a Regularidad Sport<\/a>\n<p style=\"text-align: center;\"><a class=\"button-14 button large default\" title=\"\" href=\"https:\/\/www.blunik.com\/spa\/p\/news\/new\/actualidad\/66-rally-moritz-costa-brava-results-rfeda-b.htm\" target=\"_blank\">Cpto. Espa\u00f1a Regularidad<\/a>\n<p style=\"text-align: center;\"><a class=\"button-15 button large default\" title=\"\" href=\"https:\/\/www.blunik.com\/spa\/p\/news\/new\/actualidad\/66-rally-moritz-costa-brava-results-fca-a.htm\" target=\"_blank\">C. Catalunya Regularitat Super Sport<\/a>\n<p style=\"text-align: center;\"><a class=\"button-16 button large default\" title=\"\" href=\"https:\/\/www.blunik.com\/spa\/p\/news\/new\/actualidad\/66-rally-moritz-costa-brava-results-fca-b.htm\" target=\"_blank\">C. Catalunya Regularitat Sport<\/a>\n<\/div>\n<div class=\"one_half last\">\n<div class=\"title\"><h2>VELOCIDAD<\/h2><div class=\"title-sep-container\"><div class=\"title-sep\"><\/div><\/div><\/div>\n<p style=\"text-align: center;\"><a class=\"button-17 button large default\" title=\"\" href=\"https:\/\/www.atodomotor.com\/online\/2018\/costabrava\/\" target=\"_blank\">RESULTADOS VELOCIDAD<\/a>\n<\/div><div class=\"clearboth\"><\/div>\n<div class=\"title\"><h2>Partners<\/h2><div class=\"title-sep-container\"><div class=\"title-sep\"><\/div><\/div><\/div>\n<div class=\"related-posts related-projects clientslider-container\"><div id=\"carousel\" class=\"clients-carousel es-carousel-wrapper\"><div class=\"es-carousel\"><ul>\n<li><img decoding=\"async\" src=\"\/wp-content\/uploads\/2016\/11\/logo-michelin.png\" alt=\"\" \/><\/li>\n<li><img decoding=\"async\" src=\"\/wp-content\/uploads\/2014\/02\/Untitled-3_01.png\" alt=\"\" \/><\/li>\n<li><img decoding=\"async\" src=\"\/wp-content\/uploads\/2014\/02\/Untitled-3_02.png\" alt=\"\" \/><\/li>\n<li><img decoding=\"async\" src=\"\/wp-content\/uploads\/2014\/02\/logos_02.png\" alt=\"\" \/><\/li>\n<li><img decoding=\"async\" src=\"\/wp-content\/uploads\/2014\/02\/seat.png\" alt=\"\" \/><\/li>\n<li><img decoding=\"async\" src=\"\/images\/patrocinadores\/moritz.png\" alt=\"\" \/><\/li>\n<li><img decoding=\"async\" src=\"\/images\/patrocinadores\/ultonia.png\" alt=\"\" \/><\/li>\n<li><img decoding=\"async\" src=\"\/images\/patrocinadores\/blunik.png\" alt=\"\" \/><\/li>\n<li><img decoding=\"async\" src=\"\/images\/patrocinadores\/sport.png\" alt=\"\" \/><\/li>\n<li><img decoding=\"async\" src=\"\/wp-content\/uploads\/2016\/11\/autohebdo.jpg\" alt=\"\" \/><\/li>\n<li><img decoding=\"async\" src=\"\/images\/patrocinadores\/garatgeinternacional.jpg\" alt=\"\" \/><\/li>\n<li><img decoding=\"async\" src=\"\/wp-content\/uploads\/2016\/11\/logo-repeat.jpg\" alt=\"\" \/><\/li>\n<li><img decoding=\"async\" src=\"\/images\/patrocinadores\/nouonze.jpg\" alt=\"\" \/><\/li>\n<li><img decoding=\"async\" src=\"\/images\/patrocinadores\/classiccover.jpg\" alt=\"\" \/><\/li>\n<li><img decoding=\"async\" src=\"\/images\/patrocinadores\/xternalia.jpg\" alt=\"\" \/><\/li>\n<li><img decoding=\"async\" src=\"\/images\/patrocinadores\/appsesor.png\" alt=\"\" \/><\/li>\n<li><img decoding=\"async\" src=\"\/images\/patrocinadores\/suprametal.jpg\" alt=\"\" \/><\/li>\n<li><img decoding=\"async\" src=\"\/wp-content\/uploads\/2016\/11\/logo-proauto.jpg\" alt=\"\" \/><\/li>\n<\/ul><div class=\"es-nav\"><span class=\"es-nav-prev\">Previous<\/span><span class=\"es-nav-next\">Next<\/span><\/div><\/div><\/div><\/div>\n<div class=\"title\"><h2>RallyClassicsTV<\/h2><div class=\"title-sep-container\"><div class=\"title-sep\"><\/div><\/div><\/div>\n<iframe loading=\"lazy\" src=\"https:\/\/www.youtube.com\/embed\/uLRvzLJzR54\" width=\"560\" height=\"315\" frameborder=\"0\" allowfullscreen=\"allowfullscreen\"><\/iframe><\/p>\n<div class=\"title\"><h2>Descripci\u00f3n<\/h2><div class=\"title-sep-container\"><div class=\"title-sep\"><\/div><\/div><\/div> El Rally Costa Brava FIA es el m\u00e1s antiguo de Espa\u00f1a, y el que m\u00e1s pasiones levanta, por su historia, y por la emoci\u00f3n con la que lo viven los equipos nacionales y extranjeros. Puntuable para el Europeo de Rallyes Hist\u00f3ricos, el Rally Costa Brava FIA re\u00fane cada a\u00f1o un centenar de equipos con magn\u00edficas m\u00e1quinas de las mejores \u00e9pocas del Europeo.<\/p>","protected":false},"excerpt":{"rendered":"<p>Apr\u00e8s cette \u00e9dition historique du Rally Costa Brava, nous avons cru indispensable de proposer un album apr\u00e8s-rallye, permettant de profiter de tous les clich\u00e9s des photographes qui collaborent pour que [&#8230;]<\/p>\n","protected":false},"author":2,"featured_media":0,"parent":0,"menu_order":0,"comment_status":"open","ping_status":"open","template":"","meta":{"om_disable_all_campaigns":false,"_monsterinsights_skip_tracking":false,"_monsterinsights_sitenote_active":false,"_monsterinsights_sitenote_note":"","_monsterinsights_sitenote_category":0,"footnotes":""},"class_list":["post-12924","page","type-page","status-publish","hentry"],"aioseo_notices":[],"_links":{"self":[{"href":"https:\/\/rallyclassics.club\/fr\/wp-json\/wp\/v2\/pages\/12924","targetHints":{"allow":["GET"]}}],"collection":[{"href":"https:\/\/rallyclassics.club\/fr\/wp-json\/wp\/v2\/pages"}],"about":[{"href":"https:\/\/rallyclassics.club\/fr\/wp-json\/wp\/v2\/types\/page"}],"author":[{"embeddable":true,"href":"https:\/\/rallyclassics.club\/fr\/wp-json\/wp\/v2\/users\/2"}],"replies":[{"embeddable":true,"href":"https:\/\/rallyclassics.club\/fr\/wp-json\/wp\/v2\/comments?post=12924"}],"version-history":[{"count":36,"href":"https:\/\/rallyclassics.club\/fr\/wp-json\/wp\/v2\/pages\/12924\/revisions"}],"predecessor-version":[{"id":14182,"href":"https:\/\/rallyclassics.club\/fr\/wp-json\/wp\/v2\/pages\/12924\/revisions\/14182"}],"wp:attachment":[{"href":"https:\/\/rallyclassics.club\/fr\/wp-json\/wp\/v2\/media?parent=12924"}],"curies":[{"name":"wp","href":"https:\/\/api.w.org\/{rel}","templated":true}]}}