{"id":1332,"date":"2014-09-17T11:46:02","date_gmt":"2014-09-17T09:46:02","guid":{"rendered":"https:\/\/www.rallyclassics.club\/?page_id=1332"},"modified":"2014-12-16T13:01:45","modified_gmt":"2014-12-16T11:01:45","slug":"proves","status":"publish","type":"page","link":"https:\/\/rallyclassics.club\/fr\/proves\/","title":{"rendered":"\u00c9preuves"},"content":{"rendered":"<p><div class=\"one_third\">\n<p><center><a href=\"classic-series\"><img loading=\"lazy\" decoding=\"async\" class=\"alignnone size-full wp-image-296\" src=\"\/wp-content\/uploads\/2014\/04\/placabmwcs.jpg\" alt=\"placabmwcs\" width=\"156\" height=\"113\" \/><\/p>\n<h2 style=\"text-align: center;\">BMW Classic Series 2014<\/h2>\n<a class=\"button-9 button large default\" title=\"\" href=\"classic-series\" target=\"_self\">20\/9\/2014<\/a><\/center><\/a><\/p>\n<p>En 10 ans d\u2019existence, les BMW CLASSIC SERIES sont devenues le meilleur concours de r\u00e9gularit\u00e9 sur circuit pour motos et voitures classiques. Les 5 rendez-vous programm\u00e9s en 2014 s\u2019ach\u00e8veront dans une grande finale sur le circuit de Barcelone-Catalogne.<\/p>\n<\/div>\n<div class=\"one_third\">\n<p><center><a href=\"rally-costa-brava-historic\"><img decoding=\"async\" src=\"\/images\/placas\/placarcbc.jpg\" alt=\"\" \/><\/p>\n<h2 style=\"text-align: center;\">Rally Costa Brava Hist\u00f2ric<\/h2>\n<a class=\"button-10 button large default\" title=\"\" href=\"rally-costa-brava-historic\" target=\"_self\">2-5\/10\/2014<\/a><\/center><\/a><\/p>\n<p>Le RALLY COSTA BRAVA Hist\u00f2ric, bas\u00e9 \u00e0 Lloret de Mar, est une des meilleures \u00e9preuves de r\u00e9gularit\u00e9 sur route ouverte en Europe. Du 2 au 5 octobre, ce grand rendez-vous mettra une nouvelle fois \u00e0 l\u2019honneur les plus belles routes et le meilleur de la gastronomie de la Costa Brava et de la Catalogne. Le parcours de presque 1 500 km sur 4 jours est \u00e0 la port\u00e9e de tous les amateurs.<\/p>\n<\/div>\n<div class=\"one_third last\">\n<p><center><a href=\"rallye-hivern-viladrau\"><img decoding=\"async\" src=\"https:\/\/www.rallyclassics.club\/images\/placas\/placarh.jpg\" alt=\"\" \/><\/p>\n<h2 style=\"text-align: center;\">Rallye d&rsquo;Hivern de Viladrau<\/h2>\n<a class=\"button-11 button large default\" title=\"\" href=\"rallye-hivern-viladrau\" target=\"_self\">17\/1\/2015<\/a><\/center><\/a><\/p>\n<p>Viladrau accueillera de nouveau le RALLYE D\u2019HIVERN, pour sa treizi\u00e8me \u00e9dition. Ce joli village du Montseny nous offre des paysages et des parcours d\u2019une grande beaut\u00e9. Le rallye, comportant beaucoup de pilotage nocturne, fera du village de Viladrau une superbe \u00ab cr\u00e8che \u00bb pour les participants et le public \u00e0 chaque passage des v\u00e9hicules.<\/p>\n<\/div><div class=\"clearboth\"><\/div>\n<hr>\n<div class=\"one_third\">\n<p><center><a href=\"rally-costa-brava\"><img decoding=\"async\" src=\"\/images\/placas\/placarcb.jpg\" alt=\"\" \/><\/p>\n<h2 style=\"text-align: center;\">Rally Costa Brava<\/h2>\n<a class=\"button-12 button large default\" title=\"\" href=\"rally-costa-brava\" target=\"_self\">13-14\/3\/2015<\/a><\/center><\/a><\/p>\n<p>Le RALLY COSTA BRAVA-FIA est le plus ancien d\u2019Espagne, et compte, avec le coefficient maximum, pour le Championnat d\u2019Europe de v\u00e9hicules historiques en cat\u00e9gories vitesse et r\u00e9gularit\u00e9, le Championnat d\u2019Espagne et le Championnat de Catalogne. Passant par Lloret de Mar et G\u00e9rone, cette \u00e9preuve mythique est l\u2019une des plus importantes en Europe.<\/p>\n<\/div>\n<div class=\"one_third\">\n<p><center><a href=\"volta-catalunya\"><img decoding=\"async\" src=\"\/images\/placas\/placavc.jpg\" alt=\"\" \/><\/p>\n<h2 style=\"text-align: center;\">Volta Catalunya<\/h2>\n<a class=\"button-13 button large default\" title=\"\" href=\"volta-catalunya\" target=\"_self\">Mayo 2015<\/a><\/center><\/a><\/p>\n<p>La XXXe \u00e9dition de la VOLTA CATALUNYA sera accueillie par le village de LL\u00cdVIA. Cette \u00e9preuve itin\u00e9rante est limit\u00e9e \u00e0 25 v\u00e9hicules et vise surtout \u00e0 promouvoir le tourisme et la gastronomie. Le reste est constitu\u00e9 de petits tron\u00e7ons de r\u00e9gularit\u00e9 riches en \u00e9motions pour les privil\u00e9gi\u00e9s ayant la chance d\u2019y participer.<\/p>\n<\/div>\n<div class=\"one_third last\">\n<p><center><a href=\"criterium-llafranc\"><img decoding=\"async\" class=\"aligncenter\" src=\"\/images\/placas\/placacl.jpg\" alt=\"\" \/><\/p>\n<h2 style=\"text-align: center;\">Criterium Llafranc<\/h2>\n<a class=\"button-14 button large default\" title=\"\" href=\"criterium-llafranc\" target=\"_self\">Mayo 2015<\/a><\/center><\/a><\/p>\n<p>La 5e \u00e9dition du Criterium Llafranc, limit\u00e9e \u00e0 50 v\u00e9hicules classiques exclusifs, sera constitu\u00e9e de deux tours d\u2019une boucle de 85 km dans l\u2019Empord\u00e0. Le port de Llafranc deviendra pour la 5e ann\u00e9e cons\u00e9cutive un superbe \u00ab parc ferm\u00e9 \u00bb m\u00e9ritant une visite afin de voir de plus pr\u00e8s ces bijoux du XXe si\u00e8cle.<\/p>\n<\/div><div class=\"clearboth\"><\/div>\n<hr>\n<div class=\"one_third\">\n<p><center><a href=\"no-limits-motor-tour\"><img decoding=\"async\" src=\"https:\/\/www.rallyclassics.club\/images\/placas\/placanl.jpg\" alt=\"\" \/><\/p>\n<h2 style=\"text-align: center;\">No Limits Motor Tour 2015<\/h2>\n<a class=\"button-15 button large default\" title=\"\" href=\"no-limits-motor-tour\" target=\"_self\">Por Confirmar<\/a><\/center><\/a><\/p>\n<p>Une nouvelle \u00e9preuve d\u2019orientation et de strat\u00e9gie amusante voit le jour \u00e0 Barcelone. L\u2019\u00e9v\u00e9nement est ouvert aux personnes pr\u00e9sentant un handicap physique aptes \u00e0 conduire et \u00e0 celles qui disposent de v\u00e9hicules \u00e9cologiques. Le NO LIMITS MOTOR TOUR aura son village sur le Moll de Marina (\u00e0 c\u00f4t\u00e9 des tours Mapfre et de l\u2019h\u00f4tel Arts) samedi 31 mai.<\/p>\n<\/div>\n<div class=\"one_third\">\n<p><center><a href=\"tour-nautico-costa-brava\"><img decoding=\"async\" src=\"https:\/\/www.rallyclassics.club\/images\/placas\/placarcbnautic.jpg\" alt=\"\" \/><\/p>\n<h2 style=\"text-align: center;\">Tour N\u00e1utico Costa Brava<\/h2>\n<a class=\"button-16 button large default\" title=\"\" href=\"tour-nautico-costa-brava\" target=\"_self\">Por Confirmar<\/a><\/center><\/a><\/p>\n<p>Le Tour N\u00e1utico Costa Brava comprend 4 \u00e9preuves d\u2019orientation au d\u00e9part de 4 ports catalans de la Costa Brava. L\u2019\u00e9preuve est ouverte \u00e0 tous types d\u2019embarcations de plaisance. RallyClassics cherche \u00e0 promouvoir la pratique de la navigation chez les jeunes g\u00e9n\u00e9rations et \u00e0 faire d\u00e9couvrir des paysages de la Costa Brava en se servant d\u2019amers, de caps et de rel\u00e8vements..<\/p>\n<\/div>\n<div class=\"one_third\"><\/div><\/p>","protected":false},"excerpt":{"rendered":"","protected":false},"author":2,"featured_media":0,"parent":0,"menu_order":0,"comment_status":"closed","ping_status":"open","template":"full-width.php","meta":{"om_disable_all_campaigns":false,"_monsterinsights_skip_tracking":false,"_monsterinsights_sitenote_active":false,"_monsterinsights_sitenote_note":"","_monsterinsights_sitenote_category":0,"footnotes":""},"class_list":["post-1332","page","type-page","status-publish","hentry"],"aioseo_notices":[],"_links":{"self":[{"href":"https:\/\/rallyclassics.club\/fr\/wp-json\/wp\/v2\/pages\/1332","targetHints":{"allow":["GET"]}}],"collection":[{"href":"https:\/\/rallyclassics.club\/fr\/wp-json\/wp\/v2\/pages"}],"about":[{"href":"https:\/\/rallyclassics.club\/fr\/wp-json\/wp\/v2\/types\/page"}],"author":[{"embeddable":true,"href":"https:\/\/rallyclassics.club\/fr\/wp-json\/wp\/v2\/users\/2"}],"replies":[{"embeddable":true,"href":"https:\/\/rallyclassics.club\/fr\/wp-json\/wp\/v2\/comments?post=1332"}],"version-history":[{"count":3,"href":"https:\/\/rallyclassics.club\/fr\/wp-json\/wp\/v2\/pages\/1332\/revisions"}],"predecessor-version":[{"id":1851,"href":"https:\/\/rallyclassics.club\/fr\/wp-json\/wp\/v2\/pages\/1332\/revisions\/1851"}],"wp:attachment":[{"href":"https:\/\/rallyclassics.club\/fr\/wp-json\/wp\/v2\/media?parent=1332"}],"curies":[{"name":"wp","href":"https:\/\/api.w.org\/{rel}","templated":true}]}}