{"id":13791,"date":"2018-01-18T17:17:31","date_gmt":"2018-01-18T16:17:31","guid":{"rendered":"https:\/\/www.rallyclassics.club\/?page_id=13791"},"modified":"2018-06-08T15:49:45","modified_gmt":"2018-06-08T14:49:45","slug":"porsche-classic-series-2018-1","status":"publish","type":"page","link":"https:\/\/rallyclassics.club\/fr\/porsche-classic-series-2018-1\/","title":{"rendered":"Porsche Classic Series 2018 &#8211; Calafat &#8211; 7\/4\/2018"},"content":{"rendered":"<p><div class=\"title\"><h1>Porsche Classic Series 2018 &#8211; Calafat<\/h1><div class=\"title-sep-container\"><div class=\"title-sep\"><\/div><\/div><\/div>\n<img loading=\"lazy\" decoding=\"async\" class=\"aligncenter size-full wp-image-7181\" src=\"\/wp-content\/uploads\/2018\/03\/cs2018_980x300.jpg\" alt=\"cs2016_980x300\" width=\"980\" height=\"300\" \/><br \/>\n<div class=\"title\"><h2>Rallyclassics TV<\/h2><div class=\"title-sep-container\"><div class=\"title-sep\"><\/div><\/div><\/div>\n<iframe loading=\"lazy\" width=\"560\" height=\"315\" src=\"https:\/\/www.youtube.com\/embed\/7fJBoZierfA\" frameborder=\"0\" allow=\"autoplay; encrypted-media\" allowfullscreen><\/iframe><br \/>\n<center><br \/>\n<div class=\"title\"><h1>Vivez-les en ligne<\/h1><div class=\"title-sep-container\"><div class=\"title-sep\"><\/div><\/div><\/div>\n<div class=\"one_half\">\n<a class=\"button-5 button large default\" title=\"\" href=\"http:\/\/crono.rallyclassics.net\/Default2.aspx\" target=\"_self\">Tour par tour<\/a>\n<\/div>\n<div class=\"one_half last\">\n<a class=\"button-6 button large default\" title=\"\" href=\"http:\/\/crono.rallyclassics.net\/Default3.aspx\" target=\"_self\">Classement g\u00e9n\u00e9ral<\/a>\n<\/div><div class=\"clearboth\"><\/div>\n<\/center><br \/>\n&nbsp;<br \/>\n<br \/>\n<div class=\"title\"><h2>Actualit\u00e9s des Porsche Classic Series 2018<\/h2><div class=\"title-sep-container\"><div class=\"title-sep\"><\/div><\/div><\/div> <div class=\"avada-container\"><section class=\"columns columns-2\" style=\"width:100%\"><div class=\"holder\"><article class=\"col\"><div class=\"flexslider floated-post-slideshow\"><ul class=\"slides\"><li>\n\t\t\t\t\t<a href=\"https:\/\/rallyclassics.club\/fr\/calendario-classic-series-2026-y-motoclassic-series-2026\/\" rel=\"\"><img decoding=\"async\" src=\"https:\/\/rallyclassics.club\/wp-content\/uploads\/2026\/02\/CS2026_v3_-700x441.jpg\" alt=\"Calendrier des Classic Series 2026 et MotoClassic Series 2026\" \/><\/a>\n\t\t\t\t<\/li><\/ul>\n\t\t<\/div><h4><a href=\"https:\/\/rallyclassics.club\/fr\/calendario-classic-series-2026-y-motoclassic-series-2026\/\">Calendrier des Classic Series 2026 et MotoClassic Series 2026<\/a><\/h4><ul class=\"meta\"><li><em class=\"date\">16 f\u00e9vrier, 2026<\/em><\/li><\/ul><p><div class=\"excerpt-container\"><p>D\u00e9couvrez la 20e saison des Classic Series !<\/p>\n<p>2026 est une ann\u00e9e anniversaire avec 5 [&#8230;]<\/p>\n<\/div><\/p><\/article><article class=\"col\"><div class=\"flexslider floated-post-slideshow\"><ul class=\"slides\"><li>\n\t\t\t\t\t<a href=\"https:\/\/rallyclassics.club\/fr\/presentamos-calendario-2026-rallyclassics\/\" rel=\"\"><img decoding=\"async\" src=\"https:\/\/rallyclassics.club\/wp-content\/uploads\/2025\/12\/RallyClassics_Calendario_2026_ESP_-700x441.jpg\" alt=\"Nous presentons le calendrier 2026 de RallyClassics !\" \/><\/a>\n\t\t\t\t<\/li><\/ul>\n\t\t<\/div><h4><a href=\"https:\/\/rallyclassics.club\/fr\/presentamos-calendario-2026-rallyclassics\/\">Nous presentons le calendrier 2026 de RallyClassics !<\/a><\/h4><ul class=\"meta\"><li><em class=\"date\">27 d\u00e9cembre, 2025<\/em><\/li><\/ul><p><div class=\"excerpt-container\"><p>Chez RallyClassics, nous avons d\u00e9j\u00e0 entam\u00e9 les pr\u00e9paratifs de la saison 2026 avec le [&#8230;]<\/p>\n<\/div><\/p><\/article><\/div><\/section><\/div>\n<div class=\"title\"><h2>Partenaires des Porsche Classic Series 2018<\/h2><div class=\"title-sep-container\"><div class=\"title-sep\"><\/div><\/div><\/div>\n<div class=\"related-posts related-projects clientslider-container\"><div id=\"carousel\" class=\"clients-carousel es-carousel-wrapper\"><div class=\"es-carousel\"><ul>\n<li><a href=\"http:\/\/www.porsche-barcelona.com\/\" target=\"_self\"><img decoding=\"async\" src=\"\/wp-content\/uploads\/2017\/02\/logo-centro-porsche.jpg\" alt=\"\" \/><\/a><\/li>\n<li><a href=\"https:\/\/www.chopard.es\/\" target=\"_self\"><img decoding=\"async\" src=\"\/wp-content\/uploads\/2017\/02\/logo-chopard.jpg\" alt=\"\" \/><\/a><\/li>\n<li><a href=\"http:\/\/www.porsche.com\/spain\/\" target=\"_self\"><img decoding=\"async\" src=\"\/wp-content\/uploads\/2017\/02\/logo-porsche.jpg\" alt=\"\" \/><\/a><\/li>\n<li><a href=\"http:\/\/www.porsche-design.com\/en\/Men\/Eyewear\/\" target=\"_self\"><img decoding=\"async\" src=\"\/wp-content\/uploads\/2017\/02\/logo-porsche-eyewear.jpg\" alt=\"\" \/><\/a><\/li>\n<\/ul><div class=\"es-nav\"><span class=\"es-nav-prev\">Previous<\/span><span class=\"es-nav-next\">Next<\/span><\/div><\/div><\/div><\/div>\n<p><img loading=\"lazy\" decoding=\"async\" class=\"aligncenter size-large wp-image-5809\" src=\"\/wp-content\/uploads\/2018\/01\/logos-cs2018.jpg\" alt=\"Logos_770x100-1024x133\" width=\"669\" height=\"87\" \/><br \/>\n<div class=\"title\"><h2>Informations sur les Porsche Classic Series 2018<\/h2><div class=\"title-sep-container\"><div class=\"title-sep\"><\/div><\/div><\/div>\n<p>Les Porsche Classic Series sont devenues le meilleur concours de r\u00e9gularit\u00e9 sur circuit pour les motos et voitures classiques d\u2019exception. Les 5\u00a0rendez-vous programm\u00e9s en 2018 s\u2019ach\u00e8veront par une grande finale sur le circuit de Barcelone-Catalogne. La foule et l\u2019ambiance familiale seront de mise sur le paddock, \u00e0 l\u2019occasion de journ\u00e9es caract\u00e9ris\u00e9es par le fair-play et la qualit\u00e9 des v\u00e9hicules. Avec une histoire de 15\u00a0ans en Catalogne, les Classic Series sont en plein essor, avec une grille de d\u00e9part qui ne d\u00e9semplit pas. C\u2019est la meilleure porte d\u2019entr\u00e9e des amateurs de courses automobiles. Il s\u2019agit de 5\u00a0\u00e9preuves de r\u00e9gularit\u00e9 sur circuit, sur v\u00e9hicules classiques, destin\u00e9es aux amateurs et aux anciens pilotes, avec comme priorit\u00e9 la s\u00e9curit\u00e9 et le respect des autres participants et de leurs v\u00e9hicules.<\/p>","protected":false},"excerpt":{"rendered":"<p>Chez RallyClassics, nous avons d\u00e9j\u00e0 entam\u00e9 les pr\u00e9paratifs de la saison 2026 avec le m\u00eame enthousiasme qu&rsquo;\u00e0 l&rsquo;accoutum\u00e9e et avec l&rsquo;objectif de continuer \u00e0 vous offrir des exp\u00e9riences uniques \u00e0 [&#8230;]<\/p>\n","protected":false},"author":9192197,"featured_media":0,"parent":0,"menu_order":0,"comment_status":"closed","ping_status":"closed","template":"","meta":{"om_disable_all_campaigns":false,"_monsterinsights_skip_tracking":false,"_monsterinsights_sitenote_active":false,"_monsterinsights_sitenote_note":"","_monsterinsights_sitenote_category":0,"footnotes":""},"class_list":["post-13791","page","type-page","status-publish","hentry"],"aioseo_notices":[],"_links":{"self":[{"href":"https:\/\/rallyclassics.club\/fr\/wp-json\/wp\/v2\/pages\/13791","targetHints":{"allow":["GET"]}}],"collection":[{"href":"https:\/\/rallyclassics.club\/fr\/wp-json\/wp\/v2\/pages"}],"about":[{"href":"https:\/\/rallyclassics.club\/fr\/wp-json\/wp\/v2\/types\/page"}],"author":[{"embeddable":true,"href":"https:\/\/rallyclassics.club\/fr\/wp-json\/wp\/v2\/users\/9192197"}],"replies":[{"embeddable":true,"href":"https:\/\/rallyclassics.club\/fr\/wp-json\/wp\/v2\/comments?post=13791"}],"version-history":[{"count":10,"href":"https:\/\/rallyclassics.club\/fr\/wp-json\/wp\/v2\/pages\/13791\/revisions"}],"predecessor-version":[{"id":15914,"href":"https:\/\/rallyclassics.club\/fr\/wp-json\/wp\/v2\/pages\/13791\/revisions\/15914"}],"wp:attachment":[{"href":"https:\/\/rallyclassics.club\/fr\/wp-json\/wp\/v2\/media?parent=13791"}],"curies":[{"name":"wp","href":"https:\/\/api.w.org\/{rel}","templated":true}]}}