{"id":15093,"date":"2018-04-04T18:04:39","date_gmt":"2018-04-04T17:04:39","guid":{"rendered":"https:\/\/www.rallyclassics.club\/?page_id=15093"},"modified":"2018-04-09T15:25:58","modified_gmt":"2018-04-09T14:25:58","slug":"4t-classic-car-festival","status":"publish","type":"page","link":"https:\/\/rallyclassics.club\/fr\/4t-classic-car-festival\/","title":{"rendered":"4t Classic Car Festival"},"content":{"rendered":"<p><div class=\"title\"><h1>4t Classic Car Festival<\/h1><div class=\"title-sep-container\"><div class=\"title-sep\"><\/div><\/div><\/div><img loading=\"lazy\" decoding=\"async\" src=\"\/wp-content\/uploads\/2018\/04\/4_CCF_980x300.jpg\" alt=\"xxxii_volta_980x300\" width=\"980\" height=\"300\" class=\"aligncenter size-full wp-image-5746\" \/>&nbsp;<\/p>\n<div class=\"title\"><h2>\u00daltimas Noticias del 4t Classic Car Festival<\/h2><div class=\"title-sep-container\"><div class=\"title-sep\"><\/div><\/div><\/div> <div class=\"avada-container\"><section class=\"columns columns-2\" style=\"width:100%\"><div class=\"holder\"><article class=\"col\"><div class=\"flexslider floated-post-slideshow\"><ul class=\"slides\"><li>\n\t\t\t\t\t<a href=\"https:\/\/rallyclassics.club\/fr\/chopard-gentlemen-rally-un-nuevo-evento-con-mucha-clase\/\" rel=\"\"><img decoding=\"async\" src=\"https:\/\/rallyclassics.club\/wp-content\/uploads\/2018\/05\/1c5fdf12-4b3f-4753-90f6-48a179c5a286-1-700x441.jpg\" alt=\"Chopard Gentlemen Rally\u00a0: un nouvel \u00e9v\u00e9nement avec beaucoup de classe\" \/><\/a>\n\t\t\t\t<\/li><\/ul>\n\t\t<\/div><h4><a href=\"https:\/\/rallyclassics.club\/fr\/chopard-gentlemen-rally-un-nuevo-evento-con-mucha-clase\/\">Chopard Gentlemen Rally\u00a0: un nouvel \u00e9v\u00e9nement avec beaucoup de classe<\/a><\/h4><ul class=\"meta\"><li><em class=\"date\">27 mai, 2018<\/em><\/li><\/ul><p><div class=\"excerpt-container\"><p>Ce week-end est n\u00e9 un \u00e9v\u00e9nement exceptionnel, gr\u00e2ce \u00e0 Chopard et aux partenaires Centro [&#8230;]<\/p>\n<\/div><\/p><\/article><article class=\"col\"><div class=\"flexslider floated-post-slideshow\"><ul class=\"slides\"><li>\n\t\t\t\t\t<a href=\"https:\/\/rallyclassics.club\/fr\/15765-2\/\" rel=\"\"><img decoding=\"async\" src=\"https:\/\/rallyclassics.club\/wp-content\/uploads\/2018\/05\/62fb4acc-6e07-4696-964f-e30d3e0d4d23-700x441.jpg\" alt=\"Le divertissement continue avec la deuxi\u00e8me \u00e9tape du Chopard Gentlemen Rally\" \/><\/a>\n\t\t\t\t<\/li><\/ul>\n\t\t<\/div><h4><a href=\"https:\/\/rallyclassics.club\/fr\/15765-2\/\">Le divertissement continue avec la deuxi\u00e8me \u00e9tape du Chopard Gentlemen Rally<\/a><\/h4><ul class=\"meta\"><li><em class=\"date\">26 mai, 2018<\/em><\/li><\/ul><p><div class=\"excerpt-container\"><p>Apr\u00e8s un magnifique petit-d\u00e9jeuner avec vue sur la mer \u00e0 l\u2019h\u00f4tel Santa Marta, les [&#8230;]<\/p>\n<\/div><\/p><\/article><\/div><\/section><\/div>\n<div class=\"title\"><h2>Informaci\u00f3n del 4t Classic Car Festival<\/h2><div class=\"title-sep-container\"><div class=\"title-sep\"><\/div><\/div><\/div>\nEl Classic Car Festival es una iniciativa de 4 clubs de cl\u00e1sicos, que despu\u00e9s de 3 ediciones con \u00e9xito creciente, pasa el testigo a RallyClassics. Se trata de una jornada abierta a 100 veh\u00edculos hist\u00f3ricos y cl\u00e1sicos (hasta el a\u00f1o 1975), con un desayuno, dos rutas con roadbook, una comida campestre, y una placa de recuerdo para cada veh\u00edculo participante. El punto de encuentro ser\u00e1 en el Monasterio de Sant Benet de Bages, donde se acreditar\u00e1n los participantes para entrar al desayuno y briefing del evento. Las dos rutas (76 kms para los Hist\u00f3ricos, y 115 kms para los Cl\u00e1sicos) tendr\u00e1n un roadbook, que termina de nuevo en Sant Benet. En el prado del monasterio se har\u00e1 la foto de familia y la comida campestre, amenizada con suave y agradable m\u00fasica en directo.<\/p>","protected":false},"excerpt":{"rendered":"<p>Apr\u00e8s un magnifique petit-d\u00e9jeuner avec vue sur la mer \u00e0 l\u2019h\u00f4tel Santa Marta, les participants du Chopard Gentlemen Rally entament la deuxi\u00e8me \u00e9tape. Aujourd\u2019hui, nous visitons le mus\u00e9e Claret, o\u00f9 [&#8230;]<\/p>\n","protected":false},"author":9192197,"featured_media":0,"parent":0,"menu_order":0,"comment_status":"closed","ping_status":"closed","template":"","meta":{"om_disable_all_campaigns":false,"_monsterinsights_skip_tracking":false,"_monsterinsights_sitenote_active":false,"_monsterinsights_sitenote_note":"","_monsterinsights_sitenote_category":0,"footnotes":""},"class_list":["post-15093","page","type-page","status-publish","hentry"],"aioseo_notices":[],"_links":{"self":[{"href":"https:\/\/rallyclassics.club\/fr\/wp-json\/wp\/v2\/pages\/15093","targetHints":{"allow":["GET"]}}],"collection":[{"href":"https:\/\/rallyclassics.club\/fr\/wp-json\/wp\/v2\/pages"}],"about":[{"href":"https:\/\/rallyclassics.club\/fr\/wp-json\/wp\/v2\/types\/page"}],"author":[{"embeddable":true,"href":"https:\/\/rallyclassics.club\/fr\/wp-json\/wp\/v2\/users\/9192197"}],"replies":[{"embeddable":true,"href":"https:\/\/rallyclassics.club\/fr\/wp-json\/wp\/v2\/comments?post=15093"}],"version-history":[{"count":11,"href":"https:\/\/rallyclassics.club\/fr\/wp-json\/wp\/v2\/pages\/15093\/revisions"}],"predecessor-version":[{"id":15183,"href":"https:\/\/rallyclassics.club\/fr\/wp-json\/wp\/v2\/pages\/15093\/revisions\/15183"}],"wp:attachment":[{"href":"https:\/\/rallyclassics.club\/fr\/wp-json\/wp\/v2\/media?parent=15093"}],"curies":[{"name":"wp","href":"https:\/\/api.w.org\/{rel}","templated":true}]}}