{"id":15239,"date":"2018-04-12T12:46:35","date_gmt":"2018-04-12T11:46:35","guid":{"rendered":"https:\/\/www.rallyclassics.club\/?page_id=15239"},"modified":"2018-04-13T08:41:25","modified_gmt":"2018-04-13T07:41:25","slug":"2h-endurlarity","status":"publish","type":"page","link":"https:\/\/rallyclassics.club\/fr\/2h-endurlarity\/","title":{"rendered":"2H EndurLarity"},"content":{"rendered":"<div class=\"title\"><h1>2H ENDURLARITY 12\/05<\/h1><div class=\"title-sep-container\"><div class=\"title-sep\"><\/div><\/div><\/div><img loading=\"lazy\" decoding=\"async\" class=\"alignnone size-full wp-image-301\" src=\"https:\/\/www.rallyclassics.club\/wp-content\/uploads\/2018\/04\/2h_endurlarity2018_980x300.jpg\" alt=\"ClassicSeries2018\" width=\"1687\" height=\"1181\" \/><\/p>\n<div class=\"title\"><h2>\u00daltimas Noticias de las 2H EndurLarity<\/h2><div class=\"title-sep-container\"><div class=\"title-sep\"><\/div><\/div><\/div>\n<div class=\"avada-container\"><section class=\"columns columns-2\" style=\"width:100%\"><div class=\"holder\"><article class=\"col\"><div class=\"flexslider floated-post-slideshow\"><ul class=\"slides\"><li>\n\t\t\t\t\t<a href=\"https:\/\/rallyclassics.club\/fr\/llegan-las-6h-endurlarity-by-rallyclassics-el-16-de-noviembre-en-parcmotor\/\" rel=\"\"><img decoding=\"async\" src=\"https:\/\/rallyclassics.club\/wp-content\/uploads\/2019\/10\/unnamed-3-700x441.jpg\" alt=\"Les 6h EndurLarity by RallyClassics arrivent le 16 novembre \u00e0 Parcmotor\" \/><\/a>\n\t\t\t\t<\/li><\/ul>\n\t\t<\/div><h4><a href=\"https:\/\/rallyclassics.club\/fr\/llegan-las-6h-endurlarity-by-rallyclassics-el-16-de-noviembre-en-parcmotor\/\">Les 6h EndurLarity by RallyClassics arrivent le 16 novembre \u00e0 Parcmotor<\/a><\/h4><ul class=\"meta\"><li><em class=\"date\">28 octobre, 2019<\/em><\/li><\/ul><p><div class=\"excerpt-container\"><p>Apr\u00e8s la fin des Porsche Classic Series, nous effectuons un arr\u00eat au box avant [&#8230;]<\/p>\n<\/div><\/p><\/article><article class=\"col\"><div class=\"flexslider floated-post-slideshow\"><ul class=\"slides\"><li>\n\t\t\t\t\t<a href=\"https:\/\/rallyclassics.club\/fr\/se-acerca-endurlarity\/\" rel=\"\"><img decoding=\"async\" src=\"https:\/\/rallyclassics.club\/wp-content\/uploads\/2019\/10\/00001977.90-700x441.jpg\" alt=\"#Endurlarity\u00a0: c&rsquo;est pour bient\u00f4t\" \/><\/a>\n\t\t\t\t<\/li><\/ul>\n\t\t<\/div><h4><a href=\"https:\/\/rallyclassics.club\/fr\/se-acerca-endurlarity\/\">#Endurlarity\u00a0: c&rsquo;est pour bient\u00f4t<\/a><\/h4><ul class=\"meta\"><li><em class=\"date\">16 octobre, 2019<\/em><\/li><\/ul><p><div class=\"excerpt-container\"><p>Plus qu&rsquo;un mois avant l&rsquo;#Endurlarity, une \u00e9preuve innovante et originale qui r\u00e9unit r\u00e9gularit\u00e9 et [&#8230;]<\/p>\n<\/div><\/p><\/article><\/div><\/section><\/div>\n<div class=\"title\"><h2>Informaci\u00f3n de las 2H EndurLarity<\/h2><div class=\"title-sep-container\"><div class=\"title-sep\"><\/div><\/div><\/div>\n","protected":false},"excerpt":{"rendered":"<p>Plus qu&rsquo;un mois avant l&rsquo;#Endurlarity, une \u00e9preuve innovante et originale qui r\u00e9unit r\u00e9gularit\u00e9 et endurance sur circuit. Rel\u00e8verez-vous le d\u00e9fi ? \u23f1 6 h d&rsquo;ENDURance+reguLARITY=EndurLarity ?\u00a016 novembre ? Circuit Parcmotor [&#8230;]<\/p>\n","protected":false},"author":9192197,"featured_media":0,"parent":0,"menu_order":0,"comment_status":"closed","ping_status":"closed","template":"","meta":{"om_disable_all_campaigns":false,"_monsterinsights_skip_tracking":false,"_monsterinsights_sitenote_active":false,"_monsterinsights_sitenote_note":"","_monsterinsights_sitenote_category":0,"footnotes":""},"class_list":["post-15239","page","type-page","status-publish","hentry"],"aioseo_notices":[],"_links":{"self":[{"href":"https:\/\/rallyclassics.club\/fr\/wp-json\/wp\/v2\/pages\/15239","targetHints":{"allow":["GET"]}}],"collection":[{"href":"https:\/\/rallyclassics.club\/fr\/wp-json\/wp\/v2\/pages"}],"about":[{"href":"https:\/\/rallyclassics.club\/fr\/wp-json\/wp\/v2\/types\/page"}],"author":[{"embeddable":true,"href":"https:\/\/rallyclassics.club\/fr\/wp-json\/wp\/v2\/users\/9192197"}],"replies":[{"embeddable":true,"href":"https:\/\/rallyclassics.club\/fr\/wp-json\/wp\/v2\/comments?post=15239"}],"version-history":[{"count":2,"href":"https:\/\/rallyclassics.club\/fr\/wp-json\/wp\/v2\/pages\/15239\/revisions"}],"predecessor-version":[{"id":15259,"href":"https:\/\/rallyclassics.club\/fr\/wp-json\/wp\/v2\/pages\/15239\/revisions\/15259"}],"wp:attachment":[{"href":"https:\/\/rallyclassics.club\/fr\/wp-json\/wp\/v2\/media?parent=15239"}],"curies":[{"name":"wp","href":"https:\/\/api.w.org\/{rel}","templated":true}]}}