{"id":15948,"date":"2018-06-21T15:20:21","date_gmt":"2018-06-21T14:20:21","guid":{"rendered":"https:\/\/www.rallyclassics.club\/no-limits-motor-tour-2017-copy\/"},"modified":"2018-09-19T15:57:27","modified_gmt":"2018-09-19T14:57:27","slug":"nolimits2018","status":"publish","type":"page","link":"https:\/\/rallyclassics.club\/fr\/nolimits2018\/","title":{"rendered":"No Limits Barcelona 2018"},"content":{"rendered":"<p><div class=\"title\"><h1>No Limits Barcelona 2018<\/h1><div class=\"title-sep-container\"><div class=\"title-sep\"><\/div><\/div><\/div>\n<img decoding=\"async\" class=\"alignnone size-full wp-image-425\" src=\"\/wp-content\/uploads\/2018\/09\/nolimits2018_980x300c.jpg\" alt=\"banner_nlmt_bcn\"\/><\/p>\n<div class=\"title\"><h2>\u00daltimas Noticias del No Limits Barcelona<\/h2><div class=\"title-sep-container\"><div class=\"title-sep\"><\/div><\/div><\/div> <div class=\"avada-container\"><section class=\"columns columns-2\" style=\"width:100%\"><div class=\"holder\"><article class=\"col\"><div class=\"flexslider floated-post-slideshow\"><ul class=\"slides\"><li>\n\t\t\t\t\t<a href=\"https:\/\/rallyclassics.club\/fr\/carles-miro-brilla-en-todas-las-especialidades\/\" rel=\"\"><img decoding=\"async\" src=\"https:\/\/rallyclassics.club\/wp-content\/uploads\/2018\/12\/Carles-Mir\u00f3-700x441.jpg\" alt=\"Carles Mir\u00f3, brillant dans toutes les sp\u00e9cialit\u00e9s\" \/><\/a>\n\t\t\t\t<\/li><\/ul>\n\t\t<\/div><h4><a href=\"https:\/\/rallyclassics.club\/fr\/carles-miro-brilla-en-todas-las-especialidades\/\">Carles Mir\u00f3, brillant dans toutes les sp\u00e9cialit\u00e9s<\/a><\/h4><ul class=\"meta\"><li><em class=\"date\">11 d\u00e9cembre, 2018<\/em><\/li><\/ul><p><div class=\"excerpt-container\"><p>Carles Mir\u00f3 est le prototype du pilote passionn\u00e9 de classiques, qui participe \u00e0 tout [&#8230;]<\/p>\n<\/div><\/p><\/article><article class=\"col\"><div class=\"flexslider floated-post-slideshow\"><ul class=\"slides\"><li>\n\t\t\t\t\t<a href=\"https:\/\/rallyclassics.club\/fr\/formula-e-en-el-no-limits\/\" rel=\"\"><img decoding=\"async\" src=\"https:\/\/rallyclassics.club\/wp-content\/uploads\/2018\/09\/mahindra.jpg\" alt=\"Formula E au NO LIMITS!\" \/><\/a>\n\t\t\t\t<\/li><\/ul>\n\t\t<\/div><h4><a href=\"https:\/\/rallyclassics.club\/fr\/formula-e-en-el-no-limits\/\">Formula E au NO LIMITS!<\/a><\/h4><ul class=\"meta\"><li><em class=\"date\">27 septembre, 2018<\/em><\/li><\/ul><p><div class=\"excerpt-container\"><p>?\ufe0f AVIS! La Mahindra Formula E sera pr\u00e9sente \u00e0 #NoLimitsBarcelona ce samedi 29 au [&#8230;]<\/p>\n<\/div><\/p><\/article><\/div><\/section><\/div>\n<div class=\"title\"><h2>Patrocinadores y Colaboradores del No Limits Barcelona<\/h2><div class=\"title-sep-container\"><div class=\"title-sep\"><\/div><\/div><\/div>\n<div class=\"related-posts related-projects clientslider-container\"><div id=\"carousel\" class=\"clients-carousel es-carousel-wrapper\"><div class=\"es-carousel\"><ul><li><a href=\"http:\/\/www.bcn.cat\/es\/\" target=\"_self\"><img decoding=\"async\" src=\"https:\/\/www.rallyclassics.club\/wp-content\/uploads\/2014\/02\/logos_04.jpg\" alt=\"\" \/><\/a><\/li>\n<li><a href=\"http:\/\/www.ecom.es\/\" target=\"_self\"><img decoding=\"async\" src=\"\/wp-content\/uploads\/2015\/05\/logo_ecom.jpg\" alt=\"\" \/><\/a><\/li>\n<li><a href=\"http:\/\/www.cocacola.es\/\" target=\"_self\"><img decoding=\"async\" src=\"https:\/\/www.rallyclassics.club\/wp-content\/uploads\/2014\/02\/logos_2_04.jpg\" alt=\"\" \/><\/a><\/li>\n<li><a href=\"http:\/\/www.gencat.cat\/esports\/\" target=\"_self\"><img decoding=\"async\" src=\"https:\/\/www.rallyclassics.club\/wp-content\/uploads\/2014\/02\/logos_02.png\" alt=\"\" \/><\/a><\/li>\n<li><a href=\"https:\/\/www.voluntaris2000.org\/\" target=\"_self\"><img decoding=\"async\" src=\"\/wp-content\/uploads\/2015\/05\/logo_voluntaris.jpg\" alt=\"\" \/><\/a><\/li>\n<\/ul><div class=\"es-nav\"><span class=\"es-nav-prev\">Previous<\/span><span class=\"es-nav-next\">Next<\/span><\/div><\/div><\/div><\/div>\n<div class=\"title\"><h2>Informaci\u00f3n del No Limits Barcelona<\/h2><div class=\"title-sep-container\"><div class=\"title-sep\"><\/div><\/div><\/div> El NO LIMITS Barcelona es una prueba de Orientaci\u00f3n y Estrategia que se celebra en Barcelona durante el verano. Abierta a personas con discapacidad f\u00edsica que conduzcan, y a conductores de veh\u00edculos ecol\u00f3gicos, esta prueba pretende demostrar que es posible tener una preciosa ciudad sin barreras y respetuosa con el medio ambiente.<\/p>","protected":false},"excerpt":{"rendered":"<p>?\ufe0f AVIS! La Mahindra Formula E sera pr\u00e9sente \u00e0 #NoLimitsBarcelona ce samedi 29 au Moll de Marina. Gr\u00e2ce \u00e0 QEV Technologies, le public pourra profiter de ce bijou 100% \u00e9lectrique [&#8230;]<\/p>\n","protected":false},"author":2,"featured_media":0,"parent":0,"menu_order":0,"comment_status":"open","ping_status":"open","template":"","meta":{"om_disable_all_campaigns":false,"_monsterinsights_skip_tracking":false,"_monsterinsights_sitenote_active":false,"_monsterinsights_sitenote_note":"","_monsterinsights_sitenote_category":0,"footnotes":""},"class_list":["post-15948","page","type-page","status-publish","hentry"],"aioseo_notices":[],"_links":{"self":[{"href":"https:\/\/rallyclassics.club\/fr\/wp-json\/wp\/v2\/pages\/15948","targetHints":{"allow":["GET"]}}],"collection":[{"href":"https:\/\/rallyclassics.club\/fr\/wp-json\/wp\/v2\/pages"}],"about":[{"href":"https:\/\/rallyclassics.club\/fr\/wp-json\/wp\/v2\/types\/page"}],"author":[{"embeddable":true,"href":"https:\/\/rallyclassics.club\/fr\/wp-json\/wp\/v2\/users\/2"}],"replies":[{"embeddable":true,"href":"https:\/\/rallyclassics.club\/fr\/wp-json\/wp\/v2\/comments?post=15948"}],"version-history":[{"count":3,"href":"https:\/\/rallyclassics.club\/fr\/wp-json\/wp\/v2\/pages\/15948\/revisions"}],"predecessor-version":[{"id":16134,"href":"https:\/\/rallyclassics.club\/fr\/wp-json\/wp\/v2\/pages\/15948\/revisions\/16134"}],"wp:attachment":[{"href":"https:\/\/rallyclassics.club\/fr\/wp-json\/wp\/v2\/media?parent=15948"}],"curies":[{"name":"wp","href":"https:\/\/api.w.org\/{rel}","templated":true}]}}