{"id":16205,"date":"2018-09-24T19:43:03","date_gmt":"2018-09-24T18:43:03","guid":{"rendered":"https:\/\/www.rallyclassics.club\/66-rally-moritz-costa-brava-copy\/"},"modified":"2020-03-12T15:43:12","modified_gmt":"2020-03-12T14:43:12","slug":"67-rally-moritz-costa-brava","status":"publish","type":"page","link":"https:\/\/rallyclassics.club\/fr\/67-rally-moritz-costa-brava\/","title":{"rendered":"67 Rally Moritz Costa Brava 2019"},"content":{"rendered":"<p><div class=\"title\"><h1>67 Rally Moritz Costa Brava<\/h1><div class=\"title-sep-container\"><div class=\"title-sep\"><\/div><\/div><\/div><img loading=\"lazy\" decoding=\"async\" class=\"alignnone size-full wp-image-308\" src=\"\/wp-content\/uploads\/2018\/09\/RCB67_Banner_980x300.jpg\" alt=\"62rcb980x380\" width=\"980\" height=\"380\" \/><\/p>\n<p>\t\t\t<div style=\"width:800px;height:300px;margin-bottom:10px;border:1px solid black;margin:0px auto;\">\n\t\t\t\t<div style=\"padding-left:20px;padding-right:20px;line-height:1.5;padding-top:40px;color:red;font-size:16px;text-align:left;\">\n\t\t\t\t\tRevolution Slider Error: Slider with alias <strong>67rcblivereults<\/strong> not found. <br><br>Maybe you mean: 'slider' or 'calltoaction' or 'PCSLIVE' or 'rcblivereults' or 'RCBSUPPORT' or 'RCBH2020Live'\t\t\t\t<\/div>\n\t\t\t<\/div>\n\t\t\t<script type=\"text\/javascript\">\n\t\t\t\tjQuery(document).ready(function(){\n\t\t\t\t\tjQuery(\".rev_slider\").show();\n\t\t\t\t});\n\t\t\t<\/script>\n\t\t\t<br \/>\n<div class=\"one_half\">\n<div class=\"title\"><h2>REGULARITE<\/h2><div class=\"title-sep-container\"><div class=\"title-sep\"><\/div><\/div><\/div>\n<p style=\"text-align: center;\"><a class=\"button-15 button large default\" title=\"\" href=\"https:\/\/www.blunik.com\/spa\/p\/news\/new\/actualidad\/results-67-rcb-2019-a.htm\" target=\"_blank\">Cpto.Espa\u00f1a Regularidad Sport<\/a>\n<p style=\"text-align: center;\"><a class=\"button-16 button large default\" title=\"\" href=\"https:\/\/www.blunik.com\/spa\/p\/news\/new\/actualidad\/results-67-rcb-2019-b.htm\" target=\"_blank\">Cpto. Espa\u00f1a Regularidad<\/a>\n<p style=\"text-align: center;\"><a class=\"button-17 button large default\" title=\"\" href=\"https:\/\/www.blunik.com\/spa\/p\/news\/new\/actualidad\/results-67-rcb-2019-c.htm\" target=\"_blank\">C. Catalunya Regularitat Super Sport<\/a>\n<p style=\"text-align: center;\"><a class=\"button-18 button large default\" title=\"\" href=\"https:\/\/www.blunik.com\/spa\/p\/news\/new\/actualidad\/results-67-rcb-2019-d.htm\" target=\"_blank\">C. Catalunya Regularitat Sport<\/a>\n<\/div>\n<div class=\"one_half last\">\n<div class=\"title\"><h2>VITESSE<\/h2><div class=\"title-sep-container\"><div class=\"title-sep\"><\/div><\/div><\/div>\n<p style=\"text-align: center;\"><a class=\"button-19 button large default\" title=\"\" href=\"https:\/\/www.atodomotor.com\/online\/2019\/costabrava\/\" target=\"_blank\">RESULTADOS VELOCIDAD<\/a>\n<p style=\"text-align: center;\"><a class=\"button-20 button large default\" title=\"\" href=\"http:\/\/www.atodomotor.com\/app\/\" target=\"_blank\">APP ATODOMOTOR<\/a>\n<p style=\"text-align: center;\"><a class=\"button-21 button large default\" title=\"\" href=\"https:\/\/play.google.com\/store\/apps\/details?id=com.kingofapp.SbdOPORfRSOBLcRLIRZBeeBT\" target=\"_blank\">APP RALLYES RFEDA<\/a>\n<\/div><div class=\"clearboth\"><\/div>\n<div class=\"title\"><h2>RallyClassicsTV<\/h2><div class=\"title-sep-container\"><div class=\"title-sep\"><\/div><\/div><\/div>\n<iframe loading=\"lazy\" src=\"https:\/\/www.youtube.com\/embed\/CrXyXCsWZjA\" width=\"560\" height=\"315\" frameborder=\"0\" allowfullscreen=\"allowfullscreen\"><\/iframe><\/p>\n<div class=\"title\"><h2>Derni\u00e8res nouvelles<\/h2><div class=\"title-sep-container\"><div class=\"title-sep\"><\/div><\/div><\/div> <div class=\"avada-container\"><section class=\"columns columns-2\" style=\"width:100%\"><div class=\"holder\"><article class=\"col\"><div class=\"flexslider floated-post-slideshow\"><ul class=\"slides\"><li>\n\t\t\t\t\t<a href=\"https:\/\/rallyclassics.club\/fr\/los-mejores-recopilatorios-en-nuestro-canal-de-youtube\/\" rel=\"\"><img decoding=\"async\" src=\"https:\/\/rallyclassics.club\/wp-content\/uploads\/2020\/04\/Captura-de-pantalla-2020-04-04-a-las-11.17.29-700x441.png\" alt=\"Les meilleures compilations sur notre cha\u00eene #Youtube\" \/><\/a>\n\t\t\t\t<\/li><\/ul>\n\t\t<\/div><h4><a href=\"https:\/\/rallyclassics.club\/fr\/los-mejores-recopilatorios-en-nuestro-canal-de-youtube\/\">Les meilleures compilations sur notre cha\u00eene #Youtube<\/a><\/h4><ul class=\"meta\"><li><em class=\"date\">4 avril, 2020<\/em><\/li><\/ul><p><div class=\"excerpt-container\"><p>N\u2019oubliez pas que sur notre cha\u00eene #Youtube, vous retrouverez des contenus avec nos meilleurs [&#8230;]<\/p>\n<\/div><\/p><\/article><article class=\"col\"><div class=\"flexslider floated-post-slideshow\"><ul class=\"slides\"><li>\n\t\t\t\t\t<a href=\"https:\/\/rallyclassics.club\/fr\/los-mejores-momentos-del-67-rally-costa-brava\/\" rel=\"\"><img decoding=\"async\" src=\"https:\/\/rallyclassics.club\/wp-content\/uploads\/2020\/04\/albert-salmoral-700x441.jpg\" alt=\"Les meilleurs moments du 67e\u00a0Rally Costa Brava\" \/><\/a>\n\t\t\t\t<\/li><\/ul>\n\t\t<\/div><h4><a href=\"https:\/\/rallyclassics.club\/fr\/los-mejores-momentos-del-67-rally-costa-brava\/\">Les meilleurs moments du 67e\u00a0Rally Costa Brava<\/a><\/h4><ul class=\"meta\"><li><em class=\"date\">1 avril, 2020<\/em><\/li><\/ul><p><div class=\"excerpt-container\"><p>L\u2019\u00e9quipe #Rallyclassics a travaill\u00e9 pour pouvoir partager avec vous tous trois reportages ? complets [&#8230;]<\/p>\n<\/div><\/p><\/article><\/div><\/section><\/div>\n<div class=\"title\"><h2>Partners<\/h2><div class=\"title-sep-container\"><div class=\"title-sep\"><\/div><\/div><\/div>\n<div class=\"related-posts related-projects clientslider-container\"><div id=\"carousel\" class=\"clients-carousel es-carousel-wrapper\"><div class=\"es-carousel\"><ul>\n<li><img decoding=\"async\" src=\"\/wp-content\/uploads\/2014\/02\/Girona2_130x65.jpg\" alt=\"\" \/><\/li>\n<li><img decoding=\"async\" src=\"\/wp-content\/uploads\/2018\/11\/moritz_150x100.jpg\" alt=\"\" \/><\/li>\n<li><img decoding=\"async\" src=\"\/wp-content\/uploads\/2014\/02\/Untitled-3_02.png\" alt=\"\" \/><\/li>\n<li><img decoding=\"async\" src=\"\/wp-content\/uploads\/2014\/02\/logos_02.png\" alt=\"\" \/><\/li>\n<li><img decoding=\"async\" src=\"\/wp-content\/uploads\/2014\/02\/Untitled-3_01.png\" alt=\"\" \/><\/li>\n<li><img decoding=\"async\" src=\"\/wp-content\/uploads\/2019\/02\/catalunya.jpg\" alt=\"\" \/><\/li>\n<li><img decoding=\"async\" src=\"\/images\/patrocinadores\/ultonia.png\" alt=\"\" \/><\/li>\n<li><img decoding=\"async\" src=\"\/images\/patrocinadores\/blunik.png\" alt=\"\" \/><\/li>\n<li><img decoding=\"async\" src=\"\/images\/patrocinadores\/sport.png\" alt=\"\" \/><\/li>\n<li><img decoding=\"async\" src=\"\/images\/patrocinadores\/garatgeinternacional.jpg\" alt=\"\" \/><\/li>\n<li><img decoding=\"async\" src=\"\/wp-content\/uploads\/2016\/11\/logo-repeat.jpg\" alt=\"\" \/><\/li>\n<li><img decoding=\"async\" src=\"\/images\/patrocinadores\/classiccover.jpg\" alt=\"\" \/><\/li>\n<li><img decoding=\"async\" src=\"\/images\/patrocinadores\/xternalia.jpg\" alt=\"\" \/><\/li>\n<li><img decoding=\"async\" src=\"\/images\/patrocinadores\/appsesor.png\" alt=\"\" \/><\/li>\n<li><img decoding=\"async\" src=\"\/images\/patrocinadores\/suprametal.jpg\" alt=\"\" \/><\/li>\n<li><img decoding=\"async\" src=\"\/wp-content\/uploads\/2014\/02\/CocaCola_100x50.jpg\" alt=\"\" \/><\/li>\n<\/ul><div class=\"es-nav\"><span class=\"es-nav-prev\">Previous<\/span><span class=\"es-nav-next\">Next<\/span><\/div><\/div><\/div><\/div>\n<div class=\"title\"><h2>Information du Rally Costa Brava 15-16 Mars 2019<\/h2><div class=\"title-sep-container\"><div class=\"title-sep\"><\/div><\/div><\/div>\nLe Rally Moritz Costa Brava FIA est l&rsquo;\u00e9preuve la plus ancienne d\u2019Espagne et celle qui suscite le plus de passions, tant pour son histoire que pour l\u2019enthousiasme avec lequel vivent les \u00e9quipes nationales et \u00e9trang\u00e8res. Marqu\u00e9 pour le Championat Europ\u00e9en de Rallyes Historiques, le Rally Moritz Costa Brava rassemble chaque ann\u00e9e plus de 150 \u00e9quipes du monde entier, avec des machines magnifiques des meilleures \u00e9poques. Il est consid\u00e9r\u00e9 comme un des meilleurs rallyes de vitesse, de r\u00e9gularit\u00e9 et de l\u00e9gende, pour les voitures classiques, du championnat d\u2019Europe.<\/p>","protected":false},"excerpt":{"rendered":"<p>L\u2019\u00e9quipe #Rallyclassics a travaill\u00e9 pour pouvoir partager avec vous tous trois reportages ? complets pour revivre les meilleurs moments du 67e Rally Costa Brava. Le son est d\u2019origine pour en [&#8230;]<\/p>\n","protected":false},"author":2,"featured_media":0,"parent":0,"menu_order":0,"comment_status":"open","ping_status":"open","template":"","meta":{"om_disable_all_campaigns":false,"_monsterinsights_skip_tracking":false,"_monsterinsights_sitenote_active":false,"_monsterinsights_sitenote_note":"","_monsterinsights_sitenote_category":0,"footnotes":""},"class_list":["post-16205","page","type-page","status-publish","hentry"],"aioseo_notices":[],"_links":{"self":[{"href":"https:\/\/rallyclassics.club\/fr\/wp-json\/wp\/v2\/pages\/16205","targetHints":{"allow":["GET"]}}],"collection":[{"href":"https:\/\/rallyclassics.club\/fr\/wp-json\/wp\/v2\/pages"}],"about":[{"href":"https:\/\/rallyclassics.club\/fr\/wp-json\/wp\/v2\/types\/page"}],"author":[{"embeddable":true,"href":"https:\/\/rallyclassics.club\/fr\/wp-json\/wp\/v2\/users\/2"}],"replies":[{"embeddable":true,"href":"https:\/\/rallyclassics.club\/fr\/wp-json\/wp\/v2\/comments?post=16205"}],"version-history":[{"count":54,"href":"https:\/\/rallyclassics.club\/fr\/wp-json\/wp\/v2\/pages\/16205\/revisions"}],"predecessor-version":[{"id":23891,"href":"https:\/\/rallyclassics.club\/fr\/wp-json\/wp\/v2\/pages\/16205\/revisions\/23891"}],"wp:attachment":[{"href":"https:\/\/rallyclassics.club\/fr\/wp-json\/wp\/v2\/media?parent=16205"}],"curies":[{"name":"wp","href":"https:\/\/api.w.org\/{rel}","templated":true}]}}