{"id":16725,"date":"2018-11-05T13:34:20","date_gmt":"2018-11-05T12:34:20","guid":{"rendered":"https:\/\/www.rallyclassics.club\/xv-rally-costa-brava-historic-copy\/"},"modified":"2019-02-05T19:37:03","modified_gmt":"2019-02-05T18:37:03","slug":"xvi-rally-costa-brava-historic","status":"publish","type":"page","link":"https:\/\/rallyclassics.club\/fr\/xvi-rally-costa-brava-historic\/","title":{"rendered":"XVI Rally Costa Brava Hist\u00f2ric"},"content":{"rendered":"<p><div class=\"title\"><h1>XVI Rally Costa Brava Hist\u00f2ric<\/h1><div class=\"title-sep-container\"><div class=\"title-sep\"><\/div><\/div><\/div><img loading=\"lazy\" decoding=\"async\" class=\"aligncenter size-full wp-image-2147\" src=\"\/wp-content\/uploads\/2018\/11\/xvi_rcbh_980x300.jpg\" alt=\"xiii_rcbh2015_980x300\" width=\"980\" height=\"300\" \/><\/p>\n<div class=\"title\"><h2>Derni\u00e8res nouvelles XVI Rally Costa Brava Hist\u00f2ric<\/h2><div class=\"title-sep-container\"><div class=\"title-sep\"><\/div><\/div><\/div> <div class=\"avada-container\"><section class=\"columns columns-2\" style=\"width:100%\"><div class=\"holder\"><article class=\"col\"><div class=\"flexslider floated-post-slideshow\"><ul class=\"slides\"><li>\n\t\t\t\t\t<a href=\"https:\/\/rallyclassics.club\/fr\/un-rally-costa-brava-para-la-historia\/\" rel=\"\"><img decoding=\"async\" src=\"https:\/\/rallyclassics.club\/wp-content\/uploads\/2018\/04\/6eef542c-2ea6-4ba5-9570-1e99f2596c0f-700x441.jpg\" alt=\"Un Rally Costa Brava pour l\u2019histoire\" \/><\/a>\n\t\t\t\t<\/li><\/ul>\n\t\t<\/div><h4><a href=\"https:\/\/rallyclassics.club\/fr\/un-rally-costa-brava-para-la-historia\/\">Un Rally Costa Brava pour l\u2019histoire<\/a><\/h4><ul class=\"meta\"><li><em class=\"date\">22 avril, 2018<\/em><\/li><\/ul><p><div class=\"excerpt-container\"><p>Grande victoire de David Nogareda-Sergi Giralt (Porsche\u00a0911 S)<br \/>\n\u00b7 L\u2019\u00e9quipage catalan remporte aussi le FIA [&#8230;]<\/p>\n<\/div><\/p><\/article><article class=\"col\"><div class=\"flexslider floated-post-slideshow\"><ul class=\"slides\"><li>\n\t\t\t\t\t<a href=\"https:\/\/rallyclassics.club\/fr\/nogareda-giralt-lideres-de-un-apretadisimo-rally-costa-brava-historic\/\" rel=\"\"><img decoding=\"async\" src=\"https:\/\/rallyclassics.club\/wp-content\/uploads\/2018\/04\/jordibosser-RCBH18-57-baixa-700x441.jpg\" alt=\"Nogareda-Giralt, leaders d\u2019un Rally Costa Brava Hist\u00f2ric ultraserr\u00e9\" \/><\/a>\n\t\t\t\t<\/li><\/ul>\n\t\t<\/div><h4><a href=\"https:\/\/rallyclassics.club\/fr\/nogareda-giralt-lideres-de-un-apretadisimo-rally-costa-brava-historic\/\">Nogareda-Giralt, leaders d\u2019un Rally Costa Brava Hist\u00f2ric ultraserr\u00e9<\/a><\/h4><ul class=\"meta\"><li><em class=\"date\">21 avril, 2018<\/em><\/li><\/ul><p><div class=\"excerpt-container\"><p>David Nogareda-Sergi Giralt sont en t\u00eate du XVe\u00a0Rally Costa Brava Hist\u00f2ric apr\u00e8s la premi\u00e8re [&#8230;]<\/p>\n<\/div><\/p><\/article><\/div><\/section><\/div>\n<div class=\"title\"><h2>RallyClassics TV<\/h2><div class=\"title-sep-container\"><div class=\"title-sep\"><\/div><\/div><\/div>\n<p><iframe loading=\"lazy\" width=\"560\" height=\"315\" src=\"https:\/\/www.youtube.com\/embed\/ee9ERYFuu_E\" frameborder=\"0\" gesture=\"media\" allowfullscreen><\/iframe><\/p>\n<div class=\"title\"><h2>Sponsors XVI Rally Costa Brava Hist\u00f2ric<\/h2><div class=\"title-sep-container\"><div class=\"title-sep\"><\/div><\/div><\/div>\n<div class=\"related-posts related-projects clientslider-container\"><div id=\"carousel\" class=\"clients-carousel es-carousel-wrapper\"><div class=\"es-carousel\"><ul>\n<li><img decoding=\"async\" src=\"\/wp-content\/uploads\/2016\/11\/visit.jpg\" alt=\"\" \/><\/li>\n<li><img decoding=\"async\" src=\"\/wp-content\/uploads\/2016\/11\/palamos-gastronomia.jpg\" alt=\"\" \/><\/li>\n<li><img decoding=\"async\" src=\"\/wp-content\/uploads\/2016\/11\/palamos.jpg\" alt=\"\" \/><\/li>\n<li><img decoding=\"async\" src=\"\/wp-content\/uploads\/2014\/02\/logos_02.png\" alt=\"\" \/><\/li>\n<li><img decoding=\"async\" src=\"\/wp-content\/uploads\/2014\/02\/Untitled-3_02.png\" alt=\"\" \/><\/li>\n<li><img decoding=\"async\" src=\"\/wp-content\/uploads\/2019\/02\/catalunya.jpg\" alt=\"\" \/><\/li>\n<li><img decoding=\"async\" src=\"\/wp-content\/uploads\/2018\/11\/moritz_150x100.jpg\" alt=\"\" \/><\/li>\n<li><img decoding=\"async\" src=\"\/images\/patrocinadores\/sport.png\" alt=\"\" \/><\/li>\n<li><img decoding=\"async\" src=\"\/wp-content\/uploads\/2014\/02\/logos_2_01.png\" alt=\"\" \/><\/li>\n<li><img decoding=\"async\" src=\"\/wp-content\/uploads\/2015\/04\/logos_appsesor.png\" alt=\"\" \/><\/li>\n<li><img decoding=\"async\" src=\"\/wp-content\/uploads\/2014\/02\/logo_xternalia.jpg\" alt=\"\" \/><\/li>\n<li><img decoding=\"async\" src=\"\/wp-content\/uploads\/2014\/02\/logo_classiccover.jpg\" alt=\"\" \/><\/li>\n<li><img decoding=\"async\" src=\"\/wp-content\/uploads\/2014\/11\/logo_garatgeinternacional.jpg\" alt=\"\" \/><\/li>\n<li><img decoding=\"async\" src=\"\/wp-content\/uploads\/2016\/11\/logo-repeat.jpg\" alt=\"\" \/><\/li>\n<li><img decoding=\"async\" src=\"\/wp-content\/uploads\/2014\/02\/logo_nouonze.jpg\" alt=\"\" \/><\/li>\n<li><img decoding=\"async\" src=\"\/wp-content\/uploads\/2015\/03\/logo_suprametal.jpg\" alt=\"\" \/><\/li>\n<\/ul><div class=\"es-nav\"><span class=\"es-nav-prev\">Previous<\/span><span class=\"es-nav-next\">Next<\/span><\/div><\/div><\/div><\/div>\n<div class=\"title\"><h2>Information XVI Rally Costa Brava Hist\u00f2ric<\/h2><div class=\"title-sep-container\"><div class=\"title-sep\"><\/div><\/div><\/div>\nLe RALLY COSTA BRAVA HISTORIC f\u00eatera sa XVI \u00e9dition dans le village marin de Palam\u00f3s, du 25 au 28 avril 2019. Comptant pour le Troph\u00e9e de la R\u00e9gularit\u00e9 de la FIA, le rallye de r\u00e9gularit\u00e9 de voitures classiques sera bas\u00e9 \u00e0 l&rsquo;H\u00f4tel Trias, et les contr\u00f4les techniques seront effectu\u00e9s au port de La Marina de Palam\u00f3s. L&rsquo;itin\u00e9raire sera d&rsquo;environ 1000 kms, et commencera au podium de la promenade de Palam\u00f3s, le vendredi 26 avril \u00e0 15h00. Les troph\u00e9es seront pr\u00e9sent\u00e9s sur le m\u00eame podium, le dimanche 28 avril au matin.<\/p>","protected":false},"excerpt":{"rendered":"<p>Palam\u00f3s accueillera du 15 au 18 octobre la XVIIe \u00e9dition du Rally Costa Brava Hist\u00f2ric.? Comme principale nouveaut\u00e9, il y aura l\u2019\u00e9tape prologue du jeudi 15 apr\u00e8s-midi, et bien s\u00fbr, [&#8230;]<\/p>\n","protected":false},"author":2,"featured_media":0,"parent":0,"menu_order":0,"comment_status":"open","ping_status":"open","template":"","meta":{"om_disable_all_campaigns":false,"_monsterinsights_skip_tracking":false,"_monsterinsights_sitenote_active":false,"_monsterinsights_sitenote_note":"","_monsterinsights_sitenote_category":0,"footnotes":""},"class_list":["post-16725","page","type-page","status-publish","hentry"],"aioseo_notices":[],"_links":{"self":[{"href":"https:\/\/rallyclassics.club\/fr\/wp-json\/wp\/v2\/pages\/16725","targetHints":{"allow":["GET"]}}],"collection":[{"href":"https:\/\/rallyclassics.club\/fr\/wp-json\/wp\/v2\/pages"}],"about":[{"href":"https:\/\/rallyclassics.club\/fr\/wp-json\/wp\/v2\/types\/page"}],"author":[{"embeddable":true,"href":"https:\/\/rallyclassics.club\/fr\/wp-json\/wp\/v2\/users\/2"}],"replies":[{"embeddable":true,"href":"https:\/\/rallyclassics.club\/fr\/wp-json\/wp\/v2\/comments?post=16725"}],"version-history":[{"count":23,"href":"https:\/\/rallyclassics.club\/fr\/wp-json\/wp\/v2\/pages\/16725\/revisions"}],"predecessor-version":[{"id":16877,"href":"https:\/\/rallyclassics.club\/fr\/wp-json\/wp\/v2\/pages\/16725\/revisions\/16877"}],"wp:attachment":[{"href":"https:\/\/rallyclassics.club\/fr\/wp-json\/wp\/v2\/media?parent=16725"}],"curies":[{"name":"wp","href":"https:\/\/api.w.org\/{rel}","templated":true}]}}