{"id":177,"date":"2014-02-13T09:17:00","date_gmt":"2014-02-13T09:17:00","guid":{"rendered":"https:\/\/www.rallyclassics.club\/classic-series-2\/"},"modified":"2015-07-08T18:57:55","modified_gmt":"2015-07-08T16:57:55","slug":"rally-costa-brava-historic","status":"publish","type":"page","link":"https:\/\/rallyclassics.club\/fr\/rally-costa-brava-historic\/","title":{"rendered":"Rallye Costa Brava Hist\u00f2ric"},"content":{"rendered":"<p><div class=\"title\"><h1> XI Rally Costa Brava Hist\u00f2ric &#8211; 2\/5 Octubre<\/h1><div class=\"title-sep-container\"><div class=\"title-sep\"><\/div><\/div><\/div><img loading=\"lazy\" decoding=\"async\" width=\"980\" height=\"380\" class=\"alignnone size-full wp-image-405\" src=\"https:\/\/www.rallyclassics.club\/wp-content\/uploads\/2014\/02\/xircbh980x380.jpg\" alt=\"xircbh980x380\" srcset=\"https:\/\/rallyclassics.club\/wp-content\/uploads\/2014\/02\/xircbh980x380.jpg 980w, https:\/\/rallyclassics.club\/wp-content\/uploads\/2014\/02\/xircbh980x380-300x116.jpg 300w\" sizes=\"auto, (max-width: 980px) 100vw, 980px\" \/><\/p>\n<div class=\"title\"><h2>\u00daltimas Noticias del Rally Costa Brava Hist\u00f2ric<\/h2><div class=\"title-sep-container\"><div class=\"title-sep\"><\/div><\/div><\/div> <div class=\"avada-container\"><section class=\"columns columns-2\" style=\"width:100%\"><div class=\"holder\"><article class=\"col\"><div class=\"flexslider floated-post-slideshow\"><ul class=\"slides\"><li>\n\t\t\t\t\t<a href=\"https:\/\/rallyclassics.club\/fr\/palamos-nueva-sede-del-rally-costa-brava-historic\/\" rel=\"\"><img decoding=\"async\" src=\"https:\/\/rallyclassics.club\/wp-content\/uploads\/2016\/10\/PA010073-700x441.jpg\" alt=\"Palam\u00f3s, nouveau si\u00e8ge du Rally Costa Brava Hist\u00f2ric\" \/><\/a>\n\t\t\t\t<\/li><\/ul>\n\t\t<\/div><h4><a href=\"https:\/\/rallyclassics.club\/fr\/palamos-nueva-sede-del-rally-costa-brava-historic\/\">Palam\u00f3s, nouveau si\u00e8ge du Rally Costa Brava Hist\u00f2ric<\/a><\/h4><ul class=\"meta\"><li><em class=\"date\">11 octobre, 2016<\/em><\/li><\/ul><p><div class=\"excerpt-container\"><p>Cette \u00e9preuve automobile, organis\u00e9e au mois d\u2019avril, compte pour le Championnat d\u2019Europe de la [&#8230;]<\/p>\n<\/div><\/p><\/article><article class=\"col\"><div class=\"flexslider floated-post-slideshow\"><ul class=\"slides\"><li>\n\t\t\t\t\t<a href=\"https:\/\/rallyclassics.club\/fr\/lloret-de-mar-y-el-rally-costa-brava-admirados-en-el-extranjero\/\" rel=\"\"><img decoding=\"async\" src=\"https:\/\/rallyclassics.club\/wp-content\/uploads\/2016\/03\/lloret2-700x441.jpg\" alt=\"LLORET DE MAR ET LE RALLY COSTA BRAVA SUSCITENT L\u2019ADMIRATION \u00c0 L\u2019\u00c9TRANGER\" \/><\/a>\n\t\t\t\t<\/li><\/ul>\n\t\t<\/div><h4><a href=\"https:\/\/rallyclassics.club\/fr\/lloret-de-mar-y-el-rally-costa-brava-admirados-en-el-extranjero\/\">LLORET DE MAR ET LE RALLY COSTA BRAVA SUSCITENT L\u2019ADMIRATION \u00c0 L\u2019\u00c9TRANGER<\/a><\/h4><ul class=\"meta\"><li><em class=\"date\">21 mars, 2016<\/em><\/li><\/ul><p><div class=\"excerpt-container\"><p>Lloret est redevenue la capitale mondiale du sport automobile \u00e0 l\u2019occasion du XIIIe Rally [&#8230;]<\/p>\n<\/div><\/p><\/article><\/div><\/section><\/div>\n<div class=\"title\"><h2>V\u00eddeo del Rally Costa Brava Hist\u00f2ric<\/h2><div class=\"title-sep-container\"><div class=\"title-sep\"><\/div><\/div><\/div>\n<p><iframe loading=\"lazy\" width=\"500\" height=\"281\" src=\"\/\/www.youtube.com\/embed\/QJzltFx6lic?rel=0\" frameborder=\"0\" allowfullscreen><\/iframe><\/p>\n<div class=\"title\"><h2>Patrocinadores del Rally Costa Brava Hist\u00f2ric<\/h2><div class=\"title-sep-container\"><div class=\"title-sep\"><\/div><\/div><\/div> <div class=\"related-posts related-projects clientslider-container\"><div id=\"carousel\" class=\"clients-carousel es-carousel-wrapper\"><div class=\"es-carousel\"><ul><li><a href=\"#\" target=\"_self\"><img decoding=\"async\" src=\"https:\/\/www.rallyclassics.club\/wp-content\/uploads\/2014\/07\/tricentenari.jpg\" alt=\"\" \/><\/a><\/li><li><a href=\"#\" target=\"_self\"><img decoding=\"async\" src=\"https:\/\/www.rallyclassics.club\/wp-content\/uploads\/2014\/02\/logos_01.png\" alt=\"\" \/><\/a><\/li><li><a href=\"#\" target=\"_self\"><img decoding=\"async\" src=\"https:\/\/www.rallyclassics.club\/wp-content\/uploads\/2014\/02\/logos_02.png\" alt=\"\" \/><\/a><\/li><li><a href=\"#\" target=\"_self\"><img decoding=\"async\" src=\"https:\/\/www.rallyclassics.club\/wp-content\/uploads\/2014\/02\/Untitled-3_02.png\" alt=\"\" \/><\/a><\/li><li><a href=\"#\" target=\"_self\"><img decoding=\"async\" src=\"https:\/\/www.rallyclassics.club\/wp-content\/uploads\/2014\/02\/logos_2_01.png\" alt=\"\" \/><\/a><\/li><\/ul><div class=\"es-nav\"><span class=\"es-nav-prev\">Previous<\/span><span class=\"es-nav-next\">Next<\/span><\/div><\/div><\/div><\/div> <div class=\"title\"><h2>Infos sur le Rallye Costa Brava Hist\u00f2ric<\/h2><div class=\"title-sep-container\"><div class=\"title-sep\"><\/div><\/div><\/div> Il est possible de s&rsquo;inscrire au XI RALLYE COSTA BRAVA HIST\u00d2RIC du 5 mai au 24 septembre. Encore une fois, le rallye ne manquera pas de difficult\u00e9 : avec un parcours de pr\u00e8s de 1 500 km et 4 \u00e9tapes, il sera parsem\u00e9 d&rsquo;ingr\u00e9dients qui le rendront inoubliable. Cette \u00e9dition sera agr\u00e9ment\u00e9e de quelques nouveaut\u00e9s, comme le changement de HQ qui aura lieu \u00e0 l&rsquo;H\u00f4tel Rigat 5*****, o\u00f9 une f\u00eate de cl\u00f4ture est pr\u00e9vue samedi soir. De plus, un Regroupement et un d\u00eener \u00e0 Barcelone auront lieu samedi 4. Quant \u00e0 la gastronomie, elle sera de nouveau \u00e0 l&rsquo;honneur au cours d&rsquo;un repas dans un restaurant \u00ab \u00e9toil\u00e9 \u00bb par le Guide Michelin. Le public se divertira \u00e0 coup sur gr\u00e2ce \u00e0 l&rsquo;\u00e9laboration de circuits originaux et \u00e0 une ambiance de f\u00eate au Village qui sera anim\u00e9 par des shows et de la musique en direct.<\/p>","protected":false},"excerpt":{"rendered":"<p>Lloret est redevenue la capitale mondiale du sport automobile \u00e0 l\u2019occasion du XIIIe Rally Costa Brava Hist\u00f2ric, un des pr\u00e9f\u00e9r\u00e9s des participants \u00e9trangers, qui vont jusqu\u2019\u00e0 le comparer au Rallye [&#8230;]<\/p>\n","protected":false},"author":2,"featured_media":0,"parent":0,"menu_order":0,"comment_status":"open","ping_status":"open","template":"","meta":{"om_disable_all_campaigns":false,"_monsterinsights_skip_tracking":false,"_monsterinsights_sitenote_active":false,"_monsterinsights_sitenote_note":"","_monsterinsights_sitenote_category":0,"footnotes":""},"class_list":["post-177","page","type-page","status-publish","hentry"],"aioseo_notices":[],"_links":{"self":[{"href":"https:\/\/rallyclassics.club\/fr\/wp-json\/wp\/v2\/pages\/177","targetHints":{"allow":["GET"]}}],"collection":[{"href":"https:\/\/rallyclassics.club\/fr\/wp-json\/wp\/v2\/pages"}],"about":[{"href":"https:\/\/rallyclassics.club\/fr\/wp-json\/wp\/v2\/types\/page"}],"author":[{"embeddable":true,"href":"https:\/\/rallyclassics.club\/fr\/wp-json\/wp\/v2\/users\/2"}],"replies":[{"embeddable":true,"href":"https:\/\/rallyclassics.club\/fr\/wp-json\/wp\/v2\/comments?post=177"}],"version-history":[{"count":33,"href":"https:\/\/rallyclassics.club\/fr\/wp-json\/wp\/v2\/pages\/177\/revisions"}],"predecessor-version":[{"id":6372,"href":"https:\/\/rallyclassics.club\/fr\/wp-json\/wp\/v2\/pages\/177\/revisions\/6372"}],"wp:attachment":[{"href":"https:\/\/rallyclassics.club\/fr\/wp-json\/wp\/v2\/media?parent=177"}],"curies":[{"name":"wp","href":"https:\/\/api.w.org\/{rel}","templated":true}]}}