{"id":21082,"date":"2019-08-27T19:25:51","date_gmt":"2019-08-27T18:25:51","guid":{"rendered":"https:\/\/www.rallyclassics.club\/6hendurlarity2018-copy\/"},"modified":"2019-09-04T23:05:20","modified_gmt":"2019-09-04T22:05:20","slug":"6hendurlarity2019","status":"publish","type":"page","link":"https:\/\/rallyclassics.club\/fr\/6hendurlarity2019\/","title":{"rendered":"6h Endurlarity 2019 &#8211; 6 Heures de R\u00e9sistance et R\u00e9gularit\u00e9 en circuit pour voitures classiques"},"content":{"rendered":"<p><div class=\"title\"><h1>6h ENDURLARITY Parcmotor 2019<\/h1><div class=\"title-sep-container\"><div class=\"title-sep\"><\/div><\/div><\/div>\n<img loading=\"lazy\" decoding=\"async\" class=\"alignnone size-full wp-image-301\" src=\"\/wp-content\/uploads\/2019\/09\/6h_endurlarity2019_Parcmotor_16nov_980x300B.jpg\" alt=\"ClassicSeries2018\" width=\"1687\" height=\"1181\" \/><\/p>\n<p><center><br \/>\n<div class=\"title\"><h2>LIVE RESULTS<\/h2><div class=\"title-sep-container\"><div class=\"title-sep\"><\/div><\/div><\/div>\n<div class=\"one_half\">\n<a class=\"button-5 button large default\" title=\"\" href=\"http:\/\/crono.rallyclassics.net\/Default2.aspx\" target=\"_self\">Vuelta a Vuelta<\/a>\n<\/div>\n<div class=\"one_half last\">\n<a class=\"button-6 button large default\" title=\"\" href=\"http:\/\/crono.rallyclassics.net\/Default3.aspx\" target=\"_self\">Clasificacion General<\/a>\n<\/div><div class=\"clearboth\"><\/div>\n<\/center><br \/>\n&nbsp;<br \/>\n<\/p>\n<div class=\"title\"><h2>Nouvelles des 6h EndurLarity<\/h2><div class=\"title-sep-container\"><div class=\"title-sep\"><\/div><\/div><\/div>\n<div class=\"avada-container\"><section class=\"columns columns-2\" style=\"width:100%\"><div class=\"holder\"><article class=\"col\"><div class=\"flexslider floated-post-slideshow\"><ul class=\"slides\"><li>\n\t\t\t\t\t<a href=\"https:\/\/rallyclassics.club\/fr\/llegan-las-6h-endurlarity-by-rallyclassics-el-16-de-noviembre-en-parcmotor\/\" rel=\"\"><img decoding=\"async\" src=\"https:\/\/rallyclassics.club\/wp-content\/uploads\/2019\/10\/unnamed-3-700x441.jpg\" alt=\"Les 6h EndurLarity by RallyClassics arrivent le 16 novembre \u00e0 Parcmotor\" \/><\/a>\n\t\t\t\t<\/li><\/ul>\n\t\t<\/div><h4><a href=\"https:\/\/rallyclassics.club\/fr\/llegan-las-6h-endurlarity-by-rallyclassics-el-16-de-noviembre-en-parcmotor\/\">Les 6h EndurLarity by RallyClassics arrivent le 16 novembre \u00e0 Parcmotor<\/a><\/h4><ul class=\"meta\"><li><em class=\"date\">28 octobre, 2019<\/em><\/li><\/ul><p><div class=\"excerpt-container\"><p>Apr\u00e8s la fin des Porsche Classic Series, nous effectuons un arr\u00eat au box avant [&#8230;]<\/p>\n<\/div><\/p><\/article><article class=\"col\"><div class=\"flexslider floated-post-slideshow\"><ul class=\"slides\"><li>\n\t\t\t\t\t<a href=\"https:\/\/rallyclassics.club\/fr\/se-acerca-endurlarity\/\" rel=\"\"><img decoding=\"async\" src=\"https:\/\/rallyclassics.club\/wp-content\/uploads\/2019\/10\/00001977.90-700x441.jpg\" alt=\"#Endurlarity\u00a0: c&rsquo;est pour bient\u00f4t\" \/><\/a>\n\t\t\t\t<\/li><\/ul>\n\t\t<\/div><h4><a href=\"https:\/\/rallyclassics.club\/fr\/se-acerca-endurlarity\/\">#Endurlarity\u00a0: c&rsquo;est pour bient\u00f4t<\/a><\/h4><ul class=\"meta\"><li><em class=\"date\">16 octobre, 2019<\/em><\/li><\/ul><p><div class=\"excerpt-container\"><p>Plus qu&rsquo;un mois avant l&rsquo;#Endurlarity, une \u00e9preuve innovante et originale qui r\u00e9unit r\u00e9gularit\u00e9 et [&#8230;]<\/p>\n<\/div><\/p><\/article><\/div><\/section><\/div>\n<div class=\"title\"><h2>Information des 6h EndurLarity 2019<\/h2><div class=\"title-sep-container\"><div class=\"title-sep\"><\/div><\/div><\/div>\nENDURLARITY By RallyClassics est une formule tr\u00e8s innovante qui allie r\u00e9gularit\u00e9 et endurance en circuit. Sous cette formule pour v\u00e9hicules classiques et youngtimers, o\u00f9 chacun roule au rythme de son choix, les 6H ENDURLARITY de Parcmotor sont organis\u00e9es. Les principales attractions sont la possibilit\u00e9 de partager les \u00e9quipages (avec plusieurs pilotes, co-pilotes et jusqu&rsquo;\u00e0 2 voitures) et de r\u00e9duire l&rsquo;attente entre la finale des Porsche Classic Series et le premier rendez-vous de la saison suivante.<\/p>","protected":false},"excerpt":{"rendered":"<p>Plus qu&rsquo;un mois avant l&rsquo;#Endurlarity, une \u00e9preuve innovante et originale qui r\u00e9unit r\u00e9gularit\u00e9 et endurance sur circuit. Rel\u00e8verez-vous le d\u00e9fi ? \u23f1 6 h d&rsquo;ENDURance+reguLARITY=EndurLarity ?\u00a016 novembre ? Circuit Parcmotor [&#8230;]<\/p>\n","protected":false},"author":9192197,"featured_media":0,"parent":0,"menu_order":0,"comment_status":"closed","ping_status":"closed","template":"","meta":{"om_disable_all_campaigns":false,"_monsterinsights_skip_tracking":false,"_monsterinsights_sitenote_active":false,"_monsterinsights_sitenote_note":"","_monsterinsights_sitenote_category":0,"footnotes":""},"class_list":["post-21082","page","type-page","status-publish","hentry"],"aioseo_notices":[],"_links":{"self":[{"href":"https:\/\/rallyclassics.club\/fr\/wp-json\/wp\/v2\/pages\/21082","targetHints":{"allow":["GET"]}}],"collection":[{"href":"https:\/\/rallyclassics.club\/fr\/wp-json\/wp\/v2\/pages"}],"about":[{"href":"https:\/\/rallyclassics.club\/fr\/wp-json\/wp\/v2\/types\/page"}],"author":[{"embeddable":true,"href":"https:\/\/rallyclassics.club\/fr\/wp-json\/wp\/v2\/users\/9192197"}],"replies":[{"embeddable":true,"href":"https:\/\/rallyclassics.club\/fr\/wp-json\/wp\/v2\/comments?post=21082"}],"version-history":[{"count":4,"href":"https:\/\/rallyclassics.club\/fr\/wp-json\/wp\/v2\/pages\/21082\/revisions"}],"predecessor-version":[{"id":21124,"href":"https:\/\/rallyclassics.club\/fr\/wp-json\/wp\/v2\/pages\/21082\/revisions\/21124"}],"wp:attachment":[{"href":"https:\/\/rallyclassics.club\/fr\/wp-json\/wp\/v2\/media?parent=21082"}],"curies":[{"name":"wp","href":"https:\/\/api.w.org\/{rel}","templated":true}]}}