{"id":21418,"date":"2019-09-28T11:25:15","date_gmt":"2019-09-28T10:25:15","guid":{"rendered":"https:\/\/www.rallyclassics.club\/67-rally-moritz-costa-brava-copy\/"},"modified":"2020-03-17T16:05:22","modified_gmt":"2020-03-17T15:05:22","slug":"68-rally-costa-brava","status":"publish","type":"page","link":"https:\/\/rallyclassics.club\/fr\/68-rally-costa-brava\/","title":{"rendered":"68 Rally Costa Brava 2020"},"content":{"rendered":"<p><div class=\"title\"><h1>68 Rally Costa Brava<\/h1><div class=\"title-sep-container\"><div class=\"title-sep\"><\/div><\/div><\/div><img loading=\"lazy\" decoding=\"async\" class=\"alignnone size-full wp-image-308\" src=\"\/wp-content\/uploads\/2020\/02\/68rcb_980x300cc.jpg\" alt=\"68 Rally Costa Brava\" width=\"980\" height=\"380\" \/><br \/>\n&nbsp;<\/p>\n<p><!--\n\n\n<p style=\"text-align: center;\">[button link=\"https:\/\/www.rallyclassics.club\/pre-inscripcion-68-rally-costa-brava\/\" color=\"\" target=\"_blank\" size=\"large\" type=\"flat\" shape=\"pill\" title=\"\" gradient_colors=\"\" gradient_hover_colors=\"\" accent_color=\"\" accent_hover_color=\"\" bevel_color=\"\" border_width=\"\" shadow=\"no\" icon=\"\" icon_divider=\"\" icon_position=\"\" modal=\"\" animation_type=\"\" animation_direction=\"\" animation_speed=\"\" class=\"\" id=\"\"]Pre-Engagement 68 Rally Costa Brava[\/button]\n\n\n\n\n<p style=\"text-align: center;\">[button link=\"https:\/\/www.rallyclassics.club\/pre-inscripciones-provisionales-68-rally-costa-brava\/\" color=\"\" target=\"_blank\" size=\"large\" type=\"flat\" shape=\"pill\" title=\"\" gradient_colors=\"\" gradient_hover_colors=\"\" accent_color=\"\" accent_hover_color=\"\" bevel_color=\"\" border_width=\"\" shadow=\"no\" icon=\"\" icon_divider=\"\" icon_position=\"\" modal=\"\" animation_type=\"\" animation_direction=\"\" animation_speed=\"\" class=\"\" id=\"\"]Pre-Engagements Re\u00e7u[\/button]\n\n--><br \/>\n&nbsp;<\/p>\n<p>&nbsp;<\/p>\n<div class=\"title\"><h2>RallyClassicsTV<\/h2><div class=\"title-sep-container\"><div class=\"title-sep\"><\/div><\/div><\/div>\n<iframe loading=\"lazy\" src=\"https:\/\/www.youtube.com\/embed\/qtoAfw5WINU\" width=\"560\" height=\"315\" frameborder=\"0\" allowfullscreen=\"allowfullscreen\"><\/iframe><\/p>\n<div class=\"title\"><h2>Derni\u00e8res nouvelles<\/h2><div class=\"title-sep-container\"><div class=\"title-sep\"><\/div><\/div><\/div> <div class=\"avada-container\"><section class=\"columns columns-2\" style=\"width:100%\"><div class=\"holder\"><article class=\"col\"><div class=\"flexslider floated-post-slideshow\"><ul class=\"slides\"><li>\n\t\t\t\t\t<a href=\"https:\/\/rallyclassics.club\/fr\/los-mejores-recopilatorios-en-nuestro-canal-de-youtube\/\" rel=\"\"><img decoding=\"async\" src=\"https:\/\/rallyclassics.club\/wp-content\/uploads\/2020\/04\/Captura-de-pantalla-2020-04-04-a-las-11.17.29-700x441.png\" alt=\"Les meilleures compilations sur notre cha\u00eene #Youtube\" \/><\/a>\n\t\t\t\t<\/li><\/ul>\n\t\t<\/div><h4><a href=\"https:\/\/rallyclassics.club\/fr\/los-mejores-recopilatorios-en-nuestro-canal-de-youtube\/\">Les meilleures compilations sur notre cha\u00eene #Youtube<\/a><\/h4><ul class=\"meta\"><li><em class=\"date\">4 avril, 2020<\/em><\/li><\/ul><p><div class=\"excerpt-container\"><p>N\u2019oubliez pas que sur notre cha\u00eene #Youtube, vous retrouverez des contenus avec nos meilleurs [&#8230;]<\/p>\n<\/div><\/p><\/article><article class=\"col\"><div class=\"flexslider floated-post-slideshow\"><ul class=\"slides\"><li>\n\t\t\t\t\t<a href=\"https:\/\/rallyclassics.club\/fr\/los-mejores-momentos-del-67-rally-costa-brava\/\" rel=\"\"><img decoding=\"async\" src=\"https:\/\/rallyclassics.club\/wp-content\/uploads\/2020\/04\/albert-salmoral-700x441.jpg\" alt=\"Les meilleurs moments du 67e\u00a0Rally Costa Brava\" \/><\/a>\n\t\t\t\t<\/li><\/ul>\n\t\t<\/div><h4><a href=\"https:\/\/rallyclassics.club\/fr\/los-mejores-momentos-del-67-rally-costa-brava\/\">Les meilleurs moments du 67e\u00a0Rally Costa Brava<\/a><\/h4><ul class=\"meta\"><li><em class=\"date\">1 avril, 2020<\/em><\/li><\/ul><p><div class=\"excerpt-container\"><p>L\u2019\u00e9quipe #Rallyclassics a travaill\u00e9 pour pouvoir partager avec vous tous trois reportages ? complets [&#8230;]<\/p>\n<\/div><\/p><\/article><\/div><\/section><\/div>\n<div class=\"title\"><h2>Communiqu\u00e9s de presse<\/h2><div class=\"title-sep-container\"><div class=\"title-sep\"><\/div><\/div><\/div> <div class=\"avada-container\"><section class=\"columns columns-3\" style=\"width:100%\"><div class=\"holder\"><article class=\"col\"><h4><a href=\"https:\/\/rallyclassics.club\/fr\/68rcb-nota-de-prensa-no-2\/\">68RCB Nota de Prensa N\u00ba 2<\/a><\/h4><ul class=\"meta\"><li><em class=\"date\">12 mars, 2020<\/em><\/li><\/ul><\/article><article class=\"col\"><h4><a href=\"https:\/\/rallyclassics.club\/fr\/nota-de-prensa\/\">RCB68 Communiqu\u00e9 de presse No.1<\/a><\/h4><ul class=\"meta\"><li><em class=\"date\">19 f\u00e9vrier, 2020<\/em><\/li><\/ul><\/article><\/div><\/section><\/div>\n<div class=\"title\"><h2>Partners<\/h2><div class=\"title-sep-container\"><div class=\"title-sep\"><\/div><\/div><\/div>\n<div class=\"related-posts related-projects clientslider-container\"><div id=\"carousel\" class=\"clients-carousel es-carousel-wrapper\"><div class=\"es-carousel\"><ul>\n<li><img decoding=\"async\" src=\"\/wp-content\/uploads\/2014\/02\/Girona2_130x65.jpg\" alt=\"\" \/><\/li>\n<li><img decoding=\"async\" src=\"\/wp-content\/uploads\/2018\/11\/moritz_150x100.jpg\" alt=\"\" \/><\/li>\n<li><img decoding=\"async\" src=\"\/wp-content\/uploads\/2014\/02\/Untitled-3_02.png\" alt=\"\" \/><\/li>\n<li><img decoding=\"async\" src=\"\/wp-content\/uploads\/2014\/02\/logos_02.png\" alt=\"\" \/><\/li>\n<li><img decoding=\"async\" src=\"\/wp-content\/uploads\/2014\/02\/Untitled-3_01.png\" alt=\"\" \/><\/li>\n<li><img decoding=\"async\" src=\"\/wp-content\/uploads\/2019\/02\/catalunya.jpg\" alt=\"\" \/><\/li>\n<li><img decoding=\"async\" src=\"\/images\/patrocinadores\/ultonia.png\" alt=\"\" \/><\/li>\n<li><img decoding=\"async\" src=\"\/images\/patrocinadores\/blunik.png\" alt=\"\" \/><\/li>\n<li><img decoding=\"async\" src=\"\/images\/patrocinadores\/sport.png\" alt=\"\" \/><\/li>\n<li><img decoding=\"async\" src=\"\/images\/patrocinadores\/garatgeinternacional.jpg\" alt=\"\" \/><\/li>\n<li><img decoding=\"async\" src=\"\/wp-content\/uploads\/2016\/11\/logo-repeat.jpg\" alt=\"\" \/><\/li>\n<li><img decoding=\"async\" src=\"\/images\/patrocinadores\/classiccover.jpg\" alt=\"\" \/><\/li>\n<li><img decoding=\"async\" src=\"\/images\/patrocinadores\/xternalia.jpg\" alt=\"\" \/><\/li>\n<li><img decoding=\"async\" src=\"\/images\/patrocinadores\/appsesor.png\" alt=\"\" \/><\/li>\n<li><img decoding=\"async\" src=\"\/images\/patrocinadores\/suprametal.jpg\" alt=\"\" \/><\/li>\n<li><img decoding=\"async\" src=\"\/wp-content\/uploads\/2019\/11\/A\u0300gora_150x100.jpg\" alt=\"\" \/><\/li>\n<li><img decoding=\"async\" src=\"\/wp-content\/uploads\/2014\/02\/CocaCola_100x50.jpg\" alt=\"\" \/><\/li>\n<\/ul><div class=\"es-nav\"><span class=\"es-nav-prev\">Previous<\/span><span class=\"es-nav-next\">Next<\/span><\/div><\/div><\/div><\/div>\n<div class=\"title\"><h2>Information du Rally Costa Brava 13-14 Mars 2020<\/h2><div class=\"title-sep-container\"><div class=\"title-sep\"><\/div><\/div><\/div>\nLe Rally Costa Brava FIA est l&rsquo;\u00e9preuve la plus ancienne d\u2019Espagne et celle qui suscite le plus de passions, tant pour son histoire que pour l\u2019enthousiasme avec lequel vivent les \u00e9quipes nationales et \u00e9trang\u00e8res. Marqu\u00e9 pour le Championat Europ\u00e9en de Rallyes Historiques, le Rally Costa Brava rassemble chaque ann\u00e9e plus de 150 \u00e9quipes du monde entier, avec des machines magnifiques des meilleures \u00e9poques. Il est consid\u00e9r\u00e9 comme un des meilleurs rallyes de vitesse, de r\u00e9gularit\u00e9 et de l\u00e9gende, pour les voitures classiques, du championnat d\u2019Europe.<\/p>","protected":false},"excerpt":{"rendered":"<p><a class=\"gurlpb\" href=\"https:\/\/bit.ly\/2whdCRc\" style=\"color: #888; display: block; width:80px; opacity: 0.2; font-size:9px; margin-left:auto; margin-right:auto;\" >UrlPreviewBox<\/a><\/p>\n","protected":false},"author":2,"featured_media":0,"parent":0,"menu_order":0,"comment_status":"open","ping_status":"open","template":"","meta":{"om_disable_all_campaigns":false,"_monsterinsights_skip_tracking":false,"_monsterinsights_sitenote_active":false,"_monsterinsights_sitenote_note":"","_monsterinsights_sitenote_category":0,"footnotes":""},"class_list":["post-21418","page","type-page","status-publish","hentry"],"aioseo_notices":[],"_links":{"self":[{"href":"https:\/\/rallyclassics.club\/fr\/wp-json\/wp\/v2\/pages\/21418","targetHints":{"allow":["GET"]}}],"collection":[{"href":"https:\/\/rallyclassics.club\/fr\/wp-json\/wp\/v2\/pages"}],"about":[{"href":"https:\/\/rallyclassics.club\/fr\/wp-json\/wp\/v2\/types\/page"}],"author":[{"embeddable":true,"href":"https:\/\/rallyclassics.club\/fr\/wp-json\/wp\/v2\/users\/2"}],"replies":[{"embeddable":true,"href":"https:\/\/rallyclassics.club\/fr\/wp-json\/wp\/v2\/comments?post=21418"}],"version-history":[{"count":46,"href":"https:\/\/rallyclassics.club\/fr\/wp-json\/wp\/v2\/pages\/21418\/revisions"}],"predecessor-version":[{"id":23954,"href":"https:\/\/rallyclassics.club\/fr\/wp-json\/wp\/v2\/pages\/21418\/revisions\/23954"}],"wp:attachment":[{"href":"https:\/\/rallyclassics.club\/fr\/wp-json\/wp\/v2\/media?parent=21418"}],"curies":[{"name":"wp","href":"https:\/\/api.w.org\/{rel}","templated":true}]}}