{"id":2154,"date":"2014-02-13T09:17:00","date_gmt":"2014-02-13T09:17:00","guid":{"rendered":"http:\/\/rallyclassics.org\/concentracion-lloret-formula-weekend-2\/"},"modified":"2015-09-25T11:29:45","modified_gmt":"2015-09-25T09:29:45","slug":"pujada-historica-els-angels","status":"publish","type":"page","link":"https:\/\/rallyclassics.club\/fr\/pujada-historica-els-angels\/","title":{"rendered":"Els \u00c0ngels Hist\u00f2ric"},"content":{"rendered":"<p><div class=\"title\"><h1>Els \u00c0ngels Hist\u00f2ric<\/h1><div class=\"title-sep-container\"><div class=\"title-sep\"><\/div><\/div><\/div><img loading=\"lazy\" decoding=\"async\" class=\"alignnone size-full wp-image-308\" src=\"\/wp-content\/uploads\/2014\/12\/angels2015_980x3001.jpg\" alt=\"\" width=\"980\" height=\"300\" \/><br \/>\n&nbsp;<br \/>\n<div class=\"title\"><h2>\u00daltimas Noticias de Els \u00c0ngels Hist\u00f2ric<\/h2><div class=\"title-sep-container\"><div class=\"title-sep\"><\/div><\/div><\/div> <div class=\"avada-container\"><section class=\"columns columns-2\" style=\"width:100%\"><div class=\"holder\"><article class=\"col\"><div class=\"flexslider floated-post-slideshow\"><ul class=\"slides\"><li>\n\t\t\t\t\t<a href=\"https:\/\/rallyclassics.club\/fr\/aplazados-eah-y-el-criterium-nocturn\/\" rel=\"\"><img decoding=\"async\" src=\"https:\/\/rallyclassics.club\/wp-content\/uploads\/2018\/06\/600-abarth-700x441.jpg\" alt=\"Aplazados EAH y el Criterium Nocturn\" \/><\/a>\n\t\t\t\t<\/li><\/ul>\n\t\t<\/div><h4><a href=\"https:\/\/rallyclassics.club\/fr\/aplazados-eah-y-el-criterium-nocturn\/\">Aplazados EAH y el Criterium Nocturn<\/a><\/h4><ul class=\"meta\"><li><em class=\"date\">8 juin, 2018<\/em><\/li><\/ul><p><div class=\"excerpt-container\"><p>Nous regrettons de devoir vous annoncer le report de l\u2019Els Angels Hist\u00f2ric et du [&#8230;]<\/p>\n<\/div><\/p><\/article><article class=\"col\"><div class=\"flexslider floated-post-slideshow\"><ul class=\"slides\"><li>\n\t\t\t\t\t<a href=\"https:\/\/rallyclassics.club\/fr\/el-abadal-buick-de-1917-en-els-angels-historic-2018\/\" rel=\"\"><img decoding=\"async\" src=\"https:\/\/rallyclassics.club\/wp-content\/uploads\/2018\/06\/Zanini-700x441.jpg\" alt=\"L\u2019Abadal Buick de Zanini, sur l\u2019Els Angels Hist\u00f2ric\" \/><\/a>\n\t\t\t\t<\/li><\/ul>\n\t\t<\/div><h4><a href=\"https:\/\/rallyclassics.club\/fr\/el-abadal-buick-de-1917-en-els-angels-historic-2018\/\">L\u2019Abadal Buick de Zanini, sur l\u2019Els Angels Hist\u00f2ric<\/a><\/h4><ul class=\"meta\"><li><em class=\"date\">6 juin, 2018<\/em><\/li><\/ul><p><div class=\"excerpt-container\"><p>Antonio Zanini participera avec son Abadal Buick de 1917 \u00e0 l\u2019Els \u00c0ngels Hist\u00f2ric 2018. [&#8230;]<\/p>\n<\/div><\/p><\/article><\/div><\/section><\/div>\n<div class=\"title\"><h2>Sponsors Els \u00c0ngels Hist\u00f2ric<\/h2><div class=\"title-sep-container\"><div class=\"title-sep\"><\/div><\/div><\/div>\n<div class=\"related-posts related-projects clientslider-container\"><div id=\"carousel\" class=\"clients-carousel es-carousel-wrapper\"><div class=\"es-carousel\"><ul>\n<li><a href=\"#\" target=\"_self\"><img decoding=\"async\" src=\"\/wp-content\/uploads\/2015\/03\/logo_mm.jpg\" alt=\"\" \/><\/a><\/li>\n<li><a href=\"#\" target=\"_self\"><img decoding=\"async\" src=\"\/wp-content\/uploads\/2014\/02\/Untitled-3_01.png\" alt=\"\" \/><\/a><\/li>\n<li><a href=\"#\" target=\"_self\"><img decoding=\"async\" src=\"\/wp-content\/uploads\/2014\/02\/Untitled-3_02.png\" alt=\"\" \/><\/a><\/li>\n<li><a href=\"#\" target=\"_self\"><img decoding=\"async\" src=\"\/wp-content\/uploads\/2014\/02\/logos_02.png\" alt=\"\" \/><\/a><\/li>\n<li><a href=\"#\" target=\"_self\"><img decoding=\"async\" src=\"\/wp-content\/uploads\/2014\/02\/logos_2_01.png\" alt=\"\" \/><\/a><\/li>\n<li><a href=\"#\" target=\"_self\"><img decoding=\"async\" src=\"\/wp-content\/uploads\/2014\/02\/logos_03.png\" alt=\"\" \/><\/a><\/li>\n<\/ul><div class=\"es-nav\"><span class=\"es-nav-prev\">Previous<\/span><span class=\"es-nav-next\">Next<\/span><\/div><\/div><\/div><\/div>\n<div class=\"title\"><h2>Informaci\u00f3n de Els \u00c0ngels Hist\u00f2ric<\/h2><div class=\"title-sep-container\"><div class=\"title-sep\"><\/div><\/div><\/div><\/p>","protected":false},"excerpt":{"rendered":"<p>Antonio Zanini participera avec son Abadal Buick de 1917 \u00e0 l\u2019Els \u00c0ngels Hist\u00f2ric 2018. 101\u00a0ans d\u2019histoire. Ce v\u00e9hicule magnifique et particulier a \u00e9t\u00e9 reconstruit par le marquis de Viladrau lui-m\u00eame [&#8230;]<\/p>\n","protected":false},"author":2,"featured_media":0,"parent":0,"menu_order":0,"comment_status":"open","ping_status":"open","template":"","meta":{"om_disable_all_campaigns":false,"_monsterinsights_skip_tracking":false,"_monsterinsights_sitenote_active":false,"_monsterinsights_sitenote_note":"","_monsterinsights_sitenote_category":0,"footnotes":""},"class_list":["post-2154","page","type-page","status-publish","hentry"],"aioseo_notices":[],"_links":{"self":[{"href":"https:\/\/rallyclassics.club\/fr\/wp-json\/wp\/v2\/pages\/2154","targetHints":{"allow":["GET"]}}],"collection":[{"href":"https:\/\/rallyclassics.club\/fr\/wp-json\/wp\/v2\/pages"}],"about":[{"href":"https:\/\/rallyclassics.club\/fr\/wp-json\/wp\/v2\/types\/page"}],"author":[{"embeddable":true,"href":"https:\/\/rallyclassics.club\/fr\/wp-json\/wp\/v2\/users\/2"}],"replies":[{"embeddable":true,"href":"https:\/\/rallyclassics.club\/fr\/wp-json\/wp\/v2\/comments?post=2154"}],"version-history":[{"count":12,"href":"https:\/\/rallyclassics.club\/fr\/wp-json\/wp\/v2\/pages\/2154\/revisions"}],"predecessor-version":[{"id":6729,"href":"https:\/\/rallyclassics.club\/fr\/wp-json\/wp\/v2\/pages\/2154\/revisions\/6729"}],"wp:attachment":[{"href":"https:\/\/rallyclassics.club\/fr\/wp-json\/wp\/v2\/media?parent=2154"}],"curies":[{"name":"wp","href":"https:\/\/api.w.org\/{rel}","templated":true}]}}