{"id":22037,"date":"2019-11-04T18:11:53","date_gmt":"2019-11-04T17:11:53","guid":{"rendered":"https:\/\/www.rallyclassics.club\/xvi-rally-costa-brava-historic-copy\/"},"modified":"2020-10-15T22:52:52","modified_gmt":"2020-10-15T21:52:52","slug":"xvii-rally-costa-brava-historic","status":"publish","type":"page","link":"https:\/\/rallyclassics.club\/fr\/xvii-rally-costa-brava-historic\/","title":{"rendered":"XVII Rally Costa Brava Hist\u00f2ric 15 &#8211; 18 Octobre &#8211; Rallye de R\u00e9gularit\u00e9 pour les voitures classiques"},"content":{"rendered":"<p><div class=\"title\"><h1>XVII Rally Costa Brava Hist\u00f2ric<\/h1><div class=\"title-sep-container\"><div class=\"title-sep\"><\/div><\/div><\/div><img loading=\"lazy\" decoding=\"async\" class=\"aligncenter size-full wp-image-2147\" src=\"\/wp-content\/uploads\/xvii_rcbh_980x300b.jpg\" width=\"980\" height=\"300\" \/><\/p>\n<p>&nbsp;<\/p>\n<p><a href=\"https:\/\/www.blunik.com\/spa\/p\/news\/new\/clasificaciones\/v\/category\/2\/27-rally-costa-brava-historic-2020.htm\" target=\"_blank\" rel=\"noopener noreferrer\"><img loading=\"lazy\" decoding=\"async\" class=\"aligncenter wp-image-24949 size-full\" src=\"https:\/\/www.rallyclassics.club\/wp-content\/uploads\/xvii_rcbh_980x100_livetiming_ani.gif\" alt=\"\" width=\"980\" height=\"100\" \/><\/a><\/p>\n<div class=\"title\"><h2>Derni\u00e8res nouvelles XVII Rally Costa Brava Hist\u00f2ric<\/h2><div class=\"title-sep-container\"><div class=\"title-sep\"><\/div><\/div><\/div> <div class=\"avada-container\"><section class=\"columns columns-2\" style=\"width:100%\"><div class=\"holder\"><article class=\"col\"><div class=\"flexslider floated-post-slideshow\"><ul class=\"slides\"><li>\n\t\t\t\t\t<a href=\"https:\/\/rallyclassics.club\/fr\/resultados-rally-costa-brava-historic-virtual-2020\/\" rel=\"\"><img decoding=\"async\" src=\"https:\/\/rallyclassics.club\/wp-content\/uploads\/rally_costa_brava_historic_virtual_kuruma_motorsport-700x441.jpg\" alt=\"Plus de 130 personnes ont particip\u00e9 au premier Rally Costa Brava Hist\u00f2ric Virtuel \u00e0 Palam\u00f3s\" \/><\/a>\n\t\t\t\t<\/li><\/ul>\n\t\t<\/div><h4><a href=\"https:\/\/rallyclassics.club\/fr\/resultados-rally-costa-brava-historic-virtual-2020\/\">Plus de 130 personnes ont particip\u00e9 au premier Rally Costa Brava Hist\u00f2ric Virtuel \u00e0 Palam\u00f3s<\/a><\/h4><ul class=\"meta\"><li><em class=\"date\">10 novembre, 2020<\/em><\/li><\/ul><p><div class=\"excerpt-container\"><p> \tCe rallye virtuel s\u2019est disput\u00e9 avec les simulateurs install\u00e9s par Kuruma Motor Sport [&#8230;]<\/p>\n<\/div><\/p><\/article><article class=\"col\"><div class=\"flexslider floated-post-slideshow\"><ul class=\"slides\"><li>\n\t\t\t\t\t<a href=\"https:\/\/rallyclassics.club\/fr\/video-resumen-xvii-rally-costa-brava-historic\/\" rel=\"\"><img decoding=\"async\" src=\"https:\/\/rallyclassics.club\/wp-content\/uploads\/resume_rally_costa_brava_historic_2020_esport3-700x441.jpg\" alt=\"Le r\u00e9sum\u00e9 du XVIIe Rally Costa Brava Hist\u00f2ric disponible dans l\u2019\u00e9mission Km 0 d\u2019Esport3\" \/><\/a>\n\t\t\t\t<\/li><\/ul>\n\t\t<\/div><h4><a href=\"https:\/\/rallyclassics.club\/fr\/video-resumen-xvii-rally-costa-brava-historic\/\">Le r\u00e9sum\u00e9 du XVIIe Rally Costa Brava Hist\u00f2ric disponible dans l\u2019\u00e9mission Km 0 d\u2019Esport3<\/a><\/h4><ul class=\"meta\"><li><em class=\"date\">26 octobre, 2020<\/em><\/li><\/ul><p><div class=\"excerpt-container\"><p>Dimanche 25\u00a0octobre, l\u2019\u00e9mission Km 0 d\u2019Esport3, dirig\u00e9e par Sebasti\u00e0 Roca, a diffus\u00e9 en exclusivit\u00e9 [&#8230;]<\/p>\n<\/div><\/p><\/article><\/div><\/section><\/div>\n<div class=\"title\"><h2>Communiqu\u00e9s presse<\/h2><div class=\"title-sep-container\"><div class=\"title-sep\"><\/div><\/div><\/div> <div class=\"avada-container\"><section class=\"columns columns-3\" style=\"width:100%\"><div class=\"holder\"><\/div><\/section><\/div>\n<div class=\"title\"><h2>RallyClassics TV<\/h2><div class=\"title-sep-container\"><div class=\"title-sep\"><\/div><\/div><\/div>\n<p><iframe loading=\"lazy\" src=\"https:\/\/www.youtube.com\/embed\/a56R9rWsa7s\" width=\"560\" height=\"315\" frameborder=\"0\" allowfullscreen=\"allowfullscreen\"><\/iframe><\/p>\n<div class=\"title\"><h2>Sponsors XVII Rally Costa Brava Hist\u00f2ric<\/h2><div class=\"title-sep-container\"><div class=\"title-sep\"><\/div><\/div><\/div>\n<div class=\"related-posts related-projects clientslider-container\"><div id=\"carousel\" class=\"clients-carousel es-carousel-wrapper\"><div class=\"es-carousel\"><ul>\n<li><img decoding=\"async\" src=\"\/wp-content\/uploads\/Palamo\u0301s_150x100.jpg\" alt=\"\" \/><\/li>\n<li><img decoding=\"async\" src=\"\/wp-content\/uploads\/2016\/11\/palamos.jpg\" alt=\"\" \/><\/li>\n<li><img decoding=\"async\" src=\"\/wp-content\/uploads\/2016\/11\/palamos-gastronomia.jpg\" alt=\"\" \/><\/li>\n<li><img decoding=\"async\" src=\"\/wp-content\/uploads\/Vilajui\u0308ga_150x100.jpg\" alt=\"\" \/><\/li>\n<li><img decoding=\"async\" src=\"\/wp-content\/uploads\/ajuntamentcalonge_150x100.jpg\" alt=\"\" \/><\/li>\n<li><img decoding=\"async\" src=\"\/wp-content\/uploads\/CostaBrava_150x100.jpg\" alt=\"\" \/><\/li>\n<li><img decoding=\"async\" src=\"\/wp-content\/uploads\/2014\/02\/logos_02.png\" alt=\"\" \/><\/li>\n<li><img decoding=\"async\" src=\"\/wp-content\/uploads\/2014\/02\/Untitled-3_02.png\" alt=\"\" \/><\/li>\n<li><img decoding=\"async\" src=\"\/wp-content\/uploads\/hoteltrias_150x100.jpg\" alt=\"\" \/><\/li>\n<li><img decoding=\"async\" src=\"\/wp-content\/uploads\/CaLEnric_150x100.jpg\" alt=\"\" \/><\/li>\n<li><img decoding=\"async\" src=\"\/wp-content\/uploads\/Ripoll_150x100.jpg\" alt=\"\" \/><\/li>\n<li><img decoding=\"async\" src=\"\/wp-content\/uploads\/Protect_150x100.jpg\" alt=\"\" \/><\/li>\n<li><img decoding=\"async\" src=\"\/wp-content\/uploads\/Gaudi\u0301_150x100.jpg\" alt=\"\" \/><\/li>\n<li><img decoding=\"async\" src=\"\/wp-content\/uploads\/Enracat_150x100.jpg\" alt=\"\" \/><\/li>\n<li><img decoding=\"async\" src=\"\/images\/patrocinadores\/sport.png\" alt=\"\" \/><\/li>\n<li><img decoding=\"async\" src=\"\/wp-content\/uploads\/2014\/02\/logos_2_01.png\" alt=\"\" \/><\/li>\n<li><img decoding=\"async\" src=\"\/wp-content\/uploads\/2015\/04\/logos_appsesor.png\" alt=\"\" \/><\/li>\n<li><img decoding=\"async\" src=\"\/wp-content\/uploads\/2014\/11\/logo_garatgeinternacional.jpg\" alt=\"\" \/><\/li>\n<li><img decoding=\"async\" src=\"\/wp-content\/uploads\/2016\/11\/logo-repeat.jpg\" alt=\"\" \/><\/li>\n<li><img decoding=\"async\" src=\"\/wp-content\/uploads\/2015\/03\/logo_suprametal.jpg\" alt=\"\" \/><\/li>\n<li><img decoding=\"async\" src=\"\/wp-content\/uploads\/A\u0300gora_150x100.jpg\" alt=\"\" \/><\/li>\n<\/ul><div class=\"es-nav\"><span class=\"es-nav-prev\">Previous<\/span><span class=\"es-nav-next\">Next<\/span><\/div><\/div><\/div><\/div>\n<div class=\"title\"><h2>Information XVII Rally Costa Brava Hist\u00f2ric<\/h2><div class=\"title-sep-container\"><div class=\"title-sep\"><\/div><\/div><\/div>\nLe RALLY COSTA BRAVA HISTORIC f\u00eatera sa XVII \u00e9dition dans le village marin de Palam\u00f3s, du 15 au 18 octobre 2020. Comptant pour le Troph\u00e9e de la R\u00e9gularit\u00e9 de la FIA, le rallye de r\u00e9gularit\u00e9 de voitures classiques sera bas\u00e9 \u00e0 l&rsquo;H\u00f4tel Trias, et les contr\u00f4les techniques seront effectu\u00e9s au port de La Marina de Palam\u00f3s. L&rsquo;itin\u00e9raire sera d&rsquo;environ 1000 kms. Les troph\u00e9es seront pr\u00e9sent\u00e9s sur le m\u00eame podium, le dimanche 18 octobre au matin.<\/p>","protected":false},"excerpt":{"rendered":"<p>Dimanche 25\u00a0octobre, l\u2019\u00e9mission Km 0 d\u2019Esport3, dirig\u00e9e par Sebasti\u00e0 Roca, a diffus\u00e9 en exclusivit\u00e9 le r\u00e9sum\u00e9 du XVIIe Rally Costa Brava Hist\u00f2ric. Si vous avez rat\u00e9 l\u2019\u00e9mission ou souhaitez la [&#8230;]<\/p>\n","protected":false},"author":9192197,"featured_media":0,"parent":0,"menu_order":0,"comment_status":"closed","ping_status":"closed","template":"","meta":{"om_disable_all_campaigns":false,"_monsterinsights_skip_tracking":false,"_monsterinsights_sitenote_active":false,"_monsterinsights_sitenote_note":"","_monsterinsights_sitenote_category":0,"footnotes":""},"class_list":["post-22037","page","type-page","status-publish","hentry"],"aioseo_notices":[],"_links":{"self":[{"href":"https:\/\/rallyclassics.club\/fr\/wp-json\/wp\/v2\/pages\/22037","targetHints":{"allow":["GET"]}}],"collection":[{"href":"https:\/\/rallyclassics.club\/fr\/wp-json\/wp\/v2\/pages"}],"about":[{"href":"https:\/\/rallyclassics.club\/fr\/wp-json\/wp\/v2\/types\/page"}],"author":[{"embeddable":true,"href":"https:\/\/rallyclassics.club\/fr\/wp-json\/wp\/v2\/users\/9192197"}],"replies":[{"embeddable":true,"href":"https:\/\/rallyclassics.club\/fr\/wp-json\/wp\/v2\/comments?post=22037"}],"version-history":[{"count":24,"href":"https:\/\/rallyclassics.club\/fr\/wp-json\/wp\/v2\/pages\/22037\/revisions"}],"predecessor-version":[{"id":25237,"href":"https:\/\/rallyclassics.club\/fr\/wp-json\/wp\/v2\/pages\/22037\/revisions\/25237"}],"wp:attachment":[{"href":"https:\/\/rallyclassics.club\/fr\/wp-json\/wp\/v2\/media?parent=22037"}],"curies":[{"name":"wp","href":"https:\/\/api.w.org\/{rel}","templated":true}]}}