{"id":22801,"date":"2020-01-18T20:40:52","date_gmt":"2020-01-18T19:40:52","guid":{"rendered":"https:\/\/www.rallyclassics.club\/xviii-rallye-dhivern-criterium-viladrau-copy\/"},"modified":"2020-10-16T00:59:01","modified_gmt":"2020-10-15T23:59:01","slug":"xvii-rally-costa-brava-historic-clas","status":"publish","type":"page","link":"https:\/\/rallyclassics.club\/fr\/xvii-rally-costa-brava-historic-clas\/","title":{"rendered":"XVIII Rallye d\u2019Hivern-Criterium Viladrau &#8211; 18 janvier 2020 &#8211; Rallye de R\u00e9gularit\u00e9 pour les voitures classiques  Copia"},"content":{"rendered":"<p><div class=\"title\"><h1>XVIII Rallye d\u2019Hivern-Criterium Viladrau<\/h1><div class=\"title-sep-container\"><div class=\"title-sep\"><\/div><\/div><\/div><img decoding=\"async\" class=\"aligncenter size-full wp-image-1231\" src=\"\/wp-content\/uploads\/2019\/08\/xviii_hivern_980x300.jpg\" \/><\/p>\n<p>&nbsp;<\/p>\n<div class=\"title\"><h2>Derni\u00e8res nouvelles de XVIII Rallye d\u2019Hivern-Criterium Viladrau<\/h2><div class=\"title-sep-container\"><div class=\"title-sep\"><\/div><\/div><\/div> <div class=\"avada-container\"><section class=\"columns columns-2\" style=\"width:100%\"><div class=\"holder\"><article class=\"col\"><div class=\"flexslider floated-post-slideshow\"><ul class=\"slides\"><li>\n\t\t\t\t\t<a href=\"https:\/\/rallyclassics.club\/fr\/viladrau-bienvenida-temporada-xxii-rallye-hivern\/\" rel=\"\"><img decoding=\"async\" src=\"https:\/\/rallyclassics.club\/wp-content\/uploads\/2026\/01\/RHV26_RAF085804_-700x441.jpg\" alt=\"Viladrau accueille la saison automobile avec le XXII Rallye d\u2019Hivern\" \/><\/a>\n\t\t\t\t<\/li><\/ul>\n\t\t<\/div><h4><a href=\"https:\/\/rallyclassics.club\/fr\/viladrau-bienvenida-temporada-xxii-rallye-hivern\/\">Viladrau accueille la saison automobile avec le XXII Rallye d\u2019Hivern<\/a><\/h4><ul class=\"meta\"><li><em class=\"date\">19 janvier, 2026<\/em><\/li><\/ul><p><div class=\"excerpt-container\"><p> \tQuatre-vingt-cinq \u00e9quipes ont investi Viladrau \u00e0 l\u2019occasion du premier rallye de r\u00e9gularit\u00e9 pour [&#8230;]<\/p>\n<\/div><\/p><\/article><article class=\"col\"><div class=\"flexslider floated-post-slideshow\"><ul class=\"slides\"><li>\n\t\t\t\t\t<a href=\"https:\/\/rallyclassics.club\/fr\/calendario-2025-rallyclassics\/\" rel=\"\"><img decoding=\"async\" src=\"https:\/\/rallyclassics.club\/wp-content\/uploads\/2025\/01\/RC_Calendario2025_ES____-700x441.jpg\" alt=\"Nous presentons le calendrier 2025 de RallyClassics !\" \/><\/a>\n\t\t\t\t<\/li><\/ul>\n\t\t<\/div><h4><a href=\"https:\/\/rallyclassics.club\/fr\/calendario-2025-rallyclassics\/\">Nous presentons le calendrier 2025 de RallyClassics !<\/a><\/h4><ul class=\"meta\"><li><em class=\"date\">15 janvier, 2025<\/em><\/li><\/ul><p><div class=\"excerpt-container\"><p>Chez RallyClassics, nous avons d\u00e9j\u00e0 commenc\u00e9 la saison 2025, d\u00e9sireux de continuer \u00e0 offrir [&#8230;]<\/p>\n<\/div><\/p><\/article><\/div><\/section><\/div> <\/p>\n<div class=\"title\"><h2>RallyClassics TV<\/h2><div class=\"title-sep-container\"><div class=\"title-sep\"><\/div><\/div><\/div>\n<iframe loading=\"lazy\" src=\"https:\/\/www.youtube.com\/embed\/0yZgcKLFFwY\" width=\"560\" height=\"315\" frameborder=\"0\" allowfullscreen=\"allowfullscreen\"><\/iframe><br \/>\n&nbsp;<br \/>\n<div class=\"title\"><h2> Informations sur le XVIII Rallye d&rsquo;Hiver-Criterium de Viladrau <\/h2><div class=\"title-sep-container\"><div class=\"title-sep\"><\/div><\/div><\/div>\nLe Rallye d&rsquo;Hivern atteint sa dix-huiti\u00e8me \u00e9dition. C&rsquo;est l\u2019\u00e9preuve qui a marqu\u00e9 le d\u00e9but du parcours de RallyClassics en tant que club organisateur le 14 d\u00e9cembre 2002. Salt a accueilli l&rsquo;Hivern jusqu&rsquo;\u00e0 ce que le rallye soit transf\u00e9r\u00e9 deux ans en Andorre (2010 et 2011), \u00e0 la recherche du \u00abplus difficile encore\u00bb, pour revenir \u00e0 Viladrau, o\u00f9 se sont tenues les 7 derni\u00e8res \u00e9ditions. En 2020, le Rallye d&rsquo;Hivern &#8211; Criterium Viladrau aura lieu le 17 janvier. Il s&rsquo;agit du premier rallye du calendrier catalan.<br \/>\nLe Rallye d&rsquo;Hivern &#8211; Crit\u00e9rium de Viladrau sera compos\u00e9 de deux parties:<br \/>\nLe parcours total sera d&rsquo;environ 475 kilom\u00e8tres, avec 12 tron\u00e7ons de r\u00e9gularit\u00e9 sur asphalte, ce qui ajoutera 275 km, dont quelques 80 km correspondront au \u00abCriterium Viladrau\u00bb,<br \/>\nDans la premi\u00e8re boucle de type Crit\u00e9rium, chaque \u00e9quipe d\u00e9cidera de son rythme, moins dans les secteurs que l&rsquo;organisation impose peu les moyennes, tout en maintenant le respect absolu des r\u00e8gles de circulation, et avec un temps entre les contr\u00f4les horaires calcul\u00e9 \u00e0 la moyenne de maximum 50 km \/ h. Au deuxi\u00e8me tour de la premi\u00e8re boucle, identique au premier, les \u00e9quipes doivent essayer de \u00ab\u00a0retracer\u00a0\u00bb les temps qui passent tout au long du premier tour.<br \/>\nLa deuxi\u00e8me partie du rallye de r\u00e9gularit\u00e9 consistera en 4 sections \u00e0 r\u00e9p\u00e9ter deux fois, dans le plus pur style \u00abCriterium Montseny Guilleries\u00bb, et en une troisi\u00e8me section de seulement 2 tron\u00e7ons de r\u00e9gularit\u00e9.<\/p>\n<div class=\"title\"><h2>Sponsors XVIII Rallye d\u2019Hivern-Criterium Viladrau<\/h2><div class=\"title-sep-container\"><div class=\"title-sep\"><\/div><\/div><\/div>\n<div class=\"related-posts related-projects clientslider-container\"><div id=\"carousel\" class=\"clients-carousel es-carousel-wrapper\"><div class=\"es-carousel\"><ul>\n<li><img decoding=\"async\" src=\" \/wp-content\/uploads\/2014\/02\/logos_2_03.png\" alt=\"\" \/><\/li>\n<li><img decoding=\"async\" src=\" \/wp-content\/uploads\/2015\/12\/100-anys-e1510164531460.jpg\" alt=\"\" \/><\/li>\n<li><img decoding=\"async\" src=\" \/wp-content\/uploads\/2014\/02\/logos_2_01.png\" alt=\"\" \/><\/li>\n<li><img decoding=\"async\" src=\" \/wp-content\/uploads\/2014\/02\/logos_02.png\" alt=\"\" \/><\/li>\n<li><img decoding=\"async\" src=\" \/wp-content\/uploads\/2014\/02\/logo_classiccover.jpg\" alt=\"\" \/><\/li>\n<li><img decoding=\"async\" src=\" \/wp-content\/uploads\/2014\/11\/logo_garatgeinternacional.jpg\" alt=\"\" \/><\/li>\n<li><img decoding=\"async\" src=\" \/wp-content\/uploads\/2015\/03\/logo_suprametal.jpg\" alt=\"\" \/><\/li>\n<li><img decoding=\"async\" src=\" \/wp-content\/uploads\/2015\/04\/logos_appsesor.png\" alt=\"\" \/><\/li>\n<li><img decoding=\"async\" src=\"\/wp-content\/uploads\/2019\/11\/A\u0300gora_150x100.jpg\" alt=\"\" \/><\/li>\n<\/ul><div class=\"es-nav\"><span class=\"es-nav-prev\">Previous<\/span><span class=\"es-nav-next\">Next<\/span><\/div><\/div><\/div><\/div><\/p>","protected":false},"excerpt":{"rendered":"<p>Chez RallyClassics, nous avons d\u00e9j\u00e0 commenc\u00e9 la saison 2025, d\u00e9sireux de continuer \u00e0 offrir les meilleures exp\u00e9riences \u00e0 bord de v\u00e9hicules classiques. Apr\u00e8s le succ\u00e8s du r\u00e9cent XXI Rallye d&rsquo;Hivern, [&#8230;]<\/p>\n","protected":false},"author":9192197,"featured_media":0,"parent":0,"menu_order":0,"comment_status":"closed","ping_status":"closed","template":"","meta":{"om_disable_all_campaigns":false,"_monsterinsights_skip_tracking":false,"_monsterinsights_sitenote_active":false,"_monsterinsights_sitenote_note":"","_monsterinsights_sitenote_category":0,"footnotes":""},"class_list":["post-22801","page","type-page","status-publish","hentry"],"aioseo_notices":[],"_links":{"self":[{"href":"https:\/\/rallyclassics.club\/fr\/wp-json\/wp\/v2\/pages\/22801","targetHints":{"allow":["GET"]}}],"collection":[{"href":"https:\/\/rallyclassics.club\/fr\/wp-json\/wp\/v2\/pages"}],"about":[{"href":"https:\/\/rallyclassics.club\/fr\/wp-json\/wp\/v2\/types\/page"}],"author":[{"embeddable":true,"href":"https:\/\/rallyclassics.club\/fr\/wp-json\/wp\/v2\/users\/9192197"}],"replies":[{"embeddable":true,"href":"https:\/\/rallyclassics.club\/fr\/wp-json\/wp\/v2\/comments?post=22801"}],"version-history":[{"count":7,"href":"https:\/\/rallyclassics.club\/fr\/wp-json\/wp\/v2\/pages\/22801\/revisions"}],"predecessor-version":[{"id":25246,"href":"https:\/\/rallyclassics.club\/fr\/wp-json\/wp\/v2\/pages\/22801\/revisions\/25246"}],"wp:attachment":[{"href":"https:\/\/rallyclassics.club\/fr\/wp-json\/wp\/v2\/media?parent=22801"}],"curies":[{"name":"wp","href":"https:\/\/api.w.org\/{rel}","templated":true}]}}