{"id":23,"date":"2014-02-05T17:09:50","date_gmt":"2014-02-05T17:09:50","guid":{"rendered":"https:\/\/www.rallyclassics.club\/?page_id=23"},"modified":"2025-05-16T13:32:39","modified_gmt":"2025-05-16T12:32:39","slug":"pruebas","status":"publish","type":"page","link":"https:\/\/rallyclassics.club\/fr\/pruebas\/","title":{"rendered":"\u00c9v\u00e9nements"},"content":{"rendered":"<p><div class=\"one_third\">\n<p><center><a href=\"\/73-rally-costa-brava-2025\/\" target=\"_blank\" rel=\"noopener noreferrer\"><img decoding=\"async\" src=\"\/wp-content\/uploads\/2025\/02\/73_RCB_Placa_239x113.png\" alt=\"\" height=\"113\" \/><\/a><\/center><\/p>\n<h2 style=\"text-align: center;\">73 Rally KH-7 Costa Brava<\/h2>\n<p style=\"text-align: center;\"><a class=\"button-25 button large default\" title=\"\" href=\"\/73-rally-costa-brava-2025\/\" target=\"_blank\">13-15\/03<\/a>\n<p class=\"p1\"><span class=\"s1\">Le <strong>73 Rally KH-7 Costa Brava<\/strong> a d\u00e9j\u00e0 sa date\u00a0! Apr\u00e8s une \u00e9dition 2024 inoubliable, avec plus de <strong>240 \u00e9quipages participantes (record absolu en Espagne)<\/strong>, le compte \u00e0 rebours de la 73e \u00e9dition a commenc\u00e9. L&rsquo;organisation travaille d\u00e9j\u00e0 sur une \u00e9dition qui apportera encore une fois diff\u00e9rentes nouveaut\u00e9s, en conservant toute l&rsquo;essence du Rally Costa Brava, \u00e9preuve qu&rsquo;il est d\u00e9j\u00e0 l&rsquo;une des r\u00e9f\u00e9rences indiscutables du sport automobile classique international. Nous vous attendons du 13 au 15 mars 2025.<\/p>\n<\/div>\n<div class=\"one_third\">\n<center><a href=\"\/xxii-rally-costa-brava-historic-2025\/\" target=\"_blank\" rel=\"noopener noreferrer\"><img decoding=\"async\" src=\"\/wp-content\/uploads\/2025\/05\/XXII_RCBH_Placa_v4_.png\" alt=\"\" height=\"113\" \/><\/a><\/center><\/p>\n<h2 style=\"text-align: center;\">XXII Rally Costa Brava Hist\u00f2ric<\/h2>\n<p style=\"text-align: center;\"><a class=\"button-26 button large default\" title=\"\" href=\"\/xxii-rally-costa-brava-historic-2025\/\" target=\"_blank\">30\/10-02\/11\/25<\/a>\n<p class=\"p1\"><span class=\"s1\">Le <strong>Rally Costa Brava Hist\u00f2ric<\/strong> est l&rsquo;une des meilleures \u00e9preuves de r\u00e9gularit\u00e9 sur route ouverte d&rsquo;Europe, avec plus de 1000 kilom\u00e8tres de parcours et une vingtaine de sp\u00e9ciales r\u00e9partis sur 3 \u00e9tapes. <strong>Du 30 octobre au 2 novembre 2025<\/strong> se tiendra la 22\u00e8me \u00e9dition de ce grand \u00e9v\u00e9nement pour voitures et motos historiques de 30 ans ou plus, auquel des \u00e9quipes viennent chaque ann\u00e9e de tout le continent, avec diff\u00e9rentes surprises et les nouveaut\u00e9s qui ont fait fureur en 2024. <strong>Plus d&rsquo;infos \u00e0 venir.<\/strong><\/span><\/p>\n<\/div>\n<div class=\"one_third last\">\n<center><a href=\"\/rallyclassics-africa-2025\/\" target=\"_blank\" rel=\"noopener noreferrer\"><img decoding=\"async\" src=\"\/wp-content\/uploads\/2025\/01\/RCA2025_Placa.png\" alt=\"\" height=\"113\" \/><\/a><\/center><\/p>\n<h2 style=\"text-align: center;\">RallyClassics Africa 2025<\/h2>\n<p style=\"text-align: center;\"><a class=\"button-27 button large default\" title=\"\" href=\"rallyclassics-africa-2025\" target=\"_blank\">12-17\/09\/25<\/a>\n<p class=\"p1\"><span class=\"s1\">Du 12 au 17 septembre, le Maroc nous attend pour profiter de la <strong>troisi\u00e8me \u00e9dition de ce rallye-raid avec r\u00e9gularit\u00e9 et navigation de 5 \u00e9tapes<\/strong>. Ce sera une semaine inoubliable pour les \u00e9quipages \u00e0 bord des voitures 4\u00d74 classiques et modernes \u00e0 travers les r\u00e9gions d\u2019Erfoud et Merzouga. Participez \u00e0 une \u00e9preuve de r\u00e9f\u00e9rence en pr\u00e9paration du Dakar Classic, et toujours fid\u00e8le \u00e0 la philosophie RallyClassics :<strong>comp\u00e9titivit\u00e9, s\u00e9curit\u00e9 et fair-play pour tous<\/strong>.<strong> Inscriptions ouvertes et toutes les informations d\u00e9j\u00e0 disponibles! <\/strong><\/span><\/p>\n<\/div><div class=\"clearboth\"><\/div>\n<hr \/>\n<div class=\"one_third\">\n<center><a href=\"\/classic-series-2025\/\" target=\"_blank\" rel=\"noopener noreferrer\"><img decoding=\"async\" src=\"\/wp-content\/uploads\/2025\/01\/cabecera-pcs-gos-2025_v3.png\" alt=\"\" height=\"113\" \/><\/a><\/center><\/p>\n<h2 style=\"text-align: center;\">Classic Series<\/h2>\n<p style=\"text-align: center;\"><a class=\"button-28 button large default\" title=\"\" href=\"\/classic-series-2025\/\" target=\"_blank\">2025<\/a>\n<p class=\"p1\"><span class=\"s1\">Quatre \u00e9preuves composent la saison 2025 des <strong>Classic Series<\/strong>. Les voitures classiques et les youngtimers fabriqu\u00e9es jusqu&rsquo;en 1995 peuvent participer \u00e0 ce championnat de r\u00e9gularit\u00e9 dans lequel la pers\u00e9v\u00e9rance et l&rsquo;habilet\u00e9 au volant sont r\u00e9compens\u00e9es. Cette saison avec les <strong>Gentlemen Open Series<\/strong> pour profiter de la r\u00e9gularit\u00e9 avec voitures youngtimers et modernes avec int\u00e9r\u00eat sportif. D&rsquo;avril \u00e0 octobre, nous visiterons Parcmotor Castellol\u00ed, Calafat, Alcarr\u00e0s et la Finale \u00e0 Parcmotor Castellol\u00ed \u00e0 nouveau. Cette ann\u00e9e avec 50% de r\u00e9duction pour les jeunes, les femmes et les d\u00e9butants. Venez d\u00e9couvrir les Classic Series ! <strong>Informations 2025 d\u00e8j\u00e1 disponibles<\/strong>.<\/span><\/p>\n<\/div>\n<div class=\"one_third\">\n<center><a href=\"motoclassic-series-2025\" target=\"_blank\" rel=\"noopener noreferrer\"><img decoding=\"async\" src=\"\/wp-content\/uploads\/2019\/01\/MotoClassicSeries_239x113.jpg\" alt=\"\" \/><\/a><\/center><\/p>\n<h2 style=\"text-align: center;\">MotoClassic Series<\/h2>\n<p style=\"text-align: center;\"><a class=\"button-29 button large default\" title=\"\" href=\"motoclassic-series-2025\" target=\"_blank\">2025<\/a>\n<p class=\"p1\"><span class=\"s1\">Les<strong> MotoClassic Series<\/strong> sont devenues l&rsquo;un des meilleurs \u00e9v\u00e9nements pour les motos classiques et youngtimer. Les quatre \u00e9preuves pr\u00e9vus pour 2025 incluent les circuits Parcmotor Castellol\u00ed, Calafat, Alcarr\u00e0s et la Finale \u00e0 Parcmotor Castellol\u00ed \u00e0 nouveau. Cette ann\u00e9e avec 50% de r\u00e9duction pour les jeunes, les femmes et les d\u00e9butants. Vous \u00eates amateur et avez une moto fabriqu\u00e9e jusqu&rsquo;en 1995 ? Les MotoClassic Series de r\u00e9gularite vous attend ! <strong>Informations 2025 d\u00e8j\u00e1 disponibles.<\/strong><\/span><\/p>\n<\/div>\n<div class=\"one_third last\">\n<center><a href=\"xxi-rallye-hivern-viladrau-2025\/\" target=\"_blank\" rel=\"noopener noreferrer\"><img decoding=\"async\" src=\"\/wp-content\/uploads\/2024\/11\/XXI_RallyeHivern_Placa_239x113.png\" alt=\"Rally de Regularidad para veh\u00edculos cl\u00e1sicos\" height=\"113\" \/><\/a><\/center><\/p>\n<h2 style=\"text-align: center;\">XXI Rallye d&rsquo;Hivern &#8211; Viladrau<\/h2>\n<p style=\"text-align: center;\"><a class=\"button-30 button large default\" title=\"\" href=\"xxi-rallye-hivern-viladrau-2025\/\" target=\"_blank\">11\/01\/25<\/a>\n<p class=\"p1\"><span class=\"s1\">Le samedi 13 janvier aura lieu le XX Rallye d\u2019Hivern \u2013 Viladrau, le rallye de r\u00e9gularit\u00e9 qui ouvre la saison sportive. Ne manquez pas un rallye passionnant, compos\u00e9 de 7 s\u00e9ctions et 200 kilom\u00e8tres de r\u00e9gularit\u00e9 \u00e0 travers les routes mythiques des Guilleries, avec de nombreux kilom\u00e8tres nocturnes. Un d\u00e9fi pour pilote et copilote !<\/span><\/p>\n<\/div><div class=\"clearboth\"><\/div>\n<hr \/>\n<p><center><div class=\"title\"><h1>\u00c9V\u00c9NEMENTS D\u00c9J\u00c0 R\u00c9ALIS\u00c9S<\/h1><div class=\"title-sep-container\"><div class=\"title-sep\"><\/div><\/div><\/div><\/center><\/p>\n<div class=\"one_third\">\n<center><a href=\"2-navarra-classic-festival-2022\" target=\"_blank\" rel=\"noopener noreferrer\"><img decoding=\"async\" src=\"\/wp-content\/uploads\/2NavarraClassicFestival_Placa_239x113.jpg\" alt=\"\" \/><\/a><\/center><\/p>\n<h2 style=\"text-align: center;\">2e Navarra Classic Festival<\/h2>\n<p style=\"text-align: center;\"><a class=\"button-31 button large default\" title=\"\" href=\"2-navarra-classic-festival-2022\" target=\"_blank\">2022<\/a>\n<p class=\"p1\"><span class=\"s1\">Apr\u00e8s le succ\u00e8s de la premi\u00e8re \u00e9dition, le Navarra Classic Festival revient en 2022 ! Du 10 au 12 juin, cet \u00e9v\u00e9nement r\u00e9unira diff\u00e9rentes modalit\u00e9s pour profiter des voitures et des motos classiques. Une \u00e9preuve des Porsche Classic Series et MotoClassic Series aura lieu sur le circuit de Navarre. Aura \u00e9galement lieu le 2e Navarra Classic Raid, une \u00e9preuve de r\u00e9gularit\u00e9 id\u00e9ale pour s&rsquo;initier ou se pr\u00e9parer au Dakar Classic, avec beaucoup de navigation sur des chemins de terre et deux \u00e9tapes.<\/span><\/p>\n<\/div>\n<div class=\"one_third\">\n<p><center><a href=\"\/6hendurlarity2019\/\" target=\"_blank\" rel=\"noopener noreferrer\"><img decoding=\"async\" src=\"\/wp-content\/uploads\/2019\/01\/Endurlarity_239x113.jpg\" alt=\"\" \/><\/a><\/center><\/p>\n<h2 style=\"text-align: center;\">ENDURLARITY by RallyClassics<\/h2>\n<p style=\"text-align: center;\"><a class=\"button-32 button large default\" title=\"\" href=\"\/6hendurlarity2019\/\" target=\"_blank\">16\/11\/2019<\/a>\n<\/div>\n<div class=\"one_third last\">\n<p><center><a href=\"pujada-historica-els-angels-2018\" target=\"_blank\" rel=\"noopener noreferrer\"><img decoding=\"async\" src=\"\/wp-content\/uploads\/2018\/01\/EAH2018_156x113.jpg\" alt=\"\" \/><\/a><\/center><\/p>\n<h2 style=\"text-align: center;\">Els \u00c0ngels Hist\u00f2ric 2018<\/h2>\n<p style=\"text-align: center;\"><a class=\"button-33 button large default\" title=\"\" href=\"pujada-historica-els-angels-2018\" target=\"_blank\">16\/06\/2018<\/a>\n<\/div><div class=\"clearboth\"><\/div>\n<hr \/>\n<div class=\"one_third\">\n<p><center><a href=\"\/2on-chopard-rally\/\" target=\"_blank\" rel=\"noopener noreferrer\"><img decoding=\"async\" src=\"\/wp-content\/uploads\/2019\/03\/2onChR_239x113.jpg\" alt=\"\" \/><\/a><\/center><\/p>\n<h2 style=\"text-align: center;\">2on Chopard Rally<\/h2>\n<p style=\"text-align: center;\"><a class=\"button-34 button large default\" title=\"\" href=\"\/2on-chopard-rally\/\" target=\"_blank\">23-26\/5\/2019<\/a>\n<\/div>\n<div class=\"one_third\">\n<p><center><a href=\"iv-criterium-costa-brava-nocturn\" target=\"_blank\" rel=\"noopener noreferrer\"><img decoding=\"async\" src=\"\/wp-content\/uploads\/2018\/01\/4rt_CNCB_156x113.jpg\" alt=\"\" \/><\/a><\/center><\/p>\n<h2 style=\"text-align: center;\">4rt Criterium Costa Brava Nocturn<\/h2>\n<p style=\"text-align: center;\"><a class=\"button-35 button large default\" title=\"\" href=\"iv-criterium-costa-brava-nocturn\" target=\"_blank\">16-17\/06\/2018<\/a>\n<\/div>\n<div class=\"one_third last\">\n<p><center><a href=\"https:\/\/www.porsche356meeting2017.com\/\" target=\"_blank\" rel=\"noopener noreferrer\"><img loading=\"lazy\" decoding=\"async\" class=\"alignnone size-full wp-image-296\" src=\"\/wp-content\/uploads\/2014\/02\/placaipm.jpg\" alt=\"placaipm\" width=\"156\" height=\"113\" \/><\/a><\/center><\/p>\n<h2 style=\"text-align: center;\">42nd Meeting Porsche 356<\/h2>\n<p style=\"text-align: center;\"><a class=\"button-36 button large default\" title=\"\" href=\"https:\/\/www.porsche356meeting2017.com\/\" target=\"_blank\">25\/5\/2017<\/a>\n<\/div><div class=\"clearboth\"><\/div>\n<hr \/>\n<div class=\"one_third\">\n<\/div><\/p>","protected":false},"excerpt":{"rendered":"","protected":false},"author":2,"featured_media":0,"parent":0,"menu_order":0,"comment_status":"open","ping_status":"open","template":"full-width.php","meta":{"om_disable_all_campaigns":false,"_monsterinsights_skip_tracking":false,"_monsterinsights_sitenote_active":false,"_monsterinsights_sitenote_note":"","_monsterinsights_sitenote_category":0,"footnotes":""},"class_list":["post-23","page","type-page","status-publish","hentry"],"aioseo_notices":[],"_links":{"self":[{"href":"https:\/\/rallyclassics.club\/fr\/wp-json\/wp\/v2\/pages\/23","targetHints":{"allow":["GET"]}}],"collection":[{"href":"https:\/\/rallyclassics.club\/fr\/wp-json\/wp\/v2\/pages"}],"about":[{"href":"https:\/\/rallyclassics.club\/fr\/wp-json\/wp\/v2\/types\/page"}],"author":[{"embeddable":true,"href":"https:\/\/rallyclassics.club\/fr\/wp-json\/wp\/v2\/users\/2"}],"replies":[{"embeddable":true,"href":"https:\/\/rallyclassics.club\/fr\/wp-json\/wp\/v2\/comments?post=23"}],"version-history":[{"count":456,"href":"https:\/\/rallyclassics.club\/fr\/wp-json\/wp\/v2\/pages\/23\/revisions"}],"predecessor-version":[{"id":50874,"href":"https:\/\/rallyclassics.club\/fr\/wp-json\/wp\/v2\/pages\/23\/revisions\/50874"}],"wp:attachment":[{"href":"https:\/\/rallyclassics.club\/fr\/wp-json\/wp\/v2\/media?parent=23"}],"curies":[{"name":"wp","href":"https:\/\/api.w.org\/{rel}","templated":true}]}}