{"id":23039,"date":"2020-02-03T21:54:38","date_gmt":"2020-02-03T20:54:38","guid":{"rendered":"https:\/\/www.rallyclassics.club\/moto-classic-series-2019\/barcelona-catalunya-2019-copy\/"},"modified":"2021-02-11T12:55:02","modified_gmt":"2021-02-11T11:55:02","slug":"barcelona-catalunya-2020","status":"publish","type":"page","link":"https:\/\/rallyclassics.club\/fr\/moto-classic-series-2020\/barcelona-catalunya-2020\/","title":{"rendered":"Moto Classic Series 2020 &#8211; Parcmotor | Motos classiques en circuit &#8211; R\u00e9gularit\u00e9 dans le circuit moto"},"content":{"rendered":"<p><div class=\"title\"><h1>Moto Classic Series 2020 &#8211; Parcmotor<\/h1><div class=\"title-sep-container\"><div class=\"title-sep\"><\/div><\/div><\/div>\n<img loading=\"lazy\" decoding=\"async\" class=\"alignnone size-full wp-image-301\" src=\"\/wp-content\/uploads\/mcs2020_980x300e.jpg\" alt=\"Moto Classic Series 2020 Circuit de Barcelona Catalunya\" width=\"980\" height=\"300\" \/><\/p>\n<div class=\"title\"><h2>Live Results<\/h2><div class=\"title-sep-container\"><div class=\"title-sep\"><\/div><\/div><\/div>\n<center><br \/>\n<div class=\"one_half\">\n<a class=\"button-15 button large default\" title=\"\" href=\"http:\/\/crono.rallyclassics.net\/Default2.aspx\" target=\"_self\">Tour \u00e0 Tour<\/a>\n<\/div>\n<div class=\"one_half last\">\n<a class=\"button-16 button large default\" title=\"\" href=\"http:\/\/crono.rallyclassics.net\/Default3.aspx\" target=\"_self\">Classement g\u00e9n\u00e9ral<\/a>\n<\/div><div class=\"clearboth\"><\/div><\/center><\/p>\n<div class=\"title\"><h2>Actualit\u00e9s des Moto Classic Series 2020<\/h2><div class=\"title-sep-container\"><div class=\"title-sep\"><\/div><\/div><\/div>\n<div class=\"avada-container\"><section class=\"columns columns-2\" style=\"width:100%\"><div class=\"holder\"><article class=\"col\"><div class=\"flexslider floated-post-slideshow\"><ul class=\"slides\"><li>\n\t\t\t\t\t<a href=\"https:\/\/rallyclassics.club\/fr\/emociones-sobre-2-ruedas-ayer-en-parcmotor\/\" rel=\"\"><img decoding=\"async\" src=\"https:\/\/rallyclassics.club\/wp-content\/uploads\/2019\/10\/6ceaddc8-188d-4b58-a959-2a03bfeee89a-700x441.jpg\" alt=\"\u00c9motions sur 2 roues hier \u00e0 Parcmotor !\" \/><\/a>\n\t\t\t\t<\/li><li>\n\t\t\t\t\t<a href=\"https:\/\/rallyclassics.club\/fr\/emociones-sobre-2-ruedas-ayer-en-parcmotor\/\" rel=\"\"><img decoding=\"async\" src=\"https:\/\/rallyclassics.club\/wp-content\/uploads\/2019\/10\/2cc10f75-e848-4e1b-96ea-175146a30caf-700x441.jpg\" alt=\"\" \/><\/a>\n\t\t\t\t<\/li><li>\n\t\t\t\t\t<a href=\"https:\/\/rallyclassics.club\/fr\/emociones-sobre-2-ruedas-ayer-en-parcmotor\/\" rel=\"\"><img decoding=\"async\" src=\"https:\/\/rallyclassics.club\/wp-content\/uploads\/2019\/10\/af461c88-d372-4a20-8629-963805788e47-700x441.jpg\" alt=\"\" \/><\/a>\n\t\t\t\t<\/li><\/ul>\n\t\t<\/div><h4><a href=\"https:\/\/rallyclassics.club\/fr\/emociones-sobre-2-ruedas-ayer-en-parcmotor\/\">\u00c9motions sur 2 roues hier \u00e0 Parcmotor !<\/a><\/h4><ul class=\"meta\"><li><em class=\"date\">7 octobre, 2019<\/em><\/li><\/ul><p><div class=\"excerpt-container\"><p>?\ufe0f Les #MotoClassicSeries ont \u00e0 nouveau donn\u00e9 lieu \u00e0 des affrontements, avec une prestation [&#8230;]<\/p>\n<\/div><\/p><\/article><article class=\"col\"><div class=\"flexslider floated-post-slideshow\"><ul class=\"slides\"><li>\n\t\t\t\t\t<a href=\"https:\/\/rallyclassics.club\/fr\/ven-manana-a-parcmotor\/\" rel=\"\"><img decoding=\"async\" src=\"https:\/\/rallyclassics.club\/wp-content\/uploads\/2019\/09\/portada-700x441.png\" alt=\"Rendez-vous demain \u00e0 Parcmotor\u00a0!\" \/><\/a>\n\t\t\t\t<\/li><\/ul>\n\t\t<\/div><h4><a href=\"https:\/\/rallyclassics.club\/fr\/ven-manana-a-parcmotor\/\">Rendez-vous demain \u00e0 Parcmotor\u00a0!<\/a><\/h4><ul class=\"meta\"><li><em class=\"date\">5 octobre, 2019<\/em><\/li><\/ul><p><div class=\"excerpt-container\"><p>Demain aura lieu l\u2019avant-derni\u00e8re \u00e9preuve des\u00a0#MotoClassicSeries, une rencontre o\u00f9 les pilotes devront d\u00e9montrer tout [&#8230;]<\/p>\n<\/div><\/p><\/article><\/div><\/section><\/div>\n<div class=\"title\"><h2>RallyClassics TV:<\/h2><div class=\"title-sep-container\"><div class=\"title-sep\"><\/div><\/div><\/div>\n<iframe loading=\"lazy\" src=\"https:\/\/www.youtube.com\/embed\/videoseries?list=PL58TG4mz7gHViDL6P3PP1TIRnflug-5JZ\" width=\"560\" height=\"315\" frameborder=\"0\" allowfullscreen=\"allowfullscreen\"><\/iframe><\/p>\n<div class=\"title\"><h2>Partenaires des Moto Classic Series 2020<\/h2><div class=\"title-sep-container\"><div class=\"title-sep\"><\/div><\/div><\/div>\n<p><img loading=\"lazy\" decoding=\"async\" class=\"aligncenter size-large wp-image-5809\" src=\"\/wp-content\/uploads\/2020\/02\/mcs2020_logos.jpg\" alt=\"Patrocinadores Moto Classic series\" width=\"669\" height=\"87\" \/><br \/>\n<div class=\"title\"><h2>Informations sur les Moto Classic Series 2020<\/h2><div class=\"title-sep-container\"><div class=\"title-sep\"><\/div><\/div><\/div>\n<p>La Moto Classic Series est devenue le meilleur \u00e9v\u00e9nement de r\u00e9gularit\u00e9 dans les circuits pour les v\u00e9los classiques exceptionnels. Les 5 rendez-vous pr\u00e9vus pour 2020 auront leur finale sur le Circuit de Calafat, remplissant le paddock d&rsquo;une ambiance familiale et d&rsquo;une grande ambiance et rassemblant les fans dans quelques jours avec le fair-play et la qualit\u00e9 des motos classiques. ils sont une exp\u00e9rience en plein essor, avec des grils complets, et c\u2019est la meilleure porte d\u2019entr\u00e9e pour les passionn\u00e9s de moto sportive. Il se compose de 4 \u00e9preuves de r\u00e9gularit\u00e9 dans Circuit, avec des v\u00e9los classiques, pour amateurs, amateurs et anciens pilotes, en toute s\u00e9curit\u00e9 et dans le respect des autres participants et de leurs motos.<\/p>","protected":false},"excerpt":{"rendered":"<p>Demain aura lieu l\u2019avant-derni\u00e8re \u00e9preuve des\u00a0#MotoClassicSeries, une rencontre o\u00f9 les pilotes devront d\u00e9montrer tout leur talent sur l\u2019asphalte. ? Le circuit de\u00a0Parcmotor Castellol\u00ed accueillera uniquement les deux-roues au cours d\u2019une [&#8230;]<\/p>\n","protected":false},"author":9192197,"featured_media":0,"parent":23041,"menu_order":0,"comment_status":"closed","ping_status":"closed","template":"","meta":{"om_disable_all_campaigns":false,"_monsterinsights_skip_tracking":false,"_monsterinsights_sitenote_active":false,"_monsterinsights_sitenote_note":"","_monsterinsights_sitenote_category":0,"footnotes":""},"class_list":["post-23039","page","type-page","status-publish","hentry"],"aioseo_notices":[],"_links":{"self":[{"href":"https:\/\/rallyclassics.club\/fr\/wp-json\/wp\/v2\/pages\/23039","targetHints":{"allow":["GET"]}}],"collection":[{"href":"https:\/\/rallyclassics.club\/fr\/wp-json\/wp\/v2\/pages"}],"about":[{"href":"https:\/\/rallyclassics.club\/fr\/wp-json\/wp\/v2\/types\/page"}],"author":[{"embeddable":true,"href":"https:\/\/rallyclassics.club\/fr\/wp-json\/wp\/v2\/users\/9192197"}],"replies":[{"embeddable":true,"href":"https:\/\/rallyclassics.club\/fr\/wp-json\/wp\/v2\/comments?post=23039"}],"version-history":[{"count":32,"href":"https:\/\/rallyclassics.club\/fr\/wp-json\/wp\/v2\/pages\/23039\/revisions"}],"predecessor-version":[{"id":26181,"href":"https:\/\/rallyclassics.club\/fr\/wp-json\/wp\/v2\/pages\/23039\/revisions\/26181"}],"up":[{"embeddable":true,"href":"https:\/\/rallyclassics.club\/fr\/wp-json\/wp\/v2\/pages\/23041"}],"wp:attachment":[{"href":"https:\/\/rallyclassics.club\/fr\/wp-json\/wp\/v2\/media?parent=23039"}],"curies":[{"name":"wp","href":"https:\/\/api.w.org\/{rel}","templated":true}]}}