{"id":23041,"date":"2020-02-03T21:54:49","date_gmt":"2020-02-03T20:54:49","guid":{"rendered":"https:\/\/www.rallyclassics.club\/moto-classic-series-2019-copy\/"},"modified":"2021-02-01T13:24:11","modified_gmt":"2021-02-01T12:24:11","slug":"moto-classic-series-2020","status":"publish","type":"page","link":"https:\/\/rallyclassics.club\/fr\/moto-classic-series-2020\/","title":{"rendered":"Moto Classic Series 2020 | Motos classiques en circuit &#8211; R\u00e9gularit\u00e9 dans le circuit moto"},"content":{"rendered":"<p><div class=\"title\"><h1>Moto Classic Series 2020<\/h1><div class=\"title-sep-container\"><div class=\"title-sep\"><\/div><\/div><\/div><img loading=\"lazy\" decoding=\"async\" class=\"alignnone size-full wp-image-301\" src=\"\/wp-content\/uploads\/mcs2020_980x300e.jpg\" alt=\"Moto Classic Series 2020 - Motos cl\u00e1sicas en circuito - Regularidad en Circuito\" width=\"980\" height=\"300\" \/><\/p>\n<div class=\"title\"><h2>\u00c9preuves des MotoClassicSeries 2020:<\/h2><div class=\"title-sep-container\"><div class=\"title-sep\"><\/div><\/div><\/div>\n<p><a href=\"barcelona-catalunya-2020\/\" target=\"_blank\" rel=\"noopener noreferrer\"><img loading=\"lazy\" decoding=\"async\" class=\"aligncenter wp-image-12237 size-full\" src=\"\/wp-content\/uploads\/mcs2020_circuits_04d.jpg\" alt=\" Motoclassicseries 2020\" width=\"700\" height=\"200\" \/><\/a><\/p>\n<div class=\"title\"><h2>Actualit\u00e9s des Moto Classic Series 2020<\/h2><div class=\"title-sep-container\"><div class=\"title-sep\"><\/div><\/div><\/div>\n<div class=\"avada-container\"><section class=\"columns columns-2\" style=\"width:100%\"><div class=\"holder\"><article class=\"col\"><div class=\"flexslider floated-post-slideshow\"><ul class=\"slides\"><li>\n\t\t\t\t\t<a href=\"https:\/\/rallyclassics.club\/fr\/resumen-final-porsche-classic-series-2020\/\" rel=\"\"><img decoding=\"async\" src=\"https:\/\/rallyclassics.club\/wp-content\/uploads\/porsche_classic_series_2020_castelloli-53-700x441.jpg\" alt=\"Parcmotor Castellol\u00ed met un point final aux Porsche Classic Series 2020\" \/><\/a>\n\t\t\t\t<\/li><\/ul>\n\t\t<\/div><h4><a href=\"https:\/\/rallyclassics.club\/fr\/resumen-final-porsche-classic-series-2020\/\">Parcmotor Castellol\u00ed met un point final aux Porsche Classic Series 2020<\/a><\/h4><ul class=\"meta\"><li><em class=\"date\">14 f\u00e9vrier, 2021<\/em><\/li><\/ul><p><div class=\"excerpt-container\"><p> \tLa finale report\u00e9e des Porsche Classic Series et MotoClassic Series a assur\u00e9 le [&#8230;]<\/p>\n<\/div><\/p><\/article><article class=\"col\"><div class=\"flexslider floated-post-slideshow\"><ul class=\"slides\"><li>\n\t\t\t\t\t<a href=\"https:\/\/rallyclassics.club\/fr\/inscripciones-abiertas-final-pcs-mcs-2020\/\" rel=\"\"><img decoding=\"async\" src=\"https:\/\/rallyclassics.club\/wp-content\/uploads\/previo_final_castelloli_classic_series_2020_motos-700x441.jpg\" alt=\"Engagements ouverts pour la finale des PCS et MCS 2020 du 13\u00a0f\u00e9vrier\" \/><\/a>\n\t\t\t\t<\/li><\/ul>\n\t\t<\/div><h4><a href=\"https:\/\/rallyclassics.club\/fr\/inscripciones-abiertas-final-pcs-mcs-2020\/\">Engagements ouverts pour la finale des PCS et MCS 2020 du 13\u00a0f\u00e9vrier<\/a><\/h4><ul class=\"meta\"><li><em class=\"date\">5 f\u00e9vrier, 2021<\/em><\/li><\/ul><p><div class=\"excerpt-container\"><p> \tLe circuit de Parcmotor Castellol\u00ed sera le th\u00e9\u00e2tre de la finale de la [&#8230;]<\/p>\n<\/div><\/p><\/article><\/div><\/section><\/div>\n<div class=\"title\"><h2>Communiqu\u00e9s presse<\/h2><div class=\"title-sep-container\"><div class=\"title-sep\"><\/div><\/div><\/div> <div class=\"avada-container\"><section class=\"columns columns-3\" style=\"width:100%\"><div class=\"holder\"><\/div><\/section><\/div>\n<div class=\"title\"><h2>RallyClassics TV:<\/h2><div class=\"title-sep-container\"><div class=\"title-sep\"><\/div><\/div><\/div>\n<iframe loading=\"lazy\" width=\"560\" height=\"315\" src=\"https:\/\/www.youtube.com\/embed\/videoseries?list=PL58TG4mz7gHViDL6P3PP1TIRnflug-5JZ\" frameborder=\"0\" allow=\"autoplay; encrypted-media\" allowfullscreen><\/iframe><\/p>\n<div class=\"title\"><h2>Partenaires des Moto Classic Series 2020<\/h2><div class=\"title-sep-container\"><div class=\"title-sep\"><\/div><\/div><\/div>\n<p><img loading=\"lazy\" decoding=\"async\" class=\"aligncenter size-large wp-image-5809\" src=\"\/wp-content\/uploads\/2020\/02\/mcs2020_logos.jpg\" alt=\"Patrocinadores Moto Classic series\" width=\"669\" height=\"87\" \/><br \/>\n<div class=\"title\"><h2>Informations sur les Moto Classic Series 2020<\/h2><div class=\"title-sep-container\"><div class=\"title-sep\"><\/div><\/div><\/div>\n<p>La Moto Classic Series est devenue le meilleur \u00e9v\u00e9nement de r\u00e9gularit\u00e9 dans les circuits pour les v\u00e9los classiques exceptionnels. Les 4 rendez-vous pr\u00e9vus pour 2020 dans les circuits Parcmotor, Alcarr\u00e0s, Circuit de Barcelona-Catalunya, et auront leur finale sur le Circuit de Calafat, remplissant le paddock d&rsquo;une ambiance familiale et d&rsquo;une grande ambiance et rassemblant les fans dans quelques jours avec le fair-play et la qualit\u00e9 des motos classiques. ils sont une exp\u00e9rience en plein essor, avec des grils complets, et c\u2019est la meilleure porte d\u2019entr\u00e9e pour les passionn\u00e9s de moto sportive. Il se compose de 4 \u00e9preuves de r\u00e9gularit\u00e9 dans Circuit 2020, avec des v\u00e9los classiques, pour amateurs, amateurs et anciens pilotes, en toute s\u00e9curit\u00e9 et dans le respect des autres participants et de leurs motos.<\/p>","protected":false},"excerpt":{"rendered":"<p>Le circuit de Parcmotor Castellol\u00ed sera le th\u00e9\u00e2tre de la finale de la saison 2020. Les vainqueurs des Porsche Classic Series, Porsche Gentlemen et MotoClassic Series se d\u00e9partageront pendant cette [&#8230;]<\/p>\n","protected":false},"author":9192197,"featured_media":0,"parent":0,"menu_order":0,"comment_status":"closed","ping_status":"closed","template":"","meta":{"om_disable_all_campaigns":false,"_monsterinsights_skip_tracking":false,"_monsterinsights_sitenote_active":false,"_monsterinsights_sitenote_note":"","_monsterinsights_sitenote_category":0,"footnotes":""},"class_list":["post-23041","page","type-page","status-publish","hentry"],"aioseo_notices":[],"_links":{"self":[{"href":"https:\/\/rallyclassics.club\/fr\/wp-json\/wp\/v2\/pages\/23041","targetHints":{"allow":["GET"]}}],"collection":[{"href":"https:\/\/rallyclassics.club\/fr\/wp-json\/wp\/v2\/pages"}],"about":[{"href":"https:\/\/rallyclassics.club\/fr\/wp-json\/wp\/v2\/types\/page"}],"author":[{"embeddable":true,"href":"https:\/\/rallyclassics.club\/fr\/wp-json\/wp\/v2\/users\/9192197"}],"replies":[{"embeddable":true,"href":"https:\/\/rallyclassics.club\/fr\/wp-json\/wp\/v2\/comments?post=23041"}],"version-history":[{"count":28,"href":"https:\/\/rallyclassics.club\/fr\/wp-json\/wp\/v2\/pages\/23041\/revisions"}],"predecessor-version":[{"id":26100,"href":"https:\/\/rallyclassics.club\/fr\/wp-json\/wp\/v2\/pages\/23041\/revisions\/26100"}],"wp:attachment":[{"href":"https:\/\/rallyclassics.club\/fr\/wp-json\/wp\/v2\/media?parent=23041"}],"curies":[{"name":"wp","href":"https:\/\/api.w.org\/{rel}","templated":true}]}}