{"id":23151,"date":"2020-02-04T16:08:06","date_gmt":"2020-02-04T15:08:06","guid":{"rendered":"https:\/\/www.rallyclassics.club\/porsche-classic-series-2019\/barcelona-catalunya-2019-copy\/"},"modified":"2021-02-11T12:54:29","modified_gmt":"2021-02-11T11:54:29","slug":"barcelona-catalunya-2020","status":"publish","type":"page","link":"https:\/\/rallyclassics.club\/fr\/porsche-classic-series-2020\/barcelona-catalunya-2020\/","title":{"rendered":"Porsche Classic Series 2020 &#8211; Parcmotor 2 | R\u00e9gularit\u00e9 en circuit pour les voitures classiques &#8211; Classique en circuit"},"content":{"rendered":"<p><div class=\"title\"><h1>Porsche Classic Series 2020 &#8211; Parcmotor 2<\/h1><div class=\"title-sep-container\"><div class=\"title-sep\"><\/div><\/div><\/div>\n<p><img loading=\"lazy\" decoding=\"async\" class=\"aligncenter size-full wp-image-7181\" src=\"\/wp-content\/uploads\/PORSCHE-CLASSIC-SERIES_980x300_RD6.png\" width=\"980\" height=\"300\" \/><\/p>\n<div class=\"title\"><h2>Live Results<\/h2><div class=\"title-sep-container\"><div class=\"title-sep\"><\/div><\/div><\/div>\n<center><br \/>\n<div class=\"one_half\">\n<a class=\"button-15 button large default\" title=\"\" href=\"http:\/\/crono.rallyclassics.net\/Default2.aspx\" target=\"_self\">Tour \u00e0 tour<\/a>\n<\/div>\n<div class=\"one_half last\">\n<a class=\"button-16 button large default\" title=\"\" href=\"http:\/\/crono.rallyclassics.net\/Default3_tv.aspx\" target=\"_self\">Classement g\u00e9n\u00e9ral<\/a>\n<\/div><div class=\"clearboth\"><\/div>\n<\/center><\/p>\n<div class=\"title\"><h2>RallyClassics TV:<\/h2><div class=\"title-sep-container\"><div class=\"title-sep\"><\/div><\/div><\/div>\n<iframe loading=\"lazy\" width=\"560\" height=\"315\" src=\"https:\/\/www.youtube.com\/embed\/J3gObgdAR7g\" frameborder=\"0\" allow=\"accelerometer; autoplay; encrypted-media; gyroscope; picture-in-picture\" allowfullscreen><\/iframe><\/p>\n<div class=\"title\"><h2>Actualit\u00e9s des Porsche Classic Series 2020<\/h2><div class=\"title-sep-container\"><div class=\"title-sep\"><\/div><\/div><\/div>\n<div class=\"avada-container\"><section class=\"columns columns-2\" style=\"width:100%\"><div class=\"holder\"><article class=\"col\"><div class=\"flexslider floated-post-slideshow\"><ul class=\"slides\"><li>\n\t\t\t\t\t<a href=\"https:\/\/rallyclassics.club\/fr\/resumen-final-porsche-classic-series-2020\/\" rel=\"\"><img decoding=\"async\" src=\"https:\/\/rallyclassics.club\/wp-content\/uploads\/porsche_classic_series_2020_castelloli-53-700x441.jpg\" alt=\"Parcmotor Castellol\u00ed met un point final aux Porsche Classic Series 2020\" \/><\/a>\n\t\t\t\t<\/li><\/ul>\n\t\t<\/div><h4><a href=\"https:\/\/rallyclassics.club\/fr\/resumen-final-porsche-classic-series-2020\/\">Parcmotor Castellol\u00ed met un point final aux Porsche Classic Series 2020<\/a><\/h4><ul class=\"meta\"><li><em class=\"date\">14 f\u00e9vrier, 2021<\/em><\/li><\/ul><p><div class=\"excerpt-container\"><p> \tLa finale report\u00e9e des Porsche Classic Series et MotoClassic Series a assur\u00e9 le [&#8230;]<\/p>\n<\/div><\/p><\/article><article class=\"col\"><div class=\"flexslider floated-post-slideshow\"><ul class=\"slides\"><li>\n\t\t\t\t\t<a href=\"https:\/\/rallyclassics.club\/fr\/inscripciones-abiertas-final-pcs-mcs-2020\/\" rel=\"\"><img decoding=\"async\" src=\"https:\/\/rallyclassics.club\/wp-content\/uploads\/previo_final_castelloli_classic_series_2020_motos-700x441.jpg\" alt=\"Engagements ouverts pour la finale des PCS et MCS 2020 du 13\u00a0f\u00e9vrier\" \/><\/a>\n\t\t\t\t<\/li><\/ul>\n\t\t<\/div><h4><a href=\"https:\/\/rallyclassics.club\/fr\/inscripciones-abiertas-final-pcs-mcs-2020\/\">Engagements ouverts pour la finale des PCS et MCS 2020 du 13\u00a0f\u00e9vrier<\/a><\/h4><ul class=\"meta\"><li><em class=\"date\">5 f\u00e9vrier, 2021<\/em><\/li><\/ul><p><div class=\"excerpt-container\"><p> \tLe circuit de Parcmotor Castellol\u00ed sera le th\u00e9\u00e2tre de la finale de la [&#8230;]<\/p>\n<\/div><\/p><\/article><\/div><\/section><\/div>\n<div class=\"title\"><h2>Partenaires des Porsche Classic Series 2020<\/h2><div class=\"title-sep-container\"><div class=\"title-sep\"><\/div><\/div><\/div>\n<div class=\"related-posts related-projects clientslider-container\"><div id=\"carousel\" class=\"clients-carousel es-carousel-wrapper\"><div class=\"es-carousel\"><ul>\n<li><a href=\"http:\/\/www.porsche-barcelona.com\/\" target=\"_self\"><img decoding=\"async\" src=\"\/wp-content\/uploads\/2017\/02\/logo-centro-porsche.jpg\" alt=\"\" \/><\/a><\/li>\n<li><a href=\"http:\/\/www.porsche.com\/spain\/\" target=\"_self\"><img decoding=\"async\" src=\"\/wp-content\/uploads\/2017\/02\/logo-porsche.jpg\" alt=\"\" \/><\/a><\/li>\n<li><a href=\"https:\/\/www.clubporsche.es\/\" target=\"_self\"><img decoding=\"async\" src=\"\/wp-content\/uploads\/2019\/01\/PorscheClub_150x100.jpg\" alt=\"\" \/><\/a><\/li>\n<\/ul><div class=\"es-nav\"><span class=\"es-nav-prev\">Previous<\/span><span class=\"es-nav-next\">Next<\/span><\/div><\/div><\/div><\/div>\n<p><img loading=\"lazy\" decoding=\"async\" class=\"aligncenter size-large wp-image-5809\" src=\"\/wp-content\/uploads\/2020\/02\/pcs2020_logos.jpg\" alt=\"Sponsors Porsche Classic Series 2020\" width=\"1024\" height=\"133\" \/><\/p>\n<div class=\"title\"><h2>Informations sur les Porsche Classic Series 2020<\/h2><div class=\"title-sep-container\"><div class=\"title-sep\"><\/div><\/div><\/div>\n<p>Les Porsche Classic Series 2020 sont devenues le meilleur concours de r\u00e9gularit\u00e9 de circuit pour des voitures classiques d&rsquo;exception. Les 4 \u00e9v\u00e9nements de cette 2020 auront lieu \u00e0 Parcmotor et Alcarr\u00e1s en septembre, Circuit de Barcelona-Catalunya en octobre et se termineront sur le Circuit de Calafat en novembre, remplissant le paddock avec une grande ambiance familiale et les fans lors d&rsquo;une conf\u00e9rence avec les Fair-Play et la qualit\u00e9 des v\u00e9hicules. Avec seize ans de vie en Catalogne, la s\u00e9rie Classic est une exp\u00e9rience en plein essor, avec des grilles pleines, et est la meilleure passerelle pour les fans de voitures de sport. Il s&rsquo;agit de 4 tests de R\u00e9gularit\u00e9 en Circuit, avec des v\u00e9hicules classiques ou Porsche modernes (\u00e0 partir de 997). C&rsquo;est la discipline id\u00e9ale pour les amateurs, amateurs et ex-pilotes, avec une s\u00e9curit\u00e9 totale et le respect des autres participants et de leurs v\u00e9hicules. Nous visiterons les circuits les meilleurs et les plus amusants pour la r\u00e9gularit\u00e9.<br \/>\n<\/p>","protected":false},"excerpt":{"rendered":"<p>Le circuit de Parcmotor Castellol\u00ed sera le th\u00e9\u00e2tre de la finale de la saison 2020. Les vainqueurs des Porsche Classic Series, Porsche Gentlemen et MotoClassic Series se d\u00e9partageront pendant cette [&#8230;]<\/p>\n","protected":false},"author":9192197,"featured_media":0,"parent":23150,"menu_order":0,"comment_status":"closed","ping_status":"closed","template":"","meta":{"om_disable_all_campaigns":false,"_monsterinsights_skip_tracking":false,"_monsterinsights_sitenote_active":false,"_monsterinsights_sitenote_note":"","_monsterinsights_sitenote_category":0,"footnotes":""},"class_list":["post-23151","page","type-page","status-publish","hentry"],"aioseo_notices":[],"_links":{"self":[{"href":"https:\/\/rallyclassics.club\/fr\/wp-json\/wp\/v2\/pages\/23151","targetHints":{"allow":["GET"]}}],"collection":[{"href":"https:\/\/rallyclassics.club\/fr\/wp-json\/wp\/v2\/pages"}],"about":[{"href":"https:\/\/rallyclassics.club\/fr\/wp-json\/wp\/v2\/types\/page"}],"author":[{"embeddable":true,"href":"https:\/\/rallyclassics.club\/fr\/wp-json\/wp\/v2\/users\/9192197"}],"replies":[{"embeddable":true,"href":"https:\/\/rallyclassics.club\/fr\/wp-json\/wp\/v2\/comments?post=23151"}],"version-history":[{"count":27,"href":"https:\/\/rallyclassics.club\/fr\/wp-json\/wp\/v2\/pages\/23151\/revisions"}],"predecessor-version":[{"id":26180,"href":"https:\/\/rallyclassics.club\/fr\/wp-json\/wp\/v2\/pages\/23151\/revisions\/26180"}],"up":[{"embeddable":true,"href":"https:\/\/rallyclassics.club\/fr\/wp-json\/wp\/v2\/pages\/23150"}],"wp:attachment":[{"href":"https:\/\/rallyclassics.club\/fr\/wp-json\/wp\/v2\/media?parent=23151"}],"curies":[{"name":"wp","href":"https:\/\/api.w.org\/{rel}","templated":true}]}}